{"id":47,"date":"2024-01-24T15:46:59","date_gmt":"2024-01-24T14:46:59","guid":{"rendered":"https:\/\/fitnessmarketdz.net\/?post_type=product&#038;p=47"},"modified":"2025-11-13T15:08:17","modified_gmt":"2025-11-13T14:08:17","slug":"kettler-speed-5","status":"publish","type":"product","link":"https:\/\/fitnessmarketdz.net\/index.php\/product\/kettler-speed-5\/","title":{"rendered":"V\u00e9lo de biking Kettler Speed 5"},"content":{"rendered":"<p>Achetez velo Kettler Speed 5, en Alg\u00e9rie \u00e0 bas prix Chez Kettler Cheraga, avec Garantie SAV.<\/p>\n<p>Vous pouvez passer commande en appelant au: +213 20 28 39 08<\/p>\n<p>Profitez des promos chez Kettler Cheraga!!<\/p>\n<p>Des atouts techniques de premier choix pour des entra\u00eenements muscl\u00e9s<\/p>\n<p>&#8211; Tr\u00e8s lourde roue d\u2019inertie de 18 Kg pour vous offrir des mouvements de p\u00e9dalage fluides, silencieux et \u00e9quilibr\u00e9s.<\/p>\n<p>&#8211; Syst\u00e8me de freinage \u00e0 m\u00e2choire en feutrine avec frein de s\u00e9curit\u00e9 pour vous garantir des entra\u00eenements en toute s\u00e9curit\u00e9 et syst\u00e8me d\u2019entra\u00eenement par courroies \u00e0 lamelles longitudinales.<\/p>\n<p>&#8211; Usage professionnel ou \u00e0 domicile : de 20 \u00e0 24 heures par semaine.<\/p>\n<p>&#8211; Convient \u00e0 un usage professionnel pour les collectivit\u00e9s, entreprises (hors salle de sport), et m\u00e9dical. Toute utilisation de l&rsquo;appareil en dehors de cet usage sera vendu sans garantie car ne correspondant pas aux recommandations du fabricant.<\/p>\n<p>&#8211; Structure stable et robuste avec un poids maximal utilisateur de 130 Kg. Il s&rsquo;adaptera \u00e0 toutes les morphologies.<br \/>\nZoom sur le confort d&rsquo;utilisation du Kettler Speed 5<\/p>\n<p>&#8211; Selle sportive r\u00e9glable en hauteur pour s&rsquo;adapter \u00e0 la longueur de vos jambes et en profondeur. Autant de r\u00e9glages personnalis\u00e9s qui vous offriront un confort d&rsquo;assise parfait.<\/p>\n<p>&#8211; P\u00e9dales avec cale-pieds et sangl\u00e9es: vos pieds seront parfaitement maintenus afin d&rsquo;\u00e9viter les d\u00e9rapages g\u00eanants et rapidement d\u00e9motivants. Vous n&rsquo;aurez plus qu&rsquo;\u00e0 d\u00e9ployer toute votre puissance de p\u00e9dalage.<\/p>\n<p>&#8211; Guidon ajustable en hauteur et en profondeur afin d&rsquo;optimiser votre posture et \u00e9viter les douleurs dorsales durant votre exercice.<\/p>\n<p>&#8211; Porte bouteille \u00e0 port\u00e9e de main pour rester bien hydrat\u00e9 tout au long de vos exercices.<\/p>\n<p>&#8211; Roulettes de d\u00e9placement \u00e0 l\u2019avant pour un rangement facilit\u00e9 et compensateurs de niveau \u00e0 l\u2019arri\u00e8re pour une grande stabilit\u00e9 et un \u00e9quilibre sans faille durant les exercices.<br \/>\n&#8211; Garantie 12 mois .<br \/>\n&#8211; Livr\u00e9 non mont\u00e9.<br \/>\n&#8211; passer commande en Line ou en appelant au: +213 20 28 39 08<\/p>\n","protected":false},"excerpt":{"rendered":"<p>Des lignes r\u00e9solument sportives et \u00e9l\u00e9gantes pour une structure solide de 56 Kg, le v\u00e9lo d\u2019entra\u00eenement Speed 5 est id\u00e9al des exercices intensifs \u00e0 domicile. Dot\u00e9 d&rsquo;une tr\u00e8s lourde roue d&rsquo;inertie de 18 Kg et d&rsquo;un syst\u00e8me de freinage \u00e0 m\u00e2choire avec fonction d&rsquo;arr\u00eat d&rsquo;urgence, c&rsquo;est un mat\u00e9riel de fitness puissant et efficace pour des s\u00e9ances en toute s\u00e9curit\u00e9.<\/p>\n","protected":false},"featured_media":167,"template":"","meta":{"om_disable_all_campaigns":false},"product_brand":[],"product_cat":[456,648],"product_tag":[],"class_list":{"0":"post-47","1":"product","2":"type-product","3":"status-publish","4":"has-post-thumbnail","6":"product_cat-accessories","7":"product_cat-velo-de-sport","9":"first","10":"outofstock","11":"taxable","12":"shipping-taxable","13":"purchasable","14":"product-type-simple"},"yoast_head":"<!-- This site is optimized with the Yoast SEO plugin v27.3 - https:\/\/yoast.com\/product\/yoast-seo-wordpress\/ -->\n<title>Kettler Speed 5<\/title>\n<meta name=\"description\" content=\"Acheter V\u00e9lo de biking Kettler Speed 5 Au Meilleur Prix En Alg\u00e9rie Chez Fitness Market 020 28 39 08, Repr\u00e9sentant Officiel Kettler Alg\u00e9rie, Proform .\" \/>\n<meta name=\"robots\" content=\"index, follow, max-snippet:-1, max-image-preview:large, max-video-preview:-1\" \/>\n<link rel=\"canonical\" href=\"https:\/\/fitnessmarketdz.net\/index.php\/product\/kettler-speed-5\/\" \/>\n<meta property=\"og:locale\" content=\"fr_FR\" \/>\n<meta property=\"og:type\" content=\"article\" \/>\n<meta property=\"og:title\" content=\"Kettler Speed 5\" \/>\n<meta property=\"og:description\" content=\"Acheter V\u00e9lo de biking Kettler Speed 5 Au Meilleur Prix En Alg\u00e9rie Chez Fitness Market 020 28 39 08, Repr\u00e9sentant Officiel Kettler Alg\u00e9rie, Proform .\" \/>\n<meta property=\"og:url\" content=\"https:\/\/fitnessmarketdz.net\/index.php\/product\/kettler-speed-5\/\" \/>\n<meta property=\"og:site_name\" content=\"Fitness Market DZ\" \/>\n<meta property=\"article:publisher\" content=\"https:\/\/www.facebook.com\/profile.php?id=100049723587139\" \/>\n<meta property=\"article:modified_time\" content=\"2025-11-13T14:08:17+00:00\" \/>\n<meta property=\"og:image\" content=\"https:\/\/fitnessmarketdz.net\/wp-content\/uploads\/2024\/01\/KETTLER-SPEED-5-MUM-1536x1536-min.png\" \/>\n\t<meta property=\"og:image:width\" content=\"1536\" \/>\n\t<meta property=\"og:image:height\" content=\"1536\" \/>\n\t<meta property=\"og:image:type\" content=\"image\/png\" \/>\n<meta name=\"twitter:card\" content=\"summary_large_image\" \/>\n<meta name=\"twitter:label1\" content=\"Dur\u00e9e de lecture estim\u00e9e\" \/>\n\t<meta name=\"twitter:data1\" content=\"2 minutes\" \/>\n<script type=\"application\/ld+json\" class=\"yoast-schema-graph\">{\"@context\":\"https:\\\/\\\/schema.org\",\"@graph\":[{\"@type\":\"WebPage\",\"@id\":\"https:\\\/\\\/fitnessmarketdz.net\\\/index.php\\\/product\\\/kettler-speed-5\\\/\",\"url\":\"https:\\\/\\\/fitnessmarketdz.net\\\/index.php\\\/product\\\/kettler-speed-5\\\/\",\"name\":\"Kettler Speed 5\",\"isPartOf\":{\"@id\":\"https:\\\/\\\/fitnessmarketdz.net\\\/#website\"},\"primaryImageOfPage\":{\"@id\":\"https:\\\/\\\/fitnessmarketdz.net\\\/index.php\\\/product\\\/kettler-speed-5\\\/#primaryimage\"},\"image\":{\"@id\":\"https:\\\/\\\/fitnessmarketdz.net\\\/index.php\\\/product\\\/kettler-speed-5\\\/#primaryimage\"},\"thumbnailUrl\":\"https:\\\/\\\/fitnessmarketdz.net\\\/wp-content\\\/uploads\\\/2024\\\/01\\\/KETTLER-SPEED-5-MUM-1536x1536-min.png\",\"datePublished\":\"2024-01-24T14:46:59+00:00\",\"dateModified\":\"2025-11-13T14:08:17+00:00\",\"description\":\"Acheter V\u00e9lo de biking Kettler Speed 5 Au Meilleur Prix En Alg\u00e9rie Chez Fitness Market 020 28 39 08, Repr\u00e9sentant Officiel Kettler Alg\u00e9rie, Proform .\",\"breadcrumb\":{\"@id\":\"https:\\\/\\\/fitnessmarketdz.net\\\/index.php\\\/product\\\/kettler-speed-5\\\/#breadcrumb\"},\"inLanguage\":\"fr-FR\",\"potentialAction\":[{\"@type\":\"ReadAction\",\"target\":[\"https:\\\/\\\/fitnessmarketdz.net\\\/index.php\\\/product\\\/kettler-speed-5\\\/\"]}]},{\"@type\":\"ImageObject\",\"inLanguage\":\"fr-FR\",\"@id\":\"https:\\\/\\\/fitnessmarketdz.net\\\/index.php\\\/product\\\/kettler-speed-5\\\/#primaryimage\",\"url\":\"https:\\\/\\\/fitnessmarketdz.net\\\/wp-content\\\/uploads\\\/2024\\\/01\\\/KETTLER-SPEED-5-MUM-1536x1536-min.png\",\"contentUrl\":\"https:\\\/\\\/fitnessmarketdz.net\\\/wp-content\\\/uploads\\\/2024\\\/01\\\/KETTLER-SPEED-5-MUM-1536x1536-min.png\",\"width\":1536,\"height\":1536},{\"@type\":\"BreadcrumbList\",\"@id\":\"https:\\\/\\\/fitnessmarketdz.net\\\/index.php\\\/product\\\/kettler-speed-5\\\/#breadcrumb\",\"itemListElement\":[{\"@type\":\"ListItem\",\"position\":1,\"name\":\"Accueil\",\"item\":\"https:\\\/\\\/fitnessmarketdz.net\\\/\"},{\"@type\":\"ListItem\",\"position\":2,\"name\":\"Boutique\",\"item\":\"https:\\\/\\\/fitnessmarketdz.net\\\/index.php\\\/boutique-fitness-market-algeria\\\/\"},{\"@type\":\"ListItem\",\"position\":3,\"name\":\"V\u00e9lo de biking Kettler Speed 5\"}]},{\"@type\":\"WebSite\",\"@id\":\"https:\\\/\\\/fitnessmarketdz.net\\\/#website\",\"url\":\"https:\\\/\\\/fitnessmarketdz.net\\\/\",\"name\":\"Fitness Market DZ\",\"description\":\"Votre Partenaire de Fitness en Salle et \u00e0 Domicile\",\"publisher\":{\"@id\":\"https:\\\/\\\/fitnessmarketdz.net\\\/#organization\"},\"potentialAction\":[{\"@type\":\"SearchAction\",\"target\":{\"@type\":\"EntryPoint\",\"urlTemplate\":\"https:\\\/\\\/fitnessmarketdz.net\\\/?s={search_term_string}\"},\"query-input\":{\"@type\":\"PropertyValueSpecification\",\"valueRequired\":true,\"valueName\":\"search_term_string\"}}],\"inLanguage\":\"fr-FR\"},{\"@type\":\"Organization\",\"@id\":\"https:\\\/\\\/fitnessmarketdz.net\\\/#organization\",\"name\":\"Fitness Market DZ\",\"url\":\"https:\\\/\\\/fitnessmarketdz.net\\\/\",\"logo\":{\"@type\":\"ImageObject\",\"inLanguage\":\"fr-FR\",\"@id\":\"https:\\\/\\\/fitnessmarketdz.net\\\/#\\\/schema\\\/logo\\\/image\\\/\",\"url\":\"https:\\\/\\\/fitnessmarketdz.net\\\/wp-content\\\/uploads\\\/2024\\\/01\\\/Logo-Fitness-Market.svg\",\"contentUrl\":\"https:\\\/\\\/fitnessmarketdz.net\\\/wp-content\\\/uploads\\\/2024\\\/01\\\/Logo-Fitness-Market.svg\",\"width\":5181,\"height\":2572,\"caption\":\"Fitness Market DZ\"},\"image\":{\"@id\":\"https:\\\/\\\/fitnessmarketdz.net\\\/#\\\/schema\\\/logo\\\/image\\\/\"},\"sameAs\":[\"https:\\\/\\\/www.facebook.com\\\/profile.php?id=100049723587139\",\"https:\\\/\\\/www.instagram.com\\\/fitness.market.algeria\\\/\"]}]}<\/script>\n<!-- \/ Yoast SEO plugin. -->","yoast_head_json":{"title":"Kettler Speed 5","description":"Acheter V\u00e9lo de biking Kettler Speed 5 Au Meilleur Prix En Alg\u00e9rie Chez Fitness Market 020 28 39 08, Repr\u00e9sentant Officiel Kettler Alg\u00e9rie, Proform .","robots":{"index":"index","follow":"follow","max-snippet":"max-snippet:-1","max-image-preview":"max-image-preview:large","max-video-preview":"max-video-preview:-1"},"canonical":"https:\/\/fitnessmarketdz.net\/index.php\/product\/kettler-speed-5\/","og_locale":"fr_FR","og_type":"article","og_title":"Kettler Speed 5","og_description":"Acheter V\u00e9lo de biking Kettler Speed 5 Au Meilleur Prix En Alg\u00e9rie Chez Fitness Market 020 28 39 08, Repr\u00e9sentant Officiel Kettler Alg\u00e9rie, Proform .","og_url":"https:\/\/fitnessmarketdz.net\/index.php\/product\/kettler-speed-5\/","og_site_name":"Fitness Market DZ","article_publisher":"https:\/\/www.facebook.com\/profile.php?id=100049723587139","article_modified_time":"2025-11-13T14:08:17+00:00","og_image":[{"width":1536,"height":1536,"url":"https:\/\/fitnessmarketdz.net\/wp-content\/uploads\/2024\/01\/KETTLER-SPEED-5-MUM-1536x1536-min.png","type":"image\/png"}],"twitter_card":"summary_large_image","twitter_misc":{"Dur\u00e9e de lecture estim\u00e9e":"2 minutes"},"schema":{"@context":"https:\/\/schema.org","@graph":[{"@type":"WebPage","@id":"https:\/\/fitnessmarketdz.net\/index.php\/product\/kettler-speed-5\/","url":"https:\/\/fitnessmarketdz.net\/index.php\/product\/kettler-speed-5\/","name":"Kettler Speed 5","isPartOf":{"@id":"https:\/\/fitnessmarketdz.net\/#website"},"primaryImageOfPage":{"@id":"https:\/\/fitnessmarketdz.net\/index.php\/product\/kettler-speed-5\/#primaryimage"},"image":{"@id":"https:\/\/fitnessmarketdz.net\/index.php\/product\/kettler-speed-5\/#primaryimage"},"thumbnailUrl":"https:\/\/fitnessmarketdz.net\/wp-content\/uploads\/2024\/01\/KETTLER-SPEED-5-MUM-1536x1536-min.png","datePublished":"2024-01-24T14:46:59+00:00","dateModified":"2025-11-13T14:08:17+00:00","description":"Acheter V\u00e9lo de biking Kettler Speed 5 Au Meilleur Prix En Alg\u00e9rie Chez Fitness Market 020 28 39 08, Repr\u00e9sentant Officiel Kettler Alg\u00e9rie, Proform .","breadcrumb":{"@id":"https:\/\/fitnessmarketdz.net\/index.php\/product\/kettler-speed-5\/#breadcrumb"},"inLanguage":"fr-FR","potentialAction":[{"@type":"ReadAction","target":["https:\/\/fitnessmarketdz.net\/index.php\/product\/kettler-speed-5\/"]}]},{"@type":"ImageObject","inLanguage":"fr-FR","@id":"https:\/\/fitnessmarketdz.net\/index.php\/product\/kettler-speed-5\/#primaryimage","url":"https:\/\/fitnessmarketdz.net\/wp-content\/uploads\/2024\/01\/KETTLER-SPEED-5-MUM-1536x1536-min.png","contentUrl":"https:\/\/fitnessmarketdz.net\/wp-content\/uploads\/2024\/01\/KETTLER-SPEED-5-MUM-1536x1536-min.png","width":1536,"height":1536},{"@type":"BreadcrumbList","@id":"https:\/\/fitnessmarketdz.net\/index.php\/product\/kettler-speed-5\/#breadcrumb","itemListElement":[{"@type":"ListItem","position":1,"name":"Accueil","item":"https:\/\/fitnessmarketdz.net\/"},{"@type":"ListItem","position":2,"name":"Boutique","item":"https:\/\/fitnessmarketdz.net\/index.php\/boutique-fitness-market-algeria\/"},{"@type":"ListItem","position":3,"name":"V\u00e9lo de biking Kettler Speed 5"}]},{"@type":"WebSite","@id":"https:\/\/fitnessmarketdz.net\/#website","url":"https:\/\/fitnessmarketdz.net\/","name":"Fitness Market DZ","description":"Votre Partenaire de Fitness en Salle et \u00e0 Domicile","publisher":{"@id":"https:\/\/fitnessmarketdz.net\/#organization"},"potentialAction":[{"@type":"SearchAction","target":{"@type":"EntryPoint","urlTemplate":"https:\/\/fitnessmarketdz.net\/?s={search_term_string}"},"query-input":{"@type":"PropertyValueSpecification","valueRequired":true,"valueName":"search_term_string"}}],"inLanguage":"fr-FR"},{"@type":"Organization","@id":"https:\/\/fitnessmarketdz.net\/#organization","name":"Fitness Market DZ","url":"https:\/\/fitnessmarketdz.net\/","logo":{"@type":"ImageObject","inLanguage":"fr-FR","@id":"https:\/\/fitnessmarketdz.net\/#\/schema\/logo\/image\/","url":"https:\/\/fitnessmarketdz.net\/wp-content\/uploads\/2024\/01\/Logo-Fitness-Market.svg","contentUrl":"https:\/\/fitnessmarketdz.net\/wp-content\/uploads\/2024\/01\/Logo-Fitness-Market.svg","width":5181,"height":2572,"caption":"Fitness Market DZ"},"image":{"@id":"https:\/\/fitnessmarketdz.net\/#\/schema\/logo\/image\/"},"sameAs":["https:\/\/www.facebook.com\/profile.php?id=100049723587139","https:\/\/www.instagram.com\/fitness.market.algeria\/"]}]}},"jetpack_sharing_enabled":true,"_links":{"self":[{"href":"https:\/\/fitnessmarketdz.net\/index.php\/wp-json\/wp\/v2\/product\/47","targetHints":{"allow":["GET"]}}],"collection":[{"href":"https:\/\/fitnessmarketdz.net\/index.php\/wp-json\/wp\/v2\/product"}],"about":[{"href":"https:\/\/fitnessmarketdz.net\/index.php\/wp-json\/wp\/v2\/types\/product"}],"version-history":[{"count":0,"href":"https:\/\/fitnessmarketdz.net\/index.php\/wp-json\/wp\/v2\/product\/47\/revisions"}],"wp:featuredmedia":[{"embeddable":true,"href":"https:\/\/fitnessmarketdz.net\/index.php\/wp-json\/wp\/v2\/media\/167"}],"wp:attachment":[{"href":"https:\/\/fitnessmarketdz.net\/index.php\/wp-json\/wp\/v2\/media?parent=47"}],"wp:term":[{"taxonomy":"product_brand","embeddable":true,"href":"https:\/\/fitnessmarketdz.net\/index.php\/wp-json\/wp\/v2\/product_brand?post=47"},{"taxonomy":"product_cat","embeddable":true,"href":"https:\/\/fitnessmarketdz.net\/index.php\/wp-json\/wp\/v2\/product_cat?post=47"},{"taxonomy":"product_tag","embeddable":true,"href":"https:\/\/fitnessmarketdz.net\/index.php\/wp-json\/wp\/v2\/product_tag?post=47"}],"curies":[{"name":"wp","href":"https:\/\/api.w.org\/{rel}","templated":true}]}}