{"id":45,"date":"2024-01-24T15:46:59","date_gmt":"2024-01-24T14:46:59","guid":{"rendered":"https:\/\/fitnessmarketdz.net\/?post_type=product&#038;p=45"},"modified":"2026-03-23T23:24:06","modified_gmt":"2026-03-23T22:24:06","slug":"kettler-giro-c1","status":"publish","type":"product","link":"https:\/\/fitnessmarketdz.net\/index.php\/product\/kettler-giro-c1\/","title":{"rendered":"V\u00e9lo d&rsquo;appartement Kettler Giro C1"},"content":{"rendered":"<p>Une utilisation r\u00e9guli\u00e8re de votre v\u00e9lo d\u2019appartement<br \/>\nAchetez Le velo kettler Giro C1, en Alg\u00e9rie \u00e0 bas prix Chez Kettler Cheraga, avec Garantie SAV.<\/p>\n<p>Vous pouvez passer commande en appelant au: +213 20 28 39 08 &#8211; 0560 35 90 07<\/p>\n<p>Profitez des promos, chez Kettler Cheraga!!<\/p>\n<h1>KETTLER GIRO C1<\/h1>\n<p>&#8211; Indice d&rsquo;efficacit\u00e9 de p\u00e9dalage de 5,8. Plus l&rsquo;indice est \u00e9lev\u00e9, plus le mouvement est souple et agr\u00e9able.<\/p>\n<p>&#8211; Syst\u00e8me de freinage magn\u00e9tique manuel par rotation de molette.<\/p>\n<p>&#8211; 8 niveaux de r\u00e9sistance de p\u00e9dalage.<\/p>\n<p>&#8211; V\u00e9lo fitness pour un usage \u00e0 domicile allant jusqu\u2019\u00e0 8 heures par semaine.<\/p>\n<p>&#8211; Structure pouvant accueillir un poids maximum utilisateur de 130 kg.<br \/>\nUne console ergonomique<\/p>\n<p>&#8211; \u00c9cran tr\u00e8s simple d&rsquo;utilisation. Vous pourrez consulter vos donn\u00e9es d\u2019entra\u00eenement personnelles telles que la distance parcourue, la vitesse de p\u00e9dalage, ou encore le nombre de calories d\u00e9pens\u00e9es.<\/p>\n<p>&#8211; Possibilit\u00e9 de r\u00e9gler ses objectifs au pr\u00e9alable.<\/p>\n<p>&#8211; Ecran LCD (85 x 48 mm) avec navigation simple et prise en main intuitive (alimentation de la console avec des piles).<br \/>\nLa fr\u00e9quence cardiaque<\/p>\n<p>&#8211; Palpeurs tactiles sur le guidon pour conna\u00eetre son rythme cardiaque durant son sport \u00e0 domicile.<\/p>\n<p>&#8211; le KETTLER GIRO C1 est compatible avec la ceinture T34 Polar (\u00e0 se procurer en option).<br \/>\nDes \u00e9quipements pour votre s\u00e9curit\u00e9 et confort<\/p>\n<p>&#8211; Seuil d\u2019enjambement bas : accessible facilement.<\/p>\n<p>&#8211; Selle r\u00e9glable en hauteur et en profondeur.<\/p>\n<p>&#8211; Porte tablette.<\/p>\n<p>&#8211; P\u00e9dales avec sangles pour allier puissance et confort de p\u00e9dalage.<\/p>\n<p>&#8211; Roulettes de d\u00e9placement \u00e0 l\u2019avant pour un rangement facilit\u00e9 et compensateurs de niveau \u00e0 l\u2019arri\u00e8re pour une grande stabilit\u00e9 et un \u00e9quilibre sans faille durant les exercices.<\/p>\n<p>&#8211; Porte-bidon \u00e0 se fournir en option.<\/p>\n<p>Livr\u00e9 non mont\u00e9.<br \/>\nLes appareils KETTLER sont garantis 12 mois \u00e0 compter de la date d\u2019achat .<br \/>\nLa garantie couvre seulement les pi\u00e8ces d\u00e9fectueuses du a un d\u00e9faut de fabrication.<br \/>\nLes droits de garantie sont uniquement pour r\u00e9parer ou remplacer les pi\u00e8ces d\u00e9fectueuses.<\/p>\n","protected":false},"excerpt":{"rendered":"<p>Le v\u00e9lo d&rsquo;appartement Kettler Giro C1 est \u00e9quip\u00e9 uniquement des fonctions essentielles. Il repr\u00e9sente un v\u00e9lo d&rsquo;int\u00e9rieur id\u00e9al pour ceux qui souhaitent s&rsquo;entra\u00eener en douceur, quelques heures par semaine.<\/p>\n","protected":false},"featured_media":155,"template":"","meta":{"om_disable_all_campaigns":false},"product_brand":[],"product_cat":[456,648],"product_tag":[],"class_list":{"0":"post-45","1":"product","2":"type-product","3":"status-publish","4":"has-post-thumbnail","6":"product_cat-accessories","7":"product_cat-velo-de-sport","9":"first","10":"outofstock","11":"taxable","12":"shipping-taxable","13":"purchasable","14":"product-type-simple"},"yoast_head":"<!-- This site is optimized with the Yoast SEO plugin v27.3 - https:\/\/yoast.com\/product\/yoast-seo-wordpress\/ -->\n<title>Kettler Giro C1<\/title>\n<meta name=\"description\" content=\"Acheter V\u00e9lo d&#039;appartement Kettler Giro C1 Au Meilleur Prix En Alg\u00e9rie Chez Fitness Market 020 28 39 08, Repr\u00e9sentant Officiel Kettler Alg\u00e9rie, Proform .\" \/>\n<meta name=\"robots\" content=\"index, follow, max-snippet:-1, max-image-preview:large, max-video-preview:-1\" \/>\n<link rel=\"canonical\" href=\"https:\/\/fitnessmarketdz.net\/index.php\/product\/kettler-giro-c1\/\" \/>\n<meta property=\"og:locale\" content=\"fr_FR\" \/>\n<meta property=\"og:type\" content=\"article\" \/>\n<meta property=\"og:title\" content=\"Kettler Giro C1\" \/>\n<meta property=\"og:description\" content=\"Acheter V\u00e9lo d&#039;appartement Kettler Giro C1 Au Meilleur Prix En Alg\u00e9rie Chez Fitness Market 020 28 39 08, Repr\u00e9sentant Officiel Kettler Alg\u00e9rie, Proform .\" \/>\n<meta property=\"og:url\" content=\"https:\/\/fitnessmarketdz.net\/index.php\/product\/kettler-giro-c1\/\" \/>\n<meta property=\"og:site_name\" content=\"Fitness Market DZ\" \/>\n<meta property=\"article:publisher\" content=\"https:\/\/www.facebook.com\/profile.php?id=100049723587139\" \/>\n<meta property=\"article:modified_time\" content=\"2026-03-23T22:24:06+00:00\" \/>\n<meta property=\"og:image\" content=\"https:\/\/fitnessmarketdz.net\/wp-content\/uploads\/2024\/01\/velo-d-appartement-kettler-giro-c1.png\" \/>\n\t<meta property=\"og:image:width\" content=\"740\" \/>\n\t<meta property=\"og:image:height\" content=\"592\" \/>\n\t<meta property=\"og:image:type\" content=\"image\/png\" \/>\n<meta name=\"twitter:card\" content=\"summary_large_image\" \/>\n<meta name=\"twitter:label1\" content=\"Dur\u00e9e de lecture estim\u00e9e\" \/>\n\t<meta name=\"twitter:data1\" content=\"2 minutes\" \/>\n<script type=\"application\/ld+json\" class=\"yoast-schema-graph\">{\"@context\":\"https:\\\/\\\/schema.org\",\"@graph\":[{\"@type\":\"WebPage\",\"@id\":\"https:\\\/\\\/fitnessmarketdz.net\\\/index.php\\\/product\\\/kettler-giro-c1\\\/\",\"url\":\"https:\\\/\\\/fitnessmarketdz.net\\\/index.php\\\/product\\\/kettler-giro-c1\\\/\",\"name\":\"Kettler Giro C1\",\"isPartOf\":{\"@id\":\"https:\\\/\\\/fitnessmarketdz.net\\\/#website\"},\"primaryImageOfPage\":{\"@id\":\"https:\\\/\\\/fitnessmarketdz.net\\\/index.php\\\/product\\\/kettler-giro-c1\\\/#primaryimage\"},\"image\":{\"@id\":\"https:\\\/\\\/fitnessmarketdz.net\\\/index.php\\\/product\\\/kettler-giro-c1\\\/#primaryimage\"},\"thumbnailUrl\":\"https:\\\/\\\/fitnessmarketdz.net\\\/wp-content\\\/uploads\\\/2024\\\/01\\\/velo-d-appartement-kettler-giro-c1.png\",\"datePublished\":\"2024-01-24T14:46:59+00:00\",\"dateModified\":\"2026-03-23T22:24:06+00:00\",\"description\":\"Acheter V\u00e9lo d'appartement Kettler Giro C1 Au Meilleur Prix En Alg\u00e9rie Chez Fitness Market 020 28 39 08, Repr\u00e9sentant Officiel Kettler Alg\u00e9rie, Proform .\",\"breadcrumb\":{\"@id\":\"https:\\\/\\\/fitnessmarketdz.net\\\/index.php\\\/product\\\/kettler-giro-c1\\\/#breadcrumb\"},\"inLanguage\":\"fr-FR\",\"potentialAction\":[{\"@type\":\"ReadAction\",\"target\":[\"https:\\\/\\\/fitnessmarketdz.net\\\/index.php\\\/product\\\/kettler-giro-c1\\\/\"]}]},{\"@type\":\"ImageObject\",\"inLanguage\":\"fr-FR\",\"@id\":\"https:\\\/\\\/fitnessmarketdz.net\\\/index.php\\\/product\\\/kettler-giro-c1\\\/#primaryimage\",\"url\":\"https:\\\/\\\/fitnessmarketdz.net\\\/wp-content\\\/uploads\\\/2024\\\/01\\\/velo-d-appartement-kettler-giro-c1.png\",\"contentUrl\":\"https:\\\/\\\/fitnessmarketdz.net\\\/wp-content\\\/uploads\\\/2024\\\/01\\\/velo-d-appartement-kettler-giro-c1.png\",\"width\":740,\"height\":592},{\"@type\":\"BreadcrumbList\",\"@id\":\"https:\\\/\\\/fitnessmarketdz.net\\\/index.php\\\/product\\\/kettler-giro-c1\\\/#breadcrumb\",\"itemListElement\":[{\"@type\":\"ListItem\",\"position\":1,\"name\":\"Accueil\",\"item\":\"https:\\\/\\\/fitnessmarketdz.net\\\/\"},{\"@type\":\"ListItem\",\"position\":2,\"name\":\"Boutique\",\"item\":\"https:\\\/\\\/fitnessmarketdz.net\\\/index.php\\\/boutique-fitness-market-algeria\\\/\"},{\"@type\":\"ListItem\",\"position\":3,\"name\":\"V\u00e9lo d&rsquo;appartement Kettler Giro C1\"}]},{\"@type\":\"WebSite\",\"@id\":\"https:\\\/\\\/fitnessmarketdz.net\\\/#website\",\"url\":\"https:\\\/\\\/fitnessmarketdz.net\\\/\",\"name\":\"Fitness Market DZ\",\"description\":\"Votre Partenaire de Fitness en Salle et \u00e0 Domicile\",\"publisher\":{\"@id\":\"https:\\\/\\\/fitnessmarketdz.net\\\/#organization\"},\"potentialAction\":[{\"@type\":\"SearchAction\",\"target\":{\"@type\":\"EntryPoint\",\"urlTemplate\":\"https:\\\/\\\/fitnessmarketdz.net\\\/?s={search_term_string}\"},\"query-input\":{\"@type\":\"PropertyValueSpecification\",\"valueRequired\":true,\"valueName\":\"search_term_string\"}}],\"inLanguage\":\"fr-FR\"},{\"@type\":\"Organization\",\"@id\":\"https:\\\/\\\/fitnessmarketdz.net\\\/#organization\",\"name\":\"Fitness Market DZ\",\"url\":\"https:\\\/\\\/fitnessmarketdz.net\\\/\",\"logo\":{\"@type\":\"ImageObject\",\"inLanguage\":\"fr-FR\",\"@id\":\"https:\\\/\\\/fitnessmarketdz.net\\\/#\\\/schema\\\/logo\\\/image\\\/\",\"url\":\"https:\\\/\\\/fitnessmarketdz.net\\\/wp-content\\\/uploads\\\/2024\\\/01\\\/Logo-Fitness-Market.svg\",\"contentUrl\":\"https:\\\/\\\/fitnessmarketdz.net\\\/wp-content\\\/uploads\\\/2024\\\/01\\\/Logo-Fitness-Market.svg\",\"width\":5181,\"height\":2572,\"caption\":\"Fitness Market DZ\"},\"image\":{\"@id\":\"https:\\\/\\\/fitnessmarketdz.net\\\/#\\\/schema\\\/logo\\\/image\\\/\"},\"sameAs\":[\"https:\\\/\\\/www.facebook.com\\\/profile.php?id=100049723587139\",\"https:\\\/\\\/www.instagram.com\\\/fitness.market.algeria\\\/\"]}]}<\/script>\n<!-- \/ Yoast SEO plugin. -->","yoast_head_json":{"title":"Kettler Giro C1","description":"Acheter V\u00e9lo d'appartement Kettler Giro C1 Au Meilleur Prix En Alg\u00e9rie Chez Fitness Market 020 28 39 08, Repr\u00e9sentant Officiel Kettler Alg\u00e9rie, Proform .","robots":{"index":"index","follow":"follow","max-snippet":"max-snippet:-1","max-image-preview":"max-image-preview:large","max-video-preview":"max-video-preview:-1"},"canonical":"https:\/\/fitnessmarketdz.net\/index.php\/product\/kettler-giro-c1\/","og_locale":"fr_FR","og_type":"article","og_title":"Kettler Giro C1","og_description":"Acheter V\u00e9lo d'appartement Kettler Giro C1 Au Meilleur Prix En Alg\u00e9rie Chez Fitness Market 020 28 39 08, Repr\u00e9sentant Officiel Kettler Alg\u00e9rie, Proform .","og_url":"https:\/\/fitnessmarketdz.net\/index.php\/product\/kettler-giro-c1\/","og_site_name":"Fitness Market DZ","article_publisher":"https:\/\/www.facebook.com\/profile.php?id=100049723587139","article_modified_time":"2026-03-23T22:24:06+00:00","og_image":[{"width":740,"height":592,"url":"https:\/\/fitnessmarketdz.net\/wp-content\/uploads\/2024\/01\/velo-d-appartement-kettler-giro-c1.png","type":"image\/png"}],"twitter_card":"summary_large_image","twitter_misc":{"Dur\u00e9e de lecture estim\u00e9e":"2 minutes"},"schema":{"@context":"https:\/\/schema.org","@graph":[{"@type":"WebPage","@id":"https:\/\/fitnessmarketdz.net\/index.php\/product\/kettler-giro-c1\/","url":"https:\/\/fitnessmarketdz.net\/index.php\/product\/kettler-giro-c1\/","name":"Kettler Giro C1","isPartOf":{"@id":"https:\/\/fitnessmarketdz.net\/#website"},"primaryImageOfPage":{"@id":"https:\/\/fitnessmarketdz.net\/index.php\/product\/kettler-giro-c1\/#primaryimage"},"image":{"@id":"https:\/\/fitnessmarketdz.net\/index.php\/product\/kettler-giro-c1\/#primaryimage"},"thumbnailUrl":"https:\/\/fitnessmarketdz.net\/wp-content\/uploads\/2024\/01\/velo-d-appartement-kettler-giro-c1.png","datePublished":"2024-01-24T14:46:59+00:00","dateModified":"2026-03-23T22:24:06+00:00","description":"Acheter V\u00e9lo d'appartement Kettler Giro C1 Au Meilleur Prix En Alg\u00e9rie Chez Fitness Market 020 28 39 08, Repr\u00e9sentant Officiel Kettler Alg\u00e9rie, Proform .","breadcrumb":{"@id":"https:\/\/fitnessmarketdz.net\/index.php\/product\/kettler-giro-c1\/#breadcrumb"},"inLanguage":"fr-FR","potentialAction":[{"@type":"ReadAction","target":["https:\/\/fitnessmarketdz.net\/index.php\/product\/kettler-giro-c1\/"]}]},{"@type":"ImageObject","inLanguage":"fr-FR","@id":"https:\/\/fitnessmarketdz.net\/index.php\/product\/kettler-giro-c1\/#primaryimage","url":"https:\/\/fitnessmarketdz.net\/wp-content\/uploads\/2024\/01\/velo-d-appartement-kettler-giro-c1.png","contentUrl":"https:\/\/fitnessmarketdz.net\/wp-content\/uploads\/2024\/01\/velo-d-appartement-kettler-giro-c1.png","width":740,"height":592},{"@type":"BreadcrumbList","@id":"https:\/\/fitnessmarketdz.net\/index.php\/product\/kettler-giro-c1\/#breadcrumb","itemListElement":[{"@type":"ListItem","position":1,"name":"Accueil","item":"https:\/\/fitnessmarketdz.net\/"},{"@type":"ListItem","position":2,"name":"Boutique","item":"https:\/\/fitnessmarketdz.net\/index.php\/boutique-fitness-market-algeria\/"},{"@type":"ListItem","position":3,"name":"V\u00e9lo d&rsquo;appartement Kettler Giro C1"}]},{"@type":"WebSite","@id":"https:\/\/fitnessmarketdz.net\/#website","url":"https:\/\/fitnessmarketdz.net\/","name":"Fitness Market DZ","description":"Votre Partenaire de Fitness en Salle et \u00e0 Domicile","publisher":{"@id":"https:\/\/fitnessmarketdz.net\/#organization"},"potentialAction":[{"@type":"SearchAction","target":{"@type":"EntryPoint","urlTemplate":"https:\/\/fitnessmarketdz.net\/?s={search_term_string}"},"query-input":{"@type":"PropertyValueSpecification","valueRequired":true,"valueName":"search_term_string"}}],"inLanguage":"fr-FR"},{"@type":"Organization","@id":"https:\/\/fitnessmarketdz.net\/#organization","name":"Fitness Market DZ","url":"https:\/\/fitnessmarketdz.net\/","logo":{"@type":"ImageObject","inLanguage":"fr-FR","@id":"https:\/\/fitnessmarketdz.net\/#\/schema\/logo\/image\/","url":"https:\/\/fitnessmarketdz.net\/wp-content\/uploads\/2024\/01\/Logo-Fitness-Market.svg","contentUrl":"https:\/\/fitnessmarketdz.net\/wp-content\/uploads\/2024\/01\/Logo-Fitness-Market.svg","width":5181,"height":2572,"caption":"Fitness Market DZ"},"image":{"@id":"https:\/\/fitnessmarketdz.net\/#\/schema\/logo\/image\/"},"sameAs":["https:\/\/www.facebook.com\/profile.php?id=100049723587139","https:\/\/www.instagram.com\/fitness.market.algeria\/"]}]}},"jetpack_sharing_enabled":true,"_links":{"self":[{"href":"https:\/\/fitnessmarketdz.net\/index.php\/wp-json\/wp\/v2\/product\/45","targetHints":{"allow":["GET"]}}],"collection":[{"href":"https:\/\/fitnessmarketdz.net\/index.php\/wp-json\/wp\/v2\/product"}],"about":[{"href":"https:\/\/fitnessmarketdz.net\/index.php\/wp-json\/wp\/v2\/types\/product"}],"version-history":[{"count":0,"href":"https:\/\/fitnessmarketdz.net\/index.php\/wp-json\/wp\/v2\/product\/45\/revisions"}],"wp:featuredmedia":[{"embeddable":true,"href":"https:\/\/fitnessmarketdz.net\/index.php\/wp-json\/wp\/v2\/media\/155"}],"wp:attachment":[{"href":"https:\/\/fitnessmarketdz.net\/index.php\/wp-json\/wp\/v2\/media?parent=45"}],"wp:term":[{"taxonomy":"product_brand","embeddable":true,"href":"https:\/\/fitnessmarketdz.net\/index.php\/wp-json\/wp\/v2\/product_brand?post=45"},{"taxonomy":"product_cat","embeddable":true,"href":"https:\/\/fitnessmarketdz.net\/index.php\/wp-json\/wp\/v2\/product_cat?post=45"},{"taxonomy":"product_tag","embeddable":true,"href":"https:\/\/fitnessmarketdz.net\/index.php\/wp-json\/wp\/v2\/product_tag?post=45"}],"curies":[{"name":"wp","href":"https:\/\/api.w.org\/{rel}","templated":true}]}}