{"id":39,"date":"2024-01-24T15:46:59","date_gmt":"2024-01-24T14:46:59","guid":{"rendered":"https:\/\/fitnessmarketdz.net\/?post_type=product&#038;p=39"},"modified":"2026-03-23T23:12:15","modified_gmt":"2026-03-23T22:12:15","slug":"kettler-berlin-s3","status":"publish","type":"product","link":"https:\/\/fitnessmarketdz.net\/index.php\/product\/kettler-berlin-s3\/","title":{"rendered":"Tapis Roulant Kettler Berlin S3"},"content":{"rendered":"<p>Le tapis de course <em> BERLIN S3<\/em> de la marque Kettler a \u00e9t\u00e9 con\u00e7u pour des entra\u00eenements \u00e0 domicile r\u00e9guliers et efficaces.<\/p>\n<h1>Kettler Berlin S3<\/h1>\n<ol>\n<li>moteur de 3.0 CV en Continu pour une vitesse pouvant atteindre les 22 Km\/h. Supporte jusqu&rsquo;\u00e0 150 kgs<\/li>\n<li>inclinaison \u00e9lectrique, 15% et 40 programmes d&rsquo;entra\u00eenement personnalisables<\/li>\n<\/ol>\n<p>Sa structure ergonomique qui est pliable et robuste pour en fait un mat\u00e9riel de fitness \u00e0 domicile, parfait pour se remettre au sport de fa\u00e7on rigoureuse, petit \u00e0 petit et en toute s\u00e9curit\u00e9.<\/p>\n<p>&nbsp;<\/p>\n<p>&#8211; Dot\u00e9 d&rsquo;un moteur silencieux d&rsquo;une puissance de\u00a0 3.0 Cv en continue en outre, convient parfaitement aux entra\u00eenements quotidiens \u00e0 domicile.<\/p>\n<ol>\n<li style=\"list-style-type: none;\">\n<ol>\n<li style=\"list-style-type: none;\">\n<ol>\n<li>&#8211; Sa vitesse peut atteindre les 22 Km\/h, est cependant, id\u00e9ale pour varier vos entra\u00eenements et alterner entre phases de r\u00e9cup\u00e9ration et phases d&rsquo;acc\u00e9l\u00e9ration plus intenses<\/li>\n<li>&#8211; Une inclinaison automatique possible jusqu&rsquo;\u00e0 15% est directement contr\u00f4lable depuis la console qui cependant, vous permettra de travailler des groupes musculaires cibl\u00e9s des membres inf\u00e9rieurs (mollets, cuisses, fessiers) ou votre endurance.<br \/>\nUne foul\u00e9e naturellement amortie<\/li>\n<li>&#8211; Avec Un syst\u00e8me d&rsquo;amortissement pour une absorption optimale des chocs sur les articulations des chevilles et des genoux. Vos foul\u00e9es seront ainsi mieux \u00e9quilibr\u00e9es et votre course nettement plus agr\u00e9able et confortable.<\/li>\n<li>&#8211; Une surface de course de 152&#215;51 cm qui convient \u00e0 tous les gabarits.<\/li>\n<li>&#8211; Distance sol\/surface de course: 16,5 cm<\/li>\n<li>-Un tapis de course pliable<\/li>\n<\/ol>\n<\/li>\n<\/ol>\n<\/li>\n<\/ol>\n<h2>CONSOLE :<\/h2>\n<ol>\n<li>VITESSE : Vitesse instantan\u00e9e pendant l&rsquo;exercice en km\/h,<\/li>\n<li>INCLINAISON : Affiche le pourcentage d&rsquo;inclinaison pendant l&rsquo;exercice de 1 \u00e0 15,<\/li>\n<li>TEMPS : Indique le temps de 0:00 \u00e0 un maximum 99:59 minutes.<\/li>\n<li>DISTANCE : Cette fonction mesure la distance de 0:00 \u00e0 999 km\/miles.<\/li>\n<li>CALORIES : mesure la quantit\u00e9 totale de calories br\u00fbl\u00e9es par votre corps pendant l&rsquo;exercice.<\/li>\n<li>PULSATION CARDIAQUE : \u00e9tendue de l&rsquo;affichage &#8211; 50 \u00e0 200 BPM (Battements Par Minute).<\/li>\n<\/ol>\n<p>&nbsp;<\/p>\n<p>Moteur puissant et silencieux de 3 CV en continu et 4.5 en pic pour des s\u00e9ances d&rsquo;entrainement intensives.<\/p>\n<h3>LES DIFF\u00c9RENTS PROGRAMMES :<\/h3>\n<ul>\n<li style=\"list-style-type: none;\">\n<ul>\n<li>36 programmes pr\u00e9-d\u00e9finis,<\/li>\n<li>1 programme manuel,<\/li>\n<li>6 programmes utilisateurs personnalisables,<\/li>\n<\/ul>\n<\/li>\n<\/ul>\n<ul>\n<li>1 programme mode IMC (indice de masse corporelle)Vitesse maximale de 22 km\/h, est cependant en reglage rapide depuis la console avec Possibilit\u00e9 de r\u00e9gler la vitesse gr\u00e2ce aux touches d&rsquo;acc\u00e8s rapide : 6-9-12-15-18 km\/h. Id\u00e9al pour les entra\u00eenements en fractionn\u00e9.Un r\u00e9glage rapide de l&rsquo;inclinaison s&rsquo;effectue par simple touche sur la console pour commencer \u00e0 0 % afin<br \/>\nd&rsquo;atteindre les sommets jusqu\u2019\u00e0 15 % d&rsquo;inclinaison.Touches d&rsquo;acc\u00e8s rapide pour l&rsquo;inclinaison.<\/li>\n<li>4-6-8-12, pour acc\u00e9der au niveau 15 avec la touche +.<br \/>\nSURFACE DE COURSE :<\/li>\n<li>\u2022 Une grande surface de course de 51 x 152 cm avec une bande d&rsquo;\u00e9paisseur 1.8 mm.<\/li>\n<li>\u2022 6 absorbeurs de choc de 15 cm x 2 cm en \u00e9lastom\u00e8re avec 3 duret\u00e9s diff\u00e9rentes.<\/li>\n<li>Le Flex System est un syst\u00e8me unique qui offre:<\/li>\n<li>une forte r\u00e9duction d&rsquo;impact de 15% pour les articulations et<br \/>\nvous permet de d\u00e9velopper votre endurance confortablement chez vous.<\/li>\n<li>A 10 km\/h, le niveau de bruit du tapis est d&rsquo;environ 62 d\u00e9cibels.<\/li>\n<li>Taille min et max de l&rsquo;utilisateur : 1,40 m \u00e0 2,2 m.<\/li>\n<\/ul>\n","protected":false},"excerpt":{"rendered":"<p>Le tapis de course Kettler Berlin S3 a \u00e9t\u00e9 pens\u00e9 pour des entra\u00eenements r\u00e9guliers, un moteur de 3.0 CV,une vitesse pouvant atteindre les 22 Km\/h,\u0628\u0633\u0627\u0637 \u0627\u0644\u0645\u0634\u064a Fitness Market Cheraga.<\/p>\n","protected":false},"featured_media":138,"template":"","meta":{"om_disable_all_campaigns":false},"product_brand":[760],"product_cat":[630,737,484],"product_tag":[743,738,739,742,740],"class_list":{"0":"post-39","1":"product","2":"type-product","3":"status-publish","4":"has-post-thumbnail","6":"product_brand-kettler","7":"product_cat-fitness","8":"product_cat-kettler","9":"product_cat-tapis-roulant","10":"product_tag-cardio","11":"product_tag-kettler","12":"product_tag-tapis-de-course","13":"product_tag-tapis-roulant","14":"product_tag-treadmill","15":"product_shipping_class-heavy","17":"first","18":"outofstock","19":"sold-individually","20":"taxable","21":"shipping-taxable","22":"purchasable","23":"product-type-simple"},"yoast_head":"<!-- This site is optimized with the Yoast SEO plugin v27.3 - https:\/\/yoast.com\/product\/yoast-seo-wordpress\/ -->\n<title>Kettler Berlin S3<\/title>\n<meta name=\"description\" content=\"Acheter Tapis Roulant Kettler Berlin S3 Au Meilleur Prix En Alg\u00e9rie Chez Fitness Market 020 28 39 08, Repr\u00e9sentant Officiel Kettler Alg\u00e9rie, Proform .\" \/>\n<meta name=\"robots\" content=\"index, follow, max-snippet:-1, max-image-preview:large, max-video-preview:-1\" \/>\n<link rel=\"canonical\" href=\"https:\/\/fitnessmarketdz.net\/index.php\/product\/kettler-berlin-s3\/\" \/>\n<meta property=\"og:locale\" content=\"fr_FR\" \/>\n<meta property=\"og:type\" content=\"article\" \/>\n<meta property=\"og:title\" content=\"Kettler Berlin S3\" \/>\n<meta property=\"og:description\" content=\"Acheter Tapis Roulant Kettler Berlin S3 Au Meilleur Prix En Alg\u00e9rie Chez Fitness Market 020 28 39 08, Repr\u00e9sentant Officiel Kettler Alg\u00e9rie, Proform .\" \/>\n<meta property=\"og:url\" content=\"https:\/\/fitnessmarketdz.net\/index.php\/product\/kettler-berlin-s3\/\" \/>\n<meta property=\"og:site_name\" content=\"Fitness Market DZ\" \/>\n<meta property=\"article:publisher\" content=\"https:\/\/www.facebook.com\/profile.php?id=100049723587139\" \/>\n<meta property=\"article:modified_time\" content=\"2026-03-23T22:12:15+00:00\" \/>\n<meta property=\"og:image\" content=\"https:\/\/fitnessmarketdz.net\/wp-content\/uploads\/2024\/01\/BERLIN_S3-1_50.png\" \/>\n\t<meta property=\"og:image:width\" content=\"609\" \/>\n\t<meta property=\"og:image:height\" content=\"545\" \/>\n\t<meta property=\"og:image:type\" content=\"image\/png\" \/>\n<meta name=\"twitter:card\" content=\"summary_large_image\" \/>\n<meta name=\"twitter:label1\" content=\"Dur\u00e9e de lecture estim\u00e9e\" \/>\n\t<meta name=\"twitter:data1\" content=\"3 minutes\" \/>\n<script type=\"application\/ld+json\" class=\"yoast-schema-graph\">{\"@context\":\"https:\\\/\\\/schema.org\",\"@graph\":[{\"@type\":\"WebPage\",\"@id\":\"https:\\\/\\\/fitnessmarketdz.net\\\/index.php\\\/product\\\/kettler-berlin-s3\\\/\",\"url\":\"https:\\\/\\\/fitnessmarketdz.net\\\/index.php\\\/product\\\/kettler-berlin-s3\\\/\",\"name\":\"Kettler Berlin S3\",\"isPartOf\":{\"@id\":\"https:\\\/\\\/fitnessmarketdz.net\\\/#website\"},\"primaryImageOfPage\":{\"@id\":\"https:\\\/\\\/fitnessmarketdz.net\\\/index.php\\\/product\\\/kettler-berlin-s3\\\/#primaryimage\"},\"image\":{\"@id\":\"https:\\\/\\\/fitnessmarketdz.net\\\/index.php\\\/product\\\/kettler-berlin-s3\\\/#primaryimage\"},\"thumbnailUrl\":\"https:\\\/\\\/fitnessmarketdz.net\\\/wp-content\\\/uploads\\\/2024\\\/01\\\/BERLIN_S3-1_50.png\",\"datePublished\":\"2024-01-24T14:46:59+00:00\",\"dateModified\":\"2026-03-23T22:12:15+00:00\",\"description\":\"Acheter Tapis Roulant Kettler Berlin S3 Au Meilleur Prix En Alg\u00e9rie Chez Fitness Market 020 28 39 08, Repr\u00e9sentant Officiel Kettler Alg\u00e9rie, Proform .\",\"breadcrumb\":{\"@id\":\"https:\\\/\\\/fitnessmarketdz.net\\\/index.php\\\/product\\\/kettler-berlin-s3\\\/#breadcrumb\"},\"inLanguage\":\"fr-FR\",\"potentialAction\":[{\"@type\":\"ReadAction\",\"target\":[\"https:\\\/\\\/fitnessmarketdz.net\\\/index.php\\\/product\\\/kettler-berlin-s3\\\/\"]}]},{\"@type\":\"ImageObject\",\"inLanguage\":\"fr-FR\",\"@id\":\"https:\\\/\\\/fitnessmarketdz.net\\\/index.php\\\/product\\\/kettler-berlin-s3\\\/#primaryimage\",\"url\":\"https:\\\/\\\/fitnessmarketdz.net\\\/wp-content\\\/uploads\\\/2024\\\/01\\\/BERLIN_S3-1_50.png\",\"contentUrl\":\"https:\\\/\\\/fitnessmarketdz.net\\\/wp-content\\\/uploads\\\/2024\\\/01\\\/BERLIN_S3-1_50.png\",\"width\":609,\"height\":545},{\"@type\":\"BreadcrumbList\",\"@id\":\"https:\\\/\\\/fitnessmarketdz.net\\\/index.php\\\/product\\\/kettler-berlin-s3\\\/#breadcrumb\",\"itemListElement\":[{\"@type\":\"ListItem\",\"position\":1,\"name\":\"Accueil\",\"item\":\"https:\\\/\\\/fitnessmarketdz.net\\\/\"},{\"@type\":\"ListItem\",\"position\":2,\"name\":\"Boutique\",\"item\":\"https:\\\/\\\/fitnessmarketdz.net\\\/index.php\\\/boutique-fitness-market-algeria\\\/\"},{\"@type\":\"ListItem\",\"position\":3,\"name\":\"Tapis Roulant Kettler Berlin S3\"}]},{\"@type\":\"WebSite\",\"@id\":\"https:\\\/\\\/fitnessmarketdz.net\\\/#website\",\"url\":\"https:\\\/\\\/fitnessmarketdz.net\\\/\",\"name\":\"Fitness Market DZ\",\"description\":\"Votre Partenaire de Fitness en Salle et \u00e0 Domicile\",\"publisher\":{\"@id\":\"https:\\\/\\\/fitnessmarketdz.net\\\/#organization\"},\"potentialAction\":[{\"@type\":\"SearchAction\",\"target\":{\"@type\":\"EntryPoint\",\"urlTemplate\":\"https:\\\/\\\/fitnessmarketdz.net\\\/?s={search_term_string}\"},\"query-input\":{\"@type\":\"PropertyValueSpecification\",\"valueRequired\":true,\"valueName\":\"search_term_string\"}}],\"inLanguage\":\"fr-FR\"},{\"@type\":\"Organization\",\"@id\":\"https:\\\/\\\/fitnessmarketdz.net\\\/#organization\",\"name\":\"Fitness Market DZ\",\"url\":\"https:\\\/\\\/fitnessmarketdz.net\\\/\",\"logo\":{\"@type\":\"ImageObject\",\"inLanguage\":\"fr-FR\",\"@id\":\"https:\\\/\\\/fitnessmarketdz.net\\\/#\\\/schema\\\/logo\\\/image\\\/\",\"url\":\"https:\\\/\\\/fitnessmarketdz.net\\\/wp-content\\\/uploads\\\/2024\\\/01\\\/Logo-Fitness-Market.svg\",\"contentUrl\":\"https:\\\/\\\/fitnessmarketdz.net\\\/wp-content\\\/uploads\\\/2024\\\/01\\\/Logo-Fitness-Market.svg\",\"width\":5181,\"height\":2572,\"caption\":\"Fitness Market DZ\"},\"image\":{\"@id\":\"https:\\\/\\\/fitnessmarketdz.net\\\/#\\\/schema\\\/logo\\\/image\\\/\"},\"sameAs\":[\"https:\\\/\\\/www.facebook.com\\\/profile.php?id=100049723587139\",\"https:\\\/\\\/www.instagram.com\\\/fitness.market.algeria\\\/\"]}]}<\/script>\n<!-- \/ Yoast SEO plugin. -->","yoast_head_json":{"title":"Kettler Berlin S3","description":"Acheter Tapis Roulant Kettler Berlin S3 Au Meilleur Prix En Alg\u00e9rie Chez Fitness Market 020 28 39 08, Repr\u00e9sentant Officiel Kettler Alg\u00e9rie, Proform .","robots":{"index":"index","follow":"follow","max-snippet":"max-snippet:-1","max-image-preview":"max-image-preview:large","max-video-preview":"max-video-preview:-1"},"canonical":"https:\/\/fitnessmarketdz.net\/index.php\/product\/kettler-berlin-s3\/","og_locale":"fr_FR","og_type":"article","og_title":"Kettler Berlin S3","og_description":"Acheter Tapis Roulant Kettler Berlin S3 Au Meilleur Prix En Alg\u00e9rie Chez Fitness Market 020 28 39 08, Repr\u00e9sentant Officiel Kettler Alg\u00e9rie, Proform .","og_url":"https:\/\/fitnessmarketdz.net\/index.php\/product\/kettler-berlin-s3\/","og_site_name":"Fitness Market DZ","article_publisher":"https:\/\/www.facebook.com\/profile.php?id=100049723587139","article_modified_time":"2026-03-23T22:12:15+00:00","og_image":[{"width":609,"height":545,"url":"https:\/\/fitnessmarketdz.net\/wp-content\/uploads\/2024\/01\/BERLIN_S3-1_50.png","type":"image\/png"}],"twitter_card":"summary_large_image","twitter_misc":{"Dur\u00e9e de lecture estim\u00e9e":"3 minutes"},"schema":{"@context":"https:\/\/schema.org","@graph":[{"@type":"WebPage","@id":"https:\/\/fitnessmarketdz.net\/index.php\/product\/kettler-berlin-s3\/","url":"https:\/\/fitnessmarketdz.net\/index.php\/product\/kettler-berlin-s3\/","name":"Kettler Berlin S3","isPartOf":{"@id":"https:\/\/fitnessmarketdz.net\/#website"},"primaryImageOfPage":{"@id":"https:\/\/fitnessmarketdz.net\/index.php\/product\/kettler-berlin-s3\/#primaryimage"},"image":{"@id":"https:\/\/fitnessmarketdz.net\/index.php\/product\/kettler-berlin-s3\/#primaryimage"},"thumbnailUrl":"https:\/\/fitnessmarketdz.net\/wp-content\/uploads\/2024\/01\/BERLIN_S3-1_50.png","datePublished":"2024-01-24T14:46:59+00:00","dateModified":"2026-03-23T22:12:15+00:00","description":"Acheter Tapis Roulant Kettler Berlin S3 Au Meilleur Prix En Alg\u00e9rie Chez Fitness Market 020 28 39 08, Repr\u00e9sentant Officiel Kettler Alg\u00e9rie, Proform .","breadcrumb":{"@id":"https:\/\/fitnessmarketdz.net\/index.php\/product\/kettler-berlin-s3\/#breadcrumb"},"inLanguage":"fr-FR","potentialAction":[{"@type":"ReadAction","target":["https:\/\/fitnessmarketdz.net\/index.php\/product\/kettler-berlin-s3\/"]}]},{"@type":"ImageObject","inLanguage":"fr-FR","@id":"https:\/\/fitnessmarketdz.net\/index.php\/product\/kettler-berlin-s3\/#primaryimage","url":"https:\/\/fitnessmarketdz.net\/wp-content\/uploads\/2024\/01\/BERLIN_S3-1_50.png","contentUrl":"https:\/\/fitnessmarketdz.net\/wp-content\/uploads\/2024\/01\/BERLIN_S3-1_50.png","width":609,"height":545},{"@type":"BreadcrumbList","@id":"https:\/\/fitnessmarketdz.net\/index.php\/product\/kettler-berlin-s3\/#breadcrumb","itemListElement":[{"@type":"ListItem","position":1,"name":"Accueil","item":"https:\/\/fitnessmarketdz.net\/"},{"@type":"ListItem","position":2,"name":"Boutique","item":"https:\/\/fitnessmarketdz.net\/index.php\/boutique-fitness-market-algeria\/"},{"@type":"ListItem","position":3,"name":"Tapis Roulant Kettler Berlin S3"}]},{"@type":"WebSite","@id":"https:\/\/fitnessmarketdz.net\/#website","url":"https:\/\/fitnessmarketdz.net\/","name":"Fitness Market DZ","description":"Votre Partenaire de Fitness en Salle et \u00e0 Domicile","publisher":{"@id":"https:\/\/fitnessmarketdz.net\/#organization"},"potentialAction":[{"@type":"SearchAction","target":{"@type":"EntryPoint","urlTemplate":"https:\/\/fitnessmarketdz.net\/?s={search_term_string}"},"query-input":{"@type":"PropertyValueSpecification","valueRequired":true,"valueName":"search_term_string"}}],"inLanguage":"fr-FR"},{"@type":"Organization","@id":"https:\/\/fitnessmarketdz.net\/#organization","name":"Fitness Market DZ","url":"https:\/\/fitnessmarketdz.net\/","logo":{"@type":"ImageObject","inLanguage":"fr-FR","@id":"https:\/\/fitnessmarketdz.net\/#\/schema\/logo\/image\/","url":"https:\/\/fitnessmarketdz.net\/wp-content\/uploads\/2024\/01\/Logo-Fitness-Market.svg","contentUrl":"https:\/\/fitnessmarketdz.net\/wp-content\/uploads\/2024\/01\/Logo-Fitness-Market.svg","width":5181,"height":2572,"caption":"Fitness Market DZ"},"image":{"@id":"https:\/\/fitnessmarketdz.net\/#\/schema\/logo\/image\/"},"sameAs":["https:\/\/www.facebook.com\/profile.php?id=100049723587139","https:\/\/www.instagram.com\/fitness.market.algeria\/"]}]}},"jetpack_sharing_enabled":true,"_links":{"self":[{"href":"https:\/\/fitnessmarketdz.net\/index.php\/wp-json\/wp\/v2\/product\/39","targetHints":{"allow":["GET"]}}],"collection":[{"href":"https:\/\/fitnessmarketdz.net\/index.php\/wp-json\/wp\/v2\/product"}],"about":[{"href":"https:\/\/fitnessmarketdz.net\/index.php\/wp-json\/wp\/v2\/types\/product"}],"version-history":[{"count":0,"href":"https:\/\/fitnessmarketdz.net\/index.php\/wp-json\/wp\/v2\/product\/39\/revisions"}],"wp:featuredmedia":[{"embeddable":true,"href":"https:\/\/fitnessmarketdz.net\/index.php\/wp-json\/wp\/v2\/media\/138"}],"wp:attachment":[{"href":"https:\/\/fitnessmarketdz.net\/index.php\/wp-json\/wp\/v2\/media?parent=39"}],"wp:term":[{"taxonomy":"product_brand","embeddable":true,"href":"https:\/\/fitnessmarketdz.net\/index.php\/wp-json\/wp\/v2\/product_brand?post=39"},{"taxonomy":"product_cat","embeddable":true,"href":"https:\/\/fitnessmarketdz.net\/index.php\/wp-json\/wp\/v2\/product_cat?post=39"},{"taxonomy":"product_tag","embeddable":true,"href":"https:\/\/fitnessmarketdz.net\/index.php\/wp-json\/wp\/v2\/product_tag?post=39"}],"curies":[{"name":"wp","href":"https:\/\/api.w.org\/{rel}","templated":true}]}}