{"id":33,"date":"2024-01-24T15:46:59","date_gmt":"2024-01-24T14:46:59","guid":{"rendered":"https:\/\/fitnessmarketdz.net\/?post_type=product&#038;p=33"},"modified":"2026-03-23T21:14:52","modified_gmt":"2026-03-23T20:14:52","slug":"velo-dappartement-kettler-giro-c3","status":"publish","type":"product","link":"https:\/\/fitnessmarketdz.net\/index.php\/product\/velo-dappartement-kettler-giro-c3\/","title":{"rendered":"V\u00e9lo d&rsquo;appartement Kettler Giro C3"},"content":{"rendered":"<h1>V\u00e9lo d&rsquo;appartement Kettler Giro C3<\/h1>\n<ol>\n<li style=\"list-style-type: none;\">\n<ol>Achetez Le velo kettler Giro C3, en Alg\u00e9rie \u00e0 bas prix Chez Kettler Cheraga, avec Garantie SAV.<\/ol>\n<\/li>\n<\/ol>\n<p>Vous pouvez passer commande en appelant au: +213 20 28 39 08 \u2013 0560 35 90 07<\/p>\n<p>Un v\u00e9lo con\u00e7u pour un usage r\u00e9gulier<\/p>\n<p>&#8211; Syst\u00e8me de freinage magn\u00e9tique motoris\u00e9 avec 15 niveaux de r\u00e9sistance \u00e0 r\u00e9gler de votre console.<\/p>\n<p>&#8211; Le v\u00e9lo d&rsquo;appartement avec frein magn\u00e9tique Kettler Giro C3 peut-\u00eatre utilis\u00e9 jusqu\u2019\u00e0 8 heures par semaine. Il est pens\u00e9 pour un usage r\u00e9gulier \u00e0 domicile.<\/p>\n<p>&#8211; V\u00e9lo d\u2019appartement robuste pouvant accueillir un poids maximum de 130 kg.<br \/>\nUn \u00e9cran facile \u00e0 utiliser<\/p>\n<p>&#8211; L\u2019\u00e9cran LCD de 117 x 86 mm est facile \u00e0 utiliser et offre une navigation intuitive.<\/p>\n<p>&#8211; Affichage de donn\u00e9es d\u2019entra\u00eenement personnelles principales, telles que la distance parcourue, la dur\u00e9e, la vitesse de p\u00e9dalage, ou encore le nombre de calories d\u00e9pens\u00e9es ou votre fr\u00e9quence cardiaque en temps r\u00e9el.<\/p>\n<p>&#8211; 4 profils utilisateurs et 1 profil invit\u00e9.<\/p>\n<p>&#8211; 10 programmes d\u2019entra\u00eenement sont \u00e0 d\u00e9couvrir sur la console pr\u00e9\u00e9tablis dont un programme de fr\u00e9quence cardiaque.<br \/>\nSurveillez votre pouls durant votre performance sportive<\/p>\n<p>&#8211; Les capteurs cardiaques sont amovibles pour les placer o\u00f9 vous voulez sur votre guidon. Vous pouvez ainsi placer vos mains o\u00f9 vous \u00eates le plus \u00e0 l\u2019aise durant que vous p\u00e9dalez.<\/p>\n<p>&#8211; La ceinture thoracique Polar T34 disponible en option.<br \/>\nLe v\u00e9lo sp\u00e9cialement con\u00e7u pour votre confort<\/p>\n<p>&#8211; V\u00e9lo similaire au Kettler Giro C3. Seul change le seuil d\u2019enjambement, bas sur le Giro C3 pour un acc\u00e8s plus facile au v\u00e9lo.<\/p>\n<p>&#8211; P\u00e9dales avec sangles pour allier puissance et confort de p\u00e9dalage.<\/p>\n<p>&#8211; Roulettes de d\u00e9placement \u00e0 l\u2019avant pour un rangement facilit\u00e9.<\/p>\n<p>&#8211; Compensateurs de niveau \u00e0 l\u2019arri\u00e8re pour une grande stabilit\u00e9 et un \u00e9quilibre sans faille durant les exercices.<\/p>\n<p>&#8211; Selle r\u00e9glable en hauteur et en profondeur.<\/p>\n<p>&#8211; Guidon en U non r\u00e9glable.<\/p>\n<p>&#8211; Porte tablette disponible.<\/p>\n<p>Livr\u00e9 non mont\u00e9.<br \/>\nvoir aussi <a href=\"https:\/\/fitnessmarketdz.com\/product\/kettler-giro-c1\/\">giro c1<\/a><br \/>\nnous suivre sur facebook <a href=\"https:\/\/www.facebook.com\/Fitness-Market-Algeria-1488822214780146\">FITNESS MARKET ALGERIA<\/a><\/p>\n","protected":false},"excerpt":{"rendered":"<p>&lsquo;- V\u00e9lo d\u2019appartement robuste pouvant accueillir un poids maximum de 130 kg.<br \/>\nUn \u00e9cran facile \u00e0 utiliser<\/p>\n","protected":false},"featured_media":111,"template":"","meta":{"om_disable_all_campaigns":false},"product_brand":[760],"product_cat":[630,648],"product_tag":[],"class_list":{"0":"post-33","1":"product","2":"type-product","3":"status-publish","4":"has-post-thumbnail","6":"product_brand-kettler","7":"product_cat-fitness","8":"product_cat-velo-de-sport","10":"first","11":"outofstock","12":"taxable","13":"shipping-taxable","14":"purchasable","15":"product-type-simple"},"yoast_head":"<!-- This site is optimized with the Yoast SEO plugin v27.3 - https:\/\/yoast.com\/product\/yoast-seo-wordpress\/ -->\n<title>V\u00e9lo d&#039;appartement Kettler Giro C3 - Fitness Market DZ<\/title>\n<meta name=\"description\" content=\"Acheter V\u00e9lo d&#039;appartement Kettler Giro C3 Au Meilleur Prix En Alg\u00e9rie Chez Fitness Market 020 28 39 08, Repr\u00e9sentant Officiel Kettler Alg\u00e9rie, Proform,\" \/>\n<meta name=\"robots\" content=\"index, follow, max-snippet:-1, max-image-preview:large, max-video-preview:-1\" \/>\n<link rel=\"canonical\" href=\"https:\/\/fitnessmarketdz.net\/index.php\/product\/velo-dappartement-kettler-giro-c3\/\" \/>\n<meta property=\"og:locale\" content=\"fr_FR\" \/>\n<meta property=\"og:type\" content=\"article\" \/>\n<meta property=\"og:title\" content=\"V\u00e9lo d&#039;appartement Kettler Giro C3 - Fitness Market DZ\" \/>\n<meta property=\"og:description\" content=\"Acheter V\u00e9lo d&#039;appartement Kettler Giro C3 Au Meilleur Prix En Alg\u00e9rie Chez Fitness Market 020 28 39 08, Repr\u00e9sentant Officiel Kettler Alg\u00e9rie, Proform,\" \/>\n<meta property=\"og:url\" content=\"https:\/\/fitnessmarketdz.net\/index.php\/product\/velo-dappartement-kettler-giro-c3\/\" \/>\n<meta property=\"og:site_name\" content=\"Fitness Market DZ\" \/>\n<meta property=\"article:publisher\" content=\"https:\/\/www.facebook.com\/profile.php?id=100049723587139\" \/>\n<meta property=\"article:modified_time\" content=\"2026-03-23T20:14:52+00:00\" \/>\n<meta property=\"og:image\" content=\"https:\/\/fitnessmarketdz.net\/wp-content\/uploads\/2024\/01\/velo-d-appartement-kettler-giro-c3.jpg\" \/>\n\t<meta property=\"og:image:width\" content=\"740\" \/>\n\t<meta property=\"og:image:height\" content=\"592\" \/>\n\t<meta property=\"og:image:type\" content=\"image\/jpeg\" \/>\n<meta name=\"twitter:card\" content=\"summary_large_image\" \/>\n<meta name=\"twitter:label1\" content=\"Dur\u00e9e de lecture estim\u00e9e\" \/>\n\t<meta name=\"twitter:data1\" content=\"2 minutes\" \/>\n<script type=\"application\/ld+json\" class=\"yoast-schema-graph\">{\"@context\":\"https:\\\/\\\/schema.org\",\"@graph\":[{\"@type\":\"WebPage\",\"@id\":\"https:\\\/\\\/fitnessmarketdz.net\\\/index.php\\\/product\\\/velo-dappartement-kettler-giro-c3\\\/\",\"url\":\"https:\\\/\\\/fitnessmarketdz.net\\\/index.php\\\/product\\\/velo-dappartement-kettler-giro-c3\\\/\",\"name\":\"V\u00e9lo d'appartement Kettler Giro C3 - Fitness Market DZ\",\"isPartOf\":{\"@id\":\"https:\\\/\\\/fitnessmarketdz.net\\\/#website\"},\"primaryImageOfPage\":{\"@id\":\"https:\\\/\\\/fitnessmarketdz.net\\\/index.php\\\/product\\\/velo-dappartement-kettler-giro-c3\\\/#primaryimage\"},\"image\":{\"@id\":\"https:\\\/\\\/fitnessmarketdz.net\\\/index.php\\\/product\\\/velo-dappartement-kettler-giro-c3\\\/#primaryimage\"},\"thumbnailUrl\":\"https:\\\/\\\/fitnessmarketdz.net\\\/wp-content\\\/uploads\\\/2024\\\/01\\\/velo-d-appartement-kettler-giro-c3.jpg\",\"datePublished\":\"2024-01-24T14:46:59+00:00\",\"dateModified\":\"2026-03-23T20:14:52+00:00\",\"description\":\"Acheter V\u00e9lo d'appartement Kettler Giro C3 Au Meilleur Prix En Alg\u00e9rie Chez Fitness Market 020 28 39 08, Repr\u00e9sentant Officiel Kettler Alg\u00e9rie, Proform,\",\"breadcrumb\":{\"@id\":\"https:\\\/\\\/fitnessmarketdz.net\\\/index.php\\\/product\\\/velo-dappartement-kettler-giro-c3\\\/#breadcrumb\"},\"inLanguage\":\"fr-FR\",\"potentialAction\":[{\"@type\":\"ReadAction\",\"target\":[\"https:\\\/\\\/fitnessmarketdz.net\\\/index.php\\\/product\\\/velo-dappartement-kettler-giro-c3\\\/\"]}]},{\"@type\":\"ImageObject\",\"inLanguage\":\"fr-FR\",\"@id\":\"https:\\\/\\\/fitnessmarketdz.net\\\/index.php\\\/product\\\/velo-dappartement-kettler-giro-c3\\\/#primaryimage\",\"url\":\"https:\\\/\\\/fitnessmarketdz.net\\\/wp-content\\\/uploads\\\/2024\\\/01\\\/velo-d-appartement-kettler-giro-c3.jpg\",\"contentUrl\":\"https:\\\/\\\/fitnessmarketdz.net\\\/wp-content\\\/uploads\\\/2024\\\/01\\\/velo-d-appartement-kettler-giro-c3.jpg\",\"width\":740,\"height\":592},{\"@type\":\"BreadcrumbList\",\"@id\":\"https:\\\/\\\/fitnessmarketdz.net\\\/index.php\\\/product\\\/velo-dappartement-kettler-giro-c3\\\/#breadcrumb\",\"itemListElement\":[{\"@type\":\"ListItem\",\"position\":1,\"name\":\"Accueil\",\"item\":\"https:\\\/\\\/fitnessmarketdz.net\\\/\"},{\"@type\":\"ListItem\",\"position\":2,\"name\":\"Boutique\",\"item\":\"https:\\\/\\\/fitnessmarketdz.net\\\/index.php\\\/boutique-fitness-market-algeria\\\/\"},{\"@type\":\"ListItem\",\"position\":3,\"name\":\"V\u00e9lo d&rsquo;appartement Kettler Giro C3\"}]},{\"@type\":\"WebSite\",\"@id\":\"https:\\\/\\\/fitnessmarketdz.net\\\/#website\",\"url\":\"https:\\\/\\\/fitnessmarketdz.net\\\/\",\"name\":\"Fitness Market DZ\",\"description\":\"Votre Partenaire de Fitness en Salle et \u00e0 Domicile\",\"publisher\":{\"@id\":\"https:\\\/\\\/fitnessmarketdz.net\\\/#organization\"},\"potentialAction\":[{\"@type\":\"SearchAction\",\"target\":{\"@type\":\"EntryPoint\",\"urlTemplate\":\"https:\\\/\\\/fitnessmarketdz.net\\\/?s={search_term_string}\"},\"query-input\":{\"@type\":\"PropertyValueSpecification\",\"valueRequired\":true,\"valueName\":\"search_term_string\"}}],\"inLanguage\":\"fr-FR\"},{\"@type\":\"Organization\",\"@id\":\"https:\\\/\\\/fitnessmarketdz.net\\\/#organization\",\"name\":\"Fitness Market DZ\",\"url\":\"https:\\\/\\\/fitnessmarketdz.net\\\/\",\"logo\":{\"@type\":\"ImageObject\",\"inLanguage\":\"fr-FR\",\"@id\":\"https:\\\/\\\/fitnessmarketdz.net\\\/#\\\/schema\\\/logo\\\/image\\\/\",\"url\":\"https:\\\/\\\/fitnessmarketdz.net\\\/wp-content\\\/uploads\\\/2024\\\/01\\\/Logo-Fitness-Market.svg\",\"contentUrl\":\"https:\\\/\\\/fitnessmarketdz.net\\\/wp-content\\\/uploads\\\/2024\\\/01\\\/Logo-Fitness-Market.svg\",\"width\":5181,\"height\":2572,\"caption\":\"Fitness Market DZ\"},\"image\":{\"@id\":\"https:\\\/\\\/fitnessmarketdz.net\\\/#\\\/schema\\\/logo\\\/image\\\/\"},\"sameAs\":[\"https:\\\/\\\/www.facebook.com\\\/profile.php?id=100049723587139\",\"https:\\\/\\\/www.instagram.com\\\/fitness.market.algeria\\\/\"]}]}<\/script>\n<!-- \/ Yoast SEO plugin. -->","yoast_head_json":{"title":"V\u00e9lo d'appartement Kettler Giro C3 - Fitness Market DZ","description":"Acheter V\u00e9lo d'appartement Kettler Giro C3 Au Meilleur Prix En Alg\u00e9rie Chez Fitness Market 020 28 39 08, Repr\u00e9sentant Officiel Kettler Alg\u00e9rie, Proform,","robots":{"index":"index","follow":"follow","max-snippet":"max-snippet:-1","max-image-preview":"max-image-preview:large","max-video-preview":"max-video-preview:-1"},"canonical":"https:\/\/fitnessmarketdz.net\/index.php\/product\/velo-dappartement-kettler-giro-c3\/","og_locale":"fr_FR","og_type":"article","og_title":"V\u00e9lo d'appartement Kettler Giro C3 - Fitness Market DZ","og_description":"Acheter V\u00e9lo d'appartement Kettler Giro C3 Au Meilleur Prix En Alg\u00e9rie Chez Fitness Market 020 28 39 08, Repr\u00e9sentant Officiel Kettler Alg\u00e9rie, Proform,","og_url":"https:\/\/fitnessmarketdz.net\/index.php\/product\/velo-dappartement-kettler-giro-c3\/","og_site_name":"Fitness Market DZ","article_publisher":"https:\/\/www.facebook.com\/profile.php?id=100049723587139","article_modified_time":"2026-03-23T20:14:52+00:00","og_image":[{"width":740,"height":592,"url":"https:\/\/fitnessmarketdz.net\/wp-content\/uploads\/2024\/01\/velo-d-appartement-kettler-giro-c3.jpg","type":"image\/jpeg"}],"twitter_card":"summary_large_image","twitter_misc":{"Dur\u00e9e de lecture estim\u00e9e":"2 minutes"},"schema":{"@context":"https:\/\/schema.org","@graph":[{"@type":"WebPage","@id":"https:\/\/fitnessmarketdz.net\/index.php\/product\/velo-dappartement-kettler-giro-c3\/","url":"https:\/\/fitnessmarketdz.net\/index.php\/product\/velo-dappartement-kettler-giro-c3\/","name":"V\u00e9lo d'appartement Kettler Giro C3 - Fitness Market DZ","isPartOf":{"@id":"https:\/\/fitnessmarketdz.net\/#website"},"primaryImageOfPage":{"@id":"https:\/\/fitnessmarketdz.net\/index.php\/product\/velo-dappartement-kettler-giro-c3\/#primaryimage"},"image":{"@id":"https:\/\/fitnessmarketdz.net\/index.php\/product\/velo-dappartement-kettler-giro-c3\/#primaryimage"},"thumbnailUrl":"https:\/\/fitnessmarketdz.net\/wp-content\/uploads\/2024\/01\/velo-d-appartement-kettler-giro-c3.jpg","datePublished":"2024-01-24T14:46:59+00:00","dateModified":"2026-03-23T20:14:52+00:00","description":"Acheter V\u00e9lo d'appartement Kettler Giro C3 Au Meilleur Prix En Alg\u00e9rie Chez Fitness Market 020 28 39 08, Repr\u00e9sentant Officiel Kettler Alg\u00e9rie, Proform,","breadcrumb":{"@id":"https:\/\/fitnessmarketdz.net\/index.php\/product\/velo-dappartement-kettler-giro-c3\/#breadcrumb"},"inLanguage":"fr-FR","potentialAction":[{"@type":"ReadAction","target":["https:\/\/fitnessmarketdz.net\/index.php\/product\/velo-dappartement-kettler-giro-c3\/"]}]},{"@type":"ImageObject","inLanguage":"fr-FR","@id":"https:\/\/fitnessmarketdz.net\/index.php\/product\/velo-dappartement-kettler-giro-c3\/#primaryimage","url":"https:\/\/fitnessmarketdz.net\/wp-content\/uploads\/2024\/01\/velo-d-appartement-kettler-giro-c3.jpg","contentUrl":"https:\/\/fitnessmarketdz.net\/wp-content\/uploads\/2024\/01\/velo-d-appartement-kettler-giro-c3.jpg","width":740,"height":592},{"@type":"BreadcrumbList","@id":"https:\/\/fitnessmarketdz.net\/index.php\/product\/velo-dappartement-kettler-giro-c3\/#breadcrumb","itemListElement":[{"@type":"ListItem","position":1,"name":"Accueil","item":"https:\/\/fitnessmarketdz.net\/"},{"@type":"ListItem","position":2,"name":"Boutique","item":"https:\/\/fitnessmarketdz.net\/index.php\/boutique-fitness-market-algeria\/"},{"@type":"ListItem","position":3,"name":"V\u00e9lo d&rsquo;appartement Kettler Giro C3"}]},{"@type":"WebSite","@id":"https:\/\/fitnessmarketdz.net\/#website","url":"https:\/\/fitnessmarketdz.net\/","name":"Fitness Market DZ","description":"Votre Partenaire de Fitness en Salle et \u00e0 Domicile","publisher":{"@id":"https:\/\/fitnessmarketdz.net\/#organization"},"potentialAction":[{"@type":"SearchAction","target":{"@type":"EntryPoint","urlTemplate":"https:\/\/fitnessmarketdz.net\/?s={search_term_string}"},"query-input":{"@type":"PropertyValueSpecification","valueRequired":true,"valueName":"search_term_string"}}],"inLanguage":"fr-FR"},{"@type":"Organization","@id":"https:\/\/fitnessmarketdz.net\/#organization","name":"Fitness Market DZ","url":"https:\/\/fitnessmarketdz.net\/","logo":{"@type":"ImageObject","inLanguage":"fr-FR","@id":"https:\/\/fitnessmarketdz.net\/#\/schema\/logo\/image\/","url":"https:\/\/fitnessmarketdz.net\/wp-content\/uploads\/2024\/01\/Logo-Fitness-Market.svg","contentUrl":"https:\/\/fitnessmarketdz.net\/wp-content\/uploads\/2024\/01\/Logo-Fitness-Market.svg","width":5181,"height":2572,"caption":"Fitness Market DZ"},"image":{"@id":"https:\/\/fitnessmarketdz.net\/#\/schema\/logo\/image\/"},"sameAs":["https:\/\/www.facebook.com\/profile.php?id=100049723587139","https:\/\/www.instagram.com\/fitness.market.algeria\/"]}]}},"jetpack_sharing_enabled":true,"_links":{"self":[{"href":"https:\/\/fitnessmarketdz.net\/index.php\/wp-json\/wp\/v2\/product\/33","targetHints":{"allow":["GET"]}}],"collection":[{"href":"https:\/\/fitnessmarketdz.net\/index.php\/wp-json\/wp\/v2\/product"}],"about":[{"href":"https:\/\/fitnessmarketdz.net\/index.php\/wp-json\/wp\/v2\/types\/product"}],"version-history":[{"count":0,"href":"https:\/\/fitnessmarketdz.net\/index.php\/wp-json\/wp\/v2\/product\/33\/revisions"}],"wp:featuredmedia":[{"embeddable":true,"href":"https:\/\/fitnessmarketdz.net\/index.php\/wp-json\/wp\/v2\/media\/111"}],"wp:attachment":[{"href":"https:\/\/fitnessmarketdz.net\/index.php\/wp-json\/wp\/v2\/media?parent=33"}],"wp:term":[{"taxonomy":"product_brand","embeddable":true,"href":"https:\/\/fitnessmarketdz.net\/index.php\/wp-json\/wp\/v2\/product_brand?post=33"},{"taxonomy":"product_cat","embeddable":true,"href":"https:\/\/fitnessmarketdz.net\/index.php\/wp-json\/wp\/v2\/product_cat?post=33"},{"taxonomy":"product_tag","embeddable":true,"href":"https:\/\/fitnessmarketdz.net\/index.php\/wp-json\/wp\/v2\/product_tag?post=33"}],"curies":[{"name":"wp","href":"https:\/\/api.w.org\/{rel}","templated":true}]}}