{"id":269,"date":"2024-01-24T15:51:00","date_gmt":"2024-01-24T14:51:00","guid":{"rendered":"https:\/\/fitnessmarketdz.net\/?post_type=product&#038;p=269"},"modified":"2026-03-23T23:20:08","modified_gmt":"2026-03-23T22:20:08","slug":"proform-trainer-12-0","status":"publish","type":"product","link":"https:\/\/fitnessmarketdz.net\/index.php\/product\/proform-trainer-12-0\/","title":{"rendered":"Proform Trainer 12.0"},"content":{"rendered":"<h1>Proform Trainer 12.0<\/h1>\n<p>&#8211; Un puissant moteur durable de 3 CV en puissance continue .<br \/>\n&#8211; Une vitesse pouvant atteindre les 19 Km\/h id\u00e9ale pour varier vos entra\u00eenements et alterner entre phases de r\u00e9cup\u00e9ration et phases d&rsquo;acc\u00e9l\u00e9ration plus intenses.<\/p>\n<div><strong>\u00c9cran tactile HD interactif de 10 pouces<\/strong><\/div>\n<div>Rendez votre entra\u00eenement plus facile et plus efficace en ayant votre coach personnel juste devant vous pendant que vous vous entra\u00eenez. L&rsquo;\u00e9cran tactile Smart HD int\u00e9gr\u00e9 de 10 pouces permet de voir facilement de beaux sites lorsque vous suivez des entra\u00eeneurs du monde entier. Il est \u00e9galement simple de voir vos statistiques d&rsquo;entra\u00eenement s&rsquo;additionner d&rsquo;un simple glissement de doigt. L&rsquo;\u00e9cran pivote \u00e9galement pour que vous puissiez obtenir le bon angle de vue.<\/div>\n<div>&#8211; Le tapis de course Trainer 12.0 est pens\u00e9 pour un usage intensif.<br \/>\n&#8211; Une inclinaison automatique, directement contr\u00f4lable depuis la console (syst\u00e8me quick incline).<\/div>\n<p>&#8211; r\u00e9glable jusqu&rsquo;\u00e0 12% qui vous permettra de travailler les groupes musculaires cibl\u00e9s des membres inf\u00e9rieurs (mollets, cuisses, fessiers) ou votre endurance.<br \/>\nUne surface de course pour les grands gabarits<br \/>\n&#8211; Une surface de course extra-large de 51 x 140 cm, id\u00e9ale pour les grands gabarits afin de pouvoir r\u00e9aliser des foul\u00e9es amples sans risque de chute.<br \/>\n&#8211; Un syst\u00e8me d&rsquo;amortissement Proshox pour une absorption optimale des chocs sur les articulations des chevilles et des genoux.<\/p>\n<p>&#8211; jusqu&rsquo;\u00e0 15% d&rsquo;impact en moins par rapport \u00e0 de la course sur route) et une meilleure protection du dos. Vos foul\u00e9es seront ainsi mieux \u00e9quilibr\u00e9es et votre course nettement plus agr\u00e9able et confortable.<\/p>\n<h2>Une console sur\u00e9quip\u00e9e<\/h2>\n<p>&#8211; Un \u00e9cran LCD qui permet \u00e9galement un affichage de donn\u00e9es d\u2019entra\u00eenement personnelles, telles que la distance parcourue, la dur\u00e9e, la vitesse de course, l&rsquo;inclinaison, votre fr\u00e9quence cardiaque ou encore le nombre de calories d\u00e9pens\u00e9es. Elle saura vous motiver pour atteindre tous vos objectifs.<br \/>\n&#8211; 30 programmes pr\u00e9cis, avec des param\u00e8tres de distance, de dur\u00e9e et d&rsquo;intensit\u00e9. Ainsi, que votre objectif soit de faire travailler votre syst\u00e8me cardio-respiratoire, de retrouver la ligne ou encore de vous tonifier, un programme vous aidera \u00e0 y parvenir de fa\u00e7on ludique.<br \/>\n&#8211; Appareil compatible avec la technologie iFit : coach de fitness interactif. iFit n\u00e9cessite un abonnement payant .<br \/>\nLe 995i et la technologie Space Saver<br \/>\n&#8211; Haut-parleurs et connectivit\u00e9 MP3 pour transpirer en rythme !<br \/>\n&#8211; Support tablette et smartphone universel.<br \/>\n&#8211; Ventilateur CoolAir pour rester au frais.<br \/>\n&#8211; Roulettes de d\u00e9placement pour un rangement facilit\u00e9.<br \/>\n&#8211; Des poign\u00e9es de maintien ergonomiques pour davantage d&rsquo;\u00e9quilibre durant votre course et un meilleur appui.<br \/>\nProform Trainer 12.0<br \/>\nDISPONIBLE DANS LA M\u00caME CAT\u00c9GORIE LE <a href=\"https:\/\/fitnessmarketdz.com\/product\/treadmill-kettler-track-pro\/\">TRACK PRO<\/a><br \/>\nNOUS SUIVRE SUR FACEBOOK <a href=\"https:\/\/www.facebook.com\/Fitness-Market-Algeria-1488822214780146\/\">FITNESS MARKET ALGERIA<\/a><\/p>\n","protected":false},"excerpt":{"rendered":"<p>La gamme Power est con\u00e7ue pour durer ! Elle pr\u00e9sente les composants les plus performants que Proform a \u00e0 offrir ! Le tapis de course Power 995i r\u00e9siste aux entra\u00eenements les plus difficiles et convient \u00e0 un usage intensif ! Le confort est au rendez-vous sur ce tapis de course connect\u00e9 et sur\u00e9quip\u00e9 pour un des sessions running optimales.<\/p>\n","protected":false},"featured_media":399,"template":"","meta":{"om_disable_all_campaigns":false},"product_brand":[761],"product_cat":[630,744,484],"product_tag":[743,745,739,742,740],"class_list":{"0":"post-269","1":"product","2":"type-product","3":"status-publish","4":"has-post-thumbnail","6":"product_brand-proform","7":"product_cat-fitness","8":"product_cat-proform","9":"product_cat-tapis-roulant","10":"product_tag-cardio","11":"product_tag-proform","12":"product_tag-tapis-de-course","13":"product_tag-tapis-roulant","14":"product_tag-treadmill","16":"first","17":"outofstock","18":"taxable","19":"shipping-taxable","20":"purchasable","21":"product-type-simple"},"yoast_head":"<!-- This site is optimized with the Yoast SEO plugin v27.3 - https:\/\/yoast.com\/product\/yoast-seo-wordpress\/ -->\n<title>Proform Trainer 12.0<\/title>\n<meta name=\"description\" content=\"Acheter Proform Trainer 12.0 Au Meilleur Prix En Alg\u00e9rie Chez Fitness Market 020 28 39 08, Repr\u00e9sentant Officiel Kettler Alg\u00e9rie, Proform .\" \/>\n<meta name=\"robots\" content=\"index, follow, max-snippet:-1, max-image-preview:large, max-video-preview:-1\" \/>\n<link rel=\"canonical\" href=\"https:\/\/fitnessmarketdz.net\/index.php\/product\/proform-trainer-12-0\/\" \/>\n<meta property=\"og:locale\" content=\"fr_FR\" \/>\n<meta property=\"og:type\" content=\"article\" \/>\n<meta property=\"og:title\" content=\"Proform Trainer 12.0\" \/>\n<meta property=\"og:description\" content=\"Acheter Proform Trainer 12.0 Au Meilleur Prix En Alg\u00e9rie Chez Fitness Market 020 28 39 08, Repr\u00e9sentant Officiel Kettler Alg\u00e9rie, Proform .\" \/>\n<meta property=\"og:url\" content=\"https:\/\/fitnessmarketdz.net\/index.php\/product\/proform-trainer-12-0\/\" \/>\n<meta property=\"og:site_name\" content=\"Fitness Market DZ\" \/>\n<meta property=\"article:publisher\" content=\"https:\/\/www.facebook.com\/profile.php?id=100049723587139\" \/>\n<meta property=\"article:modified_time\" content=\"2026-03-23T22:20:08+00:00\" \/>\n<meta property=\"og:image\" content=\"https:\/\/fitnessmarketdz.net\/wp-content\/uploads\/2024\/01\/proform-trainer-12-0-treadmill-isolate_1920x.webp\" \/>\n\t<meta property=\"og:image:width\" content=\"1000\" \/>\n\t<meta property=\"og:image:height\" content=\"1000\" \/>\n\t<meta property=\"og:image:type\" content=\"image\/webp\" \/>\n<meta name=\"twitter:card\" content=\"summary_large_image\" \/>\n<meta name=\"twitter:label1\" content=\"Dur\u00e9e de lecture estim\u00e9e\" \/>\n\t<meta name=\"twitter:data1\" content=\"3 minutes\" \/>\n<script type=\"application\/ld+json\" class=\"yoast-schema-graph\">{\"@context\":\"https:\\\/\\\/schema.org\",\"@graph\":[{\"@type\":\"WebPage\",\"@id\":\"https:\\\/\\\/fitnessmarketdz.net\\\/index.php\\\/product\\\/proform-trainer-12-0\\\/\",\"url\":\"https:\\\/\\\/fitnessmarketdz.net\\\/index.php\\\/product\\\/proform-trainer-12-0\\\/\",\"name\":\"Proform Trainer 12.0\",\"isPartOf\":{\"@id\":\"https:\\\/\\\/fitnessmarketdz.net\\\/#website\"},\"primaryImageOfPage\":{\"@id\":\"https:\\\/\\\/fitnessmarketdz.net\\\/index.php\\\/product\\\/proform-trainer-12-0\\\/#primaryimage\"},\"image\":{\"@id\":\"https:\\\/\\\/fitnessmarketdz.net\\\/index.php\\\/product\\\/proform-trainer-12-0\\\/#primaryimage\"},\"thumbnailUrl\":\"https:\\\/\\\/fitnessmarketdz.net\\\/wp-content\\\/uploads\\\/2024\\\/01\\\/proform-trainer-12-0-treadmill-isolate_1920x.webp\",\"datePublished\":\"2024-01-24T14:51:00+00:00\",\"dateModified\":\"2026-03-23T22:20:08+00:00\",\"description\":\"Acheter Proform Trainer 12.0 Au Meilleur Prix En Alg\u00e9rie Chez Fitness Market 020 28 39 08, Repr\u00e9sentant Officiel Kettler Alg\u00e9rie, Proform .\",\"breadcrumb\":{\"@id\":\"https:\\\/\\\/fitnessmarketdz.net\\\/index.php\\\/product\\\/proform-trainer-12-0\\\/#breadcrumb\"},\"inLanguage\":\"fr-FR\",\"potentialAction\":[{\"@type\":\"ReadAction\",\"target\":[\"https:\\\/\\\/fitnessmarketdz.net\\\/index.php\\\/product\\\/proform-trainer-12-0\\\/\"]}]},{\"@type\":\"ImageObject\",\"inLanguage\":\"fr-FR\",\"@id\":\"https:\\\/\\\/fitnessmarketdz.net\\\/index.php\\\/product\\\/proform-trainer-12-0\\\/#primaryimage\",\"url\":\"https:\\\/\\\/fitnessmarketdz.net\\\/wp-content\\\/uploads\\\/2024\\\/01\\\/proform-trainer-12-0-treadmill-isolate_1920x.webp\",\"contentUrl\":\"https:\\\/\\\/fitnessmarketdz.net\\\/wp-content\\\/uploads\\\/2024\\\/01\\\/proform-trainer-12-0-treadmill-isolate_1920x.webp\",\"width\":1000,\"height\":1000},{\"@type\":\"BreadcrumbList\",\"@id\":\"https:\\\/\\\/fitnessmarketdz.net\\\/index.php\\\/product\\\/proform-trainer-12-0\\\/#breadcrumb\",\"itemListElement\":[{\"@type\":\"ListItem\",\"position\":1,\"name\":\"Accueil\",\"item\":\"https:\\\/\\\/fitnessmarketdz.net\\\/\"},{\"@type\":\"ListItem\",\"position\":2,\"name\":\"Boutique\",\"item\":\"https:\\\/\\\/fitnessmarketdz.net\\\/index.php\\\/boutique-fitness-market-algeria\\\/\"},{\"@type\":\"ListItem\",\"position\":3,\"name\":\"Proform Trainer 12.0\"}]},{\"@type\":\"WebSite\",\"@id\":\"https:\\\/\\\/fitnessmarketdz.net\\\/#website\",\"url\":\"https:\\\/\\\/fitnessmarketdz.net\\\/\",\"name\":\"Fitness Market DZ\",\"description\":\"Votre Partenaire de Fitness en Salle et \u00e0 Domicile\",\"publisher\":{\"@id\":\"https:\\\/\\\/fitnessmarketdz.net\\\/#organization\"},\"potentialAction\":[{\"@type\":\"SearchAction\",\"target\":{\"@type\":\"EntryPoint\",\"urlTemplate\":\"https:\\\/\\\/fitnessmarketdz.net\\\/?s={search_term_string}\"},\"query-input\":{\"@type\":\"PropertyValueSpecification\",\"valueRequired\":true,\"valueName\":\"search_term_string\"}}],\"inLanguage\":\"fr-FR\"},{\"@type\":\"Organization\",\"@id\":\"https:\\\/\\\/fitnessmarketdz.net\\\/#organization\",\"name\":\"Fitness Market DZ\",\"url\":\"https:\\\/\\\/fitnessmarketdz.net\\\/\",\"logo\":{\"@type\":\"ImageObject\",\"inLanguage\":\"fr-FR\",\"@id\":\"https:\\\/\\\/fitnessmarketdz.net\\\/#\\\/schema\\\/logo\\\/image\\\/\",\"url\":\"https:\\\/\\\/fitnessmarketdz.net\\\/wp-content\\\/uploads\\\/2024\\\/01\\\/Logo-Fitness-Market.svg\",\"contentUrl\":\"https:\\\/\\\/fitnessmarketdz.net\\\/wp-content\\\/uploads\\\/2024\\\/01\\\/Logo-Fitness-Market.svg\",\"width\":5181,\"height\":2572,\"caption\":\"Fitness Market DZ\"},\"image\":{\"@id\":\"https:\\\/\\\/fitnessmarketdz.net\\\/#\\\/schema\\\/logo\\\/image\\\/\"},\"sameAs\":[\"https:\\\/\\\/www.facebook.com\\\/profile.php?id=100049723587139\",\"https:\\\/\\\/www.instagram.com\\\/fitness.market.algeria\\\/\"]}]}<\/script>\n<!-- \/ Yoast SEO plugin. -->","yoast_head_json":{"title":"Proform Trainer 12.0","description":"Acheter Proform Trainer 12.0 Au Meilleur Prix En Alg\u00e9rie Chez Fitness Market 020 28 39 08, Repr\u00e9sentant Officiel Kettler Alg\u00e9rie, Proform .","robots":{"index":"index","follow":"follow","max-snippet":"max-snippet:-1","max-image-preview":"max-image-preview:large","max-video-preview":"max-video-preview:-1"},"canonical":"https:\/\/fitnessmarketdz.net\/index.php\/product\/proform-trainer-12-0\/","og_locale":"fr_FR","og_type":"article","og_title":"Proform Trainer 12.0","og_description":"Acheter Proform Trainer 12.0 Au Meilleur Prix En Alg\u00e9rie Chez Fitness Market 020 28 39 08, Repr\u00e9sentant Officiel Kettler Alg\u00e9rie, Proform .","og_url":"https:\/\/fitnessmarketdz.net\/index.php\/product\/proform-trainer-12-0\/","og_site_name":"Fitness Market DZ","article_publisher":"https:\/\/www.facebook.com\/profile.php?id=100049723587139","article_modified_time":"2026-03-23T22:20:08+00:00","og_image":[{"width":1000,"height":1000,"url":"https:\/\/fitnessmarketdz.net\/wp-content\/uploads\/2024\/01\/proform-trainer-12-0-treadmill-isolate_1920x.webp","type":"image\/webp"}],"twitter_card":"summary_large_image","twitter_misc":{"Dur\u00e9e de lecture estim\u00e9e":"3 minutes"},"schema":{"@context":"https:\/\/schema.org","@graph":[{"@type":"WebPage","@id":"https:\/\/fitnessmarketdz.net\/index.php\/product\/proform-trainer-12-0\/","url":"https:\/\/fitnessmarketdz.net\/index.php\/product\/proform-trainer-12-0\/","name":"Proform Trainer 12.0","isPartOf":{"@id":"https:\/\/fitnessmarketdz.net\/#website"},"primaryImageOfPage":{"@id":"https:\/\/fitnessmarketdz.net\/index.php\/product\/proform-trainer-12-0\/#primaryimage"},"image":{"@id":"https:\/\/fitnessmarketdz.net\/index.php\/product\/proform-trainer-12-0\/#primaryimage"},"thumbnailUrl":"https:\/\/fitnessmarketdz.net\/wp-content\/uploads\/2024\/01\/proform-trainer-12-0-treadmill-isolate_1920x.webp","datePublished":"2024-01-24T14:51:00+00:00","dateModified":"2026-03-23T22:20:08+00:00","description":"Acheter Proform Trainer 12.0 Au Meilleur Prix En Alg\u00e9rie Chez Fitness Market 020 28 39 08, Repr\u00e9sentant Officiel Kettler Alg\u00e9rie, Proform .","breadcrumb":{"@id":"https:\/\/fitnessmarketdz.net\/index.php\/product\/proform-trainer-12-0\/#breadcrumb"},"inLanguage":"fr-FR","potentialAction":[{"@type":"ReadAction","target":["https:\/\/fitnessmarketdz.net\/index.php\/product\/proform-trainer-12-0\/"]}]},{"@type":"ImageObject","inLanguage":"fr-FR","@id":"https:\/\/fitnessmarketdz.net\/index.php\/product\/proform-trainer-12-0\/#primaryimage","url":"https:\/\/fitnessmarketdz.net\/wp-content\/uploads\/2024\/01\/proform-trainer-12-0-treadmill-isolate_1920x.webp","contentUrl":"https:\/\/fitnessmarketdz.net\/wp-content\/uploads\/2024\/01\/proform-trainer-12-0-treadmill-isolate_1920x.webp","width":1000,"height":1000},{"@type":"BreadcrumbList","@id":"https:\/\/fitnessmarketdz.net\/index.php\/product\/proform-trainer-12-0\/#breadcrumb","itemListElement":[{"@type":"ListItem","position":1,"name":"Accueil","item":"https:\/\/fitnessmarketdz.net\/"},{"@type":"ListItem","position":2,"name":"Boutique","item":"https:\/\/fitnessmarketdz.net\/index.php\/boutique-fitness-market-algeria\/"},{"@type":"ListItem","position":3,"name":"Proform Trainer 12.0"}]},{"@type":"WebSite","@id":"https:\/\/fitnessmarketdz.net\/#website","url":"https:\/\/fitnessmarketdz.net\/","name":"Fitness Market DZ","description":"Votre Partenaire de Fitness en Salle et \u00e0 Domicile","publisher":{"@id":"https:\/\/fitnessmarketdz.net\/#organization"},"potentialAction":[{"@type":"SearchAction","target":{"@type":"EntryPoint","urlTemplate":"https:\/\/fitnessmarketdz.net\/?s={search_term_string}"},"query-input":{"@type":"PropertyValueSpecification","valueRequired":true,"valueName":"search_term_string"}}],"inLanguage":"fr-FR"},{"@type":"Organization","@id":"https:\/\/fitnessmarketdz.net\/#organization","name":"Fitness Market DZ","url":"https:\/\/fitnessmarketdz.net\/","logo":{"@type":"ImageObject","inLanguage":"fr-FR","@id":"https:\/\/fitnessmarketdz.net\/#\/schema\/logo\/image\/","url":"https:\/\/fitnessmarketdz.net\/wp-content\/uploads\/2024\/01\/Logo-Fitness-Market.svg","contentUrl":"https:\/\/fitnessmarketdz.net\/wp-content\/uploads\/2024\/01\/Logo-Fitness-Market.svg","width":5181,"height":2572,"caption":"Fitness Market DZ"},"image":{"@id":"https:\/\/fitnessmarketdz.net\/#\/schema\/logo\/image\/"},"sameAs":["https:\/\/www.facebook.com\/profile.php?id=100049723587139","https:\/\/www.instagram.com\/fitness.market.algeria\/"]}]}},"jetpack_sharing_enabled":true,"_links":{"self":[{"href":"https:\/\/fitnessmarketdz.net\/index.php\/wp-json\/wp\/v2\/product\/269","targetHints":{"allow":["GET"]}}],"collection":[{"href":"https:\/\/fitnessmarketdz.net\/index.php\/wp-json\/wp\/v2\/product"}],"about":[{"href":"https:\/\/fitnessmarketdz.net\/index.php\/wp-json\/wp\/v2\/types\/product"}],"version-history":[{"count":0,"href":"https:\/\/fitnessmarketdz.net\/index.php\/wp-json\/wp\/v2\/product\/269\/revisions"}],"wp:featuredmedia":[{"embeddable":true,"href":"https:\/\/fitnessmarketdz.net\/index.php\/wp-json\/wp\/v2\/media\/399"}],"wp:attachment":[{"href":"https:\/\/fitnessmarketdz.net\/index.php\/wp-json\/wp\/v2\/media?parent=269"}],"wp:term":[{"taxonomy":"product_brand","embeddable":true,"href":"https:\/\/fitnessmarketdz.net\/index.php\/wp-json\/wp\/v2\/product_brand?post=269"},{"taxonomy":"product_cat","embeddable":true,"href":"https:\/\/fitnessmarketdz.net\/index.php\/wp-json\/wp\/v2\/product_cat?post=269"},{"taxonomy":"product_tag","embeddable":true,"href":"https:\/\/fitnessmarketdz.net\/index.php\/wp-json\/wp\/v2\/product_tag?post=269"}],"curies":[{"name":"wp","href":"https:\/\/api.w.org\/{rel}","templated":true}]}}