{"id":216,"date":"2024-01-24T15:50:02","date_gmt":"2024-01-24T14:50:02","guid":{"rendered":"https:\/\/fitnessmarketdz.net\/?post_type=product&#038;p=216"},"modified":"2025-11-09T21:59:48","modified_gmt":"2025-11-09T20:59:48","slug":"kettler-green-series-k1","status":"publish","type":"product","link":"https:\/\/fitnessmarketdz.net\/index.php\/product\/kettler-green-series-k1\/","title":{"rendered":"Table de tennis de table Kettler Green Series K1"},"content":{"rendered":"<p>Table de tennis de table Kettler id\u00e9ale pour toute la famille<br \/>\nPour une utilisation en int\u00e9rieur uniquement<br \/>\nAssemblez \/ d\u00e9montez votre table en toute s\u00e9curit\u00e9 avec le syst\u00e8me de poign\u00e9e pivotante<br \/>\nM\u00e9canisme de verrouillage<br \/>\nDimensions : 180 cm (l) \/ 15,2 cm (H)<br \/>\nLes accessoires illustr\u00e9s (raquettes et balles) ne sont pas compris dans la livraison<br \/>\nDimensions d&rsquo;exposition &#8211; Table de tennis de table Kettler Green Series K1: (Long.) 274 cm x (Larg.) 152.5 cm x (H) 76 cm<br \/>\nPlateau :<br \/>\nBois sp\u00e9cial 16 mm<br \/>\nCouleur : grise<br \/>\nDimensions plateau 36 mm<br \/>\nNon r\u00e9sistante aux intemp\u00e9ries<br \/>\nPossibilit\u00e9 de s&rsquo;entra\u00eener seul<br \/>\nStructure :<br \/>\nRoulettes de d\u00e9placement<br \/>\nAccessoires :<br \/>\nRangement de raquette<br \/>\nFilet inclus dans le contenu de la livraison<br \/>\nLa Table de tennis de table Kettler Green Series K1 : la table familiale !<br \/>\nLa Table de tennis de table Kettler Green Series K1 est la table id\u00e9ale pour toute la famille. Gr\u00e2ce au syst\u00e8me de pliage de la poign\u00e9e rotative, la Table de tennis de table Kettler Green Series K1 peut \u00eatre assembl\u00e9e et d\u00e9mont\u00e9e rapidement et en toute s\u00e9curit\u00e9. Elle se stocke facilement pour gagner de la place. Pour l&rsquo;entra\u00eenement en solo, un seul c\u00f4t\u00e9 de la table peut \u00eatre repli\u00e9.<\/p>\n<p>Un panneau en bois de 16 mm assurent la stabilit\u00e9 de la Table de tennis de table Kettler Green Series K1. La surface de jeu grise et non \u00e9blouissante est \u00e9galement id\u00e9ale pour les matchs rapides. Elle dispose d&rsquo;un support pour ranger balles et raquettes. Les 4 roues doubles orientables assurent un d\u00e9placement simple de la table Kettler.<\/p>\n<p>DISPONIBLE DANS LA M\u00caME CAT\u00c9GORIE LE &lt;a href=\u00a0\u00bb<a href=\"https:\/\/fitnessmarketdz.net\/\">https:\/\/fitnessmarketdz.net\/<\/a>\u00ab\u00a0&gt;TRACK PRO&lt;\/a&gt;<br \/>\nNOUS SUIVRE SUR FACEBOOK &lt;a href=\u00a0\u00bbhttps:\/\/www.facebook.com\/Fitness-Market-Algeria-1488822214780146\/\u00a0\u00bb&gt;FITNESS MARKET ALGERIA&lt;\/a&gt;<\/p>\n","protected":false},"excerpt":{"rendered":"<p>Table de tennis de table Kettler id\u00e9ale pour toute la famille Pour une utilisation en int\u00e9rieur uniquement Assemblez \/ d\u00e9montez<\/p>\n","protected":false},"featured_media":335,"template":"","meta":{"om_disable_all_campaigns":false},"product_brand":[],"product_cat":[456,733],"product_tag":[],"class_list":{"0":"post-216","1":"product","2":"type-product","3":"status-publish","4":"has-post-thumbnail","6":"product_cat-accessories","7":"product_cat-table-de-tennis","9":"first","10":"outofstock","11":"taxable","12":"shipping-taxable","13":"product-type-simple"},"yoast_head":"<!-- This site is optimized with the Yoast SEO plugin v27.3 - https:\/\/yoast.com\/product\/yoast-seo-wordpress\/ -->\n<title>Kettler Green Series K1<\/title>\n<meta name=\"description\" content=\"Acheter Table de tennis de table Kettler Green Series K1 Au Meilleur Prix En Alg\u00e9rie Chez Fitness Market 020 28 39 08, Repr\u00e9sentant Officiel Kettler\" \/>\n<meta name=\"robots\" content=\"index, follow, max-snippet:-1, max-image-preview:large, max-video-preview:-1\" \/>\n<link rel=\"canonical\" href=\"https:\/\/fitnessmarketdz.net\/index.php\/product\/kettler-green-series-k1\/\" \/>\n<meta property=\"og:locale\" content=\"fr_FR\" \/>\n<meta property=\"og:type\" content=\"article\" \/>\n<meta property=\"og:title\" content=\"Kettler Green Series K1\" \/>\n<meta property=\"og:description\" content=\"Acheter Table de tennis de table Kettler Green Series K1 Au Meilleur Prix En Alg\u00e9rie Chez Fitness Market 020 28 39 08, Repr\u00e9sentant Officiel Kettler\" \/>\n<meta property=\"og:url\" content=\"https:\/\/fitnessmarketdz.net\/index.php\/product\/kettler-green-series-k1\/\" \/>\n<meta property=\"og:site_name\" content=\"Fitness Market DZ\" \/>\n<meta property=\"article:publisher\" content=\"https:\/\/www.facebook.com\/profile.php?id=100049723587139\" \/>\n<meta property=\"article:modified_time\" content=\"2025-11-09T20:59:48+00:00\" \/>\n<meta property=\"og:image\" content=\"https:\/\/fitnessmarketdz.net\/wp-content\/uploads\/2024\/01\/kettler-tt-platte-indoor-k1_600.jpg\" \/>\n\t<meta property=\"og:image:width\" content=\"600\" \/>\n\t<meta property=\"og:image:height\" content=\"600\" \/>\n\t<meta property=\"og:image:type\" content=\"image\/jpeg\" \/>\n<meta name=\"twitter:card\" content=\"summary_large_image\" \/>\n<meta name=\"twitter:label1\" content=\"Dur\u00e9e de lecture estim\u00e9e\" \/>\n\t<meta name=\"twitter:data1\" content=\"2 minutes\" \/>\n<script type=\"application\/ld+json\" class=\"yoast-schema-graph\">{\"@context\":\"https:\\\/\\\/schema.org\",\"@graph\":[{\"@type\":\"WebPage\",\"@id\":\"https:\\\/\\\/fitnessmarketdz.net\\\/index.php\\\/product\\\/kettler-green-series-k1\\\/\",\"url\":\"https:\\\/\\\/fitnessmarketdz.net\\\/index.php\\\/product\\\/kettler-green-series-k1\\\/\",\"name\":\"Kettler Green Series K1\",\"isPartOf\":{\"@id\":\"https:\\\/\\\/fitnessmarketdz.net\\\/#website\"},\"primaryImageOfPage\":{\"@id\":\"https:\\\/\\\/fitnessmarketdz.net\\\/index.php\\\/product\\\/kettler-green-series-k1\\\/#primaryimage\"},\"image\":{\"@id\":\"https:\\\/\\\/fitnessmarketdz.net\\\/index.php\\\/product\\\/kettler-green-series-k1\\\/#primaryimage\"},\"thumbnailUrl\":\"https:\\\/\\\/fitnessmarketdz.net\\\/wp-content\\\/uploads\\\/2024\\\/01\\\/kettler-tt-platte-indoor-k1_600.jpg\",\"datePublished\":\"2024-01-24T14:50:02+00:00\",\"dateModified\":\"2025-11-09T20:59:48+00:00\",\"description\":\"Acheter Table de tennis de table Kettler Green Series K1 Au Meilleur Prix En Alg\u00e9rie Chez Fitness Market 020 28 39 08, Repr\u00e9sentant Officiel Kettler\",\"breadcrumb\":{\"@id\":\"https:\\\/\\\/fitnessmarketdz.net\\\/index.php\\\/product\\\/kettler-green-series-k1\\\/#breadcrumb\"},\"inLanguage\":\"fr-FR\",\"potentialAction\":[{\"@type\":\"ReadAction\",\"target\":[\"https:\\\/\\\/fitnessmarketdz.net\\\/index.php\\\/product\\\/kettler-green-series-k1\\\/\"]}]},{\"@type\":\"ImageObject\",\"inLanguage\":\"fr-FR\",\"@id\":\"https:\\\/\\\/fitnessmarketdz.net\\\/index.php\\\/product\\\/kettler-green-series-k1\\\/#primaryimage\",\"url\":\"https:\\\/\\\/fitnessmarketdz.net\\\/wp-content\\\/uploads\\\/2024\\\/01\\\/kettler-tt-platte-indoor-k1_600.jpg\",\"contentUrl\":\"https:\\\/\\\/fitnessmarketdz.net\\\/wp-content\\\/uploads\\\/2024\\\/01\\\/kettler-tt-platte-indoor-k1_600.jpg\",\"width\":600,\"height\":600},{\"@type\":\"BreadcrumbList\",\"@id\":\"https:\\\/\\\/fitnessmarketdz.net\\\/index.php\\\/product\\\/kettler-green-series-k1\\\/#breadcrumb\",\"itemListElement\":[{\"@type\":\"ListItem\",\"position\":1,\"name\":\"Accueil\",\"item\":\"https:\\\/\\\/fitnessmarketdz.net\\\/\"},{\"@type\":\"ListItem\",\"position\":2,\"name\":\"Boutique\",\"item\":\"https:\\\/\\\/fitnessmarketdz.net\\\/index.php\\\/boutique-fitness-market-algeria\\\/\"},{\"@type\":\"ListItem\",\"position\":3,\"name\":\"Table de tennis de table Kettler Green Series K1\"}]},{\"@type\":\"WebSite\",\"@id\":\"https:\\\/\\\/fitnessmarketdz.net\\\/#website\",\"url\":\"https:\\\/\\\/fitnessmarketdz.net\\\/\",\"name\":\"Fitness Market DZ\",\"description\":\"Votre Partenaire de Fitness en Salle et \u00e0 Domicile\",\"publisher\":{\"@id\":\"https:\\\/\\\/fitnessmarketdz.net\\\/#organization\"},\"potentialAction\":[{\"@type\":\"SearchAction\",\"target\":{\"@type\":\"EntryPoint\",\"urlTemplate\":\"https:\\\/\\\/fitnessmarketdz.net\\\/?s={search_term_string}\"},\"query-input\":{\"@type\":\"PropertyValueSpecification\",\"valueRequired\":true,\"valueName\":\"search_term_string\"}}],\"inLanguage\":\"fr-FR\"},{\"@type\":\"Organization\",\"@id\":\"https:\\\/\\\/fitnessmarketdz.net\\\/#organization\",\"name\":\"Fitness Market DZ\",\"url\":\"https:\\\/\\\/fitnessmarketdz.net\\\/\",\"logo\":{\"@type\":\"ImageObject\",\"inLanguage\":\"fr-FR\",\"@id\":\"https:\\\/\\\/fitnessmarketdz.net\\\/#\\\/schema\\\/logo\\\/image\\\/\",\"url\":\"https:\\\/\\\/fitnessmarketdz.net\\\/wp-content\\\/uploads\\\/2024\\\/01\\\/Logo-Fitness-Market.svg\",\"contentUrl\":\"https:\\\/\\\/fitnessmarketdz.net\\\/wp-content\\\/uploads\\\/2024\\\/01\\\/Logo-Fitness-Market.svg\",\"width\":5181,\"height\":2572,\"caption\":\"Fitness Market DZ\"},\"image\":{\"@id\":\"https:\\\/\\\/fitnessmarketdz.net\\\/#\\\/schema\\\/logo\\\/image\\\/\"},\"sameAs\":[\"https:\\\/\\\/www.facebook.com\\\/profile.php?id=100049723587139\",\"https:\\\/\\\/www.instagram.com\\\/fitness.market.algeria\\\/\"]}]}<\/script>\n<!-- \/ Yoast SEO plugin. -->","yoast_head_json":{"title":"Kettler Green Series K1","description":"Acheter Table de tennis de table Kettler Green Series K1 Au Meilleur Prix En Alg\u00e9rie Chez Fitness Market 020 28 39 08, Repr\u00e9sentant Officiel Kettler","robots":{"index":"index","follow":"follow","max-snippet":"max-snippet:-1","max-image-preview":"max-image-preview:large","max-video-preview":"max-video-preview:-1"},"canonical":"https:\/\/fitnessmarketdz.net\/index.php\/product\/kettler-green-series-k1\/","og_locale":"fr_FR","og_type":"article","og_title":"Kettler Green Series K1","og_description":"Acheter Table de tennis de table Kettler Green Series K1 Au Meilleur Prix En Alg\u00e9rie Chez Fitness Market 020 28 39 08, Repr\u00e9sentant Officiel Kettler","og_url":"https:\/\/fitnessmarketdz.net\/index.php\/product\/kettler-green-series-k1\/","og_site_name":"Fitness Market DZ","article_publisher":"https:\/\/www.facebook.com\/profile.php?id=100049723587139","article_modified_time":"2025-11-09T20:59:48+00:00","og_image":[{"width":600,"height":600,"url":"https:\/\/fitnessmarketdz.net\/wp-content\/uploads\/2024\/01\/kettler-tt-platte-indoor-k1_600.jpg","type":"image\/jpeg"}],"twitter_card":"summary_large_image","twitter_misc":{"Dur\u00e9e de lecture estim\u00e9e":"2 minutes"},"schema":{"@context":"https:\/\/schema.org","@graph":[{"@type":"WebPage","@id":"https:\/\/fitnessmarketdz.net\/index.php\/product\/kettler-green-series-k1\/","url":"https:\/\/fitnessmarketdz.net\/index.php\/product\/kettler-green-series-k1\/","name":"Kettler Green Series K1","isPartOf":{"@id":"https:\/\/fitnessmarketdz.net\/#website"},"primaryImageOfPage":{"@id":"https:\/\/fitnessmarketdz.net\/index.php\/product\/kettler-green-series-k1\/#primaryimage"},"image":{"@id":"https:\/\/fitnessmarketdz.net\/index.php\/product\/kettler-green-series-k1\/#primaryimage"},"thumbnailUrl":"https:\/\/fitnessmarketdz.net\/wp-content\/uploads\/2024\/01\/kettler-tt-platte-indoor-k1_600.jpg","datePublished":"2024-01-24T14:50:02+00:00","dateModified":"2025-11-09T20:59:48+00:00","description":"Acheter Table de tennis de table Kettler Green Series K1 Au Meilleur Prix En Alg\u00e9rie Chez Fitness Market 020 28 39 08, Repr\u00e9sentant Officiel Kettler","breadcrumb":{"@id":"https:\/\/fitnessmarketdz.net\/index.php\/product\/kettler-green-series-k1\/#breadcrumb"},"inLanguage":"fr-FR","potentialAction":[{"@type":"ReadAction","target":["https:\/\/fitnessmarketdz.net\/index.php\/product\/kettler-green-series-k1\/"]}]},{"@type":"ImageObject","inLanguage":"fr-FR","@id":"https:\/\/fitnessmarketdz.net\/index.php\/product\/kettler-green-series-k1\/#primaryimage","url":"https:\/\/fitnessmarketdz.net\/wp-content\/uploads\/2024\/01\/kettler-tt-platte-indoor-k1_600.jpg","contentUrl":"https:\/\/fitnessmarketdz.net\/wp-content\/uploads\/2024\/01\/kettler-tt-platte-indoor-k1_600.jpg","width":600,"height":600},{"@type":"BreadcrumbList","@id":"https:\/\/fitnessmarketdz.net\/index.php\/product\/kettler-green-series-k1\/#breadcrumb","itemListElement":[{"@type":"ListItem","position":1,"name":"Accueil","item":"https:\/\/fitnessmarketdz.net\/"},{"@type":"ListItem","position":2,"name":"Boutique","item":"https:\/\/fitnessmarketdz.net\/index.php\/boutique-fitness-market-algeria\/"},{"@type":"ListItem","position":3,"name":"Table de tennis de table Kettler Green Series K1"}]},{"@type":"WebSite","@id":"https:\/\/fitnessmarketdz.net\/#website","url":"https:\/\/fitnessmarketdz.net\/","name":"Fitness Market DZ","description":"Votre Partenaire de Fitness en Salle et \u00e0 Domicile","publisher":{"@id":"https:\/\/fitnessmarketdz.net\/#organization"},"potentialAction":[{"@type":"SearchAction","target":{"@type":"EntryPoint","urlTemplate":"https:\/\/fitnessmarketdz.net\/?s={search_term_string}"},"query-input":{"@type":"PropertyValueSpecification","valueRequired":true,"valueName":"search_term_string"}}],"inLanguage":"fr-FR"},{"@type":"Organization","@id":"https:\/\/fitnessmarketdz.net\/#organization","name":"Fitness Market DZ","url":"https:\/\/fitnessmarketdz.net\/","logo":{"@type":"ImageObject","inLanguage":"fr-FR","@id":"https:\/\/fitnessmarketdz.net\/#\/schema\/logo\/image\/","url":"https:\/\/fitnessmarketdz.net\/wp-content\/uploads\/2024\/01\/Logo-Fitness-Market.svg","contentUrl":"https:\/\/fitnessmarketdz.net\/wp-content\/uploads\/2024\/01\/Logo-Fitness-Market.svg","width":5181,"height":2572,"caption":"Fitness Market DZ"},"image":{"@id":"https:\/\/fitnessmarketdz.net\/#\/schema\/logo\/image\/"},"sameAs":["https:\/\/www.facebook.com\/profile.php?id=100049723587139","https:\/\/www.instagram.com\/fitness.market.algeria\/"]}]}},"jetpack_sharing_enabled":true,"_links":{"self":[{"href":"https:\/\/fitnessmarketdz.net\/index.php\/wp-json\/wp\/v2\/product\/216","targetHints":{"allow":["GET"]}}],"collection":[{"href":"https:\/\/fitnessmarketdz.net\/index.php\/wp-json\/wp\/v2\/product"}],"about":[{"href":"https:\/\/fitnessmarketdz.net\/index.php\/wp-json\/wp\/v2\/types\/product"}],"version-history":[{"count":0,"href":"https:\/\/fitnessmarketdz.net\/index.php\/wp-json\/wp\/v2\/product\/216\/revisions"}],"wp:featuredmedia":[{"embeddable":true,"href":"https:\/\/fitnessmarketdz.net\/index.php\/wp-json\/wp\/v2\/media\/335"}],"wp:attachment":[{"href":"https:\/\/fitnessmarketdz.net\/index.php\/wp-json\/wp\/v2\/media?parent=216"}],"wp:term":[{"taxonomy":"product_brand","embeddable":true,"href":"https:\/\/fitnessmarketdz.net\/index.php\/wp-json\/wp\/v2\/product_brand?post=216"},{"taxonomy":"product_cat","embeddable":true,"href":"https:\/\/fitnessmarketdz.net\/index.php\/wp-json\/wp\/v2\/product_cat?post=216"},{"taxonomy":"product_tag","embeddable":true,"href":"https:\/\/fitnessmarketdz.net\/index.php\/wp-json\/wp\/v2\/product_tag?post=216"}],"curies":[{"name":"wp","href":"https:\/\/api.w.org\/{rel}","templated":true}]}}