{"id":165,"date":"2024-01-24T15:49:12","date_gmt":"2024-01-24T14:49:12","guid":{"rendered":"https:\/\/fitnessmarketdz.net\/?post_type=product&#038;p=165"},"modified":"2026-03-23T20:56:50","modified_gmt":"2026-03-23T19:56:50","slug":"axion-jog-t3","status":"publish","type":"product","link":"https:\/\/fitnessmarketdz.net\/index.php\/product\/axion-jog-t3\/","title":{"rendered":"AXION JOG T3"},"content":{"rendered":"<p>Achetez Le Tapis Roulant AXION JOG T3, en Alg\u00e9rie \u00e0 bas prix Chez Fitness Market Cheraga, avec Garantie SAV.<\/p>\n<p>Vous pouvez passer commande en appelant au: +213 20 28 39 08<\/p>\n<p>Profitez des promos, chez Kettler Cheraga!!<br \/>\nAXION JOG T3<br \/>\nLe tapis de course motoris\u00e9 16km\/h le moins cher du march\u00e9 !<br \/>\nMoteur 1,5 CV en CONTINU 2,5 CV en pic, vitesse max de 16 km\/h, inclinaison manuelle 3 niveaux, surface de course<span style=\"color: #ff0000;\"><strong> 43 x 127 cm<\/strong><\/span>,<br \/>\nAmorti :<br \/>\n&#8211; Son syst\u00e8me d&rsquo;amorti r\u00e9duit jusqu&rsquo;\u00e0 15% la sollicitation sur les pieds, les genoux et les hanches.<\/p>\n<p>Surface de course :<br \/>\n&#8211; Avec sa zone d&rsquo;exercice de<strong><span style=\"color: #ff0000;\"> 43 x 127 cm<\/span><\/strong>, les utilisateurs disposent d&rsquo;une surface suffisante pour la marche et le jogging.<\/p>\n<p>Inclinaison :<br \/>\nInclinaison manuelle sur 2 niveaux, jusqu&rsquo;\u00e0 3%.<br \/>\nPetit conseil : incliner son tapis au maximum permet de travailler d&rsquo;avantage les fessiers.<\/p>\n<p>Prise de fr\u00e9quence cardiaque :<br \/>\n&#8211; Mesure facile par capteurs tactiles EKG situ\u00e9s sur les barres de maintien.<\/p>\n<p>Programmes :<br \/>\n&#8211; des programmes variant automatiquement la vitesse, pour des s\u00e9ances compl\u00e8tes et vari\u00e9es.<\/p>\n<p>&#8211; Console tactile avec affichage r\u00e9tro-\u00e9clair\u00e9 bleu pour une meilleure visibilit\u00e9 des informations durant l&rsquo;entra\u00eenement :<br \/>\n&#8211; Temps de votre exercice en minutes,<br \/>\n&#8211; Distance parcourue pendant votre s\u00e9ance en km,<br \/>\n&#8211; Vitesse de votre programme en km\/h,<br \/>\n&#8211; Calories br\u00fbl\u00e9es approximatives,<br \/>\n&#8211; Rythme cardiaques en BPM.<\/p>\n<p>Confort :<br \/>\n&#8211; Tapis pliable avec v\u00e9rin hydraulique pour plus de s\u00e9curit\u00e9 et une ouverture en douceur.<br \/>\n&#8211; Roulettes de d\u00e9placement.<br \/>\n&#8211; 2 Porte gourdes<br \/>\n&#8211; Cl\u00e9 de s\u00e9curit\u00e9 : pour votre propre s\u00e9curit\u00e9, la cl\u00e9 doit \u00eatre fix\u00e9e au v\u00eatement lors de chaque entra\u00eenement. Quand la cl\u00e9 est retir\u00e9e.<br \/>\n&#8211; Sa structure ergonomique &lsquo;tant pliable et robuste en fait un mat\u00e9riel de fitness \u00e0 domicile, parfait pour se remettre au sport de fa\u00e7on rigoureuse, petit \u00e0 petit et en toute s\u00e9curit\u00e9.<\/p>\n","protected":false},"excerpt":{"rendered":"<p>Retrouvez tous les produits AXION au meilleur prix chez FITNESS MARKET CHERAGA .<br \/>\nCommandez en ligne sur www.fitnessmarketdz.com et soyez livr\u00e9 chez vous .<br \/>\nappeler vite le 023 141 190 , 0560 359 007 .<\/p>\n","protected":false},"featured_media":13398,"template":"","meta":{"om_disable_all_campaigns":false},"product_brand":[762],"product_cat":[746,630,752,765,484],"product_tag":[751,743,738,745,747,739,742,740],"class_list":{"0":"post-165","1":"product","2":"type-product","3":"status-publish","4":"has-post-thumbnail","6":"product_brand-axion","7":"product_cat-axion","8":"product_cat-fitness","9":"product_cat-tapis-commercial","10":"product_cat-tapis-de-course","11":"product_cat-tapis-roulant","12":"product_tag-axion","13":"product_tag-cardio","14":"product_tag-kettler","15":"product_tag-proform","16":"product_tag-salle-de-sport","17":"product_tag-tapis-de-course","18":"product_tag-tapis-roulant","19":"product_tag-treadmill","21":"first","22":"instock","23":"featured","24":"taxable","25":"shipping-taxable","26":"purchasable","27":"product-type-simple"},"yoast_head":"<!-- This site is optimized with the Yoast SEO plugin v27.3 - https:\/\/yoast.com\/product\/yoast-seo-wordpress\/ -->\n<title>AXION JOG T3<\/title>\n<meta name=\"description\" content=\"Acheter AXION JOG T3 Au Meilleur Prix En Alg\u00e9rie Chez Fitness Market 020 28 39 08, Repr\u00e9sentant Officiel Kettler Alg\u00e9rie, Proform .\" \/>\n<meta name=\"robots\" content=\"index, follow, max-snippet:-1, max-image-preview:large, max-video-preview:-1\" \/>\n<link rel=\"canonical\" href=\"https:\/\/fitnessmarketdz.net\/index.php\/product\/axion-jog-t3\/\" \/>\n<meta property=\"og:locale\" content=\"fr_FR\" \/>\n<meta property=\"og:type\" content=\"article\" \/>\n<meta property=\"og:title\" content=\"AXION JOG T3\" \/>\n<meta property=\"og:description\" content=\"Acheter AXION JOG T3 Au Meilleur Prix En Alg\u00e9rie Chez Fitness Market 020 28 39 08, Repr\u00e9sentant Officiel Kettler Alg\u00e9rie, Proform .\" \/>\n<meta property=\"og:url\" content=\"https:\/\/fitnessmarketdz.net\/index.php\/product\/axion-jog-t3\/\" \/>\n<meta property=\"og:site_name\" content=\"Fitness Market DZ\" \/>\n<meta property=\"article:publisher\" content=\"https:\/\/www.facebook.com\/profile.php?id=100049723587139\" \/>\n<meta property=\"article:modified_time\" content=\"2026-03-23T19:56:50+00:00\" \/>\n<meta property=\"og:image\" content=\"https:\/\/fitnessmarketdz.net\/wp-content\/uploads\/2024\/01\/tapis-roulant-axion-jog-t3.webp\" \/>\n\t<meta property=\"og:image:width\" content=\"800\" \/>\n\t<meta property=\"og:image:height\" content=\"800\" \/>\n\t<meta property=\"og:image:type\" content=\"image\/webp\" \/>\n<meta name=\"twitter:card\" content=\"summary_large_image\" \/>\n<meta name=\"twitter:label1\" content=\"Dur\u00e9e de lecture estim\u00e9e\" \/>\n\t<meta name=\"twitter:data1\" content=\"2 minutes\" \/>\n<script type=\"application\/ld+json\" class=\"yoast-schema-graph\">{\"@context\":\"https:\\\/\\\/schema.org\",\"@graph\":[{\"@type\":\"WebPage\",\"@id\":\"https:\\\/\\\/fitnessmarketdz.net\\\/index.php\\\/product\\\/axion-jog-t3\\\/\",\"url\":\"https:\\\/\\\/fitnessmarketdz.net\\\/index.php\\\/product\\\/axion-jog-t3\\\/\",\"name\":\"AXION JOG T3\",\"isPartOf\":{\"@id\":\"https:\\\/\\\/fitnessmarketdz.net\\\/#website\"},\"primaryImageOfPage\":{\"@id\":\"https:\\\/\\\/fitnessmarketdz.net\\\/index.php\\\/product\\\/axion-jog-t3\\\/#primaryimage\"},\"image\":{\"@id\":\"https:\\\/\\\/fitnessmarketdz.net\\\/index.php\\\/product\\\/axion-jog-t3\\\/#primaryimage\"},\"thumbnailUrl\":\"https:\\\/\\\/fitnessmarketdz.net\\\/wp-content\\\/uploads\\\/2024\\\/01\\\/tapis-roulant-axion-jog-t3.webp\",\"datePublished\":\"2024-01-24T14:49:12+00:00\",\"dateModified\":\"2026-03-23T19:56:50+00:00\",\"description\":\"Acheter AXION JOG T3 Au Meilleur Prix En Alg\u00e9rie Chez Fitness Market 020 28 39 08, Repr\u00e9sentant Officiel Kettler Alg\u00e9rie, Proform .\",\"breadcrumb\":{\"@id\":\"https:\\\/\\\/fitnessmarketdz.net\\\/index.php\\\/product\\\/axion-jog-t3\\\/#breadcrumb\"},\"inLanguage\":\"fr-FR\",\"potentialAction\":[{\"@type\":\"ReadAction\",\"target\":[\"https:\\\/\\\/fitnessmarketdz.net\\\/index.php\\\/product\\\/axion-jog-t3\\\/\"]}]},{\"@type\":\"ImageObject\",\"inLanguage\":\"fr-FR\",\"@id\":\"https:\\\/\\\/fitnessmarketdz.net\\\/index.php\\\/product\\\/axion-jog-t3\\\/#primaryimage\",\"url\":\"https:\\\/\\\/fitnessmarketdz.net\\\/wp-content\\\/uploads\\\/2024\\\/01\\\/tapis-roulant-axion-jog-t3.webp\",\"contentUrl\":\"https:\\\/\\\/fitnessmarketdz.net\\\/wp-content\\\/uploads\\\/2024\\\/01\\\/tapis-roulant-axion-jog-t3.webp\",\"width\":800,\"height\":800},{\"@type\":\"BreadcrumbList\",\"@id\":\"https:\\\/\\\/fitnessmarketdz.net\\\/index.php\\\/product\\\/axion-jog-t3\\\/#breadcrumb\",\"itemListElement\":[{\"@type\":\"ListItem\",\"position\":1,\"name\":\"Accueil\",\"item\":\"https:\\\/\\\/fitnessmarketdz.net\\\/\"},{\"@type\":\"ListItem\",\"position\":2,\"name\":\"Boutique\",\"item\":\"https:\\\/\\\/fitnessmarketdz.net\\\/index.php\\\/boutique-fitness-market-algeria\\\/\"},{\"@type\":\"ListItem\",\"position\":3,\"name\":\"AXION JOG T3\"}]},{\"@type\":\"WebSite\",\"@id\":\"https:\\\/\\\/fitnessmarketdz.net\\\/#website\",\"url\":\"https:\\\/\\\/fitnessmarketdz.net\\\/\",\"name\":\"Fitness Market DZ\",\"description\":\"Votre Partenaire de Fitness en Salle et \u00e0 Domicile\",\"publisher\":{\"@id\":\"https:\\\/\\\/fitnessmarketdz.net\\\/#organization\"},\"potentialAction\":[{\"@type\":\"SearchAction\",\"target\":{\"@type\":\"EntryPoint\",\"urlTemplate\":\"https:\\\/\\\/fitnessmarketdz.net\\\/?s={search_term_string}\"},\"query-input\":{\"@type\":\"PropertyValueSpecification\",\"valueRequired\":true,\"valueName\":\"search_term_string\"}}],\"inLanguage\":\"fr-FR\"},{\"@type\":\"Organization\",\"@id\":\"https:\\\/\\\/fitnessmarketdz.net\\\/#organization\",\"name\":\"Fitness Market DZ\",\"url\":\"https:\\\/\\\/fitnessmarketdz.net\\\/\",\"logo\":{\"@type\":\"ImageObject\",\"inLanguage\":\"fr-FR\",\"@id\":\"https:\\\/\\\/fitnessmarketdz.net\\\/#\\\/schema\\\/logo\\\/image\\\/\",\"url\":\"https:\\\/\\\/fitnessmarketdz.net\\\/wp-content\\\/uploads\\\/2024\\\/01\\\/Logo-Fitness-Market.svg\",\"contentUrl\":\"https:\\\/\\\/fitnessmarketdz.net\\\/wp-content\\\/uploads\\\/2024\\\/01\\\/Logo-Fitness-Market.svg\",\"width\":5181,\"height\":2572,\"caption\":\"Fitness Market DZ\"},\"image\":{\"@id\":\"https:\\\/\\\/fitnessmarketdz.net\\\/#\\\/schema\\\/logo\\\/image\\\/\"},\"sameAs\":[\"https:\\\/\\\/www.facebook.com\\\/profile.php?id=100049723587139\",\"https:\\\/\\\/www.instagram.com\\\/fitness.market.algeria\\\/\"]}]}<\/script>\n<!-- \/ Yoast SEO plugin. -->","yoast_head_json":{"title":"AXION JOG T3","description":"Acheter AXION JOG T3 Au Meilleur Prix En Alg\u00e9rie Chez Fitness Market 020 28 39 08, Repr\u00e9sentant Officiel Kettler Alg\u00e9rie, Proform .","robots":{"index":"index","follow":"follow","max-snippet":"max-snippet:-1","max-image-preview":"max-image-preview:large","max-video-preview":"max-video-preview:-1"},"canonical":"https:\/\/fitnessmarketdz.net\/index.php\/product\/axion-jog-t3\/","og_locale":"fr_FR","og_type":"article","og_title":"AXION JOG T3","og_description":"Acheter AXION JOG T3 Au Meilleur Prix En Alg\u00e9rie Chez Fitness Market 020 28 39 08, Repr\u00e9sentant Officiel Kettler Alg\u00e9rie, Proform .","og_url":"https:\/\/fitnessmarketdz.net\/index.php\/product\/axion-jog-t3\/","og_site_name":"Fitness Market DZ","article_publisher":"https:\/\/www.facebook.com\/profile.php?id=100049723587139","article_modified_time":"2026-03-23T19:56:50+00:00","og_image":[{"width":800,"height":800,"url":"https:\/\/fitnessmarketdz.net\/wp-content\/uploads\/2024\/01\/tapis-roulant-axion-jog-t3.webp","type":"image\/webp"}],"twitter_card":"summary_large_image","twitter_misc":{"Dur\u00e9e de lecture estim\u00e9e":"2 minutes"},"schema":{"@context":"https:\/\/schema.org","@graph":[{"@type":"WebPage","@id":"https:\/\/fitnessmarketdz.net\/index.php\/product\/axion-jog-t3\/","url":"https:\/\/fitnessmarketdz.net\/index.php\/product\/axion-jog-t3\/","name":"AXION JOG T3","isPartOf":{"@id":"https:\/\/fitnessmarketdz.net\/#website"},"primaryImageOfPage":{"@id":"https:\/\/fitnessmarketdz.net\/index.php\/product\/axion-jog-t3\/#primaryimage"},"image":{"@id":"https:\/\/fitnessmarketdz.net\/index.php\/product\/axion-jog-t3\/#primaryimage"},"thumbnailUrl":"https:\/\/fitnessmarketdz.net\/wp-content\/uploads\/2024\/01\/tapis-roulant-axion-jog-t3.webp","datePublished":"2024-01-24T14:49:12+00:00","dateModified":"2026-03-23T19:56:50+00:00","description":"Acheter AXION JOG T3 Au Meilleur Prix En Alg\u00e9rie Chez Fitness Market 020 28 39 08, Repr\u00e9sentant Officiel Kettler Alg\u00e9rie, Proform .","breadcrumb":{"@id":"https:\/\/fitnessmarketdz.net\/index.php\/product\/axion-jog-t3\/#breadcrumb"},"inLanguage":"fr-FR","potentialAction":[{"@type":"ReadAction","target":["https:\/\/fitnessmarketdz.net\/index.php\/product\/axion-jog-t3\/"]}]},{"@type":"ImageObject","inLanguage":"fr-FR","@id":"https:\/\/fitnessmarketdz.net\/index.php\/product\/axion-jog-t3\/#primaryimage","url":"https:\/\/fitnessmarketdz.net\/wp-content\/uploads\/2024\/01\/tapis-roulant-axion-jog-t3.webp","contentUrl":"https:\/\/fitnessmarketdz.net\/wp-content\/uploads\/2024\/01\/tapis-roulant-axion-jog-t3.webp","width":800,"height":800},{"@type":"BreadcrumbList","@id":"https:\/\/fitnessmarketdz.net\/index.php\/product\/axion-jog-t3\/#breadcrumb","itemListElement":[{"@type":"ListItem","position":1,"name":"Accueil","item":"https:\/\/fitnessmarketdz.net\/"},{"@type":"ListItem","position":2,"name":"Boutique","item":"https:\/\/fitnessmarketdz.net\/index.php\/boutique-fitness-market-algeria\/"},{"@type":"ListItem","position":3,"name":"AXION JOG T3"}]},{"@type":"WebSite","@id":"https:\/\/fitnessmarketdz.net\/#website","url":"https:\/\/fitnessmarketdz.net\/","name":"Fitness Market DZ","description":"Votre Partenaire de Fitness en Salle et \u00e0 Domicile","publisher":{"@id":"https:\/\/fitnessmarketdz.net\/#organization"},"potentialAction":[{"@type":"SearchAction","target":{"@type":"EntryPoint","urlTemplate":"https:\/\/fitnessmarketdz.net\/?s={search_term_string}"},"query-input":{"@type":"PropertyValueSpecification","valueRequired":true,"valueName":"search_term_string"}}],"inLanguage":"fr-FR"},{"@type":"Organization","@id":"https:\/\/fitnessmarketdz.net\/#organization","name":"Fitness Market DZ","url":"https:\/\/fitnessmarketdz.net\/","logo":{"@type":"ImageObject","inLanguage":"fr-FR","@id":"https:\/\/fitnessmarketdz.net\/#\/schema\/logo\/image\/","url":"https:\/\/fitnessmarketdz.net\/wp-content\/uploads\/2024\/01\/Logo-Fitness-Market.svg","contentUrl":"https:\/\/fitnessmarketdz.net\/wp-content\/uploads\/2024\/01\/Logo-Fitness-Market.svg","width":5181,"height":2572,"caption":"Fitness Market DZ"},"image":{"@id":"https:\/\/fitnessmarketdz.net\/#\/schema\/logo\/image\/"},"sameAs":["https:\/\/www.facebook.com\/profile.php?id=100049723587139","https:\/\/www.instagram.com\/fitness.market.algeria\/"]}]}},"jetpack_sharing_enabled":true,"_links":{"self":[{"href":"https:\/\/fitnessmarketdz.net\/index.php\/wp-json\/wp\/v2\/product\/165","targetHints":{"allow":["GET"]}}],"collection":[{"href":"https:\/\/fitnessmarketdz.net\/index.php\/wp-json\/wp\/v2\/product"}],"about":[{"href":"https:\/\/fitnessmarketdz.net\/index.php\/wp-json\/wp\/v2\/types\/product"}],"version-history":[{"count":0,"href":"https:\/\/fitnessmarketdz.net\/index.php\/wp-json\/wp\/v2\/product\/165\/revisions"}],"wp:featuredmedia":[{"embeddable":true,"href":"https:\/\/fitnessmarketdz.net\/index.php\/wp-json\/wp\/v2\/media\/13398"}],"wp:attachment":[{"href":"https:\/\/fitnessmarketdz.net\/index.php\/wp-json\/wp\/v2\/media?parent=165"}],"wp:term":[{"taxonomy":"product_brand","embeddable":true,"href":"https:\/\/fitnessmarketdz.net\/index.php\/wp-json\/wp\/v2\/product_brand?post=165"},{"taxonomy":"product_cat","embeddable":true,"href":"https:\/\/fitnessmarketdz.net\/index.php\/wp-json\/wp\/v2\/product_cat?post=165"},{"taxonomy":"product_tag","embeddable":true,"href":"https:\/\/fitnessmarketdz.net\/index.php\/wp-json\/wp\/v2\/product_tag?post=165"}],"curies":[{"name":"wp","href":"https:\/\/api.w.org\/{rel}","templated":true}]}}