{"id":144,"date":"2024-01-24T15:48:46","date_gmt":"2024-01-24T14:48:46","guid":{"rendered":"https:\/\/fitnessmarketdz.net\/?post_type=product&#038;p=144"},"modified":"2026-03-23T23:23:00","modified_gmt":"2026-03-23T22:23:00","slug":"tapis-roulant-track-s6","status":"publish","type":"product","link":"https:\/\/fitnessmarketdz.net\/index.php\/product\/tapis-roulant-track-s6\/","title":{"rendered":"Tapis Roulant Track S6"},"content":{"rendered":"<p>Achetez Le Tapis Roulant Kettler Track S6, en Alg\u00e9rie \u00e0 bas prix Chez Kettler Cheraga, avec Garantie SAV.<\/p>\n<p>Vous pouvez passer commande en appelant au: +213 20 28 39 08<\/p>\n<p>Profitez des promos chez Kettler Cheraga!!<\/p>\n<p>Le tapis roulant Kettler Track S6 est con\u00e7u pour un running r\u00e9gulier,<\/p>\n<p>&#8211; Vitesse de 1 \u00e0 20 km\/h : r\u00e9glez la vitesse par pas de 0,1 km\/h.<\/p>\n<p>&#8211; Inclinaison allant jusqu&rsquo;\u00e0 12%.<\/p>\n<p>&#8211; R\u00e9glage de l&rsquo;inclinaison et de la vitesse directement de la console ou sur les touches situ\u00e9es sur les poign\u00e9es de maintien.<\/p>\n<p>&#8211; Moteur puissant de 3 cv en continu. Le Track S6 est id\u00e9al pour des s\u00e9ances de fractionn\u00e9 ou d&rsquo;endurance.<\/p>\n<p>&#8211; Tapis de course pens\u00e9 pour un usage semi-intensif \u00e0 domicile allant jusqu&rsquo;\u00e0 12 heures par semaine.<\/p>\n<p>&#8211; Structure tr\u00e8s solide et robuste de 102 kg avec un poids max utilisateur de 140 kg.<br \/>\nL&rsquo;innovant syst\u00e8me d&rsquo;amorti Energy Deck<\/p>\n<p>&#8211; Kettler diff\u00e9rencie sa nouvelle gamme Track avec le syst\u00e8me d&rsquo;amorti Energy Deck. Sa surface de roulement mont\u00e9e sur Energy Elements offre des entra\u00eenements dynamiques et plus rapides que jamais. Les tapis d&rsquo;\u00e9nergie de Kettler prot\u00e8gent votre corps avec une course plus silencieuse et agr\u00e9able.<\/p>\n<p>&#8211; Une surface de course adapt\u00e9e aux moyens \u00e0 grands gabarits : 50 x 140 cm (pour un confort optimal, ne pas d\u00e9passer 1m80).<br \/>\nUne exp\u00e9rience personnalis\u00e9e et connect\u00e9e<\/p>\n<p>&#8211; Ecran avec affichage LC de 190 x 110 mm avec navigation simplifi\u00e9e.<\/p>\n<p>&#8211; Un affichage enti\u00e8rement personnalis\u00e9 gr\u00e2ce \u00e0 la fonction \u00ab\u00a0Customer&rsquo;s View\u00a0\u00bb : L&rsquo;utilisateur con\u00e7oit son propre \u00e9cran d&rsquo;entra\u00eenement et choisit les donn\u00e9es qui veut voir appara\u00eetre.<\/p>\n<p>&#8211; Saisie des donn\u00e9es personnelles sur la console.<\/p>\n<p>&#8211; Console \u00e9quip\u00e9e de 20 langues.<\/p>\n<p>&#8211; 38 programmes d&rsquo;entra\u00eenement pour diversifier ses s\u00e9ances de running.<\/p>\n<p>&#8211; Tapis de course compatible avec Kettmaps : des entra\u00eenements en vid\u00e9o avec une partie accessible gratuitement. Kettmaps n\u00e9cessite un abonnement payant pour profiter de l&rsquo;int\u00e9gralit\u00e9 de l&rsquo;application.<\/p>\n<p>&#8211; Console avec connexion Bluetooth : commandez votre tapis de course par Smartphone ou tablette.<br \/>\nUn tapis de course qui se plie<\/p>\n<p>&#8211; Rangement facile pour le tapis de course pliable Track S6.<\/p>\n<p>&#8211; Dimensions pli\u00e9 : 126 x 87 x 153 cm.<br \/>\nUn tapis de course sur\u00e9quip\u00e9<\/p>\n<p>&#8211; Connectivit\u00e9 MP3 et haut-parleurs int\u00e9gr\u00e9s pour courir en \u00e9coutant vos musiques pr\u00e9f\u00e9r\u00e9es.<\/p>\n<p>&#8211; Ventilateur pour votre confort durant votre running.<\/p>\n<p>&#8211; Support tablette (tablette non inclus).<\/p>\n<p>&#8211; Support de montre de sport (montre non inclus).<\/p>\n<p>&#8211; Porte bidon de chaque c\u00f4t\u00e9 de la console (x2).<\/p>\n<p>&#8211; Mesure de votre rythme cardiaque : capteurs cardiaques situ\u00e9s sur les poign\u00e9es de maintien avant.<\/p>\n<p>&#8211; Compensateurs de niveau.<\/p>\n","protected":false},"excerpt":{"rendered":"<p>Achetez Le Tapis Roulant Kettler Track S6, en Alg\u00e9rie \u00e0 bas prix Chez Kettler Cheraga, avec Garantie SAV. Vous pouvez<\/p>\n","protected":false},"featured_media":241,"template":"","meta":{"om_disable_all_campaigns":false},"product_brand":[760],"product_cat":[630,737,765,484],"product_tag":[743,738,739,742,740],"class_list":{"0":"post-144","1":"product","2":"type-product","3":"status-publish","4":"has-post-thumbnail","6":"product_brand-kettler","7":"product_cat-fitness","8":"product_cat-kettler","9":"product_cat-tapis-de-course","10":"product_cat-tapis-roulant","11":"product_tag-cardio","12":"product_tag-kettler","13":"product_tag-tapis-de-course","14":"product_tag-tapis-roulant","15":"product_tag-treadmill","16":"product_shipping_class-heavy","18":"first","19":"outofstock","20":"taxable","21":"shipping-taxable","22":"purchasable","23":"product-type-simple"},"yoast_head":"<!-- This site is optimized with the Yoast SEO plugin v27.3 - https:\/\/yoast.com\/product\/yoast-seo-wordpress\/ -->\n<title>Tapis Roulant Track S6<\/title>\n<meta name=\"description\" content=\"Acheter Tapis Roulant Track S6 Au Meilleur Prix En Alg\u00e9rie Chez Fitness Market 020 28 39 08, Repr\u00e9sentant Officiel Kettler Alg\u00e9rie, Proform .\" \/>\n<meta name=\"robots\" content=\"index, follow, max-snippet:-1, max-image-preview:large, max-video-preview:-1\" \/>\n<link rel=\"canonical\" href=\"https:\/\/fitnessmarketdz.net\/index.php\/product\/tapis-roulant-track-s6\/\" \/>\n<meta property=\"og:locale\" content=\"fr_FR\" \/>\n<meta property=\"og:type\" content=\"article\" \/>\n<meta property=\"og:title\" content=\"Tapis Roulant Track S6\" \/>\n<meta property=\"og:description\" content=\"Acheter Tapis Roulant Track S6 Au Meilleur Prix En Alg\u00e9rie Chez Fitness Market 020 28 39 08, Repr\u00e9sentant Officiel Kettler Alg\u00e9rie, Proform .\" \/>\n<meta property=\"og:url\" content=\"https:\/\/fitnessmarketdz.net\/index.php\/product\/tapis-roulant-track-s6\/\" \/>\n<meta property=\"og:site_name\" content=\"Fitness Market DZ\" \/>\n<meta property=\"article:publisher\" content=\"https:\/\/www.facebook.com\/profile.php?id=100049723587139\" \/>\n<meta property=\"article:modified_time\" content=\"2026-03-23T22:23:00+00:00\" \/>\n<meta property=\"og:image\" content=\"https:\/\/fitnessmarketdz.net\/wp-content\/uploads\/2024\/01\/tapis-de-course-kettler-track-s6-min.png\" \/>\n\t<meta property=\"og:image:width\" content=\"740\" \/>\n\t<meta property=\"og:image:height\" content=\"592\" \/>\n\t<meta property=\"og:image:type\" content=\"image\/png\" \/>\n<meta name=\"twitter:card\" content=\"summary_large_image\" \/>\n<meta name=\"twitter:label1\" content=\"Dur\u00e9e de lecture estim\u00e9e\" \/>\n\t<meta name=\"twitter:data1\" content=\"3 minutes\" \/>\n<script type=\"application\/ld+json\" class=\"yoast-schema-graph\">{\"@context\":\"https:\\\/\\\/schema.org\",\"@graph\":[{\"@type\":\"WebPage\",\"@id\":\"https:\\\/\\\/fitnessmarketdz.net\\\/index.php\\\/product\\\/tapis-roulant-track-s6\\\/\",\"url\":\"https:\\\/\\\/fitnessmarketdz.net\\\/index.php\\\/product\\\/tapis-roulant-track-s6\\\/\",\"name\":\"Tapis Roulant Track S6\",\"isPartOf\":{\"@id\":\"https:\\\/\\\/fitnessmarketdz.net\\\/#website\"},\"primaryImageOfPage\":{\"@id\":\"https:\\\/\\\/fitnessmarketdz.net\\\/index.php\\\/product\\\/tapis-roulant-track-s6\\\/#primaryimage\"},\"image\":{\"@id\":\"https:\\\/\\\/fitnessmarketdz.net\\\/index.php\\\/product\\\/tapis-roulant-track-s6\\\/#primaryimage\"},\"thumbnailUrl\":\"https:\\\/\\\/fitnessmarketdz.net\\\/wp-content\\\/uploads\\\/2024\\\/01\\\/tapis-de-course-kettler-track-s6-min.png\",\"datePublished\":\"2024-01-24T14:48:46+00:00\",\"dateModified\":\"2026-03-23T22:23:00+00:00\",\"description\":\"Acheter Tapis Roulant Track S6 Au Meilleur Prix En Alg\u00e9rie Chez Fitness Market 020 28 39 08, Repr\u00e9sentant Officiel Kettler Alg\u00e9rie, Proform .\",\"breadcrumb\":{\"@id\":\"https:\\\/\\\/fitnessmarketdz.net\\\/index.php\\\/product\\\/tapis-roulant-track-s6\\\/#breadcrumb\"},\"inLanguage\":\"fr-FR\",\"potentialAction\":[{\"@type\":\"ReadAction\",\"target\":[\"https:\\\/\\\/fitnessmarketdz.net\\\/index.php\\\/product\\\/tapis-roulant-track-s6\\\/\"]}]},{\"@type\":\"ImageObject\",\"inLanguage\":\"fr-FR\",\"@id\":\"https:\\\/\\\/fitnessmarketdz.net\\\/index.php\\\/product\\\/tapis-roulant-track-s6\\\/#primaryimage\",\"url\":\"https:\\\/\\\/fitnessmarketdz.net\\\/wp-content\\\/uploads\\\/2024\\\/01\\\/tapis-de-course-kettler-track-s6-min.png\",\"contentUrl\":\"https:\\\/\\\/fitnessmarketdz.net\\\/wp-content\\\/uploads\\\/2024\\\/01\\\/tapis-de-course-kettler-track-s6-min.png\",\"width\":740,\"height\":592},{\"@type\":\"BreadcrumbList\",\"@id\":\"https:\\\/\\\/fitnessmarketdz.net\\\/index.php\\\/product\\\/tapis-roulant-track-s6\\\/#breadcrumb\",\"itemListElement\":[{\"@type\":\"ListItem\",\"position\":1,\"name\":\"Accueil\",\"item\":\"https:\\\/\\\/fitnessmarketdz.net\\\/\"},{\"@type\":\"ListItem\",\"position\":2,\"name\":\"Boutique\",\"item\":\"https:\\\/\\\/fitnessmarketdz.net\\\/index.php\\\/boutique-fitness-market-algeria\\\/\"},{\"@type\":\"ListItem\",\"position\":3,\"name\":\"Tapis Roulant Track S6\"}]},{\"@type\":\"WebSite\",\"@id\":\"https:\\\/\\\/fitnessmarketdz.net\\\/#website\",\"url\":\"https:\\\/\\\/fitnessmarketdz.net\\\/\",\"name\":\"Fitness Market DZ\",\"description\":\"Votre Partenaire de Fitness en Salle et \u00e0 Domicile\",\"publisher\":{\"@id\":\"https:\\\/\\\/fitnessmarketdz.net\\\/#organization\"},\"potentialAction\":[{\"@type\":\"SearchAction\",\"target\":{\"@type\":\"EntryPoint\",\"urlTemplate\":\"https:\\\/\\\/fitnessmarketdz.net\\\/?s={search_term_string}\"},\"query-input\":{\"@type\":\"PropertyValueSpecification\",\"valueRequired\":true,\"valueName\":\"search_term_string\"}}],\"inLanguage\":\"fr-FR\"},{\"@type\":\"Organization\",\"@id\":\"https:\\\/\\\/fitnessmarketdz.net\\\/#organization\",\"name\":\"Fitness Market DZ\",\"url\":\"https:\\\/\\\/fitnessmarketdz.net\\\/\",\"logo\":{\"@type\":\"ImageObject\",\"inLanguage\":\"fr-FR\",\"@id\":\"https:\\\/\\\/fitnessmarketdz.net\\\/#\\\/schema\\\/logo\\\/image\\\/\",\"url\":\"https:\\\/\\\/fitnessmarketdz.net\\\/wp-content\\\/uploads\\\/2024\\\/01\\\/Logo-Fitness-Market.svg\",\"contentUrl\":\"https:\\\/\\\/fitnessmarketdz.net\\\/wp-content\\\/uploads\\\/2024\\\/01\\\/Logo-Fitness-Market.svg\",\"width\":5181,\"height\":2572,\"caption\":\"Fitness Market DZ\"},\"image\":{\"@id\":\"https:\\\/\\\/fitnessmarketdz.net\\\/#\\\/schema\\\/logo\\\/image\\\/\"},\"sameAs\":[\"https:\\\/\\\/www.facebook.com\\\/profile.php?id=100049723587139\",\"https:\\\/\\\/www.instagram.com\\\/fitness.market.algeria\\\/\"]}]}<\/script>\n<!-- \/ Yoast SEO plugin. -->","yoast_head_json":{"title":"Tapis Roulant Track S6","description":"Acheter Tapis Roulant Track S6 Au Meilleur Prix En Alg\u00e9rie Chez Fitness Market 020 28 39 08, Repr\u00e9sentant Officiel Kettler Alg\u00e9rie, Proform .","robots":{"index":"index","follow":"follow","max-snippet":"max-snippet:-1","max-image-preview":"max-image-preview:large","max-video-preview":"max-video-preview:-1"},"canonical":"https:\/\/fitnessmarketdz.net\/index.php\/product\/tapis-roulant-track-s6\/","og_locale":"fr_FR","og_type":"article","og_title":"Tapis Roulant Track S6","og_description":"Acheter Tapis Roulant Track S6 Au Meilleur Prix En Alg\u00e9rie Chez Fitness Market 020 28 39 08, Repr\u00e9sentant Officiel Kettler Alg\u00e9rie, Proform .","og_url":"https:\/\/fitnessmarketdz.net\/index.php\/product\/tapis-roulant-track-s6\/","og_site_name":"Fitness Market DZ","article_publisher":"https:\/\/www.facebook.com\/profile.php?id=100049723587139","article_modified_time":"2026-03-23T22:23:00+00:00","og_image":[{"width":740,"height":592,"url":"https:\/\/fitnessmarketdz.net\/wp-content\/uploads\/2024\/01\/tapis-de-course-kettler-track-s6-min.png","type":"image\/png"}],"twitter_card":"summary_large_image","twitter_misc":{"Dur\u00e9e de lecture estim\u00e9e":"3 minutes"},"schema":{"@context":"https:\/\/schema.org","@graph":[{"@type":"WebPage","@id":"https:\/\/fitnessmarketdz.net\/index.php\/product\/tapis-roulant-track-s6\/","url":"https:\/\/fitnessmarketdz.net\/index.php\/product\/tapis-roulant-track-s6\/","name":"Tapis Roulant Track S6","isPartOf":{"@id":"https:\/\/fitnessmarketdz.net\/#website"},"primaryImageOfPage":{"@id":"https:\/\/fitnessmarketdz.net\/index.php\/product\/tapis-roulant-track-s6\/#primaryimage"},"image":{"@id":"https:\/\/fitnessmarketdz.net\/index.php\/product\/tapis-roulant-track-s6\/#primaryimage"},"thumbnailUrl":"https:\/\/fitnessmarketdz.net\/wp-content\/uploads\/2024\/01\/tapis-de-course-kettler-track-s6-min.png","datePublished":"2024-01-24T14:48:46+00:00","dateModified":"2026-03-23T22:23:00+00:00","description":"Acheter Tapis Roulant Track S6 Au Meilleur Prix En Alg\u00e9rie Chez Fitness Market 020 28 39 08, Repr\u00e9sentant Officiel Kettler Alg\u00e9rie, Proform .","breadcrumb":{"@id":"https:\/\/fitnessmarketdz.net\/index.php\/product\/tapis-roulant-track-s6\/#breadcrumb"},"inLanguage":"fr-FR","potentialAction":[{"@type":"ReadAction","target":["https:\/\/fitnessmarketdz.net\/index.php\/product\/tapis-roulant-track-s6\/"]}]},{"@type":"ImageObject","inLanguage":"fr-FR","@id":"https:\/\/fitnessmarketdz.net\/index.php\/product\/tapis-roulant-track-s6\/#primaryimage","url":"https:\/\/fitnessmarketdz.net\/wp-content\/uploads\/2024\/01\/tapis-de-course-kettler-track-s6-min.png","contentUrl":"https:\/\/fitnessmarketdz.net\/wp-content\/uploads\/2024\/01\/tapis-de-course-kettler-track-s6-min.png","width":740,"height":592},{"@type":"BreadcrumbList","@id":"https:\/\/fitnessmarketdz.net\/index.php\/product\/tapis-roulant-track-s6\/#breadcrumb","itemListElement":[{"@type":"ListItem","position":1,"name":"Accueil","item":"https:\/\/fitnessmarketdz.net\/"},{"@type":"ListItem","position":2,"name":"Boutique","item":"https:\/\/fitnessmarketdz.net\/index.php\/boutique-fitness-market-algeria\/"},{"@type":"ListItem","position":3,"name":"Tapis Roulant Track S6"}]},{"@type":"WebSite","@id":"https:\/\/fitnessmarketdz.net\/#website","url":"https:\/\/fitnessmarketdz.net\/","name":"Fitness Market DZ","description":"Votre Partenaire de Fitness en Salle et \u00e0 Domicile","publisher":{"@id":"https:\/\/fitnessmarketdz.net\/#organization"},"potentialAction":[{"@type":"SearchAction","target":{"@type":"EntryPoint","urlTemplate":"https:\/\/fitnessmarketdz.net\/?s={search_term_string}"},"query-input":{"@type":"PropertyValueSpecification","valueRequired":true,"valueName":"search_term_string"}}],"inLanguage":"fr-FR"},{"@type":"Organization","@id":"https:\/\/fitnessmarketdz.net\/#organization","name":"Fitness Market DZ","url":"https:\/\/fitnessmarketdz.net\/","logo":{"@type":"ImageObject","inLanguage":"fr-FR","@id":"https:\/\/fitnessmarketdz.net\/#\/schema\/logo\/image\/","url":"https:\/\/fitnessmarketdz.net\/wp-content\/uploads\/2024\/01\/Logo-Fitness-Market.svg","contentUrl":"https:\/\/fitnessmarketdz.net\/wp-content\/uploads\/2024\/01\/Logo-Fitness-Market.svg","width":5181,"height":2572,"caption":"Fitness Market DZ"},"image":{"@id":"https:\/\/fitnessmarketdz.net\/#\/schema\/logo\/image\/"},"sameAs":["https:\/\/www.facebook.com\/profile.php?id=100049723587139","https:\/\/www.instagram.com\/fitness.market.algeria\/"]}]}},"jetpack_sharing_enabled":true,"_links":{"self":[{"href":"https:\/\/fitnessmarketdz.net\/index.php\/wp-json\/wp\/v2\/product\/144","targetHints":{"allow":["GET"]}}],"collection":[{"href":"https:\/\/fitnessmarketdz.net\/index.php\/wp-json\/wp\/v2\/product"}],"about":[{"href":"https:\/\/fitnessmarketdz.net\/index.php\/wp-json\/wp\/v2\/types\/product"}],"version-history":[{"count":0,"href":"https:\/\/fitnessmarketdz.net\/index.php\/wp-json\/wp\/v2\/product\/144\/revisions"}],"wp:featuredmedia":[{"embeddable":true,"href":"https:\/\/fitnessmarketdz.net\/index.php\/wp-json\/wp\/v2\/media\/241"}],"wp:attachment":[{"href":"https:\/\/fitnessmarketdz.net\/index.php\/wp-json\/wp\/v2\/media?parent=144"}],"wp:term":[{"taxonomy":"product_brand","embeddable":true,"href":"https:\/\/fitnessmarketdz.net\/index.php\/wp-json\/wp\/v2\/product_brand?post=144"},{"taxonomy":"product_cat","embeddable":true,"href":"https:\/\/fitnessmarketdz.net\/index.php\/wp-json\/wp\/v2\/product_cat?post=144"},{"taxonomy":"product_tag","embeddable":true,"href":"https:\/\/fitnessmarketdz.net\/index.php\/wp-json\/wp\/v2\/product_tag?post=144"}],"curies":[{"name":"wp","href":"https:\/\/api.w.org\/{rel}","templated":true}]}}