{"id":143,"date":"2024-01-24T15:48:46","date_gmt":"2024-01-24T14:48:46","guid":{"rendered":"https:\/\/fitnessmarketdz.net\/?post_type=product&#038;p=143"},"modified":"2026-03-23T20:57:41","modified_gmt":"2026-03-23T19:57:41","slug":"tapis-roulant-track-s4","status":"publish","type":"product","link":"https:\/\/fitnessmarketdz.net\/index.php\/product\/tapis-roulant-track-s4\/","title":{"rendered":"Tapis Roulant Track s4"},"content":{"rendered":"<p>Achetez Le Tapis Roulant Kettler Track S4, en Alg\u00e9rie \u00e0 bas prix Chez Kettler Cheraga, avec Garantie SAV.<\/p>\n<p>Vous pouvez passer commande en appelant au: +213 20 28 39 08<\/p>\n<p>Profitez des promos chez Kettler Cheraga!!<\/p>\n<p>Le tapis Kettler Track S4 con\u00e7u pour un running r\u00e9gulier<\/p>\n<p>&#8211; Vitesse maximale de 18 km\/h (se r\u00e8gle par pas de 0,1 km\/h).<\/p>\n<p>&#8211; Tapis de course inclinable : de 0 \u00e0 12 %. R\u00e9glage de l&rsquo;inclinaison sur la console ou sur les boutons situ\u00e9s sur les poign\u00e9es de maintien.<\/p>\n<p>&#8211; Moteur de 2.5 cv en continu.<\/p>\n<p>&#8211; Permet de courir jusqu&rsquo;\u00e0 8 heures par semaine. Le Track S4 est destin\u00e9 \u00e0 un usage \u00e0 domicile pour des runners r\u00e9guliers ou d\u00e9butants.<\/p>\n<p>&#8211; Tapis de course robuste avec un poids de 94 kg et un poids maximum utilisateur est de 130 kg.<br \/>\nL&rsquo;unique syst\u00e8me d&rsquo;amorti Energy Deck<\/p>\n<p>&#8211; Le syst\u00e8me d&rsquo;amorti Energy Deck : Kettler r\u00e9volutionne le march\u00e9 du tapis de course ! Dites au revoir aux syst\u00e8mes d&rsquo;amorti classiques et dites bonjour aux tapis d&rsquo;\u00e9nergie de Kettler ! Le syst\u00e8me d&rsquo;\u00e9nergie Kettler rend la course plus alerte, plus dynamique et plus rapide ! Profitez d&rsquo;un confort incomparable durant chaque foul\u00e9e silencieuse et agr\u00e9able et prot\u00e9gez vos articulations et votre corps.<\/p>\n<p>&#8211; Une surface de course de 47 x 135 cm adapt\u00e9e aux petits et moyens gabarits (environ 1m75 maximum pour un confort optimal).<br \/>\nUn tapis connect\u00e9 pour des entra\u00eenements en vid\u00e9o<\/p>\n<p>&#8211; Console tr\u00e8s intuitive et simple \u00e0 utiliser avec un affichage LC de 132 x 85 mm.<\/p>\n<p>&#8211; Fonction \u00ab\u00a0Customer&rsquo;s View\u00a0\u00bb : Kettler vous donne l&rsquo;opportunit\u00e9 de personnaliser l&rsquo;affichage des donn\u00e9es d&rsquo;entra\u00eenement ! Concevez votre propre \u00e9cran d&rsquo;entra\u00eenement selon votre objectif sportif.<\/p>\n<p>&#8211; Entrez vos donn\u00e9es personnelles dans la console.<\/p>\n<p>&#8211; 20 langues disponibles sur la console.<\/p>\n<p>&#8211; Programmes d&rsquo;entra\u00eenement : 38.<\/p>\n<p>&#8211; Connexion Bluetooth : connectez votre tablette ou Smartphone \u00e0 votre tapis de course Track S4. Commandez votre appareil de fitness par Smartphone ou tablette.<\/p>\n<p>&#8211; Appareil de fitness compatible \u00e0 Kettmaps : entra\u00eenements en vid\u00e9o disponible (une partie est accessible gratuitement). Pour profiter de l&rsquo;ensemble des vid\u00e9os Kettmaps, procurez-vous l&rsquo;abonnement Kettmaps (disponible en option).<br \/>\nUn tapis de marche et un tapis de course pliant<\/p>\n<p>&#8211; Rangez votre tapis en toute simplicit\u00e9 gr\u00e2ce au Easy Roller concept et \u00e0 la fonction pliable.<\/p>\n<p>&#8211; Dimensions pli\u00e9 du Tapis Roulant Kettler Track S4 : 134,5 x 85,5 x 143,5 cm.<\/p>\n","protected":false},"excerpt":{"rendered":"[video width=\"1280\" height=\"720\" mp4=\"https:\/\/fitnessmarketdz.com\/wp-content\/uploads\/2021\/05\/KETTLER-TRACK-S4.mp4\"][\/video]\n<p>Kettler vous aide \u00e0 garder le cap avec son tapis de course Track S4 ! Un tapis de course pliable r\u00e9volutionnaire ,Faites r\u00e9guli\u00e8rement de la course \u00e0 pied chez vous avec ce tapis qui s&rsquo;incline \u00e0 12% et offre une vitesse max de 18 km\/h. Acheter votre tapis chez fitness market cheraga 023 141 190 &#8212; 0560 359 007<\/p>\n","protected":false},"featured_media":235,"template":"","meta":{"om_disable_all_campaigns":false},"product_brand":[760],"product_cat":[630,737,765,484],"product_tag":[],"class_list":{"0":"post-143","1":"product","2":"type-product","3":"status-publish","4":"has-post-thumbnail","6":"product_brand-kettler","7":"product_cat-fitness","8":"product_cat-kettler","9":"product_cat-tapis-de-course","10":"product_cat-tapis-roulant","11":"product_shipping_class-heavy","13":"first","14":"outofstock","15":"taxable","16":"shipping-taxable","17":"purchasable","18":"product-type-simple"},"yoast_head":"<!-- This site is optimized with the Yoast SEO plugin v27.3 - https:\/\/yoast.com\/product\/yoast-seo-wordpress\/ -->\n<title>Tapis Roulant Track s4<\/title>\n<meta name=\"description\" content=\"Acheter Tapis Roulant Track s4 Au Meilleur Prix En Alg\u00e9rie Chez Fitness Market 020 28 39 08, Repr\u00e9sentant Officiel Kettler Alg\u00e9rie, Proform .\" \/>\n<meta name=\"robots\" content=\"index, follow, max-snippet:-1, max-image-preview:large, max-video-preview:-1\" \/>\n<link rel=\"canonical\" href=\"https:\/\/fitnessmarketdz.net\/index.php\/product\/tapis-roulant-track-s4\/\" \/>\n<meta property=\"og:locale\" content=\"fr_FR\" \/>\n<meta property=\"og:type\" content=\"article\" \/>\n<meta property=\"og:title\" content=\"Tapis Roulant Track s4\" \/>\n<meta property=\"og:description\" content=\"Acheter Tapis Roulant Track s4 Au Meilleur Prix En Alg\u00e9rie Chez Fitness Market 020 28 39 08, Repr\u00e9sentant Officiel Kettler Alg\u00e9rie, Proform .\" \/>\n<meta property=\"og:url\" content=\"https:\/\/fitnessmarketdz.net\/index.php\/product\/tapis-roulant-track-s4\/\" \/>\n<meta property=\"og:site_name\" content=\"Fitness Market DZ\" \/>\n<meta property=\"article:publisher\" content=\"https:\/\/www.facebook.com\/profile.php?id=100049723587139\" \/>\n<meta property=\"article:modified_time\" content=\"2026-03-23T19:57:41+00:00\" \/>\n<meta property=\"og:image\" content=\"https:\/\/fitnessmarketdz.net\/wp-content\/uploads\/2024\/01\/tapis-de-course-kettler-track-s4-min.png\" \/>\n\t<meta property=\"og:image:width\" content=\"740\" \/>\n\t<meta property=\"og:image:height\" content=\"592\" \/>\n\t<meta property=\"og:image:type\" content=\"image\/png\" \/>\n<meta name=\"twitter:card\" content=\"summary_large_image\" \/>\n<meta name=\"twitter:label1\" content=\"Dur\u00e9e de lecture estim\u00e9e\" \/>\n\t<meta name=\"twitter:data1\" content=\"3 minutes\" \/>\n<script type=\"application\/ld+json\" class=\"yoast-schema-graph\">{\"@context\":\"https:\\\/\\\/schema.org\",\"@graph\":[{\"@type\":\"WebPage\",\"@id\":\"https:\\\/\\\/fitnessmarketdz.net\\\/index.php\\\/product\\\/tapis-roulant-track-s4\\\/\",\"url\":\"https:\\\/\\\/fitnessmarketdz.net\\\/index.php\\\/product\\\/tapis-roulant-track-s4\\\/\",\"name\":\"Tapis Roulant Track s4\",\"isPartOf\":{\"@id\":\"https:\\\/\\\/fitnessmarketdz.net\\\/#website\"},\"primaryImageOfPage\":{\"@id\":\"https:\\\/\\\/fitnessmarketdz.net\\\/index.php\\\/product\\\/tapis-roulant-track-s4\\\/#primaryimage\"},\"image\":{\"@id\":\"https:\\\/\\\/fitnessmarketdz.net\\\/index.php\\\/product\\\/tapis-roulant-track-s4\\\/#primaryimage\"},\"thumbnailUrl\":\"https:\\\/\\\/fitnessmarketdz.net\\\/wp-content\\\/uploads\\\/2024\\\/01\\\/tapis-de-course-kettler-track-s4-min.png\",\"datePublished\":\"2024-01-24T14:48:46+00:00\",\"dateModified\":\"2026-03-23T19:57:41+00:00\",\"description\":\"Acheter Tapis Roulant Track s4 Au Meilleur Prix En Alg\u00e9rie Chez Fitness Market 020 28 39 08, Repr\u00e9sentant Officiel Kettler Alg\u00e9rie, Proform .\",\"breadcrumb\":{\"@id\":\"https:\\\/\\\/fitnessmarketdz.net\\\/index.php\\\/product\\\/tapis-roulant-track-s4\\\/#breadcrumb\"},\"inLanguage\":\"fr-FR\",\"potentialAction\":[{\"@type\":\"ReadAction\",\"target\":[\"https:\\\/\\\/fitnessmarketdz.net\\\/index.php\\\/product\\\/tapis-roulant-track-s4\\\/\"]}]},{\"@type\":\"ImageObject\",\"inLanguage\":\"fr-FR\",\"@id\":\"https:\\\/\\\/fitnessmarketdz.net\\\/index.php\\\/product\\\/tapis-roulant-track-s4\\\/#primaryimage\",\"url\":\"https:\\\/\\\/fitnessmarketdz.net\\\/wp-content\\\/uploads\\\/2024\\\/01\\\/tapis-de-course-kettler-track-s4-min.png\",\"contentUrl\":\"https:\\\/\\\/fitnessmarketdz.net\\\/wp-content\\\/uploads\\\/2024\\\/01\\\/tapis-de-course-kettler-track-s4-min.png\",\"width\":740,\"height\":592},{\"@type\":\"BreadcrumbList\",\"@id\":\"https:\\\/\\\/fitnessmarketdz.net\\\/index.php\\\/product\\\/tapis-roulant-track-s4\\\/#breadcrumb\",\"itemListElement\":[{\"@type\":\"ListItem\",\"position\":1,\"name\":\"Accueil\",\"item\":\"https:\\\/\\\/fitnessmarketdz.net\\\/\"},{\"@type\":\"ListItem\",\"position\":2,\"name\":\"Boutique\",\"item\":\"https:\\\/\\\/fitnessmarketdz.net\\\/index.php\\\/boutique-fitness-market-algeria\\\/\"},{\"@type\":\"ListItem\",\"position\":3,\"name\":\"Tapis Roulant Track s4\"}]},{\"@type\":\"WebSite\",\"@id\":\"https:\\\/\\\/fitnessmarketdz.net\\\/#website\",\"url\":\"https:\\\/\\\/fitnessmarketdz.net\\\/\",\"name\":\"Fitness Market DZ\",\"description\":\"Votre Partenaire de Fitness en Salle et \u00e0 Domicile\",\"publisher\":{\"@id\":\"https:\\\/\\\/fitnessmarketdz.net\\\/#organization\"},\"potentialAction\":[{\"@type\":\"SearchAction\",\"target\":{\"@type\":\"EntryPoint\",\"urlTemplate\":\"https:\\\/\\\/fitnessmarketdz.net\\\/?s={search_term_string}\"},\"query-input\":{\"@type\":\"PropertyValueSpecification\",\"valueRequired\":true,\"valueName\":\"search_term_string\"}}],\"inLanguage\":\"fr-FR\"},{\"@type\":\"Organization\",\"@id\":\"https:\\\/\\\/fitnessmarketdz.net\\\/#organization\",\"name\":\"Fitness Market DZ\",\"url\":\"https:\\\/\\\/fitnessmarketdz.net\\\/\",\"logo\":{\"@type\":\"ImageObject\",\"inLanguage\":\"fr-FR\",\"@id\":\"https:\\\/\\\/fitnessmarketdz.net\\\/#\\\/schema\\\/logo\\\/image\\\/\",\"url\":\"https:\\\/\\\/fitnessmarketdz.net\\\/wp-content\\\/uploads\\\/2024\\\/01\\\/Logo-Fitness-Market.svg\",\"contentUrl\":\"https:\\\/\\\/fitnessmarketdz.net\\\/wp-content\\\/uploads\\\/2024\\\/01\\\/Logo-Fitness-Market.svg\",\"width\":5181,\"height\":2572,\"caption\":\"Fitness Market DZ\"},\"image\":{\"@id\":\"https:\\\/\\\/fitnessmarketdz.net\\\/#\\\/schema\\\/logo\\\/image\\\/\"},\"sameAs\":[\"https:\\\/\\\/www.facebook.com\\\/profile.php?id=100049723587139\",\"https:\\\/\\\/www.instagram.com\\\/fitness.market.algeria\\\/\"]}]}<\/script>\n<!-- \/ Yoast SEO plugin. -->","yoast_head_json":{"title":"Tapis Roulant Track s4","description":"Acheter Tapis Roulant Track s4 Au Meilleur Prix En Alg\u00e9rie Chez Fitness Market 020 28 39 08, Repr\u00e9sentant Officiel Kettler Alg\u00e9rie, Proform .","robots":{"index":"index","follow":"follow","max-snippet":"max-snippet:-1","max-image-preview":"max-image-preview:large","max-video-preview":"max-video-preview:-1"},"canonical":"https:\/\/fitnessmarketdz.net\/index.php\/product\/tapis-roulant-track-s4\/","og_locale":"fr_FR","og_type":"article","og_title":"Tapis Roulant Track s4","og_description":"Acheter Tapis Roulant Track s4 Au Meilleur Prix En Alg\u00e9rie Chez Fitness Market 020 28 39 08, Repr\u00e9sentant Officiel Kettler Alg\u00e9rie, Proform .","og_url":"https:\/\/fitnessmarketdz.net\/index.php\/product\/tapis-roulant-track-s4\/","og_site_name":"Fitness Market DZ","article_publisher":"https:\/\/www.facebook.com\/profile.php?id=100049723587139","article_modified_time":"2026-03-23T19:57:41+00:00","og_image":[{"width":740,"height":592,"url":"https:\/\/fitnessmarketdz.net\/wp-content\/uploads\/2024\/01\/tapis-de-course-kettler-track-s4-min.png","type":"image\/png"}],"twitter_card":"summary_large_image","twitter_misc":{"Dur\u00e9e de lecture estim\u00e9e":"3 minutes"},"schema":{"@context":"https:\/\/schema.org","@graph":[{"@type":"WebPage","@id":"https:\/\/fitnessmarketdz.net\/index.php\/product\/tapis-roulant-track-s4\/","url":"https:\/\/fitnessmarketdz.net\/index.php\/product\/tapis-roulant-track-s4\/","name":"Tapis Roulant Track s4","isPartOf":{"@id":"https:\/\/fitnessmarketdz.net\/#website"},"primaryImageOfPage":{"@id":"https:\/\/fitnessmarketdz.net\/index.php\/product\/tapis-roulant-track-s4\/#primaryimage"},"image":{"@id":"https:\/\/fitnessmarketdz.net\/index.php\/product\/tapis-roulant-track-s4\/#primaryimage"},"thumbnailUrl":"https:\/\/fitnessmarketdz.net\/wp-content\/uploads\/2024\/01\/tapis-de-course-kettler-track-s4-min.png","datePublished":"2024-01-24T14:48:46+00:00","dateModified":"2026-03-23T19:57:41+00:00","description":"Acheter Tapis Roulant Track s4 Au Meilleur Prix En Alg\u00e9rie Chez Fitness Market 020 28 39 08, Repr\u00e9sentant Officiel Kettler Alg\u00e9rie, Proform .","breadcrumb":{"@id":"https:\/\/fitnessmarketdz.net\/index.php\/product\/tapis-roulant-track-s4\/#breadcrumb"},"inLanguage":"fr-FR","potentialAction":[{"@type":"ReadAction","target":["https:\/\/fitnessmarketdz.net\/index.php\/product\/tapis-roulant-track-s4\/"]}]},{"@type":"ImageObject","inLanguage":"fr-FR","@id":"https:\/\/fitnessmarketdz.net\/index.php\/product\/tapis-roulant-track-s4\/#primaryimage","url":"https:\/\/fitnessmarketdz.net\/wp-content\/uploads\/2024\/01\/tapis-de-course-kettler-track-s4-min.png","contentUrl":"https:\/\/fitnessmarketdz.net\/wp-content\/uploads\/2024\/01\/tapis-de-course-kettler-track-s4-min.png","width":740,"height":592},{"@type":"BreadcrumbList","@id":"https:\/\/fitnessmarketdz.net\/index.php\/product\/tapis-roulant-track-s4\/#breadcrumb","itemListElement":[{"@type":"ListItem","position":1,"name":"Accueil","item":"https:\/\/fitnessmarketdz.net\/"},{"@type":"ListItem","position":2,"name":"Boutique","item":"https:\/\/fitnessmarketdz.net\/index.php\/boutique-fitness-market-algeria\/"},{"@type":"ListItem","position":3,"name":"Tapis Roulant Track s4"}]},{"@type":"WebSite","@id":"https:\/\/fitnessmarketdz.net\/#website","url":"https:\/\/fitnessmarketdz.net\/","name":"Fitness Market DZ","description":"Votre Partenaire de Fitness en Salle et \u00e0 Domicile","publisher":{"@id":"https:\/\/fitnessmarketdz.net\/#organization"},"potentialAction":[{"@type":"SearchAction","target":{"@type":"EntryPoint","urlTemplate":"https:\/\/fitnessmarketdz.net\/?s={search_term_string}"},"query-input":{"@type":"PropertyValueSpecification","valueRequired":true,"valueName":"search_term_string"}}],"inLanguage":"fr-FR"},{"@type":"Organization","@id":"https:\/\/fitnessmarketdz.net\/#organization","name":"Fitness Market DZ","url":"https:\/\/fitnessmarketdz.net\/","logo":{"@type":"ImageObject","inLanguage":"fr-FR","@id":"https:\/\/fitnessmarketdz.net\/#\/schema\/logo\/image\/","url":"https:\/\/fitnessmarketdz.net\/wp-content\/uploads\/2024\/01\/Logo-Fitness-Market.svg","contentUrl":"https:\/\/fitnessmarketdz.net\/wp-content\/uploads\/2024\/01\/Logo-Fitness-Market.svg","width":5181,"height":2572,"caption":"Fitness Market DZ"},"image":{"@id":"https:\/\/fitnessmarketdz.net\/#\/schema\/logo\/image\/"},"sameAs":["https:\/\/www.facebook.com\/profile.php?id=100049723587139","https:\/\/www.instagram.com\/fitness.market.algeria\/"]}]}},"jetpack_sharing_enabled":true,"_links":{"self":[{"href":"https:\/\/fitnessmarketdz.net\/index.php\/wp-json\/wp\/v2\/product\/143","targetHints":{"allow":["GET"]}}],"collection":[{"href":"https:\/\/fitnessmarketdz.net\/index.php\/wp-json\/wp\/v2\/product"}],"about":[{"href":"https:\/\/fitnessmarketdz.net\/index.php\/wp-json\/wp\/v2\/types\/product"}],"version-history":[{"count":2,"href":"https:\/\/fitnessmarketdz.net\/index.php\/wp-json\/wp\/v2\/product\/143\/revisions"}],"predecessor-version":[{"id":11768,"href":"https:\/\/fitnessmarketdz.net\/index.php\/wp-json\/wp\/v2\/product\/143\/revisions\/11768"}],"wp:featuredmedia":[{"embeddable":true,"href":"https:\/\/fitnessmarketdz.net\/index.php\/wp-json\/wp\/v2\/media\/235"}],"wp:attachment":[{"href":"https:\/\/fitnessmarketdz.net\/index.php\/wp-json\/wp\/v2\/media?parent=143"}],"wp:term":[{"taxonomy":"product_brand","embeddable":true,"href":"https:\/\/fitnessmarketdz.net\/index.php\/wp-json\/wp\/v2\/product_brand?post=143"},{"taxonomy":"product_cat","embeddable":true,"href":"https:\/\/fitnessmarketdz.net\/index.php\/wp-json\/wp\/v2\/product_cat?post=143"},{"taxonomy":"product_tag","embeddable":true,"href":"https:\/\/fitnessmarketdz.net\/index.php\/wp-json\/wp\/v2\/product_tag?post=143"}],"curies":[{"name":"wp","href":"https:\/\/api.w.org\/{rel}","templated":true}]}}