{"id":13515,"date":"2026-03-23T23:37:03","date_gmt":"2026-03-23T22:37:03","guid":{"rendered":"https:\/\/fitnessmarketdz.net\/?post_type=product&#038;p=13515"},"modified":"2026-03-23T23:46:45","modified_gmt":"2026-03-23T22:46:45","slug":"tapis-de-course-columbia","status":"publish","type":"product","link":"https:\/\/fitnessmarketdz.net\/index.php\/product\/tapis-de-course-columbia\/","title":{"rendered":"TAPIS DE COURSE COLUMBIA"},"content":{"rendered":"<h3>Tapis de Course Motoris\u00e9 Columbia<\/h3>\n<p data-start=\"154\" data-end=\"395\">Le\u00a0<strong data-start=\"157\" data-end=\"194\">tapis de course motoris\u00e9 Columbia<\/strong>\u00a0est con\u00e7u pour offrir un entra\u00eenement cardio performant et confortable \u00e0 domicile. Gr\u00e2ce \u00e0 son\u00a0<strong data-start=\"290\" data-end=\"316\">moteur DC 2.5 HP (Pic)<\/strong>, il garantit une course fluide et stable pour tous les niveaux d\u2019entra\u00eenement.<\/p>\n<p data-start=\"397\" data-end=\"684\">Sa\u00a0<strong data-start=\"400\" data-end=\"437\">vitesse r\u00e9glable de 0,8 \u00e0 18 km\/h<\/strong>\u00a0permet aussi bien la marche rapide que la course intensive. De plus, l\u2019<strong data-start=\"509\" data-end=\"546\">inclinaison motoris\u00e9e de 0 \u00e0 15 %<\/strong>\u00a0augmente l\u2019intensit\u00e9 de l\u2019effort et permet de simuler la course en mont\u00e9e pour am\u00e9liorer l\u2019endurance et renforcer les muscles des jambes.<\/p>\n<p data-start=\"686\" data-end=\"990\">Le tapis est \u00e9quip\u00e9 d\u2019un\u00a0<strong data-start=\"711\" data-end=\"744\">grand \u00e9cran LCD noir et blanc<\/strong>\u00a0qui affiche clairement toutes les informations importantes comme\u00a0<strong data-start=\"810\" data-end=\"904\">le temps, la distance, la vitesse, les calories, l\u2019inclinaison, les pulsations et l\u2019allure<\/strong>. Ainsi, l\u2019utilisateur peut suivre facilement ses performances pendant l\u2019entra\u00eenement.<\/p>\n<p data-start=\"992\" data-end=\"1215\">Le\u00a0<strong data-start=\"995\" data-end=\"1007\">Columbia<\/strong>\u00a0propose\u00a0<strong data-start=\"1016\" data-end=\"1059\">12 programmes d\u2019entra\u00eenement pr\u00e9d\u00e9finis<\/strong>, un\u00a0<strong data-start=\"1064\" data-end=\"1080\">programme HR<\/strong>, ainsi que des\u00a0<strong data-start=\"1096\" data-end=\"1151\">raccourcis rapides pour la vitesse et l\u2019inclinaison<\/strong>, permettant d\u2019ajuster rapidement l\u2019intensit\u00e9 pendant la s\u00e9ance.<\/p>\n<p data-start=\"1217\" data-end=\"1405\">Sa\u00a0<strong data-start=\"1220\" data-end=\"1256\">surface de course de 130 x 46 cm<\/strong>\u00a0offre un espace confortable pour une foul\u00e9e naturelle. De plus, sa\u00a0<strong data-start=\"1324\" data-end=\"1345\">structure pliable<\/strong>\u00a0permet un rangement facile et un gain de place \u00e0 la maison.<\/p>\n<p data-start=\"1407\" data-end=\"1712\">Le tapis dispose \u00e9galement d\u2019une\u00a0<strong data-start=\"1440\" data-end=\"1516\">connectivit\u00e9 Bluetooth compatible avec les applications Zwift et Kinomap<\/strong>, ainsi que du\u00a0<strong data-start=\"1531\" data-end=\"1586\">partage audio Bluetooth avec haut-parleurs int\u00e9gr\u00e9s<\/strong>. Il est aussi \u00e9quip\u00e9 d\u2019un\u00a0<strong data-start=\"1613\" data-end=\"1642\">port USB pour la recharge<\/strong>\u00a0et est compatible avec\u00a0<strong data-start=\"1666\" data-end=\"1711\">r\u00e9cepteur de fr\u00e9quence cardiaque sans fil<\/strong>.<\/p>\n<h1 data-start=\"2002\" data-end=\"2034\">Caract\u00e9ristiques techniques<\/h1>\n<ul data-start=\"2049\" data-end=\"2380\">\n<li data-start=\"2115\" data-end=\"2147\">\n<p data-start=\"2117\" data-end=\"2147\"><strong data-start=\"2117\" data-end=\"2127\">Moteur<\/strong>\u00a0: DC 2.5 HP (Pic)<\/p>\n<\/li>\n<li data-start=\"2148\" data-end=\"2179\">\n<p data-start=\"2150\" data-end=\"2179\"><strong data-start=\"2150\" data-end=\"2161\">Vitesse<\/strong>\u00a0: 0,8 \u00e0 18 km\/h<\/p>\n<\/li>\n<li data-start=\"2180\" data-end=\"2220\">\n<p data-start=\"2182\" data-end=\"2220\"><strong data-start=\"2182\" data-end=\"2197\">Inclinaison<\/strong>\u00a0: Motoris\u00e9e 0 \u00e0 15 %<\/p>\n<\/li>\n<li data-start=\"2221\" data-end=\"2341\">\n<p data-start=\"2223\" data-end=\"2241\"><strong data-start=\"2223\" data-end=\"2237\">Programmes<\/strong>\u00a0:<\/p>\n<ul data-start=\"2244\" data-end=\"2341\">\n<li data-start=\"2244\" data-end=\"2272\">\n<p data-start=\"2246\" data-end=\"2272\">12 programmes pr\u00e9d\u00e9finis<\/p>\n<\/li>\n<li data-start=\"2275\" data-end=\"2293\">\n<p data-start=\"2277\" data-end=\"2293\">1 programme HR<\/p>\n<\/li>\n<li data-start=\"2296\" data-end=\"2341\">\n<p data-start=\"2298\" data-end=\"2341\">Raccourcis rapides vitesse et inclinaison<\/p>\n<\/li>\n<\/ul>\n<\/li>\n<li data-start=\"2342\" data-end=\"2380\">\n<p data-start=\"2344\" data-end=\"2380\"><strong data-start=\"2344\" data-end=\"2369\">Poids utilisateur max<\/strong>\u00a0: 120 kg<\/p>\n<\/li>\n<li data-start=\"2410\" data-end=\"2446\">\n<p data-start=\"2412\" data-end=\"2446\"><strong data-start=\"2412\" data-end=\"2430\">Zone de course<\/strong>\u00a0: 130 x 46 cm<\/p>\n<\/li>\n<li data-start=\"2410\" data-end=\"2446\">Grand \u00e9cran\u00a0<strong data-start=\"2480\" data-end=\"2501\">LCD noir et blanc<\/strong><\/li>\n<li data-start=\"2860\" data-end=\"2900\">\n<p data-start=\"2862\" data-end=\"2900\"><strong data-start=\"2862\" data-end=\"2876\">Dimensions<\/strong>\u00a0: 159.5 x 80 x 146 cm<\/p>\n<\/li>\n<li data-start=\"2901\" data-end=\"2922\">\n<p data-start=\"2903\" data-end=\"2922\"><strong data-start=\"2903\" data-end=\"2912\">Poids<\/strong>\u00a0: 70 kg<\/p>\n<\/li>\n<li data-start=\"2923\" data-end=\"2944\">\n<p data-start=\"2925\" data-end=\"2944\"><strong data-start=\"2925\" data-end=\"2936\">Pliable<\/strong>\u00a0: Oui<\/p>\n<\/li>\n<li data-start=\"2923\" data-end=\"2944\">\n<h3 data-start=\"2644\" data-end=\"2660\">Connectivit\u00e9<\/h3>\n<ul data-start=\"2662\" data-end=\"2828\">\n<li data-start=\"2662\" data-end=\"2700\">\n<p data-start=\"2664\" data-end=\"2700\">Bluetooth APP (<strong data-start=\"2679\" data-end=\"2697\">Zwift, Kinomap<\/strong>)<\/p>\n<\/li>\n<li data-start=\"2701\" data-end=\"2745\">\n<p data-start=\"2703\" data-end=\"2745\">Bluetooth Audio (haut-parleurs int\u00e9gr\u00e9s)<\/p>\n<\/li>\n<li data-start=\"2746\" data-end=\"2774\">\n<p data-start=\"2748\" data-end=\"2774\">Port\u00a0<strong data-start=\"2753\" data-end=\"2772\">USB de recharge<\/strong><\/p>\n<\/li>\n<li data-start=\"2775\" data-end=\"2828\">\n<p data-start=\"2777\" data-end=\"2828\">Compatible r\u00e9cepteur fr\u00e9quence cardiaque sans fil<\/p>\n<\/li>\n<\/ul>\n<\/li>\n<\/ul>\n","protected":false},"excerpt":{"rendered":"<p>Tapis de Course Motoris\u00e9 Columbia Le\u00a0tapis de course motoris\u00e9 Columbia\u00a0est con\u00e7u pour offrir un entra\u00eenement cardio performant et confortable \u00e0<\/p>\n","protected":false},"featured_media":13516,"template":"","meta":{"om_disable_all_campaigns":false},"product_brand":[763],"product_cat":[746,630],"product_tag":[751,743,739,742,740],"class_list":{"0":"post-13515","1":"product","2":"type-product","3":"status-publish","4":"has-post-thumbnail","6":"product_brand-profitness","7":"product_cat-axion","8":"product_cat-fitness","9":"product_tag-axion","10":"product_tag-cardio","11":"product_tag-tapis-de-course","12":"product_tag-tapis-roulant","13":"product_tag-treadmill","14":"product_shipping_class-heavy","16":"first","17":"instock","18":"taxable","19":"shipping-taxable","20":"purchasable","21":"product-type-simple"},"yoast_head":"<!-- This site is optimized with the Yoast SEO plugin v27.3 - https:\/\/yoast.com\/product\/yoast-seo-wordpress\/ -->\n<title>TAPIS DE COURSE COLUMBIA - Fitness Market DZ<\/title>\n<meta name=\"description\" content=\"Acheter TAPIS DE COURSE COLUMBIA Au Meilleur Prix En Alg\u00e9rie Chez Fitness Market 020 28 39 08, Repr\u00e9sentant Officiel Kettler Alg\u00e9rie, Proform, NordicTrack.\" \/>\n<meta name=\"robots\" content=\"index, follow, max-snippet:-1, max-image-preview:large, max-video-preview:-1\" \/>\n<link rel=\"canonical\" href=\"https:\/\/fitnessmarketdz.net\/index.php\/product\/tapis-de-course-columbia\/\" \/>\n<meta property=\"og:locale\" content=\"fr_FR\" \/>\n<meta property=\"og:type\" content=\"article\" \/>\n<meta property=\"og:title\" content=\"TAPIS DE COURSE COLUMBIA - Fitness Market DZ\" \/>\n<meta property=\"og:description\" content=\"Acheter TAPIS DE COURSE COLUMBIA Au Meilleur Prix En Alg\u00e9rie Chez Fitness Market 020 28 39 08, Repr\u00e9sentant Officiel Kettler Alg\u00e9rie, Proform, NordicTrack.\" \/>\n<meta property=\"og:url\" content=\"https:\/\/fitnessmarketdz.net\/index.php\/product\/tapis-de-course-columbia\/\" \/>\n<meta property=\"og:site_name\" content=\"Fitness Market DZ\" \/>\n<meta property=\"article:publisher\" content=\"https:\/\/www.facebook.com\/profile.php?id=100049723587139\" \/>\n<meta property=\"article:modified_time\" content=\"2026-03-23T22:46:45+00:00\" \/>\n<meta property=\"og:image\" content=\"https:\/\/fitnessmarketdz.net\/wp-content\/uploads\/2026\/03\/WhatsApp-Image-2026-03-23-at-23.34.02d.jpeg\" \/>\n\t<meta property=\"og:image:width\" content=\"1024\" \/>\n\t<meta property=\"og:image:height\" content=\"1024\" \/>\n\t<meta property=\"og:image:type\" content=\"image\/jpeg\" \/>\n<meta name=\"twitter:card\" content=\"summary_large_image\" \/>\n<meta name=\"twitter:label1\" content=\"Dur\u00e9e de lecture estim\u00e9e\" \/>\n\t<meta name=\"twitter:data1\" content=\"2 minutes\" \/>\n<script type=\"application\/ld+json\" class=\"yoast-schema-graph\">{\"@context\":\"https:\\\/\\\/schema.org\",\"@graph\":[{\"@type\":\"WebPage\",\"@id\":\"https:\\\/\\\/fitnessmarketdz.net\\\/index.php\\\/product\\\/tapis-de-course-columbia\\\/\",\"url\":\"https:\\\/\\\/fitnessmarketdz.net\\\/index.php\\\/product\\\/tapis-de-course-columbia\\\/\",\"name\":\"TAPIS DE COURSE COLUMBIA - Fitness Market DZ\",\"isPartOf\":{\"@id\":\"https:\\\/\\\/fitnessmarketdz.net\\\/#website\"},\"primaryImageOfPage\":{\"@id\":\"https:\\\/\\\/fitnessmarketdz.net\\\/index.php\\\/product\\\/tapis-de-course-columbia\\\/#primaryimage\"},\"image\":{\"@id\":\"https:\\\/\\\/fitnessmarketdz.net\\\/index.php\\\/product\\\/tapis-de-course-columbia\\\/#primaryimage\"},\"thumbnailUrl\":\"https:\\\/\\\/fitnessmarketdz.net\\\/wp-content\\\/uploads\\\/2026\\\/03\\\/WhatsApp-Image-2026-03-23-at-23.34.02d.jpeg\",\"datePublished\":\"2026-03-23T22:37:03+00:00\",\"dateModified\":\"2026-03-23T22:46:45+00:00\",\"description\":\"Acheter TAPIS DE COURSE COLUMBIA Au Meilleur Prix En Alg\u00e9rie Chez Fitness Market 020 28 39 08, Repr\u00e9sentant Officiel Kettler Alg\u00e9rie, Proform, NordicTrack.\",\"breadcrumb\":{\"@id\":\"https:\\\/\\\/fitnessmarketdz.net\\\/index.php\\\/product\\\/tapis-de-course-columbia\\\/#breadcrumb\"},\"inLanguage\":\"fr-FR\",\"potentialAction\":[{\"@type\":\"ReadAction\",\"target\":[\"https:\\\/\\\/fitnessmarketdz.net\\\/index.php\\\/product\\\/tapis-de-course-columbia\\\/\"]}]},{\"@type\":\"ImageObject\",\"inLanguage\":\"fr-FR\",\"@id\":\"https:\\\/\\\/fitnessmarketdz.net\\\/index.php\\\/product\\\/tapis-de-course-columbia\\\/#primaryimage\",\"url\":\"https:\\\/\\\/fitnessmarketdz.net\\\/wp-content\\\/uploads\\\/2026\\\/03\\\/WhatsApp-Image-2026-03-23-at-23.34.02d.jpeg\",\"contentUrl\":\"https:\\\/\\\/fitnessmarketdz.net\\\/wp-content\\\/uploads\\\/2026\\\/03\\\/WhatsApp-Image-2026-03-23-at-23.34.02d.jpeg\",\"width\":1024,\"height\":1024},{\"@type\":\"BreadcrumbList\",\"@id\":\"https:\\\/\\\/fitnessmarketdz.net\\\/index.php\\\/product\\\/tapis-de-course-columbia\\\/#breadcrumb\",\"itemListElement\":[{\"@type\":\"ListItem\",\"position\":1,\"name\":\"Accueil\",\"item\":\"https:\\\/\\\/fitnessmarketdz.net\\\/\"},{\"@type\":\"ListItem\",\"position\":2,\"name\":\"Boutique\",\"item\":\"https:\\\/\\\/fitnessmarketdz.net\\\/index.php\\\/boutique-fitness-market-algeria\\\/\"},{\"@type\":\"ListItem\",\"position\":3,\"name\":\"TAPIS DE COURSE COLUMBIA\"}]},{\"@type\":\"WebSite\",\"@id\":\"https:\\\/\\\/fitnessmarketdz.net\\\/#website\",\"url\":\"https:\\\/\\\/fitnessmarketdz.net\\\/\",\"name\":\"Fitness Market DZ\",\"description\":\"Votre Partenaire de Fitness en Salle et \u00e0 Domicile\",\"publisher\":{\"@id\":\"https:\\\/\\\/fitnessmarketdz.net\\\/#organization\"},\"potentialAction\":[{\"@type\":\"SearchAction\",\"target\":{\"@type\":\"EntryPoint\",\"urlTemplate\":\"https:\\\/\\\/fitnessmarketdz.net\\\/?s={search_term_string}\"},\"query-input\":{\"@type\":\"PropertyValueSpecification\",\"valueRequired\":true,\"valueName\":\"search_term_string\"}}],\"inLanguage\":\"fr-FR\"},{\"@type\":\"Organization\",\"@id\":\"https:\\\/\\\/fitnessmarketdz.net\\\/#organization\",\"name\":\"Fitness Market DZ\",\"url\":\"https:\\\/\\\/fitnessmarketdz.net\\\/\",\"logo\":{\"@type\":\"ImageObject\",\"inLanguage\":\"fr-FR\",\"@id\":\"https:\\\/\\\/fitnessmarketdz.net\\\/#\\\/schema\\\/logo\\\/image\\\/\",\"url\":\"https:\\\/\\\/fitnessmarketdz.net\\\/wp-content\\\/uploads\\\/2024\\\/01\\\/Logo-Fitness-Market.svg\",\"contentUrl\":\"https:\\\/\\\/fitnessmarketdz.net\\\/wp-content\\\/uploads\\\/2024\\\/01\\\/Logo-Fitness-Market.svg\",\"width\":5181,\"height\":2572,\"caption\":\"Fitness Market DZ\"},\"image\":{\"@id\":\"https:\\\/\\\/fitnessmarketdz.net\\\/#\\\/schema\\\/logo\\\/image\\\/\"},\"sameAs\":[\"https:\\\/\\\/www.facebook.com\\\/profile.php?id=100049723587139\",\"https:\\\/\\\/www.instagram.com\\\/fitness.market.algeria\\\/\"]}]}<\/script>\n<!-- \/ Yoast SEO plugin. -->","yoast_head_json":{"title":"TAPIS DE COURSE COLUMBIA - Fitness Market DZ","description":"Acheter TAPIS DE COURSE COLUMBIA Au Meilleur Prix En Alg\u00e9rie Chez Fitness Market 020 28 39 08, Repr\u00e9sentant Officiel Kettler Alg\u00e9rie, Proform, NordicTrack.","robots":{"index":"index","follow":"follow","max-snippet":"max-snippet:-1","max-image-preview":"max-image-preview:large","max-video-preview":"max-video-preview:-1"},"canonical":"https:\/\/fitnessmarketdz.net\/index.php\/product\/tapis-de-course-columbia\/","og_locale":"fr_FR","og_type":"article","og_title":"TAPIS DE COURSE COLUMBIA - Fitness Market DZ","og_description":"Acheter TAPIS DE COURSE COLUMBIA Au Meilleur Prix En Alg\u00e9rie Chez Fitness Market 020 28 39 08, Repr\u00e9sentant Officiel Kettler Alg\u00e9rie, Proform, NordicTrack.","og_url":"https:\/\/fitnessmarketdz.net\/index.php\/product\/tapis-de-course-columbia\/","og_site_name":"Fitness Market DZ","article_publisher":"https:\/\/www.facebook.com\/profile.php?id=100049723587139","article_modified_time":"2026-03-23T22:46:45+00:00","og_image":[{"width":1024,"height":1024,"url":"https:\/\/fitnessmarketdz.net\/wp-content\/uploads\/2026\/03\/WhatsApp-Image-2026-03-23-at-23.34.02d.jpeg","type":"image\/jpeg"}],"twitter_card":"summary_large_image","twitter_misc":{"Dur\u00e9e de lecture estim\u00e9e":"2 minutes"},"schema":{"@context":"https:\/\/schema.org","@graph":[{"@type":"WebPage","@id":"https:\/\/fitnessmarketdz.net\/index.php\/product\/tapis-de-course-columbia\/","url":"https:\/\/fitnessmarketdz.net\/index.php\/product\/tapis-de-course-columbia\/","name":"TAPIS DE COURSE COLUMBIA - Fitness Market DZ","isPartOf":{"@id":"https:\/\/fitnessmarketdz.net\/#website"},"primaryImageOfPage":{"@id":"https:\/\/fitnessmarketdz.net\/index.php\/product\/tapis-de-course-columbia\/#primaryimage"},"image":{"@id":"https:\/\/fitnessmarketdz.net\/index.php\/product\/tapis-de-course-columbia\/#primaryimage"},"thumbnailUrl":"https:\/\/fitnessmarketdz.net\/wp-content\/uploads\/2026\/03\/WhatsApp-Image-2026-03-23-at-23.34.02d.jpeg","datePublished":"2026-03-23T22:37:03+00:00","dateModified":"2026-03-23T22:46:45+00:00","description":"Acheter TAPIS DE COURSE COLUMBIA Au Meilleur Prix En Alg\u00e9rie Chez Fitness Market 020 28 39 08, Repr\u00e9sentant Officiel Kettler Alg\u00e9rie, Proform, NordicTrack.","breadcrumb":{"@id":"https:\/\/fitnessmarketdz.net\/index.php\/product\/tapis-de-course-columbia\/#breadcrumb"},"inLanguage":"fr-FR","potentialAction":[{"@type":"ReadAction","target":["https:\/\/fitnessmarketdz.net\/index.php\/product\/tapis-de-course-columbia\/"]}]},{"@type":"ImageObject","inLanguage":"fr-FR","@id":"https:\/\/fitnessmarketdz.net\/index.php\/product\/tapis-de-course-columbia\/#primaryimage","url":"https:\/\/fitnessmarketdz.net\/wp-content\/uploads\/2026\/03\/WhatsApp-Image-2026-03-23-at-23.34.02d.jpeg","contentUrl":"https:\/\/fitnessmarketdz.net\/wp-content\/uploads\/2026\/03\/WhatsApp-Image-2026-03-23-at-23.34.02d.jpeg","width":1024,"height":1024},{"@type":"BreadcrumbList","@id":"https:\/\/fitnessmarketdz.net\/index.php\/product\/tapis-de-course-columbia\/#breadcrumb","itemListElement":[{"@type":"ListItem","position":1,"name":"Accueil","item":"https:\/\/fitnessmarketdz.net\/"},{"@type":"ListItem","position":2,"name":"Boutique","item":"https:\/\/fitnessmarketdz.net\/index.php\/boutique-fitness-market-algeria\/"},{"@type":"ListItem","position":3,"name":"TAPIS DE COURSE COLUMBIA"}]},{"@type":"WebSite","@id":"https:\/\/fitnessmarketdz.net\/#website","url":"https:\/\/fitnessmarketdz.net\/","name":"Fitness Market DZ","description":"Votre Partenaire de Fitness en Salle et \u00e0 Domicile","publisher":{"@id":"https:\/\/fitnessmarketdz.net\/#organization"},"potentialAction":[{"@type":"SearchAction","target":{"@type":"EntryPoint","urlTemplate":"https:\/\/fitnessmarketdz.net\/?s={search_term_string}"},"query-input":{"@type":"PropertyValueSpecification","valueRequired":true,"valueName":"search_term_string"}}],"inLanguage":"fr-FR"},{"@type":"Organization","@id":"https:\/\/fitnessmarketdz.net\/#organization","name":"Fitness Market DZ","url":"https:\/\/fitnessmarketdz.net\/","logo":{"@type":"ImageObject","inLanguage":"fr-FR","@id":"https:\/\/fitnessmarketdz.net\/#\/schema\/logo\/image\/","url":"https:\/\/fitnessmarketdz.net\/wp-content\/uploads\/2024\/01\/Logo-Fitness-Market.svg","contentUrl":"https:\/\/fitnessmarketdz.net\/wp-content\/uploads\/2024\/01\/Logo-Fitness-Market.svg","width":5181,"height":2572,"caption":"Fitness Market DZ"},"image":{"@id":"https:\/\/fitnessmarketdz.net\/#\/schema\/logo\/image\/"},"sameAs":["https:\/\/www.facebook.com\/profile.php?id=100049723587139","https:\/\/www.instagram.com\/fitness.market.algeria\/"]}]}},"jetpack_sharing_enabled":true,"_links":{"self":[{"href":"https:\/\/fitnessmarketdz.net\/index.php\/wp-json\/wp\/v2\/product\/13515","targetHints":{"allow":["GET"]}}],"collection":[{"href":"https:\/\/fitnessmarketdz.net\/index.php\/wp-json\/wp\/v2\/product"}],"about":[{"href":"https:\/\/fitnessmarketdz.net\/index.php\/wp-json\/wp\/v2\/types\/product"}],"version-history":[{"count":2,"href":"https:\/\/fitnessmarketdz.net\/index.php\/wp-json\/wp\/v2\/product\/13515\/revisions"}],"predecessor-version":[{"id":13522,"href":"https:\/\/fitnessmarketdz.net\/index.php\/wp-json\/wp\/v2\/product\/13515\/revisions\/13522"}],"wp:featuredmedia":[{"embeddable":true,"href":"https:\/\/fitnessmarketdz.net\/index.php\/wp-json\/wp\/v2\/media\/13516"}],"wp:attachment":[{"href":"https:\/\/fitnessmarketdz.net\/index.php\/wp-json\/wp\/v2\/media?parent=13515"}],"wp:term":[{"taxonomy":"product_brand","embeddable":true,"href":"https:\/\/fitnessmarketdz.net\/index.php\/wp-json\/wp\/v2\/product_brand?post=13515"},{"taxonomy":"product_cat","embeddable":true,"href":"https:\/\/fitnessmarketdz.net\/index.php\/wp-json\/wp\/v2\/product_cat?post=13515"},{"taxonomy":"product_tag","embeddable":true,"href":"https:\/\/fitnessmarketdz.net\/index.php\/wp-json\/wp\/v2\/product_tag?post=13515"}],"curies":[{"name":"wp","href":"https:\/\/api.w.org\/{rel}","templated":true}]}}