{"id":13505,"date":"2026-03-23T22:47:09","date_gmt":"2026-03-23T21:47:09","guid":{"rendered":"https:\/\/fitnessmarketdz.net\/?post_type=product&#038;p=13505"},"modified":"2026-03-23T23:46:34","modified_gmt":"2026-03-23T22:46:34","slug":"tapis-de-course-daytona","status":"publish","type":"product","link":"https:\/\/fitnessmarketdz.net\/index.php\/product\/tapis-de-course-daytona\/","title":{"rendered":"TAPIS DE COURSE DAYTONA"},"content":{"rendered":"<h3>Tapis de Course Motoris\u00e9 Enti\u00e8rement Pliable Daytona<\/h3>\n<p data-start=\"173\" data-end=\"445\">Le\u00a0<strong data-start=\"176\" data-end=\"212\">tapis de course motoris\u00e9 Daytona<\/strong>\u00a0est un \u00e9quipement cardio compact et pratique, id\u00e9al pour les entra\u00eenements \u00e0 domicile. Gr\u00e2ce \u00e0 son\u00a0<strong data-start=\"312\" data-end=\"342\">design enti\u00e8rement pliable<\/strong>, il peut se ranger facilement sous un meuble, ce qui permet de gagner de la place apr\u00e8s chaque s\u00e9ance.<\/p>\n<p data-start=\"447\" data-end=\"846\">\u00c9quip\u00e9 d\u2019un\u00a0<strong data-start=\"459\" data-end=\"492\">moteur DC Brushless de 2.0 HP<\/strong>, ce tapis garantit un fonctionnement silencieux et fluide. Il propose deux modes d\u2019utilisation selon la position du tapis. En\u00a0<strong data-start=\"619\" data-end=\"637\">position pli\u00e9e<\/strong>, la vitesse varie de\u00a0<strong data-start=\"659\" data-end=\"675\">0,8 \u00e0 6 km\/h<\/strong>, id\u00e9ale pour la marche active. En\u00a0<strong data-start=\"710\" data-end=\"730\">position d\u00e9pli\u00e9e<\/strong>, la vitesse peut atteindre\u00a0<strong data-start=\"758\" data-end=\"769\">12 km\/h<\/strong>, ce qui permet de r\u00e9aliser des s\u00e9ances de marche rapide ou de course l\u00e9g\u00e8re.<\/p>\n<p data-start=\"848\" data-end=\"1077\">Le tapis dispose de\u00a0<strong data-start=\"868\" data-end=\"886\">4 fen\u00eatres LED<\/strong>\u00a0affichant les informations essentielles telles que\u00a0<strong data-start=\"938\" data-end=\"991\">le temps, la distance, les calories et la vitesse<\/strong>. Ainsi, l\u2019utilisateur peut suivre facilement ses performances pendant l\u2019entra\u00eenement.<\/p>\n<p data-start=\"1079\" data-end=\"1282\">La\u00a0<strong data-start=\"1082\" data-end=\"1118\">surface de course de 110 x 42 cm<\/strong>\u00a0offre un espace confortable pour marcher ou courir en toute s\u00e9curit\u00e9. De plus, sa structure robuste permet de supporter un\u00a0<strong data-start=\"1242\" data-end=\"1281\">poids utilisateur maximum de 100 kg<\/strong>.<\/p>\n<p data-start=\"1284\" data-end=\"1600\">Le\u00a0<strong data-start=\"1287\" data-end=\"1298\">Daytona<\/strong>\u00a0int\u00e8gre \u00e9galement une\u00a0<strong data-start=\"1321\" data-end=\"1397\">connectivit\u00e9 Bluetooth compatible avec les applications Zwift et Kinomap<\/strong>, permettant d\u2019enrichir l\u2019exp\u00e9rience d\u2019entra\u00eenement. Il dispose aussi d\u2019un\u00a0<strong data-start=\"1472\" data-end=\"1527\">partage audio Bluetooth avec haut-parleurs int\u00e9gr\u00e9s<\/strong>\u00a0et est\u00a0<strong data-start=\"1535\" data-end=\"1599\">compatible avec un r\u00e9cepteur de fr\u00e9quence cardiaque sans fil<\/strong>.<\/p>\n<p data-start=\"1602\" data-end=\"1724\">Gr\u00e2ce \u00e0 sa\u00a0<strong data-start=\"1613\" data-end=\"1646\">structure enti\u00e8rement pliable<\/strong>, ce tapis de course est parfait pour les appartements ou les espaces r\u00e9duits.<\/p>\n<h1 data-start=\"1865\" data-end=\"1897\">Caract\u00e9ristiques techniques<\/h1>\n<ul data-start=\"1912\" data-end=\"2060\">\n<li data-start=\"1985\" data-end=\"2021\">\n<p data-start=\"1987\" data-end=\"2021\"><strong data-start=\"1987\" data-end=\"1997\">Moteur<\/strong>\u00a0: DC Brushless 2.0 HP<\/p>\n<\/li>\n<li data-start=\"2022\" data-end=\"2060\">\n<p data-start=\"2024\" data-end=\"2060\"><strong data-start=\"2024\" data-end=\"2049\">Poids utilisateur max<\/strong>\u00a0: 100 kg<\/p>\n<\/li>\n<li data-start=\"2080\" data-end=\"2117\">\n<p data-start=\"2082\" data-end=\"2117\"><strong data-start=\"2082\" data-end=\"2100\">Position pli\u00e9e<\/strong>\u00a0: 0,8 \u00e0 6 km\/h<\/p>\n<\/li>\n<li data-start=\"2118\" data-end=\"2158\">\n<p data-start=\"2120\" data-end=\"2158\"><strong data-start=\"2120\" data-end=\"2140\">Position d\u00e9pli\u00e9e<\/strong>\u00a0: 0,8 \u00e0 12 km\/h<\/p>\n<\/li>\n<li data-start=\"2188\" data-end=\"2224\">\n<p data-start=\"2190\" data-end=\"2224\"><strong data-start=\"2190\" data-end=\"2208\">Zone de course<\/strong>\u00a0: 110 x 42 cm<\/p>\n<\/li>\n<li data-start=\"2188\" data-end=\"2224\">\n<p data-start=\"2190\" data-end=\"2224\"><strong>Affichage:<\/strong>4 fen\u00eatres\u00a0<strong data-start=\"2257\" data-end=\"2264\">LED<\/strong><\/p>\n<\/li>\n<\/ul>\n<ul data-start=\"2278\" data-end=\"2325\">\n<li data-start=\"2314\" data-end=\"2325\">\n<p data-start=\"2316\" data-end=\"2325\"><strong>Connectivit\u00e9:\u00a0<\/strong>Bluetooth APP (<strong data-start=\"2367\" data-end=\"2385\">Zwift, Kinomap<\/strong>),Bluetooth Audio, Compatible r\u00e9cepteur fr\u00e9quence cardiaque sans fil<\/p>\n<\/li>\n<\/ul>\n<ul data-start=\"2350\" data-end=\"2487\">\n<li data-start=\"2519\" data-end=\"2559\">\n<p data-start=\"2521\" data-end=\"2559\"><strong data-start=\"2521\" data-end=\"2535\">Dimensions<\/strong>\u00a0: 132.5 x 76 x 116 cm<\/p>\n<\/li>\n<li data-start=\"2560\" data-end=\"2581\">\n<p data-start=\"2562\" data-end=\"2581\"><strong data-start=\"2562\" data-end=\"2571\">Poids<\/strong>\u00a0: 34 kg<\/p>\n<\/li>\n<li data-start=\"2582\" data-end=\"2661\">\n<p data-start=\"2584\" data-end=\"2661\"><strong data-start=\"2584\" data-end=\"2603\">Syst\u00e8me pliable<\/strong><\/p>\n<\/li>\n<\/ul>\n","protected":false},"excerpt":{"rendered":"<p>Tapis de Course Motoris\u00e9 Enti\u00e8rement Pliable Daytona Le\u00a0tapis de course motoris\u00e9 Daytona\u00a0est un \u00e9quipement cardio compact et pratique, id\u00e9al pour<\/p>\n","protected":false},"featured_media":13506,"template":"","meta":{"om_disable_all_campaigns":false},"product_brand":[763],"product_cat":[746,630],"product_tag":[751,743,739,742,740],"class_list":{"0":"post-13505","1":"product","2":"type-product","3":"status-publish","4":"has-post-thumbnail","6":"product_brand-profitness","7":"product_cat-axion","8":"product_cat-fitness","9":"product_tag-axion","10":"product_tag-cardio","11":"product_tag-tapis-de-course","12":"product_tag-tapis-roulant","13":"product_tag-treadmill","14":"product_shipping_class-lourds","16":"first","17":"instock","18":"featured","19":"taxable","20":"shipping-taxable","21":"purchasable","22":"product-type-simple"},"yoast_head":"<!-- This site is optimized with the Yoast SEO plugin v27.3 - https:\/\/yoast.com\/product\/yoast-seo-wordpress\/ -->\n<title>TAPIS DE COURSE DAYTONA - Fitness Market DZ<\/title>\n<meta name=\"description\" content=\"Acheter TAPIS DE COURSE DAYTONA Au Meilleur Prix En Alg\u00e9rie Chez Fitness Market 020 28 39 08, Repr\u00e9sentant Officiel Kettler Alg\u00e9rie, Proform .\" \/>\n<meta name=\"robots\" content=\"index, follow, max-snippet:-1, max-image-preview:large, max-video-preview:-1\" \/>\n<link rel=\"canonical\" href=\"https:\/\/fitnessmarketdz.net\/index.php\/product\/tapis-de-course-daytona\/\" \/>\n<meta property=\"og:locale\" content=\"fr_FR\" \/>\n<meta property=\"og:type\" content=\"article\" \/>\n<meta property=\"og:title\" content=\"TAPIS DE COURSE DAYTONA - Fitness Market DZ\" \/>\n<meta property=\"og:description\" content=\"Acheter TAPIS DE COURSE DAYTONA Au Meilleur Prix En Alg\u00e9rie Chez Fitness Market 020 28 39 08, Repr\u00e9sentant Officiel Kettler Alg\u00e9rie, Proform .\" \/>\n<meta property=\"og:url\" content=\"https:\/\/fitnessmarketdz.net\/index.php\/product\/tapis-de-course-daytona\/\" \/>\n<meta property=\"og:site_name\" content=\"Fitness Market DZ\" \/>\n<meta property=\"article:publisher\" content=\"https:\/\/www.facebook.com\/profile.php?id=100049723587139\" \/>\n<meta property=\"article:modified_time\" content=\"2026-03-23T22:46:34+00:00\" \/>\n<meta property=\"og:image\" content=\"https:\/\/fitnessmarketdz.net\/wp-content\/uploads\/2026\/03\/WhatsApp-Image-2026-03-23-at-22.41g.14.jpeg\" \/>\n\t<meta property=\"og:image:width\" content=\"1177\" \/>\n\t<meta property=\"og:image:height\" content=\"912\" \/>\n\t<meta property=\"og:image:type\" content=\"image\/jpeg\" \/>\n<meta name=\"twitter:card\" content=\"summary_large_image\" \/>\n<meta name=\"twitter:label1\" content=\"Dur\u00e9e de lecture estim\u00e9e\" \/>\n\t<meta name=\"twitter:data1\" content=\"2 minutes\" \/>\n<script type=\"application\/ld+json\" class=\"yoast-schema-graph\">{\"@context\":\"https:\\\/\\\/schema.org\",\"@graph\":[{\"@type\":\"WebPage\",\"@id\":\"https:\\\/\\\/fitnessmarketdz.net\\\/index.php\\\/product\\\/tapis-de-course-daytona\\\/\",\"url\":\"https:\\\/\\\/fitnessmarketdz.net\\\/index.php\\\/product\\\/tapis-de-course-daytona\\\/\",\"name\":\"TAPIS DE COURSE DAYTONA - Fitness Market DZ\",\"isPartOf\":{\"@id\":\"https:\\\/\\\/fitnessmarketdz.net\\\/#website\"},\"primaryImageOfPage\":{\"@id\":\"https:\\\/\\\/fitnessmarketdz.net\\\/index.php\\\/product\\\/tapis-de-course-daytona\\\/#primaryimage\"},\"image\":{\"@id\":\"https:\\\/\\\/fitnessmarketdz.net\\\/index.php\\\/product\\\/tapis-de-course-daytona\\\/#primaryimage\"},\"thumbnailUrl\":\"https:\\\/\\\/fitnessmarketdz.net\\\/wp-content\\\/uploads\\\/2026\\\/03\\\/WhatsApp-Image-2026-03-23-at-22.41g.14.jpeg\",\"datePublished\":\"2026-03-23T21:47:09+00:00\",\"dateModified\":\"2026-03-23T22:46:34+00:00\",\"description\":\"Acheter TAPIS DE COURSE DAYTONA Au Meilleur Prix En Alg\u00e9rie Chez Fitness Market 020 28 39 08, Repr\u00e9sentant Officiel Kettler Alg\u00e9rie, Proform .\",\"breadcrumb\":{\"@id\":\"https:\\\/\\\/fitnessmarketdz.net\\\/index.php\\\/product\\\/tapis-de-course-daytona\\\/#breadcrumb\"},\"inLanguage\":\"fr-FR\",\"potentialAction\":[{\"@type\":\"ReadAction\",\"target\":[\"https:\\\/\\\/fitnessmarketdz.net\\\/index.php\\\/product\\\/tapis-de-course-daytona\\\/\"]}]},{\"@type\":\"ImageObject\",\"inLanguage\":\"fr-FR\",\"@id\":\"https:\\\/\\\/fitnessmarketdz.net\\\/index.php\\\/product\\\/tapis-de-course-daytona\\\/#primaryimage\",\"url\":\"https:\\\/\\\/fitnessmarketdz.net\\\/wp-content\\\/uploads\\\/2026\\\/03\\\/WhatsApp-Image-2026-03-23-at-22.41g.14.jpeg\",\"contentUrl\":\"https:\\\/\\\/fitnessmarketdz.net\\\/wp-content\\\/uploads\\\/2026\\\/03\\\/WhatsApp-Image-2026-03-23-at-22.41g.14.jpeg\",\"width\":1177,\"height\":912},{\"@type\":\"BreadcrumbList\",\"@id\":\"https:\\\/\\\/fitnessmarketdz.net\\\/index.php\\\/product\\\/tapis-de-course-daytona\\\/#breadcrumb\",\"itemListElement\":[{\"@type\":\"ListItem\",\"position\":1,\"name\":\"Accueil\",\"item\":\"https:\\\/\\\/fitnessmarketdz.net\\\/\"},{\"@type\":\"ListItem\",\"position\":2,\"name\":\"Boutique\",\"item\":\"https:\\\/\\\/fitnessmarketdz.net\\\/index.php\\\/boutique-fitness-market-algeria\\\/\"},{\"@type\":\"ListItem\",\"position\":3,\"name\":\"TAPIS DE COURSE DAYTONA\"}]},{\"@type\":\"WebSite\",\"@id\":\"https:\\\/\\\/fitnessmarketdz.net\\\/#website\",\"url\":\"https:\\\/\\\/fitnessmarketdz.net\\\/\",\"name\":\"Fitness Market DZ\",\"description\":\"Votre Partenaire de Fitness en Salle et \u00e0 Domicile\",\"publisher\":{\"@id\":\"https:\\\/\\\/fitnessmarketdz.net\\\/#organization\"},\"potentialAction\":[{\"@type\":\"SearchAction\",\"target\":{\"@type\":\"EntryPoint\",\"urlTemplate\":\"https:\\\/\\\/fitnessmarketdz.net\\\/?s={search_term_string}\"},\"query-input\":{\"@type\":\"PropertyValueSpecification\",\"valueRequired\":true,\"valueName\":\"search_term_string\"}}],\"inLanguage\":\"fr-FR\"},{\"@type\":\"Organization\",\"@id\":\"https:\\\/\\\/fitnessmarketdz.net\\\/#organization\",\"name\":\"Fitness Market DZ\",\"url\":\"https:\\\/\\\/fitnessmarketdz.net\\\/\",\"logo\":{\"@type\":\"ImageObject\",\"inLanguage\":\"fr-FR\",\"@id\":\"https:\\\/\\\/fitnessmarketdz.net\\\/#\\\/schema\\\/logo\\\/image\\\/\",\"url\":\"https:\\\/\\\/fitnessmarketdz.net\\\/wp-content\\\/uploads\\\/2024\\\/01\\\/Logo-Fitness-Market.svg\",\"contentUrl\":\"https:\\\/\\\/fitnessmarketdz.net\\\/wp-content\\\/uploads\\\/2024\\\/01\\\/Logo-Fitness-Market.svg\",\"width\":5181,\"height\":2572,\"caption\":\"Fitness Market DZ\"},\"image\":{\"@id\":\"https:\\\/\\\/fitnessmarketdz.net\\\/#\\\/schema\\\/logo\\\/image\\\/\"},\"sameAs\":[\"https:\\\/\\\/www.facebook.com\\\/profile.php?id=100049723587139\",\"https:\\\/\\\/www.instagram.com\\\/fitness.market.algeria\\\/\"]}]}<\/script>\n<!-- \/ Yoast SEO plugin. -->","yoast_head_json":{"title":"TAPIS DE COURSE DAYTONA - Fitness Market DZ","description":"Acheter TAPIS DE COURSE DAYTONA Au Meilleur Prix En Alg\u00e9rie Chez Fitness Market 020 28 39 08, Repr\u00e9sentant Officiel Kettler Alg\u00e9rie, Proform .","robots":{"index":"index","follow":"follow","max-snippet":"max-snippet:-1","max-image-preview":"max-image-preview:large","max-video-preview":"max-video-preview:-1"},"canonical":"https:\/\/fitnessmarketdz.net\/index.php\/product\/tapis-de-course-daytona\/","og_locale":"fr_FR","og_type":"article","og_title":"TAPIS DE COURSE DAYTONA - Fitness Market DZ","og_description":"Acheter TAPIS DE COURSE DAYTONA Au Meilleur Prix En Alg\u00e9rie Chez Fitness Market 020 28 39 08, Repr\u00e9sentant Officiel Kettler Alg\u00e9rie, Proform .","og_url":"https:\/\/fitnessmarketdz.net\/index.php\/product\/tapis-de-course-daytona\/","og_site_name":"Fitness Market DZ","article_publisher":"https:\/\/www.facebook.com\/profile.php?id=100049723587139","article_modified_time":"2026-03-23T22:46:34+00:00","og_image":[{"width":1177,"height":912,"url":"https:\/\/fitnessmarketdz.net\/wp-content\/uploads\/2026\/03\/WhatsApp-Image-2026-03-23-at-22.41g.14.jpeg","type":"image\/jpeg"}],"twitter_card":"summary_large_image","twitter_misc":{"Dur\u00e9e de lecture estim\u00e9e":"2 minutes"},"schema":{"@context":"https:\/\/schema.org","@graph":[{"@type":"WebPage","@id":"https:\/\/fitnessmarketdz.net\/index.php\/product\/tapis-de-course-daytona\/","url":"https:\/\/fitnessmarketdz.net\/index.php\/product\/tapis-de-course-daytona\/","name":"TAPIS DE COURSE DAYTONA - Fitness Market DZ","isPartOf":{"@id":"https:\/\/fitnessmarketdz.net\/#website"},"primaryImageOfPage":{"@id":"https:\/\/fitnessmarketdz.net\/index.php\/product\/tapis-de-course-daytona\/#primaryimage"},"image":{"@id":"https:\/\/fitnessmarketdz.net\/index.php\/product\/tapis-de-course-daytona\/#primaryimage"},"thumbnailUrl":"https:\/\/fitnessmarketdz.net\/wp-content\/uploads\/2026\/03\/WhatsApp-Image-2026-03-23-at-22.41g.14.jpeg","datePublished":"2026-03-23T21:47:09+00:00","dateModified":"2026-03-23T22:46:34+00:00","description":"Acheter TAPIS DE COURSE DAYTONA Au Meilleur Prix En Alg\u00e9rie Chez Fitness Market 020 28 39 08, Repr\u00e9sentant Officiel Kettler Alg\u00e9rie, Proform .","breadcrumb":{"@id":"https:\/\/fitnessmarketdz.net\/index.php\/product\/tapis-de-course-daytona\/#breadcrumb"},"inLanguage":"fr-FR","potentialAction":[{"@type":"ReadAction","target":["https:\/\/fitnessmarketdz.net\/index.php\/product\/tapis-de-course-daytona\/"]}]},{"@type":"ImageObject","inLanguage":"fr-FR","@id":"https:\/\/fitnessmarketdz.net\/index.php\/product\/tapis-de-course-daytona\/#primaryimage","url":"https:\/\/fitnessmarketdz.net\/wp-content\/uploads\/2026\/03\/WhatsApp-Image-2026-03-23-at-22.41g.14.jpeg","contentUrl":"https:\/\/fitnessmarketdz.net\/wp-content\/uploads\/2026\/03\/WhatsApp-Image-2026-03-23-at-22.41g.14.jpeg","width":1177,"height":912},{"@type":"BreadcrumbList","@id":"https:\/\/fitnessmarketdz.net\/index.php\/product\/tapis-de-course-daytona\/#breadcrumb","itemListElement":[{"@type":"ListItem","position":1,"name":"Accueil","item":"https:\/\/fitnessmarketdz.net\/"},{"@type":"ListItem","position":2,"name":"Boutique","item":"https:\/\/fitnessmarketdz.net\/index.php\/boutique-fitness-market-algeria\/"},{"@type":"ListItem","position":3,"name":"TAPIS DE COURSE DAYTONA"}]},{"@type":"WebSite","@id":"https:\/\/fitnessmarketdz.net\/#website","url":"https:\/\/fitnessmarketdz.net\/","name":"Fitness Market DZ","description":"Votre Partenaire de Fitness en Salle et \u00e0 Domicile","publisher":{"@id":"https:\/\/fitnessmarketdz.net\/#organization"},"potentialAction":[{"@type":"SearchAction","target":{"@type":"EntryPoint","urlTemplate":"https:\/\/fitnessmarketdz.net\/?s={search_term_string}"},"query-input":{"@type":"PropertyValueSpecification","valueRequired":true,"valueName":"search_term_string"}}],"inLanguage":"fr-FR"},{"@type":"Organization","@id":"https:\/\/fitnessmarketdz.net\/#organization","name":"Fitness Market DZ","url":"https:\/\/fitnessmarketdz.net\/","logo":{"@type":"ImageObject","inLanguage":"fr-FR","@id":"https:\/\/fitnessmarketdz.net\/#\/schema\/logo\/image\/","url":"https:\/\/fitnessmarketdz.net\/wp-content\/uploads\/2024\/01\/Logo-Fitness-Market.svg","contentUrl":"https:\/\/fitnessmarketdz.net\/wp-content\/uploads\/2024\/01\/Logo-Fitness-Market.svg","width":5181,"height":2572,"caption":"Fitness Market DZ"},"image":{"@id":"https:\/\/fitnessmarketdz.net\/#\/schema\/logo\/image\/"},"sameAs":["https:\/\/www.facebook.com\/profile.php?id=100049723587139","https:\/\/www.instagram.com\/fitness.market.algeria\/"]}]}},"jetpack_sharing_enabled":true,"_links":{"self":[{"href":"https:\/\/fitnessmarketdz.net\/index.php\/wp-json\/wp\/v2\/product\/13505","targetHints":{"allow":["GET"]}}],"collection":[{"href":"https:\/\/fitnessmarketdz.net\/index.php\/wp-json\/wp\/v2\/product"}],"about":[{"href":"https:\/\/fitnessmarketdz.net\/index.php\/wp-json\/wp\/v2\/types\/product"}],"version-history":[{"count":2,"href":"https:\/\/fitnessmarketdz.net\/index.php\/wp-json\/wp\/v2\/product\/13505\/revisions"}],"predecessor-version":[{"id":13521,"href":"https:\/\/fitnessmarketdz.net\/index.php\/wp-json\/wp\/v2\/product\/13505\/revisions\/13521"}],"wp:featuredmedia":[{"embeddable":true,"href":"https:\/\/fitnessmarketdz.net\/index.php\/wp-json\/wp\/v2\/media\/13506"}],"wp:attachment":[{"href":"https:\/\/fitnessmarketdz.net\/index.php\/wp-json\/wp\/v2\/media?parent=13505"}],"wp:term":[{"taxonomy":"product_brand","embeddable":true,"href":"https:\/\/fitnessmarketdz.net\/index.php\/wp-json\/wp\/v2\/product_brand?post=13505"},{"taxonomy":"product_cat","embeddable":true,"href":"https:\/\/fitnessmarketdz.net\/index.php\/wp-json\/wp\/v2\/product_cat?post=13505"},{"taxonomy":"product_tag","embeddable":true,"href":"https:\/\/fitnessmarketdz.net\/index.php\/wp-json\/wp\/v2\/product_tag?post=13505"}],"curies":[{"name":"wp","href":"https:\/\/api.w.org\/{rel}","templated":true}]}}