{"id":13488,"date":"2026-03-23T22:23:31","date_gmt":"2026-03-23T21:23:31","guid":{"rendered":"https:\/\/fitnessmarketdz.net\/?post_type=product&#038;p=13488"},"modified":"2026-03-23T23:56:54","modified_gmt":"2026-03-23T22:56:54","slug":"tapis-de-course-energy-400","status":"publish","type":"product","link":"https:\/\/fitnessmarketdz.net\/index.php\/product\/tapis-de-course-energy-400\/","title":{"rendered":"TAPIS DE COURSE Energy 400"},"content":{"rendered":"<h3>Tapis de Course Motoris\u00e9 Energy 400<\/h3>\n<p data-start=\"156\" data-end=\"433\">Le\u00a0<strong data-start=\"159\" data-end=\"198\">tapis de course motoris\u00e9 Energy 400<\/strong>\u00a0est con\u00e7u pour offrir des entra\u00eenements cardio efficaces et confortables \u00e0 domicile. Gr\u00e2ce \u00e0 son\u00a0<strong data-start=\"296\" data-end=\"328\">moteur puissant DC de 3.0 HP<\/strong>, il garantit une course fluide et stable adapt\u00e9e aussi bien \u00e0 la marche rapide qu\u2019\u00e0 la course intensive.<\/p>\n<p data-start=\"435\" data-end=\"694\">Sa\u00a0<strong data-start=\"438\" data-end=\"475\">vitesse r\u00e9glable de 0,8 \u00e0 16 km\/h<\/strong>\u00a0permet de s\u2019adapter \u00e0 tous les niveaux d\u2019entra\u00eenement. De plus, l\u2019<strong data-start=\"542\" data-end=\"579\">inclinaison motoris\u00e9e de 0 \u00e0 15 %<\/strong>\u00a0augmente l\u2019intensit\u00e9 des s\u00e9ances et simule la course en mont\u00e9e pour renforcer les jambes et am\u00e9liorer l\u2019endurance.<\/p>\n<p data-start=\"696\" data-end=\"963\">Le\u00a0<strong data-start=\"699\" data-end=\"719\">tapis Energy 400<\/strong>\u00a0est \u00e9quip\u00e9 d\u2019un\u00a0<strong data-start=\"736\" data-end=\"757\">\u00e9cran LED moderne<\/strong>\u00a0affichant toutes les informations essentielles pendant l\u2019entra\u00eenement :\u00a0<strong data-start=\"830\" data-end=\"900\">temps, distance, calories, vitesse, inclinaison, pas et programmes<\/strong>. Ainsi, l\u2019utilisateur peut suivre facilement ses performances.<\/p>\n<p data-start=\"965\" data-end=\"1072\">La\u00a0<strong data-start=\"968\" data-end=\"1004\">surface de course de 130 x 45 cm<\/strong>\u00a0offre un espace confortable pour une foul\u00e9e naturelle et s\u00e9curis\u00e9e.<\/p>\n<p data-start=\"1074\" data-end=\"1393\">Ce tapis de course int\u00e8gre \u00e9galement une\u00a0<strong data-start=\"1115\" data-end=\"1191\">connectivit\u00e9 Bluetooth compatible avec les applications Zwift et Kinomap<\/strong>, permettant de rendre les s\u00e9ances plus interactives. Il dispose aussi du\u00a0<strong data-start=\"1265\" data-end=\"1320\">partage audio Bluetooth avec haut-parleurs int\u00e9gr\u00e9s<\/strong>\u00a0et est\u00a0<strong data-start=\"1328\" data-end=\"1392\">compatible avec un r\u00e9cepteur de fr\u00e9quence cardiaque sans fil<\/strong>.<\/p>\n<p data-start=\"1395\" data-end=\"1524\">Enfin, sa\u00a0<strong data-start=\"1405\" data-end=\"1426\">structure pliable<\/strong>\u00a0facilite le rangement apr\u00e8s l\u2019entra\u00eenement, ce qui le rend id\u00e9al pour une utilisation \u00e0 domicile.<\/p>\n<p data-start=\"1526\" data-end=\"1675\">Le\u00a0<strong data-start=\"1529\" data-end=\"1559\">tapis de course Energy 400<\/strong>\u00a0est parfait pour am\u00e9liorer la condition physique, br\u00fbler des calories et maintenir une activit\u00e9 sportive r\u00e9guli\u00e8re.<\/p>\n<h1 data-start=\"1829\" data-end=\"1861\">Caract\u00e9ristiques techniques<\/h1>\n<ul data-start=\"1876\" data-end=\"2082\">\n<li>\n<ul data-start=\"1876\" data-end=\"2082\">\n<li>\n<ul data-start=\"1876\" data-end=\"2082\">\n<li data-start=\"1944\" data-end=\"1970\">\n<p data-start=\"1946\" data-end=\"1970\"><strong data-start=\"1946\" data-end=\"1956\">Moteur<\/strong>\u00a0: DC 3.0 HP<\/p>\n<\/li>\n<li data-start=\"1971\" data-end=\"2002\">\n<p data-start=\"1973\" data-end=\"2002\"><strong data-start=\"1973\" data-end=\"1984\">Vitesse<\/strong>\u00a0: 0,8 \u00e0 16 km\/h<\/p>\n<\/li>\n<li data-start=\"1971\" data-end=\"2002\"><strong>Programmes<\/strong><em>\u00a0:<\/em>\u00a036 programmes pr\u00e9d\u00e9finis ; 3 programmes utilisateurs<\/li>\n<\/ul>\n<\/li>\n<\/ul>\n<ul data-start=\"1876\" data-end=\"2082\">\n<li>\n<ul data-start=\"1876\" data-end=\"2082\">\n<li data-start=\"1971\" data-end=\"2002\"><strong>Poids<\/strong>\u00a0: 63 Kg<\/li>\n<li data-start=\"2003\" data-end=\"2043\">\n<p data-start=\"2005\" data-end=\"2043\"><strong data-start=\"2005\" data-end=\"2020\">Inclinaison<\/strong>\u00a0: Motoris\u00e9e 0 \u00e0 15 %<\/p>\n<\/li>\n<li data-start=\"2044\" data-end=\"2082\">\n<p data-start=\"2046\" data-end=\"2082\"><strong data-start=\"2046\" data-end=\"2071\">Poids utilisateur max<\/strong>\u00a0: 130 kg<\/p>\n<\/li>\n<li data-start=\"2112\" data-end=\"2148\">\n<p data-start=\"2114\" data-end=\"2148\"><strong data-start=\"2114\" data-end=\"2132\">Zone de course<\/strong>\u00a0: 130 x 45 cm<\/p>\n<\/li>\n<li data-start=\"2155\" data-end=\"2168\"><strong>Affichage<\/strong>\u00a0\u00c9cran\u00a0<strong data-start=\"2176\" data-end=\"2183\">LED<\/strong><\/li>\n<li data-start=\"2155\" data-end=\"2168\"><strong>Connectivit\u00e9:<\/strong>Bluetooth APP (<strong data-start=\"2325\" data-end=\"2343\">Zwift, Kinomap<\/strong>),Bluetooth Audio (haut-parleurs int\u00e9gr\u00e9s),Compatible r\u00e9cepteur fr\u00e9quence cardiaque sans fil<\/li>\n<\/ul>\n<\/li>\n<li>\n<ul data-start=\"2308\" data-end=\"2445\">\n<li data-start=\"2468\" data-end=\"2510\">\n<p data-start=\"2470\" data-end=\"2510\"><strong data-start=\"2470\" data-end=\"2484\">Dimensions<\/strong>\u00a0: 160.8 x 77 x 131.5 cm<\/p>\n<\/li>\n<li data-start=\"2468\" data-end=\"2510\"><strong>Certification<\/strong>\u00a0: ISO 20957 \u2013 1; ISO 20957 -6 Class HC<\/li>\n<\/ul>\n<\/li>\n<\/ul>\n<\/li>\n<\/ul>\n","protected":false},"excerpt":{"rendered":"<p>Tapis de Course Motoris\u00e9 Energy 400 Le\u00a0tapis de course motoris\u00e9 Energy 400\u00a0est con\u00e7u pour offrir des entra\u00eenements cardio efficaces et<\/p>\n","protected":false},"featured_media":13501,"template":"","meta":{"om_disable_all_campaigns":false},"product_brand":[763],"product_cat":[746,630],"product_tag":[751,743,739,742,740],"class_list":{"0":"post-13488","1":"product","2":"type-product","3":"status-publish","4":"has-post-thumbnail","6":"product_brand-profitness","7":"product_cat-axion","8":"product_cat-fitness","9":"product_tag-axion","10":"product_tag-cardio","11":"product_tag-tapis-de-course","12":"product_tag-tapis-roulant","13":"product_tag-treadmill","14":"product_shipping_class-lourds","16":"first","17":"instock","18":"featured","19":"taxable","20":"shipping-taxable","21":"purchasable","22":"product-type-simple"},"yoast_head":"<!-- This site is optimized with the Yoast SEO plugin v27.3 - https:\/\/yoast.com\/product\/yoast-seo-wordpress\/ -->\n<title>TAPIS DE COURSE Energy 400 - Fitness Market DZ<\/title>\n<meta name=\"description\" content=\"Acheter TAPIS DE COURSE Energy 400 Au Meilleur Prix En Alg\u00e9rie Chez Fitness Market 020 28 39 08, Repr\u00e9sentant Officiel Kettler Alg\u00e9rie, Proform .\" \/>\n<meta name=\"robots\" content=\"index, follow, max-snippet:-1, max-image-preview:large, max-video-preview:-1\" \/>\n<link rel=\"canonical\" href=\"https:\/\/fitnessmarketdz.net\/index.php\/product\/tapis-de-course-energy-400\/\" \/>\n<meta property=\"og:locale\" content=\"fr_FR\" \/>\n<meta property=\"og:type\" content=\"article\" \/>\n<meta property=\"og:title\" content=\"TAPIS DE COURSE Energy 400 - Fitness Market DZ\" \/>\n<meta property=\"og:description\" content=\"Acheter TAPIS DE COURSE Energy 400 Au Meilleur Prix En Alg\u00e9rie Chez Fitness Market 020 28 39 08, Repr\u00e9sentant Officiel Kettler Alg\u00e9rie, Proform .\" \/>\n<meta property=\"og:url\" content=\"https:\/\/fitnessmarketdz.net\/index.php\/product\/tapis-de-course-energy-400\/\" \/>\n<meta property=\"og:site_name\" content=\"Fitness Market DZ\" \/>\n<meta property=\"article:publisher\" content=\"https:\/\/www.facebook.com\/profile.php?id=100049723587139\" \/>\n<meta property=\"article:modified_time\" content=\"2026-03-23T22:56:54+00:00\" \/>\n<meta property=\"og:image\" content=\"https:\/\/fitnessmarketdz.net\/wp-content\/uploads\/2026\/03\/WhatsApp-Image-2026-03-23-at-2c.20.40.jpeg\" \/>\n\t<meta property=\"og:image:width\" content=\"1024\" \/>\n\t<meta property=\"og:image:height\" content=\"1024\" \/>\n\t<meta property=\"og:image:type\" content=\"image\/jpeg\" \/>\n<meta name=\"twitter:card\" content=\"summary_large_image\" \/>\n<meta name=\"twitter:label1\" content=\"Dur\u00e9e de lecture estim\u00e9e\" \/>\n\t<meta name=\"twitter:data1\" content=\"2 minutes\" \/>\n<script type=\"application\/ld+json\" class=\"yoast-schema-graph\">{\"@context\":\"https:\\\/\\\/schema.org\",\"@graph\":[{\"@type\":\"WebPage\",\"@id\":\"https:\\\/\\\/fitnessmarketdz.net\\\/index.php\\\/product\\\/tapis-de-course-energy-400\\\/\",\"url\":\"https:\\\/\\\/fitnessmarketdz.net\\\/index.php\\\/product\\\/tapis-de-course-energy-400\\\/\",\"name\":\"TAPIS DE COURSE Energy 400 - Fitness Market DZ\",\"isPartOf\":{\"@id\":\"https:\\\/\\\/fitnessmarketdz.net\\\/#website\"},\"primaryImageOfPage\":{\"@id\":\"https:\\\/\\\/fitnessmarketdz.net\\\/index.php\\\/product\\\/tapis-de-course-energy-400\\\/#primaryimage\"},\"image\":{\"@id\":\"https:\\\/\\\/fitnessmarketdz.net\\\/index.php\\\/product\\\/tapis-de-course-energy-400\\\/#primaryimage\"},\"thumbnailUrl\":\"https:\\\/\\\/fitnessmarketdz.net\\\/wp-content\\\/uploads\\\/2026\\\/03\\\/WhatsApp-Image-2026-03-23-at-2c.20.40.jpeg\",\"datePublished\":\"2026-03-23T21:23:31+00:00\",\"dateModified\":\"2026-03-23T22:56:54+00:00\",\"description\":\"Acheter TAPIS DE COURSE Energy 400 Au Meilleur Prix En Alg\u00e9rie Chez Fitness Market 020 28 39 08, Repr\u00e9sentant Officiel Kettler Alg\u00e9rie, Proform .\",\"breadcrumb\":{\"@id\":\"https:\\\/\\\/fitnessmarketdz.net\\\/index.php\\\/product\\\/tapis-de-course-energy-400\\\/#breadcrumb\"},\"inLanguage\":\"fr-FR\",\"potentialAction\":[{\"@type\":\"ReadAction\",\"target\":[\"https:\\\/\\\/fitnessmarketdz.net\\\/index.php\\\/product\\\/tapis-de-course-energy-400\\\/\"]}]},{\"@type\":\"ImageObject\",\"inLanguage\":\"fr-FR\",\"@id\":\"https:\\\/\\\/fitnessmarketdz.net\\\/index.php\\\/product\\\/tapis-de-course-energy-400\\\/#primaryimage\",\"url\":\"https:\\\/\\\/fitnessmarketdz.net\\\/wp-content\\\/uploads\\\/2026\\\/03\\\/WhatsApp-Image-2026-03-23-at-2c.20.40.jpeg\",\"contentUrl\":\"https:\\\/\\\/fitnessmarketdz.net\\\/wp-content\\\/uploads\\\/2026\\\/03\\\/WhatsApp-Image-2026-03-23-at-2c.20.40.jpeg\",\"width\":1024,\"height\":1024},{\"@type\":\"BreadcrumbList\",\"@id\":\"https:\\\/\\\/fitnessmarketdz.net\\\/index.php\\\/product\\\/tapis-de-course-energy-400\\\/#breadcrumb\",\"itemListElement\":[{\"@type\":\"ListItem\",\"position\":1,\"name\":\"Accueil\",\"item\":\"https:\\\/\\\/fitnessmarketdz.net\\\/\"},{\"@type\":\"ListItem\",\"position\":2,\"name\":\"Boutique\",\"item\":\"https:\\\/\\\/fitnessmarketdz.net\\\/index.php\\\/boutique-fitness-market-algeria\\\/\"},{\"@type\":\"ListItem\",\"position\":3,\"name\":\"TAPIS DE COURSE Energy 400\"}]},{\"@type\":\"WebSite\",\"@id\":\"https:\\\/\\\/fitnessmarketdz.net\\\/#website\",\"url\":\"https:\\\/\\\/fitnessmarketdz.net\\\/\",\"name\":\"Fitness Market DZ\",\"description\":\"Votre Partenaire de Fitness en Salle et \u00e0 Domicile\",\"publisher\":{\"@id\":\"https:\\\/\\\/fitnessmarketdz.net\\\/#organization\"},\"potentialAction\":[{\"@type\":\"SearchAction\",\"target\":{\"@type\":\"EntryPoint\",\"urlTemplate\":\"https:\\\/\\\/fitnessmarketdz.net\\\/?s={search_term_string}\"},\"query-input\":{\"@type\":\"PropertyValueSpecification\",\"valueRequired\":true,\"valueName\":\"search_term_string\"}}],\"inLanguage\":\"fr-FR\"},{\"@type\":\"Organization\",\"@id\":\"https:\\\/\\\/fitnessmarketdz.net\\\/#organization\",\"name\":\"Fitness Market DZ\",\"url\":\"https:\\\/\\\/fitnessmarketdz.net\\\/\",\"logo\":{\"@type\":\"ImageObject\",\"inLanguage\":\"fr-FR\",\"@id\":\"https:\\\/\\\/fitnessmarketdz.net\\\/#\\\/schema\\\/logo\\\/image\\\/\",\"url\":\"https:\\\/\\\/fitnessmarketdz.net\\\/wp-content\\\/uploads\\\/2024\\\/01\\\/Logo-Fitness-Market.svg\",\"contentUrl\":\"https:\\\/\\\/fitnessmarketdz.net\\\/wp-content\\\/uploads\\\/2024\\\/01\\\/Logo-Fitness-Market.svg\",\"width\":5181,\"height\":2572,\"caption\":\"Fitness Market DZ\"},\"image\":{\"@id\":\"https:\\\/\\\/fitnessmarketdz.net\\\/#\\\/schema\\\/logo\\\/image\\\/\"},\"sameAs\":[\"https:\\\/\\\/www.facebook.com\\\/profile.php?id=100049723587139\",\"https:\\\/\\\/www.instagram.com\\\/fitness.market.algeria\\\/\"]}]}<\/script>\n<!-- \/ Yoast SEO plugin. -->","yoast_head_json":{"title":"TAPIS DE COURSE Energy 400 - Fitness Market DZ","description":"Acheter TAPIS DE COURSE Energy 400 Au Meilleur Prix En Alg\u00e9rie Chez Fitness Market 020 28 39 08, Repr\u00e9sentant Officiel Kettler Alg\u00e9rie, Proform .","robots":{"index":"index","follow":"follow","max-snippet":"max-snippet:-1","max-image-preview":"max-image-preview:large","max-video-preview":"max-video-preview:-1"},"canonical":"https:\/\/fitnessmarketdz.net\/index.php\/product\/tapis-de-course-energy-400\/","og_locale":"fr_FR","og_type":"article","og_title":"TAPIS DE COURSE Energy 400 - Fitness Market DZ","og_description":"Acheter TAPIS DE COURSE Energy 400 Au Meilleur Prix En Alg\u00e9rie Chez Fitness Market 020 28 39 08, Repr\u00e9sentant Officiel Kettler Alg\u00e9rie, Proform .","og_url":"https:\/\/fitnessmarketdz.net\/index.php\/product\/tapis-de-course-energy-400\/","og_site_name":"Fitness Market DZ","article_publisher":"https:\/\/www.facebook.com\/profile.php?id=100049723587139","article_modified_time":"2026-03-23T22:56:54+00:00","og_image":[{"width":1024,"height":1024,"url":"https:\/\/fitnessmarketdz.net\/wp-content\/uploads\/2026\/03\/WhatsApp-Image-2026-03-23-at-2c.20.40.jpeg","type":"image\/jpeg"}],"twitter_card":"summary_large_image","twitter_misc":{"Dur\u00e9e de lecture estim\u00e9e":"2 minutes"},"schema":{"@context":"https:\/\/schema.org","@graph":[{"@type":"WebPage","@id":"https:\/\/fitnessmarketdz.net\/index.php\/product\/tapis-de-course-energy-400\/","url":"https:\/\/fitnessmarketdz.net\/index.php\/product\/tapis-de-course-energy-400\/","name":"TAPIS DE COURSE Energy 400 - Fitness Market DZ","isPartOf":{"@id":"https:\/\/fitnessmarketdz.net\/#website"},"primaryImageOfPage":{"@id":"https:\/\/fitnessmarketdz.net\/index.php\/product\/tapis-de-course-energy-400\/#primaryimage"},"image":{"@id":"https:\/\/fitnessmarketdz.net\/index.php\/product\/tapis-de-course-energy-400\/#primaryimage"},"thumbnailUrl":"https:\/\/fitnessmarketdz.net\/wp-content\/uploads\/2026\/03\/WhatsApp-Image-2026-03-23-at-2c.20.40.jpeg","datePublished":"2026-03-23T21:23:31+00:00","dateModified":"2026-03-23T22:56:54+00:00","description":"Acheter TAPIS DE COURSE Energy 400 Au Meilleur Prix En Alg\u00e9rie Chez Fitness Market 020 28 39 08, Repr\u00e9sentant Officiel Kettler Alg\u00e9rie, Proform .","breadcrumb":{"@id":"https:\/\/fitnessmarketdz.net\/index.php\/product\/tapis-de-course-energy-400\/#breadcrumb"},"inLanguage":"fr-FR","potentialAction":[{"@type":"ReadAction","target":["https:\/\/fitnessmarketdz.net\/index.php\/product\/tapis-de-course-energy-400\/"]}]},{"@type":"ImageObject","inLanguage":"fr-FR","@id":"https:\/\/fitnessmarketdz.net\/index.php\/product\/tapis-de-course-energy-400\/#primaryimage","url":"https:\/\/fitnessmarketdz.net\/wp-content\/uploads\/2026\/03\/WhatsApp-Image-2026-03-23-at-2c.20.40.jpeg","contentUrl":"https:\/\/fitnessmarketdz.net\/wp-content\/uploads\/2026\/03\/WhatsApp-Image-2026-03-23-at-2c.20.40.jpeg","width":1024,"height":1024},{"@type":"BreadcrumbList","@id":"https:\/\/fitnessmarketdz.net\/index.php\/product\/tapis-de-course-energy-400\/#breadcrumb","itemListElement":[{"@type":"ListItem","position":1,"name":"Accueil","item":"https:\/\/fitnessmarketdz.net\/"},{"@type":"ListItem","position":2,"name":"Boutique","item":"https:\/\/fitnessmarketdz.net\/index.php\/boutique-fitness-market-algeria\/"},{"@type":"ListItem","position":3,"name":"TAPIS DE COURSE Energy 400"}]},{"@type":"WebSite","@id":"https:\/\/fitnessmarketdz.net\/#website","url":"https:\/\/fitnessmarketdz.net\/","name":"Fitness Market DZ","description":"Votre Partenaire de Fitness en Salle et \u00e0 Domicile","publisher":{"@id":"https:\/\/fitnessmarketdz.net\/#organization"},"potentialAction":[{"@type":"SearchAction","target":{"@type":"EntryPoint","urlTemplate":"https:\/\/fitnessmarketdz.net\/?s={search_term_string}"},"query-input":{"@type":"PropertyValueSpecification","valueRequired":true,"valueName":"search_term_string"}}],"inLanguage":"fr-FR"},{"@type":"Organization","@id":"https:\/\/fitnessmarketdz.net\/#organization","name":"Fitness Market DZ","url":"https:\/\/fitnessmarketdz.net\/","logo":{"@type":"ImageObject","inLanguage":"fr-FR","@id":"https:\/\/fitnessmarketdz.net\/#\/schema\/logo\/image\/","url":"https:\/\/fitnessmarketdz.net\/wp-content\/uploads\/2024\/01\/Logo-Fitness-Market.svg","contentUrl":"https:\/\/fitnessmarketdz.net\/wp-content\/uploads\/2024\/01\/Logo-Fitness-Market.svg","width":5181,"height":2572,"caption":"Fitness Market DZ"},"image":{"@id":"https:\/\/fitnessmarketdz.net\/#\/schema\/logo\/image\/"},"sameAs":["https:\/\/www.facebook.com\/profile.php?id=100049723587139","https:\/\/www.instagram.com\/fitness.market.algeria\/"]}]}},"jetpack_sharing_enabled":true,"_links":{"self":[{"href":"https:\/\/fitnessmarketdz.net\/index.php\/wp-json\/wp\/v2\/product\/13488","targetHints":{"allow":["GET"]}}],"collection":[{"href":"https:\/\/fitnessmarketdz.net\/index.php\/wp-json\/wp\/v2\/product"}],"about":[{"href":"https:\/\/fitnessmarketdz.net\/index.php\/wp-json\/wp\/v2\/types\/product"}],"version-history":[{"count":1,"href":"https:\/\/fitnessmarketdz.net\/index.php\/wp-json\/wp\/v2\/product\/13488\/revisions"}],"predecessor-version":[{"id":13504,"href":"https:\/\/fitnessmarketdz.net\/index.php\/wp-json\/wp\/v2\/product\/13488\/revisions\/13504"}],"wp:featuredmedia":[{"embeddable":true,"href":"https:\/\/fitnessmarketdz.net\/index.php\/wp-json\/wp\/v2\/media\/13501"}],"wp:attachment":[{"href":"https:\/\/fitnessmarketdz.net\/index.php\/wp-json\/wp\/v2\/media?parent=13488"}],"wp:term":[{"taxonomy":"product_brand","embeddable":true,"href":"https:\/\/fitnessmarketdz.net\/index.php\/wp-json\/wp\/v2\/product_brand?post=13488"},{"taxonomy":"product_cat","embeddable":true,"href":"https:\/\/fitnessmarketdz.net\/index.php\/wp-json\/wp\/v2\/product_cat?post=13488"},{"taxonomy":"product_tag","embeddable":true,"href":"https:\/\/fitnessmarketdz.net\/index.php\/wp-json\/wp\/v2\/product_tag?post=13488"}],"curies":[{"name":"wp","href":"https:\/\/api.w.org\/{rel}","templated":true}]}}