{"id":13274,"date":"2026-02-18T23:40:58","date_gmt":"2026-02-18T22:40:58","guid":{"rendered":"https:\/\/fitnessmarketdz.net\/?post_type=product&#038;p=13274"},"modified":"2026-03-23T21:35:52","modified_gmt":"2026-03-23T20:35:52","slug":"tapis-de-course-nyman-600","status":"publish","type":"product","link":"https:\/\/fitnessmarketdz.net\/index.php\/product\/tapis-de-course-nyman-600\/","title":{"rendered":"Tapis De Course Nyman 600"},"content":{"rendered":"<p>Tapis De Course\u00a0 Profitness\u00a0 \u00a0Nyman 600<\/p>\n<p>Moteur 1,75 CV en CONTINU 2,5 CV en pic, vitesse max de 12 km\/h, inclinaison manuelle 3 niveaux, surface de course 42 x 120 cm, Plusieurs programmes, capteurs cardiaque EKG, ch\u00e2ssis pr\u00e9-mont\u00e9 Plug &amp; Run \u00e0 assembler en seulement quelques minutes.<br \/>\nAmorti :<br \/>\n\u2013 Son syst\u00e8me d\u2019amorti r\u00e9duit jusqu\u2019\u00e0 15% la sollicitation sur les pieds, les genoux et les hanches.<\/p>\n<p>Surface de course :<br \/>\n\u2013 Avec sa zone d\u2019exercice de 42 x 120 cm, les utilisateurs disposent d\u2019une surface suffisante pour la marche et le jogging.<\/p>\n<p>Inclinaison :<br \/>\nInclinaison manuelle sur 2 niveaux, jusqu\u2019\u00e0 3%.<\/p>\n<p>Console : Nyman 600<br \/>\n\u2013 Console tactile avec affichage r\u00e9tro-\u00e9clair\u00e9 bleu pour une meilleure visibilit\u00e9 des informations durant l\u2019entra\u00eenement :<br \/>\n\u2013 Temps de votre exercice en minutes,<br \/>\n\u2013 Distance parcourue pendant votre s\u00e9ance en km,<br \/>\n\u2013 Vitesse de votre programme en km\/h,<br \/>\n\u2013 Calories br\u00fbl\u00e9es approximatives,<br \/>\n\u2013 Rythme cardiaques en BPM.<\/p>\n<p>Confort :<br \/>\n\u2013 Tapis pliable avec v\u00e9rin hydraulique pour plus de s\u00e9curit\u00e9 et une ouverture en douceur.<br \/>\n\u2013 Roulettes de d\u00e9placement.<br \/>\n\u2013 2 Porte gourdes<br \/>\n\u2013 Cl\u00e9 de s\u00e9curit\u00e9 : pour votre propre s\u00e9curit\u00e9, la cl\u00e9 doit \u00eatre fix\u00e9e au v\u00eatement lors de chaque entra\u00eenement. Quand la cl\u00e9 est retir\u00e9e.<br \/>\n\u2013 Sa structure ergonomique \u2018tant pliable et robuste en fait un mat\u00e9riel de fitness \u00e0 domicile, parfait pour se remettre au sport de fa\u00e7on rigoureuse, petit \u00e0 petit et en toute s\u00e9curit\u00e9<\/p>\n","protected":false},"excerpt":{"rendered":"<p>Tapis De Course\u00a0 Profitness\u00a0 \u00a0Nyman 600 Moteur 1,75 CV en CONTINU 2,5 CV en pic, vitesse max de 12 km\/h,<\/p>\n","protected":false},"featured_media":13275,"template":"","meta":{"om_disable_all_campaigns":false},"product_brand":[762],"product_cat":[746,630,765,484],"product_tag":[751,743,741,738,745,739,742,740],"class_list":{"0":"post-13274","1":"product","2":"type-product","3":"status-publish","4":"has-post-thumbnail","6":"product_brand-axion","7":"product_cat-axion","8":"product_cat-fitness","9":"product_cat-tapis-de-course","10":"product_cat-tapis-roulant","11":"product_tag-axion","12":"product_tag-cardio","13":"product_tag-dortmund","14":"product_tag-kettler","15":"product_tag-proform","16":"product_tag-tapis-de-course","17":"product_tag-tapis-roulant","18":"product_tag-treadmill","20":"first","21":"instock","22":"taxable","23":"shipping-taxable","24":"purchasable","25":"product-type-simple"},"yoast_head":"<!-- This site is optimized with the Yoast SEO plugin v27.3 - https:\/\/yoast.com\/product\/yoast-seo-wordpress\/ -->\n<title>Tapis De Course Nyman 600 - Fitness Market DZ<\/title>\n<meta name=\"description\" content=\"Achetez Le Tapis De Course Nyman 600, en Alg\u00e9rie \u00e0 bas prix Chez Fitness Market Cheraga, avec Garantie SAV , Soyez les Bienvenus.\" \/>\n<meta name=\"robots\" content=\"index, follow, max-snippet:-1, max-image-preview:large, max-video-preview:-1\" \/>\n<link rel=\"canonical\" href=\"https:\/\/fitnessmarketdz.net\/index.php\/product\/tapis-de-course-nyman-600\/\" \/>\n<meta property=\"og:locale\" content=\"fr_FR\" \/>\n<meta property=\"og:type\" content=\"article\" \/>\n<meta property=\"og:title\" content=\"Tapis De Course Nyman 600 - Fitness Market DZ\" \/>\n<meta property=\"og:description\" content=\"Achetez Le Tapis De Course Nyman 600, en Alg\u00e9rie \u00e0 bas prix Chez Fitness Market Cheraga, avec Garantie SAV , Soyez les Bienvenus.\" \/>\n<meta property=\"og:url\" content=\"https:\/\/fitnessmarketdz.net\/index.php\/product\/tapis-de-course-nyman-600\/\" \/>\n<meta property=\"og:site_name\" content=\"Fitness Market DZ\" \/>\n<meta property=\"article:publisher\" content=\"https:\/\/www.facebook.com\/profile.php?id=100049723587139\" \/>\n<meta property=\"article:modified_time\" content=\"2026-03-23T20:35:52+00:00\" \/>\n<meta property=\"og:image\" content=\"https:\/\/fitnessmarketdz.net\/wp-content\/uploads\/2026\/02\/nyman-600-profit9.jpeg\" \/>\n\t<meta property=\"og:image:width\" content=\"1152\" \/>\n\t<meta property=\"og:image:height\" content=\"896\" \/>\n\t<meta property=\"og:image:type\" content=\"image\/jpeg\" \/>\n<meta name=\"twitter:card\" content=\"summary_large_image\" \/>\n<meta name=\"twitter:label1\" content=\"Dur\u00e9e de lecture estim\u00e9e\" \/>\n\t<meta name=\"twitter:data1\" content=\"2 minutes\" \/>\n<script type=\"application\/ld+json\" class=\"yoast-schema-graph\">{\"@context\":\"https:\\\/\\\/schema.org\",\"@graph\":[{\"@type\":\"WebPage\",\"@id\":\"https:\\\/\\\/fitnessmarketdz.net\\\/index.php\\\/product\\\/tapis-de-course-nyman-600\\\/\",\"url\":\"https:\\\/\\\/fitnessmarketdz.net\\\/index.php\\\/product\\\/tapis-de-course-nyman-600\\\/\",\"name\":\"Tapis De Course Nyman 600 - Fitness Market DZ\",\"isPartOf\":{\"@id\":\"https:\\\/\\\/fitnessmarketdz.net\\\/#website\"},\"primaryImageOfPage\":{\"@id\":\"https:\\\/\\\/fitnessmarketdz.net\\\/index.php\\\/product\\\/tapis-de-course-nyman-600\\\/#primaryimage\"},\"image\":{\"@id\":\"https:\\\/\\\/fitnessmarketdz.net\\\/index.php\\\/product\\\/tapis-de-course-nyman-600\\\/#primaryimage\"},\"thumbnailUrl\":\"https:\\\/\\\/fitnessmarketdz.net\\\/wp-content\\\/uploads\\\/2026\\\/02\\\/nyman-600-profit9.jpeg\",\"datePublished\":\"2026-02-18T22:40:58+00:00\",\"dateModified\":\"2026-03-23T20:35:52+00:00\",\"description\":\"Achetez Le Tapis De Course Nyman 600, en Alg\u00e9rie \u00e0 bas prix Chez Fitness Market Cheraga, avec Garantie SAV , Soyez les Bienvenus.\",\"breadcrumb\":{\"@id\":\"https:\\\/\\\/fitnessmarketdz.net\\\/index.php\\\/product\\\/tapis-de-course-nyman-600\\\/#breadcrumb\"},\"inLanguage\":\"fr-FR\",\"potentialAction\":[{\"@type\":\"ReadAction\",\"target\":[\"https:\\\/\\\/fitnessmarketdz.net\\\/index.php\\\/product\\\/tapis-de-course-nyman-600\\\/\"]}]},{\"@type\":\"ImageObject\",\"inLanguage\":\"fr-FR\",\"@id\":\"https:\\\/\\\/fitnessmarketdz.net\\\/index.php\\\/product\\\/tapis-de-course-nyman-600\\\/#primaryimage\",\"url\":\"https:\\\/\\\/fitnessmarketdz.net\\\/wp-content\\\/uploads\\\/2026\\\/02\\\/nyman-600-profit9.jpeg\",\"contentUrl\":\"https:\\\/\\\/fitnessmarketdz.net\\\/wp-content\\\/uploads\\\/2026\\\/02\\\/nyman-600-profit9.jpeg\",\"width\":1152,\"height\":896},{\"@type\":\"BreadcrumbList\",\"@id\":\"https:\\\/\\\/fitnessmarketdz.net\\\/index.php\\\/product\\\/tapis-de-course-nyman-600\\\/#breadcrumb\",\"itemListElement\":[{\"@type\":\"ListItem\",\"position\":1,\"name\":\"Accueil\",\"item\":\"https:\\\/\\\/fitnessmarketdz.net\\\/\"},{\"@type\":\"ListItem\",\"position\":2,\"name\":\"Boutique\",\"item\":\"https:\\\/\\\/fitnessmarketdz.net\\\/index.php\\\/boutique-fitness-market-algeria\\\/\"},{\"@type\":\"ListItem\",\"position\":3,\"name\":\"Tapis De Course Nyman 600\"}]},{\"@type\":\"WebSite\",\"@id\":\"https:\\\/\\\/fitnessmarketdz.net\\\/#website\",\"url\":\"https:\\\/\\\/fitnessmarketdz.net\\\/\",\"name\":\"Fitness Market DZ\",\"description\":\"Votre Partenaire de Fitness en Salle et \u00e0 Domicile\",\"publisher\":{\"@id\":\"https:\\\/\\\/fitnessmarketdz.net\\\/#organization\"},\"potentialAction\":[{\"@type\":\"SearchAction\",\"target\":{\"@type\":\"EntryPoint\",\"urlTemplate\":\"https:\\\/\\\/fitnessmarketdz.net\\\/?s={search_term_string}\"},\"query-input\":{\"@type\":\"PropertyValueSpecification\",\"valueRequired\":true,\"valueName\":\"search_term_string\"}}],\"inLanguage\":\"fr-FR\"},{\"@type\":\"Organization\",\"@id\":\"https:\\\/\\\/fitnessmarketdz.net\\\/#organization\",\"name\":\"Fitness Market DZ\",\"url\":\"https:\\\/\\\/fitnessmarketdz.net\\\/\",\"logo\":{\"@type\":\"ImageObject\",\"inLanguage\":\"fr-FR\",\"@id\":\"https:\\\/\\\/fitnessmarketdz.net\\\/#\\\/schema\\\/logo\\\/image\\\/\",\"url\":\"https:\\\/\\\/fitnessmarketdz.net\\\/wp-content\\\/uploads\\\/2024\\\/01\\\/Logo-Fitness-Market.svg\",\"contentUrl\":\"https:\\\/\\\/fitnessmarketdz.net\\\/wp-content\\\/uploads\\\/2024\\\/01\\\/Logo-Fitness-Market.svg\",\"width\":5181,\"height\":2572,\"caption\":\"Fitness Market DZ\"},\"image\":{\"@id\":\"https:\\\/\\\/fitnessmarketdz.net\\\/#\\\/schema\\\/logo\\\/image\\\/\"},\"sameAs\":[\"https:\\\/\\\/www.facebook.com\\\/profile.php?id=100049723587139\",\"https:\\\/\\\/www.instagram.com\\\/fitness.market.algeria\\\/\"]}]}<\/script>\n<!-- \/ Yoast SEO plugin. -->","yoast_head_json":{"title":"Tapis De Course Nyman 600 - Fitness Market DZ","description":"Achetez Le Tapis De Course Nyman 600, en Alg\u00e9rie \u00e0 bas prix Chez Fitness Market Cheraga, avec Garantie SAV , Soyez les Bienvenus.","robots":{"index":"index","follow":"follow","max-snippet":"max-snippet:-1","max-image-preview":"max-image-preview:large","max-video-preview":"max-video-preview:-1"},"canonical":"https:\/\/fitnessmarketdz.net\/index.php\/product\/tapis-de-course-nyman-600\/","og_locale":"fr_FR","og_type":"article","og_title":"Tapis De Course Nyman 600 - Fitness Market DZ","og_description":"Achetez Le Tapis De Course Nyman 600, en Alg\u00e9rie \u00e0 bas prix Chez Fitness Market Cheraga, avec Garantie SAV , Soyez les Bienvenus.","og_url":"https:\/\/fitnessmarketdz.net\/index.php\/product\/tapis-de-course-nyman-600\/","og_site_name":"Fitness Market DZ","article_publisher":"https:\/\/www.facebook.com\/profile.php?id=100049723587139","article_modified_time":"2026-03-23T20:35:52+00:00","og_image":[{"width":1152,"height":896,"url":"https:\/\/fitnessmarketdz.net\/wp-content\/uploads\/2026\/02\/nyman-600-profit9.jpeg","type":"image\/jpeg"}],"twitter_card":"summary_large_image","twitter_misc":{"Dur\u00e9e de lecture estim\u00e9e":"2 minutes"},"schema":{"@context":"https:\/\/schema.org","@graph":[{"@type":"WebPage","@id":"https:\/\/fitnessmarketdz.net\/index.php\/product\/tapis-de-course-nyman-600\/","url":"https:\/\/fitnessmarketdz.net\/index.php\/product\/tapis-de-course-nyman-600\/","name":"Tapis De Course Nyman 600 - Fitness Market DZ","isPartOf":{"@id":"https:\/\/fitnessmarketdz.net\/#website"},"primaryImageOfPage":{"@id":"https:\/\/fitnessmarketdz.net\/index.php\/product\/tapis-de-course-nyman-600\/#primaryimage"},"image":{"@id":"https:\/\/fitnessmarketdz.net\/index.php\/product\/tapis-de-course-nyman-600\/#primaryimage"},"thumbnailUrl":"https:\/\/fitnessmarketdz.net\/wp-content\/uploads\/2026\/02\/nyman-600-profit9.jpeg","datePublished":"2026-02-18T22:40:58+00:00","dateModified":"2026-03-23T20:35:52+00:00","description":"Achetez Le Tapis De Course Nyman 600, en Alg\u00e9rie \u00e0 bas prix Chez Fitness Market Cheraga, avec Garantie SAV , Soyez les Bienvenus.","breadcrumb":{"@id":"https:\/\/fitnessmarketdz.net\/index.php\/product\/tapis-de-course-nyman-600\/#breadcrumb"},"inLanguage":"fr-FR","potentialAction":[{"@type":"ReadAction","target":["https:\/\/fitnessmarketdz.net\/index.php\/product\/tapis-de-course-nyman-600\/"]}]},{"@type":"ImageObject","inLanguage":"fr-FR","@id":"https:\/\/fitnessmarketdz.net\/index.php\/product\/tapis-de-course-nyman-600\/#primaryimage","url":"https:\/\/fitnessmarketdz.net\/wp-content\/uploads\/2026\/02\/nyman-600-profit9.jpeg","contentUrl":"https:\/\/fitnessmarketdz.net\/wp-content\/uploads\/2026\/02\/nyman-600-profit9.jpeg","width":1152,"height":896},{"@type":"BreadcrumbList","@id":"https:\/\/fitnessmarketdz.net\/index.php\/product\/tapis-de-course-nyman-600\/#breadcrumb","itemListElement":[{"@type":"ListItem","position":1,"name":"Accueil","item":"https:\/\/fitnessmarketdz.net\/"},{"@type":"ListItem","position":2,"name":"Boutique","item":"https:\/\/fitnessmarketdz.net\/index.php\/boutique-fitness-market-algeria\/"},{"@type":"ListItem","position":3,"name":"Tapis De Course Nyman 600"}]},{"@type":"WebSite","@id":"https:\/\/fitnessmarketdz.net\/#website","url":"https:\/\/fitnessmarketdz.net\/","name":"Fitness Market DZ","description":"Votre Partenaire de Fitness en Salle et \u00e0 Domicile","publisher":{"@id":"https:\/\/fitnessmarketdz.net\/#organization"},"potentialAction":[{"@type":"SearchAction","target":{"@type":"EntryPoint","urlTemplate":"https:\/\/fitnessmarketdz.net\/?s={search_term_string}"},"query-input":{"@type":"PropertyValueSpecification","valueRequired":true,"valueName":"search_term_string"}}],"inLanguage":"fr-FR"},{"@type":"Organization","@id":"https:\/\/fitnessmarketdz.net\/#organization","name":"Fitness Market DZ","url":"https:\/\/fitnessmarketdz.net\/","logo":{"@type":"ImageObject","inLanguage":"fr-FR","@id":"https:\/\/fitnessmarketdz.net\/#\/schema\/logo\/image\/","url":"https:\/\/fitnessmarketdz.net\/wp-content\/uploads\/2024\/01\/Logo-Fitness-Market.svg","contentUrl":"https:\/\/fitnessmarketdz.net\/wp-content\/uploads\/2024\/01\/Logo-Fitness-Market.svg","width":5181,"height":2572,"caption":"Fitness Market DZ"},"image":{"@id":"https:\/\/fitnessmarketdz.net\/#\/schema\/logo\/image\/"},"sameAs":["https:\/\/www.facebook.com\/profile.php?id=100049723587139","https:\/\/www.instagram.com\/fitness.market.algeria\/"]}]}},"jetpack_sharing_enabled":true,"_links":{"self":[{"href":"https:\/\/fitnessmarketdz.net\/index.php\/wp-json\/wp\/v2\/product\/13274","targetHints":{"allow":["GET"]}}],"collection":[{"href":"https:\/\/fitnessmarketdz.net\/index.php\/wp-json\/wp\/v2\/product"}],"about":[{"href":"https:\/\/fitnessmarketdz.net\/index.php\/wp-json\/wp\/v2\/types\/product"}],"version-history":[{"count":0,"href":"https:\/\/fitnessmarketdz.net\/index.php\/wp-json\/wp\/v2\/product\/13274\/revisions"}],"wp:featuredmedia":[{"embeddable":true,"href":"https:\/\/fitnessmarketdz.net\/index.php\/wp-json\/wp\/v2\/media\/13275"}],"wp:attachment":[{"href":"https:\/\/fitnessmarketdz.net\/index.php\/wp-json\/wp\/v2\/media?parent=13274"}],"wp:term":[{"taxonomy":"product_brand","embeddable":true,"href":"https:\/\/fitnessmarketdz.net\/index.php\/wp-json\/wp\/v2\/product_brand?post=13274"},{"taxonomy":"product_cat","embeddable":true,"href":"https:\/\/fitnessmarketdz.net\/index.php\/wp-json\/wp\/v2\/product_cat?post=13274"},{"taxonomy":"product_tag","embeddable":true,"href":"https:\/\/fitnessmarketdz.net\/index.php\/wp-json\/wp\/v2\/product_tag?post=13274"}],"curies":[{"name":"wp","href":"https:\/\/api.w.org\/{rel}","templated":true}]}}