{"id":12874,"date":"2025-11-12T09:15:58","date_gmt":"2025-11-12T08:15:58","guid":{"rendered":"https:\/\/fitnessmarketdz.net\/?post_type=product&#038;p=12874"},"modified":"2026-03-24T18:03:40","modified_gmt":"2026-03-24T17:03:40","slug":"tapis-kettler-orlando-b400","status":"publish","type":"product","link":"https:\/\/fitnessmarketdz.net\/index.php\/product\/tapis-kettler-orlando-b400\/","title":{"rendered":"Tapis Kettler ORLANDO B400"},"content":{"rendered":"<pre class=\"tw-data-text tw-text-large tw-ta\" dir=\"ltr\" lang=\"fr\" role=\"text\" data-placeholder=\"Traduction\" data-ved=\"2ahUKEwjcq739k-yQAxV6NPsDHSW5NqEQ3ewLegQIDBAU\" aria-label=\"Texte traduit\u00a0: Description AXOS LTD ORLANDO B400 \/ 07886-131 KETTLER Fitness a con\u00e7u la s\u00e9rie AXOS LTD pour les petits espaces. Avec son design \u00e9l\u00e9gant, cette gamme d'appareils de fitness (v\u00e9los elliptiques et tapis de course) offre une solution compl\u00e8te et fonctionnelle, \u00e9conomique \u00e0 l'achat et facile d'entretien. Elle s'int\u00e8gre parfaitement \u00e0 la gamme AXOS LTD. Le KETTLER ORLANDO B400 est \u00e9quip\u00e9 d'un moteur sans balais de 1,25 CV. Les moteurs sans balais sont id\u00e9aux pour les longues distances car ils utilisent des commandes \u00e9lectroniques pour g\u00e9n\u00e9rer le mouvement, &lt;span class=\">Description\r\nAXOS LTD ORLANDO B400 \/ 07886-131\r\nKETTLER Fitness a con\u00e7u la s\u00e9rie AXOS LTD pour les petits espaces. \r\nAvec son design \u00e9l\u00e9gant, cette gamme d'appareils de fitness (v\u00e9los elliptiques et tapis de course) offre une solution compl\u00e8te et fonctionnelle.\r\n \u00e9conomique \u00e0 l'achat et facile d'entretien. Elle s'int\u00e8gre parfaitement \u00e0 la gamme AXOS LTD.\r\nLe KETTLER ORLANDO B400 est \u00e9quip\u00e9 d'un moteur sans balais de 1,25 CV.\r\n<\/pre>\n<p>Description technique<\/p>\n<p>\u00c9cran de la console\u00a0: LED<\/p>\n<p>Porte-chargeur USB<\/p>\n<p>Programmes\u00a0: 36<\/p>\n<p>Bluetooth\u00a0: Non<\/p>\n<p>Syst\u00e8me de fr\u00e9quence cardiaque\u00a0: Capteurs de fr\u00e9quence cardiaque sur les poign\u00e9es<\/p>\n<p>Rangement des accessoires\u00a0: Support pour t\u00e9l\u00e9phone \/ Porte-bouteille<\/p>\n<p>Puissance du moteur\u00a0: 1,25\u00a0CV, sans balais, fonctionnement continu<\/p>\n<p>Vitesse r\u00e9glable\u00a0: 1 \u00e0 14 (par paliers de 0,1\u00a0km\/h)<\/p>\n<p>Pas d\u2019inclinaison<\/p>\n<p>Dimensions :<\/p>\n<p>-surface de course : 123 x 45 cm<\/p>\n<p>-d\u00e9pli\u00e9 : 159 x 70 x 116 cm<\/p>\n<p>-pli\u00e9 : 159 x 70 x 26 cm<\/p>\n<p>Max. Charge maximale : 100 kg<\/p>\n<p>Lubrification du plateau : Lubrification manuelle r\u00e9guli\u00e8re du syst\u00e8me de lubrification rapide de la courroie<\/p>\n<p>Amortissement : 8 amortisseurs avec la technologie KETT ADJUSTABLE CUSHION ce qui permet un r\u00e9glages \u00ab DUR \u00bb et \u00ab SOUPLES \u00bb<\/p>\n<p>Syst\u00e8me de pliage : Enti\u00e8rement pliable<\/p>\n<p>Transport : Deux roues pour faciliter le transport<\/p>\n<p>Couleur : Noir<span class=\"Y2IQFc\" lang=\"fr\"> Les moteurs sans balais sont id\u00e9aux pour les longues distances car ils utilisent des commandes \u00e9lectroniques pour g\u00e9n\u00e9rer le mouvement,<br \/>\n\u00e9liminant ainsi le besoin de balais et de collecteurs pr\u00e9sents dans les moteurs \u00e0 balais.<br \/>\nDes circuits \u00e9lectroniques contr\u00f4lent la dur\u00e9e et l&rsquo;intensit\u00e9 du courant \u00e9lectrique traversant les bobines,<br \/>\ngr\u00e2ce aux informations fournies par des capteurs internes.<br \/>\nAinsi ces informations permettent au syst\u00e8me de commande \u00e9lectronique d&rsquo;activer les bobines selon une s\u00e9quence pr\u00e9d\u00e9termin\u00e9e lors de la rotation du rotor,<br \/>\ncr\u00e9ant ainsi un champ magn\u00e9tique qui entra\u00eene ce dernier.<br \/>\nLes moteurs sans balais fonctionnent de mani\u00e8re plus fluide et silencieuse que les moteurs \u00e0 balais,<br \/>\nam\u00e9liorant ainsi l&rsquo;exp\u00e9rience globale sur le tapis de course en minimisant le bruit et aussi les vibrations pendant l&rsquo;entra\u00eenement.<br \/>\nCe fonctionnement plus silencieux permet aux utilisateurs de s&rsquo;entra\u00eener sans d\u00e9ranger leur entourage.<\/span><\/p>\n","protected":false},"excerpt":{"rendered":"<p>Description AXOS LTD ORLANDO B400 \/ 07886-131 KETTLER Fitness a con\u00e7u la s\u00e9rie AXOS LTD pour les petits espaces. Avec<\/p>\n","protected":false},"featured_media":12875,"template":"","meta":{"om_disable_all_campaigns":false},"product_brand":[760],"product_cat":[484],"product_tag":[743,738,739,742,740],"class_list":{"0":"post-12874","1":"product","2":"type-product","3":"status-publish","4":"has-post-thumbnail","6":"product_brand-kettler","7":"product_cat-tapis-roulant","8":"product_tag-cardio","9":"product_tag-kettler","10":"product_tag-tapis-de-course","11":"product_tag-tapis-roulant","12":"product_tag-treadmill","13":"product_shipping_class-lourds","15":"first","16":"instock","17":"featured","18":"taxable","19":"shipping-taxable","20":"purchasable","21":"product-type-simple"},"yoast_head":"<!-- This site is optimized with the Yoast SEO plugin v27.3 - https:\/\/yoast.com\/product\/yoast-seo-wordpress\/ -->\n<title>Tapis Kettler ORLANDO B400<\/title>\n<meta name=\"description\" content=\"Acheter Tapis Kettler ORLANDO B400 Au Meilleur Prix En Alg\u00e9rie Chez Fitness Market 020 28 39 08, Repr\u00e9sentant Officiel Kettler Alg\u00e9rie, Proform .\" \/>\n<meta name=\"robots\" content=\"index, follow, max-snippet:-1, max-image-preview:large, max-video-preview:-1\" \/>\n<link rel=\"canonical\" href=\"https:\/\/fitnessmarketdz.net\/index.php\/product\/tapis-kettler-orlando-b400\/\" \/>\n<meta property=\"og:locale\" content=\"fr_FR\" \/>\n<meta property=\"og:type\" content=\"article\" \/>\n<meta property=\"og:title\" content=\"Tapis Kettler ORLANDO B400\" \/>\n<meta property=\"og:description\" content=\"Acheter Tapis Kettler ORLANDO B400 Au Meilleur Prix En Alg\u00e9rie Chez Fitness Market 020 28 39 08, Repr\u00e9sentant Officiel Kettler Alg\u00e9rie, Proform .\" \/>\n<meta property=\"og:url\" content=\"https:\/\/fitnessmarketdz.net\/index.php\/product\/tapis-kettler-orlando-b400\/\" \/>\n<meta property=\"og:site_name\" content=\"Fitness Market DZ\" \/>\n<meta property=\"article:publisher\" content=\"https:\/\/www.facebook.com\/profile.php?id=100049723587139\" \/>\n<meta property=\"article:modified_time\" content=\"2026-03-24T17:03:40+00:00\" \/>\n<meta name=\"twitter:card\" content=\"summary_large_image\" \/>\n<meta name=\"twitter:label1\" content=\"Dur\u00e9e de lecture estim\u00e9e\" \/>\n\t<meta name=\"twitter:data1\" content=\"2 minutes\" \/>\n<script type=\"application\/ld+json\" class=\"yoast-schema-graph\">{\"@context\":\"https:\\\/\\\/schema.org\",\"@graph\":[{\"@type\":\"WebPage\",\"@id\":\"https:\\\/\\\/fitnessmarketdz.net\\\/index.php\\\/product\\\/tapis-kettler-orlando-b400\\\/\",\"url\":\"https:\\\/\\\/fitnessmarketdz.net\\\/index.php\\\/product\\\/tapis-kettler-orlando-b400\\\/\",\"name\":\"Tapis Kettler ORLANDO B400\",\"isPartOf\":{\"@id\":\"https:\\\/\\\/fitnessmarketdz.net\\\/#website\"},\"primaryImageOfPage\":{\"@id\":\"https:\\\/\\\/fitnessmarketdz.net\\\/index.php\\\/product\\\/tapis-kettler-orlando-b400\\\/#primaryimage\"},\"image\":{\"@id\":\"https:\\\/\\\/fitnessmarketdz.net\\\/index.php\\\/product\\\/tapis-kettler-orlando-b400\\\/#primaryimage\"},\"thumbnailUrl\":\"https:\\\/\\\/fitnessmarketdz.net\\\/wp-content\\\/uploads\\\/2025\\\/11\\\/kettler-orlando-b400-07886-130-1-2.avif\",\"datePublished\":\"2025-11-12T08:15:58+00:00\",\"dateModified\":\"2026-03-24T17:03:40+00:00\",\"description\":\"Acheter Tapis Kettler ORLANDO B400 Au Meilleur Prix En Alg\u00e9rie Chez Fitness Market 020 28 39 08, Repr\u00e9sentant Officiel Kettler Alg\u00e9rie, Proform .\",\"breadcrumb\":{\"@id\":\"https:\\\/\\\/fitnessmarketdz.net\\\/index.php\\\/product\\\/tapis-kettler-orlando-b400\\\/#breadcrumb\"},\"inLanguage\":\"fr-FR\",\"potentialAction\":[{\"@type\":\"ReadAction\",\"target\":[\"https:\\\/\\\/fitnessmarketdz.net\\\/index.php\\\/product\\\/tapis-kettler-orlando-b400\\\/\"]}]},{\"@type\":\"ImageObject\",\"inLanguage\":\"fr-FR\",\"@id\":\"https:\\\/\\\/fitnessmarketdz.net\\\/index.php\\\/product\\\/tapis-kettler-orlando-b400\\\/#primaryimage\",\"url\":\"https:\\\/\\\/fitnessmarketdz.net\\\/wp-content\\\/uploads\\\/2025\\\/11\\\/kettler-orlando-b400-07886-130-1-2.avif\",\"contentUrl\":\"https:\\\/\\\/fitnessmarketdz.net\\\/wp-content\\\/uploads\\\/2025\\\/11\\\/kettler-orlando-b400-07886-130-1-2.avif\",\"width\":1500,\"height\":1500,\"caption\":\"kettler-orlando-b400-07886-130-1-2\"},{\"@type\":\"BreadcrumbList\",\"@id\":\"https:\\\/\\\/fitnessmarketdz.net\\\/index.php\\\/product\\\/tapis-kettler-orlando-b400\\\/#breadcrumb\",\"itemListElement\":[{\"@type\":\"ListItem\",\"position\":1,\"name\":\"Accueil\",\"item\":\"https:\\\/\\\/fitnessmarketdz.net\\\/\"},{\"@type\":\"ListItem\",\"position\":2,\"name\":\"Boutique\",\"item\":\"https:\\\/\\\/fitnessmarketdz.net\\\/index.php\\\/boutique-fitness-market-algeria\\\/\"},{\"@type\":\"ListItem\",\"position\":3,\"name\":\"Tapis Kettler ORLANDO B400\"}]},{\"@type\":\"WebSite\",\"@id\":\"https:\\\/\\\/fitnessmarketdz.net\\\/#website\",\"url\":\"https:\\\/\\\/fitnessmarketdz.net\\\/\",\"name\":\"Fitness Market DZ\",\"description\":\"Votre Partenaire de Fitness en Salle et \u00e0 Domicile\",\"publisher\":{\"@id\":\"https:\\\/\\\/fitnessmarketdz.net\\\/#organization\"},\"potentialAction\":[{\"@type\":\"SearchAction\",\"target\":{\"@type\":\"EntryPoint\",\"urlTemplate\":\"https:\\\/\\\/fitnessmarketdz.net\\\/?s={search_term_string}\"},\"query-input\":{\"@type\":\"PropertyValueSpecification\",\"valueRequired\":true,\"valueName\":\"search_term_string\"}}],\"inLanguage\":\"fr-FR\"},{\"@type\":\"Organization\",\"@id\":\"https:\\\/\\\/fitnessmarketdz.net\\\/#organization\",\"name\":\"Fitness Market DZ\",\"url\":\"https:\\\/\\\/fitnessmarketdz.net\\\/\",\"logo\":{\"@type\":\"ImageObject\",\"inLanguage\":\"fr-FR\",\"@id\":\"https:\\\/\\\/fitnessmarketdz.net\\\/#\\\/schema\\\/logo\\\/image\\\/\",\"url\":\"https:\\\/\\\/fitnessmarketdz.net\\\/wp-content\\\/uploads\\\/2024\\\/01\\\/Logo-Fitness-Market.svg\",\"contentUrl\":\"https:\\\/\\\/fitnessmarketdz.net\\\/wp-content\\\/uploads\\\/2024\\\/01\\\/Logo-Fitness-Market.svg\",\"width\":5181,\"height\":2572,\"caption\":\"Fitness Market DZ\"},\"image\":{\"@id\":\"https:\\\/\\\/fitnessmarketdz.net\\\/#\\\/schema\\\/logo\\\/image\\\/\"},\"sameAs\":[\"https:\\\/\\\/www.facebook.com\\\/profile.php?id=100049723587139\",\"https:\\\/\\\/www.instagram.com\\\/fitness.market.algeria\\\/\"]}]}<\/script>\n<!-- \/ Yoast SEO plugin. -->","yoast_head_json":{"title":"Tapis Kettler ORLANDO B400","description":"Acheter Tapis Kettler ORLANDO B400 Au Meilleur Prix En Alg\u00e9rie Chez Fitness Market 020 28 39 08, Repr\u00e9sentant Officiel Kettler Alg\u00e9rie, Proform .","robots":{"index":"index","follow":"follow","max-snippet":"max-snippet:-1","max-image-preview":"max-image-preview:large","max-video-preview":"max-video-preview:-1"},"canonical":"https:\/\/fitnessmarketdz.net\/index.php\/product\/tapis-kettler-orlando-b400\/","og_locale":"fr_FR","og_type":"article","og_title":"Tapis Kettler ORLANDO B400","og_description":"Acheter Tapis Kettler ORLANDO B400 Au Meilleur Prix En Alg\u00e9rie Chez Fitness Market 020 28 39 08, Repr\u00e9sentant Officiel Kettler Alg\u00e9rie, Proform .","og_url":"https:\/\/fitnessmarketdz.net\/index.php\/product\/tapis-kettler-orlando-b400\/","og_site_name":"Fitness Market DZ","article_publisher":"https:\/\/www.facebook.com\/profile.php?id=100049723587139","article_modified_time":"2026-03-24T17:03:40+00:00","twitter_card":"summary_large_image","twitter_misc":{"Dur\u00e9e de lecture estim\u00e9e":"2 minutes"},"schema":{"@context":"https:\/\/schema.org","@graph":[{"@type":"WebPage","@id":"https:\/\/fitnessmarketdz.net\/index.php\/product\/tapis-kettler-orlando-b400\/","url":"https:\/\/fitnessmarketdz.net\/index.php\/product\/tapis-kettler-orlando-b400\/","name":"Tapis Kettler ORLANDO B400","isPartOf":{"@id":"https:\/\/fitnessmarketdz.net\/#website"},"primaryImageOfPage":{"@id":"https:\/\/fitnessmarketdz.net\/index.php\/product\/tapis-kettler-orlando-b400\/#primaryimage"},"image":{"@id":"https:\/\/fitnessmarketdz.net\/index.php\/product\/tapis-kettler-orlando-b400\/#primaryimage"},"thumbnailUrl":"https:\/\/fitnessmarketdz.net\/wp-content\/uploads\/2025\/11\/kettler-orlando-b400-07886-130-1-2.avif","datePublished":"2025-11-12T08:15:58+00:00","dateModified":"2026-03-24T17:03:40+00:00","description":"Acheter Tapis Kettler ORLANDO B400 Au Meilleur Prix En Alg\u00e9rie Chez Fitness Market 020 28 39 08, Repr\u00e9sentant Officiel Kettler Alg\u00e9rie, Proform .","breadcrumb":{"@id":"https:\/\/fitnessmarketdz.net\/index.php\/product\/tapis-kettler-orlando-b400\/#breadcrumb"},"inLanguage":"fr-FR","potentialAction":[{"@type":"ReadAction","target":["https:\/\/fitnessmarketdz.net\/index.php\/product\/tapis-kettler-orlando-b400\/"]}]},{"@type":"ImageObject","inLanguage":"fr-FR","@id":"https:\/\/fitnessmarketdz.net\/index.php\/product\/tapis-kettler-orlando-b400\/#primaryimage","url":"https:\/\/fitnessmarketdz.net\/wp-content\/uploads\/2025\/11\/kettler-orlando-b400-07886-130-1-2.avif","contentUrl":"https:\/\/fitnessmarketdz.net\/wp-content\/uploads\/2025\/11\/kettler-orlando-b400-07886-130-1-2.avif","width":1500,"height":1500,"caption":"kettler-orlando-b400-07886-130-1-2"},{"@type":"BreadcrumbList","@id":"https:\/\/fitnessmarketdz.net\/index.php\/product\/tapis-kettler-orlando-b400\/#breadcrumb","itemListElement":[{"@type":"ListItem","position":1,"name":"Accueil","item":"https:\/\/fitnessmarketdz.net\/"},{"@type":"ListItem","position":2,"name":"Boutique","item":"https:\/\/fitnessmarketdz.net\/index.php\/boutique-fitness-market-algeria\/"},{"@type":"ListItem","position":3,"name":"Tapis Kettler ORLANDO B400"}]},{"@type":"WebSite","@id":"https:\/\/fitnessmarketdz.net\/#website","url":"https:\/\/fitnessmarketdz.net\/","name":"Fitness Market DZ","description":"Votre Partenaire de Fitness en Salle et \u00e0 Domicile","publisher":{"@id":"https:\/\/fitnessmarketdz.net\/#organization"},"potentialAction":[{"@type":"SearchAction","target":{"@type":"EntryPoint","urlTemplate":"https:\/\/fitnessmarketdz.net\/?s={search_term_string}"},"query-input":{"@type":"PropertyValueSpecification","valueRequired":true,"valueName":"search_term_string"}}],"inLanguage":"fr-FR"},{"@type":"Organization","@id":"https:\/\/fitnessmarketdz.net\/#organization","name":"Fitness Market DZ","url":"https:\/\/fitnessmarketdz.net\/","logo":{"@type":"ImageObject","inLanguage":"fr-FR","@id":"https:\/\/fitnessmarketdz.net\/#\/schema\/logo\/image\/","url":"https:\/\/fitnessmarketdz.net\/wp-content\/uploads\/2024\/01\/Logo-Fitness-Market.svg","contentUrl":"https:\/\/fitnessmarketdz.net\/wp-content\/uploads\/2024\/01\/Logo-Fitness-Market.svg","width":5181,"height":2572,"caption":"Fitness Market DZ"},"image":{"@id":"https:\/\/fitnessmarketdz.net\/#\/schema\/logo\/image\/"},"sameAs":["https:\/\/www.facebook.com\/profile.php?id=100049723587139","https:\/\/www.instagram.com\/fitness.market.algeria\/"]}]}},"jetpack_sharing_enabled":true,"_links":{"self":[{"href":"https:\/\/fitnessmarketdz.net\/index.php\/wp-json\/wp\/v2\/product\/12874","targetHints":{"allow":["GET"]}}],"collection":[{"href":"https:\/\/fitnessmarketdz.net\/index.php\/wp-json\/wp\/v2\/product"}],"about":[{"href":"https:\/\/fitnessmarketdz.net\/index.php\/wp-json\/wp\/v2\/types\/product"}],"version-history":[{"count":3,"href":"https:\/\/fitnessmarketdz.net\/index.php\/wp-json\/wp\/v2\/product\/12874\/revisions"}],"predecessor-version":[{"id":13348,"href":"https:\/\/fitnessmarketdz.net\/index.php\/wp-json\/wp\/v2\/product\/12874\/revisions\/13348"}],"wp:featuredmedia":[{"embeddable":true,"href":"https:\/\/fitnessmarketdz.net\/index.php\/wp-json\/wp\/v2\/media\/12875"}],"wp:attachment":[{"href":"https:\/\/fitnessmarketdz.net\/index.php\/wp-json\/wp\/v2\/media?parent=12874"}],"wp:term":[{"taxonomy":"product_brand","embeddable":true,"href":"https:\/\/fitnessmarketdz.net\/index.php\/wp-json\/wp\/v2\/product_brand?post=12874"},{"taxonomy":"product_cat","embeddable":true,"href":"https:\/\/fitnessmarketdz.net\/index.php\/wp-json\/wp\/v2\/product_cat?post=12874"},{"taxonomy":"product_tag","embeddable":true,"href":"https:\/\/fitnessmarketdz.net\/index.php\/wp-json\/wp\/v2\/product_tag?post=12874"}],"curies":[{"name":"wp","href":"https:\/\/api.w.org\/{rel}","templated":true}]}}