{"id":12863,"date":"2025-11-11T23:36:54","date_gmt":"2025-11-11T22:36:54","guid":{"rendered":"https:\/\/fitnessmarketdz.net\/?post_type=product&#038;p=12863"},"modified":"2026-03-23T21:40:53","modified_gmt":"2026-03-23T20:40:53","slug":"multigym-tpd-5","status":"publish","type":"product","link":"https:\/\/fitnessmarketdz.net\/index.php\/product\/multigym-tpd-5\/","title":{"rendered":"Multigym Tpd 5"},"content":{"rendered":"<p>Achetez Le , en Alg\u00e9rie \u00e0 bas prix Chez Kettler Cheraga, avec Garantie SAV.<\/p>\n<p>Vous pouvez passer commande en appelant au: +213 20 28 39 08<\/p>\n<p>Profitez des promos chez Kettler Cheraga!!<br \/>\nLa station de musculation Multigym Tpd 5 vous aide \u00e0 entretenir votre corps \u00e0 domicile ! Avec une charge de poids de 80 kg et ses paliers, cet appareil\u00a0 permet de progresser et de se d\u00e9passer dans son renforcement musculaire.<br \/>\nAppareil de musculation monoposte multi-usages<br \/>\nLa station Multigym Tpd 5 permet sur un seul appareil de faire une multitudes d&rsquo;exercices tels que :<br \/>\n&#8211; Tirage haut (lat machine) pour travailler le dos et les \u00e9paules,<br \/>\n&#8211; Presse \u00e0 pectoraux (butterfly) pour travailler les pectoraux<br \/>\n&#8211; Quadriceps (leg extension- Leg Press ) pour travailler vos jambes et en particulier les quadriceps<br \/>\n&#8211; Tirage central avec prise sur corde pour travail des triceps<br \/>\n&#8211; Poign\u00e9es lat\u00e9rales pour varier encore les exercices<br \/>\nJusqu&rsquo;\u00e0 12 mouvements diff\u00e9rents.<\/p>\n<p>Charge variable de 5 \u00e0 80 kg<br \/>\nPoids maximum de l&rsquo;utilisateur : 130 kg<br \/>\nDur\u00e9e maximale d&rsquo;utilisation : 3h par jour et jusqu&rsquo;\u00e0 15 h par semaine maximum (selon les pr\u00e9conisations du fabricant)<br \/>\nDimensions (L x l x H) : 181 x 156 x 200 cm<br \/>\nPoids total : 160 kg<br \/>\nDe nombreux exercices de musculation<\/p>\n<p>&#8211; 12 mouvements sp\u00e9cifiques.<\/p>\n<p>&#8211; Poulie haute : travailler les dorsaux, les \u00e9paules et les triceps.<\/p>\n<p>&#8211; Poulie basse : membres inf\u00e9rieurs et biceps.<\/p>\n<p>&#8211; Leg Developper : quadriceps et ischios-jambiers.<\/p>\n<p>&#8211; Station Butterfly : sculpter et definir les pectoraux.<\/p>\n<p>&#8211; Papillon (butterfly).<\/p>\n<p>&#8211; Rameur \u00e0 tirage central.<\/p>\n<p>&#8211; Tour de traction Latissimus.<\/p>\n<p>Garantie 12 mois<br \/>\nDimensions mont\u00e9 (L x l x h) 181 x 156 x 210 cm<br \/>\nNombre de cartons 5 cartons<br \/>\nPoids du produit 143 kg<br \/>\nCharge maximale 80 kg<br \/>\nNiveau sportif R\u00e9gulier (&lt; 15h\/semaine)<br \/>\nMuscles sollicit\u00e9s<br \/>\nBas du corps<br \/>\nHaut du corps<br \/>\nNombre de plaques de charge 16 x 5 kg<br \/>\nStations disponibles<br \/>\nLeg extension \/ Leg Press<br \/>\nRowing<br \/>\nStation papillon<br \/>\nSyst\u00e8me de poulie<\/p>\n<p>voir aussi <a href=\"https:\/\/fitnessmarketdz.com\/product\/kettler-fitmaster\/\">kettler fitmaster<\/a><br \/>\nnous suivre sur facebook <a href=\"https:\/\/www.facebook.com\/Fitness-Market-Algeria-1488822214780146\">FITNESS MARKET ALGERIA<\/a><\/p>\n","protected":false},"excerpt":{"rendered":"<p>Achetez Le , en Alg\u00e9rie \u00e0 bas prix Chez Kettler Cheraga, avec Garantie SAV. Vous pouvez passer commande en appelant<\/p>\n","protected":false},"featured_media":12864,"template":"","meta":{"om_disable_all_campaigns":false},"product_brand":[763],"product_cat":[732,433,735],"product_tag":[743,748,747],"class_list":{"0":"post-12863","1":"product","2":"type-product","3":"status-publish","4":"has-post-thumbnail","6":"product_brand-profitness","7":"product_cat-banc-de-musculation-2","8":"product_cat-materiels-de-musculation","9":"product_cat-presse-de-musculation","10":"product_tag-cardio","11":"product_tag-commercial","12":"product_tag-salle-de-sport","14":"first","15":"instock","16":"featured","17":"taxable","18":"shipping-taxable","19":"purchasable","20":"product-type-simple"},"yoast_head":"<!-- This site is optimized with the Yoast SEO plugin v27.3 - https:\/\/yoast.com\/product\/yoast-seo-wordpress\/ -->\n<title>Multigym Tpd 5<\/title>\n<meta name=\"description\" content=\"Acheter Multigym Tpd 5 Au Meilleur Prix En Alg\u00e9rie Chez Fitness Market 020 28 39 08, Repr\u00e9sentant Officiel Kettler Alg\u00e9rie, Proform .\" \/>\n<meta name=\"robots\" content=\"index, follow, max-snippet:-1, max-image-preview:large, max-video-preview:-1\" \/>\n<link rel=\"canonical\" href=\"https:\/\/fitnessmarketdz.net\/index.php\/product\/multigym-tpd-5\/\" \/>\n<meta property=\"og:locale\" content=\"fr_FR\" \/>\n<meta property=\"og:type\" content=\"article\" \/>\n<meta property=\"og:title\" content=\"Multigym Tpd 5\" \/>\n<meta property=\"og:description\" content=\"Acheter Multigym Tpd 5 Au Meilleur Prix En Alg\u00e9rie Chez Fitness Market 020 28 39 08, Repr\u00e9sentant Officiel Kettler Alg\u00e9rie, Proform .\" \/>\n<meta property=\"og:url\" content=\"https:\/\/fitnessmarketdz.net\/index.php\/product\/multigym-tpd-5\/\" \/>\n<meta property=\"og:site_name\" content=\"Fitness Market DZ\" \/>\n<meta property=\"article:publisher\" content=\"https:\/\/www.facebook.com\/profile.php?id=100049723587139\" \/>\n<meta property=\"article:modified_time\" content=\"2026-03-23T20:40:53+00:00\" \/>\n<meta property=\"og:image\" content=\"https:\/\/fitnessmarketdz.net\/wp-content\/uploads\/2025\/11\/\u062a\u0635\u0645\u064a\u0645-\u0628\u062f\u0648\u0646-\u0639\u0646\u0648\u0627\u0646-1-scaled-1-800x800.png\" \/>\n\t<meta property=\"og:image:width\" content=\"800\" \/>\n\t<meta property=\"og:image:height\" content=\"800\" \/>\n\t<meta property=\"og:image:type\" content=\"image\/png\" \/>\n<meta name=\"twitter:card\" content=\"summary_large_image\" \/>\n<meta name=\"twitter:label1\" content=\"Dur\u00e9e de lecture estim\u00e9e\" \/>\n\t<meta name=\"twitter:data1\" content=\"2 minutes\" \/>\n<script type=\"application\/ld+json\" class=\"yoast-schema-graph\">{\"@context\":\"https:\\\/\\\/schema.org\",\"@graph\":[{\"@type\":\"WebPage\",\"@id\":\"https:\\\/\\\/fitnessmarketdz.net\\\/index.php\\\/product\\\/multigym-tpd-5\\\/\",\"url\":\"https:\\\/\\\/fitnessmarketdz.net\\\/index.php\\\/product\\\/multigym-tpd-5\\\/\",\"name\":\"Multigym Tpd 5\",\"isPartOf\":{\"@id\":\"https:\\\/\\\/fitnessmarketdz.net\\\/#website\"},\"primaryImageOfPage\":{\"@id\":\"https:\\\/\\\/fitnessmarketdz.net\\\/index.php\\\/product\\\/multigym-tpd-5\\\/#primaryimage\"},\"image\":{\"@id\":\"https:\\\/\\\/fitnessmarketdz.net\\\/index.php\\\/product\\\/multigym-tpd-5\\\/#primaryimage\"},\"thumbnailUrl\":\"https:\\\/\\\/fitnessmarketdz.net\\\/wp-content\\\/uploads\\\/2025\\\/11\\\/\u062a\u0635\u0645\u064a\u0645-\u0628\u062f\u0648\u0646-\u0639\u0646\u0648\u0627\u0646-1-scaled-1.png\",\"datePublished\":\"2025-11-11T22:36:54+00:00\",\"dateModified\":\"2026-03-23T20:40:53+00:00\",\"description\":\"Acheter Multigym Tpd 5 Au Meilleur Prix En Alg\u00e9rie Chez Fitness Market 020 28 39 08, Repr\u00e9sentant Officiel Kettler Alg\u00e9rie, Proform .\",\"breadcrumb\":{\"@id\":\"https:\\\/\\\/fitnessmarketdz.net\\\/index.php\\\/product\\\/multigym-tpd-5\\\/#breadcrumb\"},\"inLanguage\":\"fr-FR\",\"potentialAction\":[{\"@type\":\"ReadAction\",\"target\":[\"https:\\\/\\\/fitnessmarketdz.net\\\/index.php\\\/product\\\/multigym-tpd-5\\\/\"]}]},{\"@type\":\"ImageObject\",\"inLanguage\":\"fr-FR\",\"@id\":\"https:\\\/\\\/fitnessmarketdz.net\\\/index.php\\\/product\\\/multigym-tpd-5\\\/#primaryimage\",\"url\":\"https:\\\/\\\/fitnessmarketdz.net\\\/wp-content\\\/uploads\\\/2025\\\/11\\\/\u062a\u0635\u0645\u064a\u0645-\u0628\u062f\u0648\u0646-\u0639\u0646\u0648\u0627\u0646-1-scaled-1.png\",\"contentUrl\":\"https:\\\/\\\/fitnessmarketdz.net\\\/wp-content\\\/uploads\\\/2025\\\/11\\\/\u062a\u0635\u0645\u064a\u0645-\u0628\u062f\u0648\u0646-\u0639\u0646\u0648\u0627\u0646-1-scaled-1.png\",\"width\":2560,\"height\":2560,\"caption\":\"multigym 5\"},{\"@type\":\"BreadcrumbList\",\"@id\":\"https:\\\/\\\/fitnessmarketdz.net\\\/index.php\\\/product\\\/multigym-tpd-5\\\/#breadcrumb\",\"itemListElement\":[{\"@type\":\"ListItem\",\"position\":1,\"name\":\"Accueil\",\"item\":\"https:\\\/\\\/fitnessmarketdz.net\\\/\"},{\"@type\":\"ListItem\",\"position\":2,\"name\":\"Boutique\",\"item\":\"https:\\\/\\\/fitnessmarketdz.net\\\/index.php\\\/boutique-fitness-market-algeria\\\/\"},{\"@type\":\"ListItem\",\"position\":3,\"name\":\"Multigym Tpd 5\"}]},{\"@type\":\"WebSite\",\"@id\":\"https:\\\/\\\/fitnessmarketdz.net\\\/#website\",\"url\":\"https:\\\/\\\/fitnessmarketdz.net\\\/\",\"name\":\"Fitness Market DZ\",\"description\":\"Votre Partenaire de Fitness en Salle et \u00e0 Domicile\",\"publisher\":{\"@id\":\"https:\\\/\\\/fitnessmarketdz.net\\\/#organization\"},\"potentialAction\":[{\"@type\":\"SearchAction\",\"target\":{\"@type\":\"EntryPoint\",\"urlTemplate\":\"https:\\\/\\\/fitnessmarketdz.net\\\/?s={search_term_string}\"},\"query-input\":{\"@type\":\"PropertyValueSpecification\",\"valueRequired\":true,\"valueName\":\"search_term_string\"}}],\"inLanguage\":\"fr-FR\"},{\"@type\":\"Organization\",\"@id\":\"https:\\\/\\\/fitnessmarketdz.net\\\/#organization\",\"name\":\"Fitness Market DZ\",\"url\":\"https:\\\/\\\/fitnessmarketdz.net\\\/\",\"logo\":{\"@type\":\"ImageObject\",\"inLanguage\":\"fr-FR\",\"@id\":\"https:\\\/\\\/fitnessmarketdz.net\\\/#\\\/schema\\\/logo\\\/image\\\/\",\"url\":\"https:\\\/\\\/fitnessmarketdz.net\\\/wp-content\\\/uploads\\\/2024\\\/01\\\/Logo-Fitness-Market.svg\",\"contentUrl\":\"https:\\\/\\\/fitnessmarketdz.net\\\/wp-content\\\/uploads\\\/2024\\\/01\\\/Logo-Fitness-Market.svg\",\"width\":5181,\"height\":2572,\"caption\":\"Fitness Market DZ\"},\"image\":{\"@id\":\"https:\\\/\\\/fitnessmarketdz.net\\\/#\\\/schema\\\/logo\\\/image\\\/\"},\"sameAs\":[\"https:\\\/\\\/www.facebook.com\\\/profile.php?id=100049723587139\",\"https:\\\/\\\/www.instagram.com\\\/fitness.market.algeria\\\/\"]}]}<\/script>\n<!-- \/ Yoast SEO plugin. -->","yoast_head_json":{"title":"Multigym Tpd 5","description":"Acheter Multigym Tpd 5 Au Meilleur Prix En Alg\u00e9rie Chez Fitness Market 020 28 39 08, Repr\u00e9sentant Officiel Kettler Alg\u00e9rie, Proform .","robots":{"index":"index","follow":"follow","max-snippet":"max-snippet:-1","max-image-preview":"max-image-preview:large","max-video-preview":"max-video-preview:-1"},"canonical":"https:\/\/fitnessmarketdz.net\/index.php\/product\/multigym-tpd-5\/","og_locale":"fr_FR","og_type":"article","og_title":"Multigym Tpd 5","og_description":"Acheter Multigym Tpd 5 Au Meilleur Prix En Alg\u00e9rie Chez Fitness Market 020 28 39 08, Repr\u00e9sentant Officiel Kettler Alg\u00e9rie, Proform .","og_url":"https:\/\/fitnessmarketdz.net\/index.php\/product\/multigym-tpd-5\/","og_site_name":"Fitness Market DZ","article_publisher":"https:\/\/www.facebook.com\/profile.php?id=100049723587139","article_modified_time":"2026-03-23T20:40:53+00:00","og_image":[{"width":800,"height":800,"url":"https:\/\/fitnessmarketdz.net\/wp-content\/uploads\/2025\/11\/\u062a\u0635\u0645\u064a\u0645-\u0628\u062f\u0648\u0646-\u0639\u0646\u0648\u0627\u0646-1-scaled-1-800x800.png","type":"image\/png"}],"twitter_card":"summary_large_image","twitter_misc":{"Dur\u00e9e de lecture estim\u00e9e":"2 minutes"},"schema":{"@context":"https:\/\/schema.org","@graph":[{"@type":"WebPage","@id":"https:\/\/fitnessmarketdz.net\/index.php\/product\/multigym-tpd-5\/","url":"https:\/\/fitnessmarketdz.net\/index.php\/product\/multigym-tpd-5\/","name":"Multigym Tpd 5","isPartOf":{"@id":"https:\/\/fitnessmarketdz.net\/#website"},"primaryImageOfPage":{"@id":"https:\/\/fitnessmarketdz.net\/index.php\/product\/multigym-tpd-5\/#primaryimage"},"image":{"@id":"https:\/\/fitnessmarketdz.net\/index.php\/product\/multigym-tpd-5\/#primaryimage"},"thumbnailUrl":"https:\/\/fitnessmarketdz.net\/wp-content\/uploads\/2025\/11\/\u062a\u0635\u0645\u064a\u0645-\u0628\u062f\u0648\u0646-\u0639\u0646\u0648\u0627\u0646-1-scaled-1.png","datePublished":"2025-11-11T22:36:54+00:00","dateModified":"2026-03-23T20:40:53+00:00","description":"Acheter Multigym Tpd 5 Au Meilleur Prix En Alg\u00e9rie Chez Fitness Market 020 28 39 08, Repr\u00e9sentant Officiel Kettler Alg\u00e9rie, Proform .","breadcrumb":{"@id":"https:\/\/fitnessmarketdz.net\/index.php\/product\/multigym-tpd-5\/#breadcrumb"},"inLanguage":"fr-FR","potentialAction":[{"@type":"ReadAction","target":["https:\/\/fitnessmarketdz.net\/index.php\/product\/multigym-tpd-5\/"]}]},{"@type":"ImageObject","inLanguage":"fr-FR","@id":"https:\/\/fitnessmarketdz.net\/index.php\/product\/multigym-tpd-5\/#primaryimage","url":"https:\/\/fitnessmarketdz.net\/wp-content\/uploads\/2025\/11\/\u062a\u0635\u0645\u064a\u0645-\u0628\u062f\u0648\u0646-\u0639\u0646\u0648\u0627\u0646-1-scaled-1.png","contentUrl":"https:\/\/fitnessmarketdz.net\/wp-content\/uploads\/2025\/11\/\u062a\u0635\u0645\u064a\u0645-\u0628\u062f\u0648\u0646-\u0639\u0646\u0648\u0627\u0646-1-scaled-1.png","width":2560,"height":2560,"caption":"multigym 5"},{"@type":"BreadcrumbList","@id":"https:\/\/fitnessmarketdz.net\/index.php\/product\/multigym-tpd-5\/#breadcrumb","itemListElement":[{"@type":"ListItem","position":1,"name":"Accueil","item":"https:\/\/fitnessmarketdz.net\/"},{"@type":"ListItem","position":2,"name":"Boutique","item":"https:\/\/fitnessmarketdz.net\/index.php\/boutique-fitness-market-algeria\/"},{"@type":"ListItem","position":3,"name":"Multigym Tpd 5"}]},{"@type":"WebSite","@id":"https:\/\/fitnessmarketdz.net\/#website","url":"https:\/\/fitnessmarketdz.net\/","name":"Fitness Market DZ","description":"Votre Partenaire de Fitness en Salle et \u00e0 Domicile","publisher":{"@id":"https:\/\/fitnessmarketdz.net\/#organization"},"potentialAction":[{"@type":"SearchAction","target":{"@type":"EntryPoint","urlTemplate":"https:\/\/fitnessmarketdz.net\/?s={search_term_string}"},"query-input":{"@type":"PropertyValueSpecification","valueRequired":true,"valueName":"search_term_string"}}],"inLanguage":"fr-FR"},{"@type":"Organization","@id":"https:\/\/fitnessmarketdz.net\/#organization","name":"Fitness Market DZ","url":"https:\/\/fitnessmarketdz.net\/","logo":{"@type":"ImageObject","inLanguage":"fr-FR","@id":"https:\/\/fitnessmarketdz.net\/#\/schema\/logo\/image\/","url":"https:\/\/fitnessmarketdz.net\/wp-content\/uploads\/2024\/01\/Logo-Fitness-Market.svg","contentUrl":"https:\/\/fitnessmarketdz.net\/wp-content\/uploads\/2024\/01\/Logo-Fitness-Market.svg","width":5181,"height":2572,"caption":"Fitness Market DZ"},"image":{"@id":"https:\/\/fitnessmarketdz.net\/#\/schema\/logo\/image\/"},"sameAs":["https:\/\/www.facebook.com\/profile.php?id=100049723587139","https:\/\/www.instagram.com\/fitness.market.algeria\/"]}]}},"jetpack_sharing_enabled":true,"_links":{"self":[{"href":"https:\/\/fitnessmarketdz.net\/index.php\/wp-json\/wp\/v2\/product\/12863","targetHints":{"allow":["GET"]}}],"collection":[{"href":"https:\/\/fitnessmarketdz.net\/index.php\/wp-json\/wp\/v2\/product"}],"about":[{"href":"https:\/\/fitnessmarketdz.net\/index.php\/wp-json\/wp\/v2\/types\/product"}],"version-history":[{"count":0,"href":"https:\/\/fitnessmarketdz.net\/index.php\/wp-json\/wp\/v2\/product\/12863\/revisions"}],"wp:featuredmedia":[{"embeddable":true,"href":"https:\/\/fitnessmarketdz.net\/index.php\/wp-json\/wp\/v2\/media\/12864"}],"wp:attachment":[{"href":"https:\/\/fitnessmarketdz.net\/index.php\/wp-json\/wp\/v2\/media?parent=12863"}],"wp:term":[{"taxonomy":"product_brand","embeddable":true,"href":"https:\/\/fitnessmarketdz.net\/index.php\/wp-json\/wp\/v2\/product_brand?post=12863"},{"taxonomy":"product_cat","embeddable":true,"href":"https:\/\/fitnessmarketdz.net\/index.php\/wp-json\/wp\/v2\/product_cat?post=12863"},{"taxonomy":"product_tag","embeddable":true,"href":"https:\/\/fitnessmarketdz.net\/index.php\/wp-json\/wp\/v2\/product_tag?post=12863"}],"curies":[{"name":"wp","href":"https:\/\/api.w.org\/{rel}","templated":true}]}}