{"id":12837,"date":"2025-11-11T16:22:02","date_gmt":"2025-11-11T15:22:02","guid":{"rendered":"https:\/\/fitnessmarketdz.net\/?post_type=product&#038;p=12837"},"modified":"2026-04-05T19:14:27","modified_gmt":"2026-04-05T17:14:27","slug":"spider-s1","status":"publish","type":"product","link":"https:\/\/fitnessmarketdz.net\/index.php\/product\/spider-s1\/","title":{"rendered":"\u062c\u0647\u0627\u0632 \u0627\u0644\u062c\u0631\u064a \u0627\u0644\u0643\u0647\u0631\u0628\u0627\u0626\u064a Spider s1"},"content":{"rendered":"<h2 style=\"direction: rtl\">\ud83c\udfc3<strong>\u062c\u0647\u0627\u0632 \u0627\u0644\u062c\u0631\u064a \u0627\u0644\u0643\u0647\u0631\u0628\u0627\u0626\u064a<em> SPIDER S1<\/em><\/strong><\/h2>\n<h3 style=\"direction: rtl\"><strong>\u0627\u0644\u0633\u0639\u0631<em>: 99,800 <\/em>\u062f\u062c<\/strong><\/h3>\n<h3 style=\"direction: rtl\"><strong>\u0627\u0644\u0639\u0644\u0627\u0645\u0629<em>: Profitness<\/em><\/strong><\/h3>\n<h3 style=\"direction: rtl\"><strong>\u0627\u0644\u0636\u0645\u0627\u0646<em>: <\/em>\u0633\u0646\u062a\u0627\u0646<em> (02)<\/em><\/strong><\/h3>\n<h3 style=\"direction: rtl\"><strong>\u0627\u0644\u062a\u0648\u0641\u0631<em>: <\/em><\/strong>\u2705<strong> \u0645\u062a\u0648\u0641\u0631 \u062d\u0627\u0644\u064a\u0627\u064b<\/strong><\/h3>\n<h3 style=\"direction: rtl\">\u2699<strong> \u0627\u0644\u0645\u0648\u0627\u0635\u0641\u0627\u062a \u0627\u0644\u062a\u0642\u0646\u064a\u0629<\/strong><\/h3>\n<h3 style=\"direction: rtl\"><strong><em>\u2022 <\/em>\u0627\u0644\u0645\u062d\u0631\u0651\u0643<em>: 1.5 <\/em>\u062d\u0635\u0627\u0646<em> (BrushLess)<\/em><\/strong><\/h3>\n<h3 style=\"direction: rtl\"><strong><em>\u2022 <\/em>\u0627\u0644\u0633\u0631\u0639\u0629<em>: <\/em>\u0645\u0646<em> 1 <\/em>\u0625\u0644\u0649<em> 16 <\/em>\u0643\u0645<em>\/<\/em>\u0633<\/strong><\/h3>\n<h1 style=\"direction: rtl\"><span><strong><em>\u2022 <\/em><\/strong><\/span><span><strong>\u0645\u0633\u0627\u062d\u0629<\/strong><\/span><span><strong> <\/strong><\/span><span><strong>\u0627\u0644\u062c\u0631\u064a<\/strong><\/span><span><strong><em>: 125 \u00d7 42 <\/em><\/strong><\/span><span><strong>\u0633\u0645<\/strong><\/span><\/h1>\n<h3 style=\"direction: rtl\"><strong><em>\u2022 <\/em>\u0627\u0644\u062d\u0645\u0648\u0644\u0629 \u0627\u0644\u0642\u0635\u0648\u0649<em>: 100 <\/em>\u0643\u063a<\/strong><\/h3>\n<p style=\"text-align: right\">\ud83d\udca1<strong><em> <\/em>\u0627\u0644\u0648\u0632\u0646<em> <\/em>\u0627\u0644\u0645\u0648\u0635\u0649<em> <\/em>\u0628\u0647<em> <\/em>\u0644\u0644\u0627\u0633\u062a\u0639\u0645\u0627\u0644<em> <\/em>\u0627\u0644\u0623\u0641\u0636\u0644<em>: <\/em>\u062d\u062a\u0649<em> 85 <\/em>\u0643\u063a<\/strong><\/p>\n<h3 style=\"direction: rtl\"><strong><em>\u2022 <\/em>\u0627\u0644\u0627\u0646\u062d\u062f\u0627\u0631<em>: 3 <\/em>\u0645\u0633\u062a\u0648\u064a\u0627\u062a \u064a\u062f\u0648\u064a\u0629<\/strong><\/h3>\n<h3 style=\"direction: rtl\"><strong><em>\u2022 <\/em>\u0627\u0644\u0627\u062a\u0635\u0627\u0644<em>: Bluetooth\u2122 + <\/em>\u062a\u0637\u0628\u064a\u0642<em> Kinomap<\/em><\/strong><\/h3>\n<h3 style=\"direction: rtl\"><strong><em>\u2022 <\/em>\u0627\u0644\u0623\u0628\u0639\u0627\u062f<em> (<\/em>\u0637<em> \u00d7 <\/em>\u0639<em> \u00d7 <\/em>\u0627<em>): 83.6 \u00d7 70.5 \u00d7 140 <\/em>\u0633\u0645<\/strong><\/h3>\n<h3 style=\"direction: rtl\"><strong><em>\u2022 <\/em>\u0627\u0644\u0648\u0632\u0646 \u0627\u0644\u0635\u0627\u0641\u064a<em>: 46 <\/em>\u0643\u063a \u062a\u0642\u0631\u064a\u0628\u0627\u064b<\/strong><\/h3>\n<h3 style=\"direction: rtl\"><strong><em>\u2022 <\/em>\u0627\u0644\u0627\u0633\u062a\u0639\u0645\u0627\u0644<em>: <\/em>\u0645\u0646\u0632\u0644\u064a<\/strong><\/h3>\n<h2><strong><em>SPIDER S1<\/em><\/strong><\/h2>\n<h3 style=\"text-align: right\">\u2b50<strong> \u0627\u0644\u0645\u0645\u064a\u0632\u0627\u062a \u0627\u0644\u0631\u0626\u064a\u0633\u064a\u0629<\/strong><\/h3>\n<h3 style=\"direction: rtl\">\u2705<strong> \u0645\u062d\u0631\u0643<em> BrushLess <\/em>\u0627\u0642\u062a\u0635\u0627\u062f\u064a \u0648\u0647\u0627\u062f\u0626<em> \u2013 <\/em>\u0645\u062b\u0627\u0644\u064a \u0644\u0644\u062a\u062f\u0631\u064a\u0628 \u0627\u0644\u0645\u0646\u0632\u0644\u064a \u0627\u0644\u064a\u0648\u0645\u064a<\/strong><\/h3>\n<h3 style=\"direction: rtl\">\u2705<strong> \u0645\u0633\u0627\u062d\u0629 \u062c\u0631\u064a \u0645\u0631\u064a\u062d\u0629 \u0645\u0639 \u0646\u0638\u0627\u0645 \u0627\u0645\u062a\u0635\u0627\u0635 \u0627\u0644\u0635\u062f\u0645\u0627\u062a \u0644\u062d\u0645\u0627\u064a\u0629 \u0627\u0644\u0631\u0643\u0628<\/strong><\/h3>\n<h3 style=\"direction: rtl\">\u2705<strong> \u0634\u0627\u0634\u0629 \u0639\u0631\u0636 \u062a\u064f\u0638\u0647\u0631 \u0627\u0644\u0648\u0642\u062a<em> \/ <\/em>\u0627\u0644\u0633\u0631\u0639\u0629<em> \/ <\/em>\u0627\u0644\u0645\u0633\u0627\u0641\u0629<em> \/ <\/em>\u0627\u0644\u0633\u0639\u0631\u0627\u062a<em> \/ <\/em>\u0627\u0644\u0646\u0628\u0636<\/strong><\/h3>\n<h3 style=\"direction: rtl\">\u2705<strong> \u0628\u0644\u0648\u062a\u0648\u062b<em> + Kinomap <\/em>\u0644\u062a\u062c\u0631\u0628\u0629 \u062a\u062f\u0631\u064a\u0628 \u062a\u0641\u0627\u0639\u0644\u064a\u0629 \u062d\u0642\u064a\u0642\u064a\u0629<\/strong><\/h3>\n<h3 style=\"direction: rtl\">\u2705<strong> \u062a\u0635\u0645\u064a\u0645 \u0642\u0627\u0628\u0644 \u0644\u0644\u0637\u064a<em> + <\/em>\u0639\u062c\u0644\u0627\u062a \u0644\u0644\u062d\u0631\u0643\u0629 \u0628\u0633\u0647\u0648\u0644\u0629<\/strong><\/h3>\n<h3 style=\"direction: rtl\">\u2705<strong> \u0636\u0645\u0627\u0646 \u0633\u0646\u062a\u064a\u0646&nbsp;<\/strong><\/h3>\n<h3 style=\"direction: rtl\">\ud83c\udfcb\u200d\u2640<strong> \u0645\u0646\u0627\u0633\u0628 \u0644\u0640<em> :<\/em><\/strong><\/h3>\n<h3 style=\"direction: rtl\"><strong><em>\u2022 <\/em>\u0641\u0642\u062f\u0627\u0646 \u0627\u0644\u0648\u0632\u0646 \u0648\u062d\u0631\u0642 \u0627\u0644\u062f\u0647\u0648\u0646 <\/strong>\ud83d\udd25<\/h3>\n<h3 style=\"direction: rtl\"><strong><em>\u2022 <\/em>\u062a\u0642\u0648\u064a\u0629 \u0627\u0644\u0639\u0636\u0644\u0627\u062a \u0648\u0627\u0644\u0642\u0644\u0628 <\/strong>\u2764<\/h3>\n<h3 style=\"direction: rtl\"><strong><em>\u2022 <\/em>\u0627\u0644\u0627\u0633\u062a\u062e\u062f\u0627\u0645 \u0627\u0644\u0645\u0646\u0632\u0644\u064a \u0627\u0644\u0645\u0646\u062a\u0638\u0645<\/strong><\/h3>\n<h3 style=\"direction: rtl\"><strong><em>\u2022 <\/em>\u0643\u0628\u0627\u0631 \u0627\u0644\u0633\u0646 \u0628\u0641\u0636\u0644 \u0627\u0644\u062a\u0635\u0645\u064a\u0645 \u0627\u0644\u0645\u0631\u064a\u062d \u0648\u0627\u0644\u0645\u0642\u0627\u0628\u0636 \u0627\u0644\u062b\u0627\u0628\u062a\u0629<\/strong><\/h3>\n<h3 style=\"text-align: right\">\ud83d\udcde<strong> \u0644\u0644\u0637\u0644\u0628 \u0648\u0627\u0644\u0627\u0633\u062a\u0641\u0633\u0627\u0631<em> :<\/em><\/strong><\/h3>\n<h3 style=\"direction: ltr;padding-left: 560px\">\ud83d\udcf1<strong> \u0648\u0627\u062a\u0633\u0627\u0628<em> : 0770359007<\/em><\/strong><\/h3>\n<h3 style=\"direction: rtl\">\ud83d\ude9a<strong> \u062a\u0648\u0635\u064a\u0644 \u0633\u0631\u064a\u0639 \u0625\u0644\u0649 \u062c\u0645\u064a\u0639 \u0648\u0644\u0627\u064a\u0627\u062a \u0627\u0644\u062c\u0632\u0627\u0626\u0631<\/strong><\/h3>\n<h3 style=\"direction: rtl\">\ud83d\udcb5<strong> \u0627\u0644\u062f\u0641\u0639 \u0639\u0646\u062f \u0627\u0644\u0627\u0633\u062a\u0644\u0627\u0645<\/strong><\/h3>\n<p><strong>&nbsp;<\/strong><\/p>\n<p><strong>Aussi, DISPONIBLE DANS LA M\u00caME CAT\u00c9GORIE LE &lt;a href=\u00a0\u00bb<a href=\"https:\/\/fitnessmarketdz.net\/index.php\/product\/velo-elliptique-privilege\/\">https:\/\/fitnessmarketdz.net\/index.php\/product\/velo-elliptique-privilege\/<\/a>\u00ab\u00a0&gt;TRACK PRO&lt;\/a&gt;<\/strong><\/p>\n<p><strong>Aussi, NOUS SUIVRE SUR FACEBOOK &lt;a href=\u00a0\u00bbhttps:\/\/www.facebook.com\/Fitness-Market-Algeria-1488822214780146\/\u00a0\u00bb&gt;FITNESS MARKET ALGERIA&lt;\/a&gt;<\/strong><\/p>\n","protected":false},"excerpt":{"rendered":"<p>\ud83c\udfc3\u062c\u0647\u0627\u0632 \u0627\u0644\u062c\u0631\u064a \u0627\u0644\u0643\u0647\u0631\u0628\u0627\u0626\u064a SPIDER S1 \u0627\u0644\u0633\u0639\u0631: 99,800 \u062f\u062c \u0627\u0644\u0639\u0644\u0627\u0645\u0629: Profitness \u0627\u0644\u0636\u0645\u0627\u0646: \u0633\u0646\u062a\u0627\u0646 (02) \u0627\u0644\u062a\u0648\u0641\u0631: \u2705 \u0645\u062a\u0648\u0641\u0631 \u062d\u0627\u0644\u064a\u0627\u064b \u2699 \u0627\u0644\u0645\u0648\u0627\u0635\u0641\u0627\u062a \u0627\u0644\u062a\u0642\u0646\u064a\u0629<\/p>\n","protected":false},"featured_media":13251,"template":"","meta":{"om_disable_all_campaigns":false},"product_brand":[763],"product_cat":[746,765,484],"product_tag":[743,738,739,742,740],"class_list":{"0":"post-12837","1":"product","2":"type-product","3":"status-publish","4":"has-post-thumbnail","6":"product_brand-profitness","7":"product_cat-axion","8":"product_cat-tapis-de-course","9":"product_cat-tapis-roulant","10":"product_tag-cardio","11":"product_tag-kettler","12":"product_tag-tapis-de-course","13":"product_tag-tapis-roulant","14":"product_tag-treadmill","16":"first","17":"instock","18":"featured","19":"taxable","20":"shipping-taxable","21":"purchasable","22":"product-type-simple"},"yoast_head":"<!-- This site is optimized with the Yoast SEO plugin v27.3 - https:\/\/yoast.com\/product\/yoast-seo-wordpress\/ -->\n<title>Spider S1<\/title>\n<meta name=\"description\" content=\"Acheter \u062c\u0647\u0627\u0632 \u0627\u0644\u062c\u0631\u064a \u0627\u0644\u0643\u0647\u0631\u0628\u0627\u0626\u064a Spider s1 Au Meilleur Prix En Alg\u00e9rie Chez Fitness Market 020 28 39 08, Repr\u00e9sentant Officiel Kettler Alg\u00e9rie, Proform .\" \/>\n<meta name=\"robots\" content=\"index, follow, max-snippet:-1, max-image-preview:large, max-video-preview:-1\" \/>\n<link rel=\"canonical\" href=\"https:\/\/fitnessmarketdz.net\/index.php\/product\/spider-s1\/\" \/>\n<meta property=\"og:locale\" content=\"fr_FR\" \/>\n<meta property=\"og:type\" content=\"article\" \/>\n<meta property=\"og:title\" content=\"Spider S1\" \/>\n<meta property=\"og:description\" content=\"Acheter \u062c\u0647\u0627\u0632 \u0627\u0644\u062c\u0631\u064a \u0627\u0644\u0643\u0647\u0631\u0628\u0627\u0626\u064a Spider s1 Au Meilleur Prix En Alg\u00e9rie Chez Fitness Market 020 28 39 08, Repr\u00e9sentant Officiel Kettler Alg\u00e9rie, Proform .\" \/>\n<meta property=\"og:url\" content=\"https:\/\/fitnessmarketdz.net\/index.php\/product\/spider-s1\/\" \/>\n<meta property=\"og:site_name\" content=\"Fitness Market DZ\" \/>\n<meta property=\"article:publisher\" content=\"https:\/\/www.facebook.com\/profile.php?id=100049723587139\" \/>\n<meta property=\"article:modified_time\" content=\"2026-04-05T17:14:27+00:00\" \/>\n<meta property=\"og:image\" content=\"https:\/\/fitnessmarketdz.net\/wp-content\/uploads\/2025\/11\/img_1336-1.jpeg\" \/>\n\t<meta property=\"og:image:width\" content=\"1290\" \/>\n\t<meta property=\"og:image:height\" content=\"1283\" \/>\n\t<meta property=\"og:image:type\" content=\"image\/jpeg\" \/>\n<meta name=\"twitter:card\" content=\"summary_large_image\" \/>\n<meta name=\"twitter:label1\" content=\"Dur\u00e9e de lecture estim\u00e9e\" \/>\n\t<meta name=\"twitter:data1\" content=\"2 minutes\" \/>\n<script type=\"application\/ld+json\" class=\"yoast-schema-graph\">{\"@context\":\"https:\\\/\\\/schema.org\",\"@graph\":[{\"@type\":\"WebPage\",\"@id\":\"https:\\\/\\\/fitnessmarketdz.net\\\/index.php\\\/product\\\/spider-s1\\\/\",\"url\":\"https:\\\/\\\/fitnessmarketdz.net\\\/index.php\\\/product\\\/spider-s1\\\/\",\"name\":\"Spider S1\",\"isPartOf\":{\"@id\":\"https:\\\/\\\/fitnessmarketdz.net\\\/#website\"},\"primaryImageOfPage\":{\"@id\":\"https:\\\/\\\/fitnessmarketdz.net\\\/index.php\\\/product\\\/spider-s1\\\/#primaryimage\"},\"image\":{\"@id\":\"https:\\\/\\\/fitnessmarketdz.net\\\/index.php\\\/product\\\/spider-s1\\\/#primaryimage\"},\"thumbnailUrl\":\"https:\\\/\\\/fitnessmarketdz.net\\\/wp-content\\\/uploads\\\/2025\\\/11\\\/img_1336-1.jpeg\",\"datePublished\":\"2025-11-11T15:22:02+00:00\",\"dateModified\":\"2026-04-05T17:14:27+00:00\",\"description\":\"Acheter \u062c\u0647\u0627\u0632 \u0627\u0644\u062c\u0631\u064a \u0627\u0644\u0643\u0647\u0631\u0628\u0627\u0626\u064a Spider s1 Au Meilleur Prix En Alg\u00e9rie Chez Fitness Market 020 28 39 08, Repr\u00e9sentant Officiel Kettler Alg\u00e9rie, Proform .\",\"breadcrumb\":{\"@id\":\"https:\\\/\\\/fitnessmarketdz.net\\\/index.php\\\/product\\\/spider-s1\\\/#breadcrumb\"},\"inLanguage\":\"fr-FR\",\"potentialAction\":[{\"@type\":\"ReadAction\",\"target\":[\"https:\\\/\\\/fitnessmarketdz.net\\\/index.php\\\/product\\\/spider-s1\\\/\"]}]},{\"@type\":\"ImageObject\",\"inLanguage\":\"fr-FR\",\"@id\":\"https:\\\/\\\/fitnessmarketdz.net\\\/index.php\\\/product\\\/spider-s1\\\/#primaryimage\",\"url\":\"https:\\\/\\\/fitnessmarketdz.net\\\/wp-content\\\/uploads\\\/2025\\\/11\\\/img_1336-1.jpeg\",\"contentUrl\":\"https:\\\/\\\/fitnessmarketdz.net\\\/wp-content\\\/uploads\\\/2025\\\/11\\\/img_1336-1.jpeg\",\"width\":1290,\"height\":1283},{\"@type\":\"BreadcrumbList\",\"@id\":\"https:\\\/\\\/fitnessmarketdz.net\\\/index.php\\\/product\\\/spider-s1\\\/#breadcrumb\",\"itemListElement\":[{\"@type\":\"ListItem\",\"position\":1,\"name\":\"Accueil\",\"item\":\"https:\\\/\\\/fitnessmarketdz.net\\\/\"},{\"@type\":\"ListItem\",\"position\":2,\"name\":\"Boutique\",\"item\":\"https:\\\/\\\/fitnessmarketdz.net\\\/index.php\\\/boutique-fitness-market-algeria\\\/\"},{\"@type\":\"ListItem\",\"position\":3,\"name\":\"\u062c\u0647\u0627\u0632 \u0627\u0644\u062c\u0631\u064a \u0627\u0644\u0643\u0647\u0631\u0628\u0627\u0626\u064a Spider s1\"}]},{\"@type\":\"WebSite\",\"@id\":\"https:\\\/\\\/fitnessmarketdz.net\\\/#website\",\"url\":\"https:\\\/\\\/fitnessmarketdz.net\\\/\",\"name\":\"Fitness Market DZ\",\"description\":\"Votre Partenaire de Fitness en Salle et \u00e0 Domicile\",\"publisher\":{\"@id\":\"https:\\\/\\\/fitnessmarketdz.net\\\/#organization\"},\"potentialAction\":[{\"@type\":\"SearchAction\",\"target\":{\"@type\":\"EntryPoint\",\"urlTemplate\":\"https:\\\/\\\/fitnessmarketdz.net\\\/?s={search_term_string}\"},\"query-input\":{\"@type\":\"PropertyValueSpecification\",\"valueRequired\":true,\"valueName\":\"search_term_string\"}}],\"inLanguage\":\"fr-FR\"},{\"@type\":\"Organization\",\"@id\":\"https:\\\/\\\/fitnessmarketdz.net\\\/#organization\",\"name\":\"Fitness Market DZ\",\"url\":\"https:\\\/\\\/fitnessmarketdz.net\\\/\",\"logo\":{\"@type\":\"ImageObject\",\"inLanguage\":\"fr-FR\",\"@id\":\"https:\\\/\\\/fitnessmarketdz.net\\\/#\\\/schema\\\/logo\\\/image\\\/\",\"url\":\"https:\\\/\\\/fitnessmarketdz.net\\\/wp-content\\\/uploads\\\/2024\\\/01\\\/Logo-Fitness-Market.svg\",\"contentUrl\":\"https:\\\/\\\/fitnessmarketdz.net\\\/wp-content\\\/uploads\\\/2024\\\/01\\\/Logo-Fitness-Market.svg\",\"width\":5181,\"height\":2572,\"caption\":\"Fitness Market DZ\"},\"image\":{\"@id\":\"https:\\\/\\\/fitnessmarketdz.net\\\/#\\\/schema\\\/logo\\\/image\\\/\"},\"sameAs\":[\"https:\\\/\\\/www.facebook.com\\\/profile.php?id=100049723587139\",\"https:\\\/\\\/www.instagram.com\\\/fitness.market.algeria\\\/\"]}]}<\/script>\n<!-- \/ Yoast SEO plugin. -->","yoast_head_json":{"title":"Spider S1","description":"Acheter \u062c\u0647\u0627\u0632 \u0627\u0644\u062c\u0631\u064a \u0627\u0644\u0643\u0647\u0631\u0628\u0627\u0626\u064a Spider s1 Au Meilleur Prix En Alg\u00e9rie Chez Fitness Market 020 28 39 08, Repr\u00e9sentant Officiel Kettler Alg\u00e9rie, Proform .","robots":{"index":"index","follow":"follow","max-snippet":"max-snippet:-1","max-image-preview":"max-image-preview:large","max-video-preview":"max-video-preview:-1"},"canonical":"https:\/\/fitnessmarketdz.net\/index.php\/product\/spider-s1\/","og_locale":"fr_FR","og_type":"article","og_title":"Spider S1","og_description":"Acheter \u062c\u0647\u0627\u0632 \u0627\u0644\u062c\u0631\u064a \u0627\u0644\u0643\u0647\u0631\u0628\u0627\u0626\u064a Spider s1 Au Meilleur Prix En Alg\u00e9rie Chez Fitness Market 020 28 39 08, Repr\u00e9sentant Officiel Kettler Alg\u00e9rie, Proform .","og_url":"https:\/\/fitnessmarketdz.net\/index.php\/product\/spider-s1\/","og_site_name":"Fitness Market DZ","article_publisher":"https:\/\/www.facebook.com\/profile.php?id=100049723587139","article_modified_time":"2026-04-05T17:14:27+00:00","og_image":[{"width":1290,"height":1283,"url":"https:\/\/fitnessmarketdz.net\/wp-content\/uploads\/2025\/11\/img_1336-1.jpeg","type":"image\/jpeg"}],"twitter_card":"summary_large_image","twitter_misc":{"Dur\u00e9e de lecture estim\u00e9e":"2 minutes"},"schema":{"@context":"https:\/\/schema.org","@graph":[{"@type":"WebPage","@id":"https:\/\/fitnessmarketdz.net\/index.php\/product\/spider-s1\/","url":"https:\/\/fitnessmarketdz.net\/index.php\/product\/spider-s1\/","name":"Spider S1","isPartOf":{"@id":"https:\/\/fitnessmarketdz.net\/#website"},"primaryImageOfPage":{"@id":"https:\/\/fitnessmarketdz.net\/index.php\/product\/spider-s1\/#primaryimage"},"image":{"@id":"https:\/\/fitnessmarketdz.net\/index.php\/product\/spider-s1\/#primaryimage"},"thumbnailUrl":"https:\/\/fitnessmarketdz.net\/wp-content\/uploads\/2025\/11\/img_1336-1.jpeg","datePublished":"2025-11-11T15:22:02+00:00","dateModified":"2026-04-05T17:14:27+00:00","description":"Acheter \u062c\u0647\u0627\u0632 \u0627\u0644\u062c\u0631\u064a \u0627\u0644\u0643\u0647\u0631\u0628\u0627\u0626\u064a Spider s1 Au Meilleur Prix En Alg\u00e9rie Chez Fitness Market 020 28 39 08, Repr\u00e9sentant Officiel Kettler Alg\u00e9rie, Proform .","breadcrumb":{"@id":"https:\/\/fitnessmarketdz.net\/index.php\/product\/spider-s1\/#breadcrumb"},"inLanguage":"fr-FR","potentialAction":[{"@type":"ReadAction","target":["https:\/\/fitnessmarketdz.net\/index.php\/product\/spider-s1\/"]}]},{"@type":"ImageObject","inLanguage":"fr-FR","@id":"https:\/\/fitnessmarketdz.net\/index.php\/product\/spider-s1\/#primaryimage","url":"https:\/\/fitnessmarketdz.net\/wp-content\/uploads\/2025\/11\/img_1336-1.jpeg","contentUrl":"https:\/\/fitnessmarketdz.net\/wp-content\/uploads\/2025\/11\/img_1336-1.jpeg","width":1290,"height":1283},{"@type":"BreadcrumbList","@id":"https:\/\/fitnessmarketdz.net\/index.php\/product\/spider-s1\/#breadcrumb","itemListElement":[{"@type":"ListItem","position":1,"name":"Accueil","item":"https:\/\/fitnessmarketdz.net\/"},{"@type":"ListItem","position":2,"name":"Boutique","item":"https:\/\/fitnessmarketdz.net\/index.php\/boutique-fitness-market-algeria\/"},{"@type":"ListItem","position":3,"name":"\u062c\u0647\u0627\u0632 \u0627\u0644\u062c\u0631\u064a \u0627\u0644\u0643\u0647\u0631\u0628\u0627\u0626\u064a Spider s1"}]},{"@type":"WebSite","@id":"https:\/\/fitnessmarketdz.net\/#website","url":"https:\/\/fitnessmarketdz.net\/","name":"Fitness Market DZ","description":"Votre Partenaire de Fitness en Salle et \u00e0 Domicile","publisher":{"@id":"https:\/\/fitnessmarketdz.net\/#organization"},"potentialAction":[{"@type":"SearchAction","target":{"@type":"EntryPoint","urlTemplate":"https:\/\/fitnessmarketdz.net\/?s={search_term_string}"},"query-input":{"@type":"PropertyValueSpecification","valueRequired":true,"valueName":"search_term_string"}}],"inLanguage":"fr-FR"},{"@type":"Organization","@id":"https:\/\/fitnessmarketdz.net\/#organization","name":"Fitness Market DZ","url":"https:\/\/fitnessmarketdz.net\/","logo":{"@type":"ImageObject","inLanguage":"fr-FR","@id":"https:\/\/fitnessmarketdz.net\/#\/schema\/logo\/image\/","url":"https:\/\/fitnessmarketdz.net\/wp-content\/uploads\/2024\/01\/Logo-Fitness-Market.svg","contentUrl":"https:\/\/fitnessmarketdz.net\/wp-content\/uploads\/2024\/01\/Logo-Fitness-Market.svg","width":5181,"height":2572,"caption":"Fitness Market DZ"},"image":{"@id":"https:\/\/fitnessmarketdz.net\/#\/schema\/logo\/image\/"},"sameAs":["https:\/\/www.facebook.com\/profile.php?id=100049723587139","https:\/\/www.instagram.com\/fitness.market.algeria\/"]}]}},"jetpack_sharing_enabled":true,"_links":{"self":[{"href":"https:\/\/fitnessmarketdz.net\/index.php\/wp-json\/wp\/v2\/product\/12837","targetHints":{"allow":["GET"]}}],"collection":[{"href":"https:\/\/fitnessmarketdz.net\/index.php\/wp-json\/wp\/v2\/product"}],"about":[{"href":"https:\/\/fitnessmarketdz.net\/index.php\/wp-json\/wp\/v2\/types\/product"}],"version-history":[{"count":0,"href":"https:\/\/fitnessmarketdz.net\/index.php\/wp-json\/wp\/v2\/product\/12837\/revisions"}],"wp:featuredmedia":[{"embeddable":true,"href":"https:\/\/fitnessmarketdz.net\/index.php\/wp-json\/wp\/v2\/media\/13251"}],"wp:attachment":[{"href":"https:\/\/fitnessmarketdz.net\/index.php\/wp-json\/wp\/v2\/media?parent=12837"}],"wp:term":[{"taxonomy":"product_brand","embeddable":true,"href":"https:\/\/fitnessmarketdz.net\/index.php\/wp-json\/wp\/v2\/product_brand?post=12837"},{"taxonomy":"product_cat","embeddable":true,"href":"https:\/\/fitnessmarketdz.net\/index.php\/wp-json\/wp\/v2\/product_cat?post=12837"},{"taxonomy":"product_tag","embeddable":true,"href":"https:\/\/fitnessmarketdz.net\/index.php\/wp-json\/wp\/v2\/product_tag?post=12837"}],"curies":[{"name":"wp","href":"https:\/\/api.w.org\/{rel}","templated":true}]}}