{"id":12736,"date":"2025-11-08T19:41:40","date_gmt":"2025-11-08T18:41:40","guid":{"rendered":"https:\/\/fitnessmarketdz.net\/?post_type=product&#038;p=12736"},"modified":"2026-04-05T15:22:30","modified_gmt":"2026-04-05T13:22:30","slug":"kettler-ecorun-xe","status":"publish","type":"product","link":"https:\/\/fitnessmarketdz.net\/index.php\/product\/kettler-ecorun-xe\/","title":{"rendered":"\u062c\u0647\u0627\u0632 \u0627\u0644\u062c\u0631\u064a \u0627\u0644\u0643\u0647\u0631\u0628\u0627\u0626\u064a KETTLER ECORUN XE"},"content":{"rendered":"<h2 style=\"direction: rtl;\">\ud83c\udfc3<strong>\u062c\u0647\u0627\u0632 \u0627\u0644\u062c\u0631\u064a \u0627\u0644\u0643\u0647\u0631\u0628\u0627\u0626\u064a<em> KETTLER ECORUN XE<\/em><\/strong><\/h2>\n<h3 style=\"direction: rtl;\"><strong>\u0627\u0644\u0633\u0639\u0631<em>: 129,800 <\/em>\u062f\u062c<\/strong><\/h3>\n<h3 style=\"direction: rtl;\"><strong>\u0627\u0644\u0639\u0644\u0627\u0645\u0629<em>: KETTLER <\/em><\/strong>\ud83c\udde9\ud83c\uddea<\/h3>\n<h3 style=\"direction: rtl;\"><strong>\u0627\u0644\u0636\u0645\u0627\u0646<em>: <\/em>\u0633\u0646\u062a\u0627\u0646<em> (02)<\/em><\/strong><\/h3>\n<h3 style=\"direction: rtl;\"><strong>\u0627\u0644\u062a\u0648\u0641\u0631<em>: <\/em><\/strong>\u2705<strong> \u0645\u062a\u0648\u0641\u0631 \u062d\u0627\u0644\u064a\u0627\u064b<\/strong><\/h3>\n<h3 style=\"direction: rtl;\"><strong>\u0627\u0644\u0645\u0635\u062f\u0631<em>: Fitness Market \u2013 <\/em>\u0627\u0644\u062c\u0632\u0627\u0626\u0631<\/strong><\/h3>\n<h3 style=\"direction: rtl;\">\u2699<strong> \u0627\u0644\u0645\u0648\u0627\u0635\u0641\u0627\u062a \u0627\u0644\u062a\u0642\u0646\u064a\u0629<\/strong><\/h3>\n<h3 style=\"direction: rtl;\"><strong><em>\u00a0<\/em>\u0627\u0644\u0645\u062d\u0631\u0651\u0643<em>: 1.5 <\/em>\u062d\u0635\u0627\u0646<em> (BrushLess)<\/em><\/strong><\/h3>\n<h3 style=\"direction: rtl;\"><strong><em>\u00a0<\/em>\u0627\u0644\u0633\u0631\u0639\u0629<em>: <\/em>\u0645\u0646<em> 1 <\/em>\u0625\u0644\u0649<em> 16 <\/em>\u0643\u0645<em>\/<\/em>\u0633<\/strong><\/h3>\n<h3 style=\"direction: rtl;\"><strong><em>\u00a0<\/em>\u0645\u0633\u0627\u062d\u0629 \u0627\u0644\u062c\u0631\u064a<em>: 115 \u00d7 42 <\/em>\u0633\u0645<\/strong><\/h3>\n<h3 style=\"direction: rtl;\"><strong><em>\u00a0<\/em>\u0627\u0644\u062d\u0645\u0648\u0644\u0629 \u0627\u0644\u0642\u0635\u0648\u0649<em>: 100 <\/em>\u0643\u063a<\/strong><\/h3>\n<p style=\"text-align: right;\"><em><strong>\ud83d\udca1 \u0627\u0644\u0648\u0632\u0646 \u0627\u0644\u0645\u0648\u0635\u0649 \u0628\u0647 \u0644\u0644\u0627\u0633\u062a\u0639\u0645\u0627\u0644 \u0627\u0644\u0623\u0641\u0636\u0644: \u062d\u062a\u0649 85 \u0643\u063a<\/strong><\/em><\/p>\n<h3 style=\"direction: rtl;\"><strong><em>\u00a0<\/em>\u0627\u0644\u0627\u0646\u062d\u062f\u0627\u0631<em>: 3 <\/em>\u0645\u0633\u062a\u0648\u064a\u0627\u062a \u064a\u062f\u0648\u064a\u0629<\/strong><\/h3>\n<h3 style=\"direction: rtl;\"><strong><em>\u00a0<\/em>\u0627\u0644\u0627\u062a\u0635\u0627\u0644<em>: Bluetooth\u2122 + <\/em>\u062a\u0637\u0628\u064a\u0642<em> Kinomap<\/em><\/strong><\/h3>\n<h3 style=\"direction: rtl;\"><strong><em>\u00a0<\/em>\u0627\u0644\u0623\u0628\u0639\u0627\u062f<em> (<\/em>\u0637<em> \u00d7 <\/em>\u0639<em> \u00d7 <\/em>\u0627<em>): 83.6 \u00d7 70.5 \u00d7 130 <\/em>\u0633\u0645<\/strong><\/h3>\n<h3 style=\"direction: rtl;\"><strong><em>\u00a0<\/em>\u0627\u0644\u0648\u0632\u0646 \u0627\u0644\u0635\u0627\u0641\u064a<em>: 46 <\/em>\u0643\u063a \u062a\u0642\u0631\u064a\u0628\u0627\u064b<\/strong><\/h3>\n<h3 style=\"direction: rtl;\"><strong><em>\u00a0<\/em>\u0627\u0644\u0627\u0633\u062a\u0639\u0645\u0627\u0644<em>: <\/em>\u0645\u0646\u0632\u0644\u064a<\/strong><\/h3>\n<h3 style=\"direction: rtl;\"><strong><em>\u00a0<\/em>\u0628\u0644\u062f \u0627\u0644\u062a\u0635\u0645\u064a\u0645<em>: <\/em>\u0623\u0644\u0645\u0627\u0646\u064a\u0627 <\/strong>\ud83c\udde9\ud83c\uddea<\/h3>\n<h3 style=\"text-align: right;\">\u2b50<strong> \u0627\u0644\u0645\u0645\u064a\u0632\u0627\u062a \u0627\u0644\u0631\u0626\u064a\u0633\u064a\u0629<\/strong><\/h3>\n<h3 style=\"direction: rtl;\">\u2705<strong> \u0645\u062d\u0631\u0643<em> BrushLess <\/em>\u0627\u0642\u062a\u0635\u0627\u062f\u064a \u0648\u0647\u0627\u062f\u0626<em> \u2013 <\/em>\u0645\u062b\u0627\u0644\u064a \u0644\u0644\u062a\u062f\u0631\u064a\u0628 \u0627\u0644\u0645\u0646\u0632\u0644\u064a \u0627\u0644\u064a\u0648\u0645\u064a<\/strong><\/h3>\n<h3 style=\"direction: rtl;\"><strong>* \u0645\u0633\u0627\u062d\u0629 \u062c\u0631\u064a \u0645\u0631\u064a\u062d\u0629 \u0645\u0639 \u0646\u0638\u0627\u0645 \u0627\u0645\u062a\u0635\u0627\u0635 \u0627\u0644\u0635\u062f\u0645\u0627\u062a \u0644\u062d\u0645\u0627\u064a\u0629 \u0627\u0644\u0631\u0643\u0628<\/strong><\/h3>\n<h3 style=\"direction: rtl;\">\u2705<strong> \u0634\u0627\u0634\u0629 \u0639\u0631\u0636 \u062a\u064f\u0638\u0647\u0631 \u0627\u0644\u0648\u0642\u062a<em> \/ <\/em>\u0627\u0644\u0633\u0631\u0639\u0629<em> \/ <\/em>\u0627\u0644\u0645\u0633\u0627\u0641\u0629<em> \/ <\/em>\u0627\u0644\u0633\u0639\u0631\u0627\u062a<em> \/ <\/em>\u0627\u0644\u0646\u0628\u0636<\/strong><\/h3>\n<h3 style=\"direction: rtl;\"><strong>* \u0628\u0644\u0648\u062a\u0648\u062b<em> + Kinomap <\/em>\u0644\u062a\u062c\u0631\u0628\u0629 \u062a\u062f\u0631\u064a\u0628 \u062a\u0641\u0627\u0639\u0644\u064a\u0629 \u062d\u0642\u064a\u0642\u064a\u0629<\/strong><\/h3>\n<h3 style=\"direction: rtl;\">\u2705<strong> \u062a\u0635\u0645\u064a\u0645 \u0642\u0627\u0628\u0644 \u0644\u0644\u0637\u064a<em> + <\/em>\u0639\u062c\u0644\u0627\u062a \u0644\u0644\u062d\u0631\u0643\u0629 \u0628\u0633\u0647\u0648\u0644\u0629<\/strong><\/h3>\n<h3 style=\"direction: rtl;\"><strong> \u0636\u0645\u0627\u0646 \u0633\u0646\u062a\u064a\u0646 \u0645\u0646<em> Fitness Market Algeria<\/em><\/strong><\/h3>\n<h3 style=\"direction: rtl;\">\ud83c\udfcb\u200d\u2640<strong> \u0645\u0646\u0627\u0633\u0628 \u0644\u0640<em> :<\/em><\/strong><\/h3>\n<h3 style=\"direction: rtl;\"><strong><em>\u2022 <\/em>\u0641\u0642\u062f\u0627\u0646 \u0627\u0644\u0648\u0632\u0646 \u0648\u062d\u0631\u0642 \u0627\u0644\u062f\u0647\u0648\u0646 <\/strong>\ud83d\udd25<\/h3>\n<h3 style=\"direction: rtl;\"><strong><em>&#8211; <\/em>\u062a\u0642\u0648\u064a\u0629 \u0627\u0644\u0639\u0636\u0644\u0627\u062a \u0648\u0627\u0644\u0642\u0644\u0628 <\/strong>\u2764<\/h3>\n<h3 style=\"direction: rtl;\"><strong><em>* <\/em>\u0627\u0644\u0627\u0633\u062a\u062e\u062f\u0627\u0645 \u0627\u0644\u0645\u0646\u0632\u0644\u064a \u0627\u0644\u0645\u0646\u062a\u0638\u0645<\/strong><\/h3>\n<h3 style=\"direction: rtl;\"><strong><em>&#8211; <\/em>\u0643\u0628\u0627\u0631 \u0627\u0644\u0633\u0646 \u0628\u0641\u0636\u0644 \u0627\u0644\u062a\u0635\u0645\u064a\u0645 \u0627\u0644\u0645\u0631\u064a\u062d \u0648\u0627\u0644\u0645\u0642\u0627\u0628\u0636 \u0627\u0644\u062b\u0627\u0628\u062a\u0629<\/strong><\/h3>\n<h3 style=\"text-align: right;\">\ud83d\udcde<strong> \u0644\u0644\u0637\u0644\u0628 \u0648\u0627\u0644\u0627\u0633\u062a\u0641\u0633\u0627\u0631<em> :<\/em><\/strong><\/h3>\n<h3 style=\"text-align: right;\">\ud83d\udcf1<strong> \u0648\u0627\u062a\u0633\u0627\u0628<em> : 0770359007\u00a0\u00a0<\/em><\/strong><\/h3>\n<h3 style=\"direction: rtl;\">\ud83d\ude9a<strong> \u062a\u0648\u0635\u064a\u0644 \u0633\u0631\u064a\u0639 \u0625\u0644\u0649 \u062c\u0645\u064a\u0639 \u0648\u0644\u0627\u064a\u0627\u062a \u0627\u0644\u062c\u0632\u0627\u0626\u0631<\/strong><\/h3>\n<h3 style=\"direction: rtl;\">\ud83d\udcb5<strong> \u0627\u0644\u062f\u0641\u0639 \u0639\u0646\u062f \u0627\u0644\u0627\u0633\u062a\u0644\u0627\u0645<\/strong><\/h3>\n<blockquote class=\"wp-embedded-content\" data-secret=\"JFjfZR11Kq\"><p><a href=\"https:\/\/fitnessmarketdz.net\/index.php\/product\/velo-elliptique-savannah-e\/\">V\u00e9lo Elliptique Savannah E<\/a><\/p><\/blockquote>\n<p><iframe loading=\"lazy\" class=\"wp-embedded-content\" sandbox=\"allow-scripts\" security=\"restricted\" style=\"position: absolute; visibility: hidden;\" title=\"\u00ab\u00a0V\u00e9lo Elliptique Savannah E\u00a0\u00bb &#8212; Fitness Market DZ\" src=\"https:\/\/fitnessmarketdz.net\/index.php\/product\/velo-elliptique-savannah-e\/embed\/#?secret=yzNkHKnBBG#?secret=JFjfZR11Kq\" data-secret=\"JFjfZR11Kq\" width=\"500\" height=\"282\" frameborder=\"0\" marginwidth=\"0\" marginheight=\"0\" scrolling=\"no\"><\/iframe><\/p>\n<h4 style=\"text-align: right;\">\u2753<strong>\u0627\u0644\u0623\u0633\u0626\u0644\u0629 \u0627\u0644\u0634\u0627\u0626\u0639\u0629<em> (FAQ)<\/em><\/strong><\/h4>\n<h4 style=\"text-align: right;\"><strong>\u0633<em>: <\/em>\u0647\u0644 \u062c\u0647\u0627\u0632 \u0627\u0644\u062c\u0631\u064a<em> KETTLER ECORUN XE <\/em>\u0645\u0646\u0627\u0633\u0628 \u0644\u0644\u0627\u0633\u062a\u0639\u0645\u0627\u0644 \u0627\u0644\u0645\u0646\u0632\u0644\u064a\u061f<br \/>\n\u0646\u0639\u0645 <\/strong>\u2705<strong>\u060c \u062a\u0645 \u062a\u0635\u0645\u064a\u0645 \u062c\u0647\u0627\u0632<em> KETTLER ECORUN XE <\/em>\u062e\u0635\u064a\u0635\u064b\u0627 \u0644\u0644\u0627\u0633\u062a\u0639\u0645\u0627\u0644 \u0627\u0644\u0645\u0646\u0632\u0644\u064a\u060c \u0641\u0647\u0648 \u064a\u062a\u0645\u064a\u0632 \u0628\u0645\u062d\u0631\u0643 \u0642\u0648\u064a \u0648\u0647\u0627\u062f\u0626 \u0648\u0633\u0637\u062d \u062c\u0631\u064a \u0645\u0631\u064a\u062d\u060c \u0645\u0645\u0627 \u064a\u062c\u0639\u0644\u0647 \u0645\u062b\u0627\u0644\u064a\u064b\u0627 \u0644\u0644\u062a\u0645\u0627\u0631\u064a\u0646 \u0627\u0644\u064a\u0648\u0645\u064a\u0629 \u062f\u0627\u062e\u0644 \u0627\u0644\u0628\u064a\u062a<em>.<\/em><\/strong><\/h4>\n<h4 style=\"text-align: right;\"><strong>\u06331<em>: <\/em>\u0645\u0627 \u0647\u064a \u0623\u0642\u0635\u0649 \u0633\u0631\u0639\u0629 \u064a\u0645\u0643\u0646 \u0627\u0644\u0648\u0635\u0648\u0644 \u0625\u0644\u064a\u0647\u0627\u061f<br \/>\n\u064a\u0645\u0643\u0646 \u0623\u0646 \u062a\u0635\u0644 \u0627\u0644\u0633\u0631\u0639\u0629 \u0627\u0644\u0642\u0635\u0648\u0649 \u0625\u0644\u0649<em> 16 <\/em>\u0643\u0645<em>\/<\/em>\u0633\u0627\u0639\u0629\u060c \u0648\u0647\u064a \u0645\u0646\u0627\u0633\u0628\u0629 \u0644\u0644\u0645\u0634\u064a \u0627\u0644\u0633\u0631\u064a\u0639 \u0648\u0627\u0644\u062c\u0631\u064a \u0627\u0644\u0645\u062a\u0648\u0633\u0637<em>.<\/em><\/strong><\/h4>\n<h4 style=\"text-align: right;\"><strong>\u06332<em>: <\/em>\u0647\u0644 \u064a\u0645\u0643\u0646 \u0637\u064a \u0627\u0644\u062c\u0647\u0627\u0632 \u0628\u0639\u062f \u0627\u0644\u0627\u0633\u062a\u062e\u062f\u0627\u0645\u061f<br \/>\n\u0646\u0639\u0645\u060c \u064a\u062a\u0645\u064a\u0632 \u0647\u0630\u0627 \u0627\u0644\u0645\u0648\u062f\u064a\u0644 \u0628\u0622\u0644\u064a\u0629 \u0627\u0644\u0637\u064a \u0627\u0644\u0633\u0647\u0644 \u0644\u062a\u0648\u0641\u064a\u0631 \u0627\u0644\u0645\u0633\u0627\u062d\u0629 \u0628\u0639\u062f \u0627\u0644\u062a\u0645\u0631\u064a\u0646\u060c \u0643\u0645\u0627 \u064a\u062d\u062a\u0648\u064a \u0639\u0644\u0649 \u0639\u062c\u0644\u0627\u062a \u062a\u0633\u0647\u0651\u0644 \u0646\u0642\u0644\u0647 \u062f\u0627\u062e\u0644 \u0627\u0644\u0645\u0646\u0632\u0644<em>.<\/em><\/strong><\/h4>\n<h4 style=\"text-align: right;\"><strong>\u06333<em>: <\/em>\u0645\u0627 \u0647\u0648 \u0627\u0644\u062d\u062f \u0627\u0644\u0623\u0642\u0635\u0649 \u0644\u0644\u0648\u0632\u0646 \u0627\u0644\u0630\u064a \u064a\u062a\u062d\u0645\u0644\u0647 \u0627\u0644\u062c\u0647\u0627\u0632\u061f<br \/>\n\u064a\u062a\u062d\u0645\u0644 \u0627\u0644\u062c\u0647\u0627\u0632 \u0648\u0632\u0646\u064b\u0627 \u064a\u0635\u0644 \u0625\u0644\u0649<em> 100 <\/em>\u0643\u063a\u060c \u0648\u0647\u0648 \u0645\u0646\u0627\u0633\u0628 \u0644\u0645\u0639\u0638\u0645 \u0627\u0644\u0645\u0633\u062a\u062e\u062f\u0645\u064a\u0646 <em>.<\/em><\/strong><\/h4>\n<h4 style=\"text-align: right;\"><strong>\u06334<em>: <\/em>\u0647\u0644 \u064a\u062a\u0648\u0641\u0631 \u0636\u0645\u0627\u0646 \u0623\u0648 \u0635\u064a\u0627\u0646\u0629 \u0641\u064a \u0627\u0644\u062c\u0632\u0627\u0626\u0631\u061f<br \/>\n\u0646\u0639\u0645\u060c \u0627\u0644\u0645\u0646\u062a\u062c \u0645\u062a\u0648\u0641\u0631 \u062d\u0635\u0631\u064a\u064b\u0627 \u0644\u062f\u0649<em> FITNESS MARKET <\/em>\u0627\u0644\u062c\u0632\u0627\u0626\u0631 \u0645\u0639 \u062e\u062f\u0645\u0629 \u0645\u0627 \u0628\u0639\u062f \u0627\u0644\u0628\u064a\u0639 \u0648\u0636\u0645\u0627\u0646 \u0631\u0633\u0645\u064a \u0645\u0646<em> KETTLER <\/em>\u0648\u0642\u0637\u0639 \u063a\u064a\u0627\u0631 \u0623\u0635\u0644\u064a\u0629<em>.<\/em><\/strong><\/h4>\n<p>Aussi, DISPONIBLE DANS LA M\u00caME CAT\u00c9GORIE LE &lt;a href=\u00a0\u00bb<a href=\"https:\/\/fitnessmarketdz.net\/index.php\/product\/velo-elliptique-privilege\/\">https:\/\/fitnessmarketdz.net\/index.php\/product\/velo-elliptique-privilege\/<\/a>\u00ab\u00a0&gt;TRACK PRO&lt;\/a&gt;<\/p>\n<p>Aussi, NOUS SUIVRE SUR FACEBOOK &lt;a href=\u00a0\u00bbhttps:\/\/www.facebook.com\/Fitness-Market-Algeria-1488822214780146\/\u00a0\u00bb&gt;FITNESS MARKET ALGERIA&lt;\/a&gt;<\/p>\n","protected":false},"excerpt":{"rendered":"<p>\ud83c\udfc3\u062c\u0647\u0627\u0632 \u0627\u0644\u062c\u0631\u064a \u0627\u0644\u0643\u0647\u0631\u0628\u0627\u0626\u064a KETTLER ECORUN XE \u0627\u0644\u0633\u0639\u0631: 129,800 \u062f\u062c \u0627\u0644\u0639\u0644\u0627\u0645\u0629: KETTLER \ud83c\udde9\ud83c\uddea \u0627\u0644\u0636\u0645\u0627\u0646: \u0633\u0646\u062a\u0627\u0646 (02) \u0627\u0644\u062a\u0648\u0641\u0631: \u2705 \u0645\u062a\u0648\u0641\u0631 \u062d\u0627\u0644\u064a\u0627\u064b \u0627\u0644\u0645\u0635\u062f\u0631:<\/p>\n","protected":false},"featured_media":12756,"template":"","meta":{"om_disable_all_campaigns":false},"product_brand":[],"product_cat":[737,484],"product_tag":[743,738,739,742,740],"class_list":{"0":"post-12736","1":"product","2":"type-product","3":"status-publish","4":"has-post-thumbnail","6":"product_cat-kettler","7":"product_cat-tapis-roulant","8":"product_tag-cardio","9":"product_tag-kettler","10":"product_tag-tapis-de-course","11":"product_tag-tapis-roulant","12":"product_tag-treadmill","14":"first","15":"instock","16":"featured","17":"taxable","18":"shipping-taxable","19":"purchasable","20":"product-type-simple"},"yoast_head":"<!-- This site is optimized with the Yoast SEO plugin v27.3 - https:\/\/yoast.com\/product\/yoast-seo-wordpress\/ -->\n<title>\u062c\u0647\u0627\u0632 \u0627\u0644\u062c\u0631\u064a \u0627\u0644\u0643\u0647\u0631\u0628\u0627\u0626\u064a KETTLER ECORUN XE - Fitness Market DZ<\/title>\n<meta name=\"description\" content=\"Acheter \u062c\u0647\u0627\u0632 \u0627\u0644\u062c\u0631\u064a \u0627\u0644\u0643\u0647\u0631\u0628\u0627\u0626\u064a KETTLER ECORUN XE Au Meilleur Prix En Alg\u00e9rie Chez Fitness Market 020 28 39 08, Repr\u00e9sentant Officiel Kettler Alg\u00e9rie, Proform .\" \/>\n<meta name=\"robots\" content=\"index, follow, max-snippet:-1, max-image-preview:large, max-video-preview:-1\" \/>\n<link rel=\"canonical\" href=\"https:\/\/fitnessmarketdz.net\/index.php\/product\/kettler-ecorun-xe\/\" \/>\n<meta property=\"og:locale\" content=\"fr_FR\" \/>\n<meta property=\"og:type\" content=\"article\" \/>\n<meta property=\"og:title\" content=\"\u062c\u0647\u0627\u0632 \u0627\u0644\u062c\u0631\u064a \u0627\u0644\u0643\u0647\u0631\u0628\u0627\u0626\u064a KETTLER ECORUN XE - Fitness Market DZ\" \/>\n<meta property=\"og:description\" content=\"Acheter \u062c\u0647\u0627\u0632 \u0627\u0644\u062c\u0631\u064a \u0627\u0644\u0643\u0647\u0631\u0628\u0627\u0626\u064a KETTLER ECORUN XE Au Meilleur Prix En Alg\u00e9rie Chez Fitness Market 020 28 39 08, Repr\u00e9sentant Officiel Kettler Alg\u00e9rie, Proform .\" \/>\n<meta property=\"og:url\" content=\"https:\/\/fitnessmarketdz.net\/index.php\/product\/kettler-ecorun-xe\/\" \/>\n<meta property=\"og:site_name\" content=\"Fitness Market DZ\" \/>\n<meta property=\"article:publisher\" content=\"https:\/\/www.facebook.com\/profile.php?id=100049723587139\" \/>\n<meta property=\"article:modified_time\" content=\"2026-04-05T13:22:30+00:00\" \/>\n<meta property=\"og:image\" content=\"https:\/\/fitnessmarketdz.net\/wp-content\/uploads\/2025\/11\/1.webp\" \/>\n\t<meta property=\"og:image:width\" content=\"1500\" \/>\n\t<meta property=\"og:image:height\" content=\"1500\" \/>\n\t<meta property=\"og:image:type\" content=\"image\/webp\" \/>\n<meta name=\"twitter:card\" content=\"summary_large_image\" \/>\n<meta name=\"twitter:label1\" content=\"Dur\u00e9e de lecture estim\u00e9e\" \/>\n\t<meta name=\"twitter:data1\" content=\"2 minutes\" \/>\n<script type=\"application\/ld+json\" class=\"yoast-schema-graph\">{\"@context\":\"https:\\\/\\\/schema.org\",\"@graph\":[{\"@type\":\"WebPage\",\"@id\":\"https:\\\/\\\/fitnessmarketdz.net\\\/index.php\\\/product\\\/kettler-ecorun-xe\\\/\",\"url\":\"https:\\\/\\\/fitnessmarketdz.net\\\/index.php\\\/product\\\/kettler-ecorun-xe\\\/\",\"name\":\"\u062c\u0647\u0627\u0632 \u0627\u0644\u062c\u0631\u064a \u0627\u0644\u0643\u0647\u0631\u0628\u0627\u0626\u064a KETTLER ECORUN XE - Fitness Market DZ\",\"isPartOf\":{\"@id\":\"https:\\\/\\\/fitnessmarketdz.net\\\/#website\"},\"primaryImageOfPage\":{\"@id\":\"https:\\\/\\\/fitnessmarketdz.net\\\/index.php\\\/product\\\/kettler-ecorun-xe\\\/#primaryimage\"},\"image\":{\"@id\":\"https:\\\/\\\/fitnessmarketdz.net\\\/index.php\\\/product\\\/kettler-ecorun-xe\\\/#primaryimage\"},\"thumbnailUrl\":\"https:\\\/\\\/fitnessmarketdz.net\\\/wp-content\\\/uploads\\\/2025\\\/11\\\/1.webp\",\"datePublished\":\"2025-11-08T18:41:40+00:00\",\"dateModified\":\"2026-04-05T13:22:30+00:00\",\"description\":\"Acheter \u062c\u0647\u0627\u0632 \u0627\u0644\u062c\u0631\u064a \u0627\u0644\u0643\u0647\u0631\u0628\u0627\u0626\u064a KETTLER ECORUN XE Au Meilleur Prix En Alg\u00e9rie Chez Fitness Market 020 28 39 08, Repr\u00e9sentant Officiel Kettler Alg\u00e9rie, Proform .\",\"breadcrumb\":{\"@id\":\"https:\\\/\\\/fitnessmarketdz.net\\\/index.php\\\/product\\\/kettler-ecorun-xe\\\/#breadcrumb\"},\"inLanguage\":\"fr-FR\",\"potentialAction\":[{\"@type\":\"ReadAction\",\"target\":[\"https:\\\/\\\/fitnessmarketdz.net\\\/index.php\\\/product\\\/kettler-ecorun-xe\\\/\"]}]},{\"@type\":\"ImageObject\",\"inLanguage\":\"fr-FR\",\"@id\":\"https:\\\/\\\/fitnessmarketdz.net\\\/index.php\\\/product\\\/kettler-ecorun-xe\\\/#primaryimage\",\"url\":\"https:\\\/\\\/fitnessmarketdz.net\\\/wp-content\\\/uploads\\\/2025\\\/11\\\/1.webp\",\"contentUrl\":\"https:\\\/\\\/fitnessmarketdz.net\\\/wp-content\\\/uploads\\\/2025\\\/11\\\/1.webp\",\"width\":1500,\"height\":1500,\"caption\":\"\u062c\u0647\u0627\u0632 \u0627\u0644\u062c\u0631\u064a \u0627\u0644\u0643\u0647\u0631\u0628\u0627\u0626\u064a KETTLER ECORUN XE\"},{\"@type\":\"BreadcrumbList\",\"@id\":\"https:\\\/\\\/fitnessmarketdz.net\\\/index.php\\\/product\\\/kettler-ecorun-xe\\\/#breadcrumb\",\"itemListElement\":[{\"@type\":\"ListItem\",\"position\":1,\"name\":\"Accueil\",\"item\":\"https:\\\/\\\/fitnessmarketdz.net\\\/\"},{\"@type\":\"ListItem\",\"position\":2,\"name\":\"Boutique\",\"item\":\"https:\\\/\\\/fitnessmarketdz.net\\\/index.php\\\/boutique-fitness-market-algeria\\\/\"},{\"@type\":\"ListItem\",\"position\":3,\"name\":\"\u062c\u0647\u0627\u0632 \u0627\u0644\u062c\u0631\u064a \u0627\u0644\u0643\u0647\u0631\u0628\u0627\u0626\u064a KETTLER ECORUN XE\"}]},{\"@type\":\"WebSite\",\"@id\":\"https:\\\/\\\/fitnessmarketdz.net\\\/#website\",\"url\":\"https:\\\/\\\/fitnessmarketdz.net\\\/\",\"name\":\"Fitness Market DZ\",\"description\":\"Votre Partenaire de Fitness en Salle et \u00e0 Domicile\",\"publisher\":{\"@id\":\"https:\\\/\\\/fitnessmarketdz.net\\\/#organization\"},\"potentialAction\":[{\"@type\":\"SearchAction\",\"target\":{\"@type\":\"EntryPoint\",\"urlTemplate\":\"https:\\\/\\\/fitnessmarketdz.net\\\/?s={search_term_string}\"},\"query-input\":{\"@type\":\"PropertyValueSpecification\",\"valueRequired\":true,\"valueName\":\"search_term_string\"}}],\"inLanguage\":\"fr-FR\"},{\"@type\":\"Organization\",\"@id\":\"https:\\\/\\\/fitnessmarketdz.net\\\/#organization\",\"name\":\"Fitness Market DZ\",\"url\":\"https:\\\/\\\/fitnessmarketdz.net\\\/\",\"logo\":{\"@type\":\"ImageObject\",\"inLanguage\":\"fr-FR\",\"@id\":\"https:\\\/\\\/fitnessmarketdz.net\\\/#\\\/schema\\\/logo\\\/image\\\/\",\"url\":\"https:\\\/\\\/fitnessmarketdz.net\\\/wp-content\\\/uploads\\\/2024\\\/01\\\/Logo-Fitness-Market.svg\",\"contentUrl\":\"https:\\\/\\\/fitnessmarketdz.net\\\/wp-content\\\/uploads\\\/2024\\\/01\\\/Logo-Fitness-Market.svg\",\"width\":5181,\"height\":2572,\"caption\":\"Fitness Market DZ\"},\"image\":{\"@id\":\"https:\\\/\\\/fitnessmarketdz.net\\\/#\\\/schema\\\/logo\\\/image\\\/\"},\"sameAs\":[\"https:\\\/\\\/www.facebook.com\\\/profile.php?id=100049723587139\",\"https:\\\/\\\/www.instagram.com\\\/fitness.market.algeria\\\/\"]}]}<\/script>\n<!-- \/ Yoast SEO plugin. -->","yoast_head_json":{"title":"\u062c\u0647\u0627\u0632 \u0627\u0644\u062c\u0631\u064a \u0627\u0644\u0643\u0647\u0631\u0628\u0627\u0626\u064a KETTLER ECORUN XE - Fitness Market DZ","description":"Acheter \u062c\u0647\u0627\u0632 \u0627\u0644\u062c\u0631\u064a \u0627\u0644\u0643\u0647\u0631\u0628\u0627\u0626\u064a KETTLER ECORUN XE Au Meilleur Prix En Alg\u00e9rie Chez Fitness Market 020 28 39 08, Repr\u00e9sentant Officiel Kettler Alg\u00e9rie, Proform .","robots":{"index":"index","follow":"follow","max-snippet":"max-snippet:-1","max-image-preview":"max-image-preview:large","max-video-preview":"max-video-preview:-1"},"canonical":"https:\/\/fitnessmarketdz.net\/index.php\/product\/kettler-ecorun-xe\/","og_locale":"fr_FR","og_type":"article","og_title":"\u062c\u0647\u0627\u0632 \u0627\u0644\u062c\u0631\u064a \u0627\u0644\u0643\u0647\u0631\u0628\u0627\u0626\u064a KETTLER ECORUN XE - Fitness Market DZ","og_description":"Acheter \u062c\u0647\u0627\u0632 \u0627\u0644\u062c\u0631\u064a \u0627\u0644\u0643\u0647\u0631\u0628\u0627\u0626\u064a KETTLER ECORUN XE Au Meilleur Prix En Alg\u00e9rie Chez Fitness Market 020 28 39 08, Repr\u00e9sentant Officiel Kettler Alg\u00e9rie, Proform .","og_url":"https:\/\/fitnessmarketdz.net\/index.php\/product\/kettler-ecorun-xe\/","og_site_name":"Fitness Market DZ","article_publisher":"https:\/\/www.facebook.com\/profile.php?id=100049723587139","article_modified_time":"2026-04-05T13:22:30+00:00","og_image":[{"width":1500,"height":1500,"url":"https:\/\/fitnessmarketdz.net\/wp-content\/uploads\/2025\/11\/1.webp","type":"image\/webp"}],"twitter_card":"summary_large_image","twitter_misc":{"Dur\u00e9e de lecture estim\u00e9e":"2 minutes"},"schema":{"@context":"https:\/\/schema.org","@graph":[{"@type":"WebPage","@id":"https:\/\/fitnessmarketdz.net\/index.php\/product\/kettler-ecorun-xe\/","url":"https:\/\/fitnessmarketdz.net\/index.php\/product\/kettler-ecorun-xe\/","name":"\u062c\u0647\u0627\u0632 \u0627\u0644\u062c\u0631\u064a \u0627\u0644\u0643\u0647\u0631\u0628\u0627\u0626\u064a KETTLER ECORUN XE - Fitness Market DZ","isPartOf":{"@id":"https:\/\/fitnessmarketdz.net\/#website"},"primaryImageOfPage":{"@id":"https:\/\/fitnessmarketdz.net\/index.php\/product\/kettler-ecorun-xe\/#primaryimage"},"image":{"@id":"https:\/\/fitnessmarketdz.net\/index.php\/product\/kettler-ecorun-xe\/#primaryimage"},"thumbnailUrl":"https:\/\/fitnessmarketdz.net\/wp-content\/uploads\/2025\/11\/1.webp","datePublished":"2025-11-08T18:41:40+00:00","dateModified":"2026-04-05T13:22:30+00:00","description":"Acheter \u062c\u0647\u0627\u0632 \u0627\u0644\u062c\u0631\u064a \u0627\u0644\u0643\u0647\u0631\u0628\u0627\u0626\u064a KETTLER ECORUN XE Au Meilleur Prix En Alg\u00e9rie Chez Fitness Market 020 28 39 08, Repr\u00e9sentant Officiel Kettler Alg\u00e9rie, Proform .","breadcrumb":{"@id":"https:\/\/fitnessmarketdz.net\/index.php\/product\/kettler-ecorun-xe\/#breadcrumb"},"inLanguage":"fr-FR","potentialAction":[{"@type":"ReadAction","target":["https:\/\/fitnessmarketdz.net\/index.php\/product\/kettler-ecorun-xe\/"]}]},{"@type":"ImageObject","inLanguage":"fr-FR","@id":"https:\/\/fitnessmarketdz.net\/index.php\/product\/kettler-ecorun-xe\/#primaryimage","url":"https:\/\/fitnessmarketdz.net\/wp-content\/uploads\/2025\/11\/1.webp","contentUrl":"https:\/\/fitnessmarketdz.net\/wp-content\/uploads\/2025\/11\/1.webp","width":1500,"height":1500,"caption":"\u062c\u0647\u0627\u0632 \u0627\u0644\u062c\u0631\u064a \u0627\u0644\u0643\u0647\u0631\u0628\u0627\u0626\u064a KETTLER ECORUN XE"},{"@type":"BreadcrumbList","@id":"https:\/\/fitnessmarketdz.net\/index.php\/product\/kettler-ecorun-xe\/#breadcrumb","itemListElement":[{"@type":"ListItem","position":1,"name":"Accueil","item":"https:\/\/fitnessmarketdz.net\/"},{"@type":"ListItem","position":2,"name":"Boutique","item":"https:\/\/fitnessmarketdz.net\/index.php\/boutique-fitness-market-algeria\/"},{"@type":"ListItem","position":3,"name":"\u062c\u0647\u0627\u0632 \u0627\u0644\u062c\u0631\u064a \u0627\u0644\u0643\u0647\u0631\u0628\u0627\u0626\u064a KETTLER ECORUN XE"}]},{"@type":"WebSite","@id":"https:\/\/fitnessmarketdz.net\/#website","url":"https:\/\/fitnessmarketdz.net\/","name":"Fitness Market DZ","description":"Votre Partenaire de Fitness en Salle et \u00e0 Domicile","publisher":{"@id":"https:\/\/fitnessmarketdz.net\/#organization"},"potentialAction":[{"@type":"SearchAction","target":{"@type":"EntryPoint","urlTemplate":"https:\/\/fitnessmarketdz.net\/?s={search_term_string}"},"query-input":{"@type":"PropertyValueSpecification","valueRequired":true,"valueName":"search_term_string"}}],"inLanguage":"fr-FR"},{"@type":"Organization","@id":"https:\/\/fitnessmarketdz.net\/#organization","name":"Fitness Market DZ","url":"https:\/\/fitnessmarketdz.net\/","logo":{"@type":"ImageObject","inLanguage":"fr-FR","@id":"https:\/\/fitnessmarketdz.net\/#\/schema\/logo\/image\/","url":"https:\/\/fitnessmarketdz.net\/wp-content\/uploads\/2024\/01\/Logo-Fitness-Market.svg","contentUrl":"https:\/\/fitnessmarketdz.net\/wp-content\/uploads\/2024\/01\/Logo-Fitness-Market.svg","width":5181,"height":2572,"caption":"Fitness Market DZ"},"image":{"@id":"https:\/\/fitnessmarketdz.net\/#\/schema\/logo\/image\/"},"sameAs":["https:\/\/www.facebook.com\/profile.php?id=100049723587139","https:\/\/www.instagram.com\/fitness.market.algeria\/"]}]}},"jetpack_sharing_enabled":true,"_links":{"self":[{"href":"https:\/\/fitnessmarketdz.net\/index.php\/wp-json\/wp\/v2\/product\/12736","targetHints":{"allow":["GET"]}}],"collection":[{"href":"https:\/\/fitnessmarketdz.net\/index.php\/wp-json\/wp\/v2\/product"}],"about":[{"href":"https:\/\/fitnessmarketdz.net\/index.php\/wp-json\/wp\/v2\/types\/product"}],"version-history":[{"count":0,"href":"https:\/\/fitnessmarketdz.net\/index.php\/wp-json\/wp\/v2\/product\/12736\/revisions"}],"wp:featuredmedia":[{"embeddable":true,"href":"https:\/\/fitnessmarketdz.net\/index.php\/wp-json\/wp\/v2\/media\/12756"}],"wp:attachment":[{"href":"https:\/\/fitnessmarketdz.net\/index.php\/wp-json\/wp\/v2\/media?parent=12736"}],"wp:term":[{"taxonomy":"product_brand","embeddable":true,"href":"https:\/\/fitnessmarketdz.net\/index.php\/wp-json\/wp\/v2\/product_brand?post=12736"},{"taxonomy":"product_cat","embeddable":true,"href":"https:\/\/fitnessmarketdz.net\/index.php\/wp-json\/wp\/v2\/product_cat?post=12736"},{"taxonomy":"product_tag","embeddable":true,"href":"https:\/\/fitnessmarketdz.net\/index.php\/wp-json\/wp\/v2\/product_tag?post=12736"}],"curies":[{"name":"wp","href":"https:\/\/api.w.org\/{rel}","templated":true}]}}