{"id":12659,"date":"2025-09-24T00:13:58","date_gmt":"2025-09-23T22:13:58","guid":{"rendered":"https:\/\/fitnessmarketdz.net\/?post_type=product&#038;p=12659"},"modified":"2026-03-23T23:19:34","modified_gmt":"2026-03-23T22:19:34","slug":"elliptique-axion-privilege","status":"publish","type":"product","link":"https:\/\/fitnessmarketdz.net\/index.php\/product\/elliptique-axion-privilege\/","title":{"rendered":"v\u00e9lo elliptique Privil\u00e8ge"},"content":{"rendered":"<p>ELLIPTIQUE AXION PRIVIL\u00c8GE<\/p>\n<p>\u2022 CONSOLE : Affichage LCD<br \/>\n\u2022 Affichage continu de : Temps, vitesse, distance, calories<br \/>\n\u2022 Fr\u00e9quence cardiaque : Contacter les capteurs de fr\u00e9quence cardiaque<br \/>\n\u2022 Syst\u00e8me de freinage : Magn\u00e9tique<br \/>\n\u2022 Syst\u00e8me de conduite : Disque d\u2019entra\u00eenement \/ courroie stri\u00e9e<br \/>\n\u2022 Syst\u00e8me de volant : environ. 6 kg<br \/>\n\u2022 Contr\u00f4le de la d\u00e9formation: D\u00e9pend du r\u00e9gime<\/p>\n<p>ELLIPTIQUE AXION PRIVIL\u00c8GE<br \/>\n\u2022 Vitesse : 1-8 (Manuel)<br \/>\n\u2022 Source de courant: Piles<br \/>\n\u2022 Taille une fois install\u00e9 (L xlxh en cm): 128 \/ 60 \/ 160<\/p>\n<p>\u2022 Transportation: Deux roues pour le transport<br \/>\n\u2022 Charge maximale: 120 kg<br \/>\n\u2022 Poids de colis: 42 Kg<\/p>\n<p>DISPONIBLE DANS LA M\u00caME CAT\u00c9GORIE LE &lt;a href=\u00a0\u00bb<a href=\"https:\/\/fitnessmarketdz.net\/index.php\/product\/velo-elliptique-sportop-e850-programable\/\">https:\/\/fitnessmarketdz.net\/index.php\/product\/velo-elliptique-sportop-e850-programable\/<\/a>\/\u00a0\u00bb&gt;TRACK PRO&lt;\/a&gt;<br \/>\nNOUS SUIVRE SUR FACEBOOK &lt;a href=\u00a0\u00bbhttps:\/\/www.facebook.com\/Fitness-Market-Algeria-1488822214780146\/\u00a0\u00bb&gt;FITNESS MARKET ALGERIA&lt;\/a&gt;<\/p>\n","protected":false},"excerpt":{"rendered":"<p>ELLIPTIQUE AXION PRIVIL\u00c8GE \u2022 CONSOLE : Affichage LCD \u2022 Affichage continu de : Temps, vitesse, distance, calories \u2022 Fr\u00e9quence cardiaque<\/p>\n","protected":false},"featured_media":12660,"template":"","meta":{"om_disable_all_campaigns":false},"product_brand":[],"product_cat":[630,521],"product_tag":[751,743,756,738,747],"class_list":{"0":"post-12659","1":"product","2":"type-product","3":"status-publish","4":"has-post-thumbnail","6":"product_cat-fitness","7":"product_cat-velo-elliptique","8":"product_tag-axion","9":"product_tag-cardio","10":"product_tag-elliptique","11":"product_tag-kettler","12":"product_tag-salle-de-sport","13":"product_shipping_class-lourds","15":"first","16":"outofstock","17":"taxable","18":"shipping-taxable","19":"purchasable","20":"product-type-simple"},"yoast_head":"<!-- This site is optimized with the Yoast SEO plugin v27.3 - https:\/\/yoast.com\/product\/yoast-seo-wordpress\/ -->\n<title>ELLIPTIQUE AXION PRIVIL\u00c8GE<\/title>\n<meta name=\"description\" content=\"Acheter v\u00e9lo elliptique Privil\u00e8ge Au Meilleur Prix En Alg\u00e9rie Chez Fitness Market 020 28 39 08, Repr\u00e9sentant Officiel Kettler Alg\u00e9rie, Proform .\" \/>\n<meta name=\"robots\" content=\"index, follow, max-snippet:-1, max-image-preview:large, max-video-preview:-1\" \/>\n<link rel=\"canonical\" href=\"https:\/\/fitnessmarketdz.net\/index.php\/product\/elliptique-axion-privilege\/\" \/>\n<meta property=\"og:locale\" content=\"fr_FR\" \/>\n<meta property=\"og:type\" content=\"article\" \/>\n<meta property=\"og:title\" content=\"ELLIPTIQUE AXION PRIVIL\u00c8GE\" \/>\n<meta property=\"og:description\" content=\"Acheter v\u00e9lo elliptique Privil\u00e8ge Au Meilleur Prix En Alg\u00e9rie Chez Fitness Market 020 28 39 08, Repr\u00e9sentant Officiel Kettler Alg\u00e9rie, Proform .\" \/>\n<meta property=\"og:url\" content=\"https:\/\/fitnessmarketdz.net\/index.php\/product\/elliptique-axion-privilege\/\" \/>\n<meta property=\"og:site_name\" content=\"Fitness Market DZ\" \/>\n<meta property=\"article:publisher\" content=\"https:\/\/www.facebook.com\/profile.php?id=100049723587139\" \/>\n<meta property=\"article:modified_time\" content=\"2026-03-23T22:19:34+00:00\" \/>\n<meta property=\"og:image\" content=\"https:\/\/fitnessmarketdz.net\/wp-content\/uploads\/2025\/09\/PRIVILEGE-scaled-1.png\" \/>\n\t<meta property=\"og:image:width\" content=\"2560\" \/>\n\t<meta property=\"og:image:height\" content=\"2117\" \/>\n\t<meta property=\"og:image:type\" content=\"image\/png\" \/>\n<meta name=\"twitter:card\" content=\"summary_large_image\" \/>\n<meta name=\"twitter:label1\" content=\"Dur\u00e9e de lecture estim\u00e9e\" \/>\n\t<meta name=\"twitter:data1\" content=\"1 minute\" \/>\n<script type=\"application\/ld+json\" class=\"yoast-schema-graph\">{\"@context\":\"https:\\\/\\\/schema.org\",\"@graph\":[{\"@type\":\"WebPage\",\"@id\":\"https:\\\/\\\/fitnessmarketdz.net\\\/index.php\\\/product\\\/elliptique-axion-privilege\\\/\",\"url\":\"https:\\\/\\\/fitnessmarketdz.net\\\/index.php\\\/product\\\/elliptique-axion-privilege\\\/\",\"name\":\"ELLIPTIQUE AXION PRIVIL\u00c8GE\",\"isPartOf\":{\"@id\":\"https:\\\/\\\/fitnessmarketdz.net\\\/#website\"},\"primaryImageOfPage\":{\"@id\":\"https:\\\/\\\/fitnessmarketdz.net\\\/index.php\\\/product\\\/elliptique-axion-privilege\\\/#primaryimage\"},\"image\":{\"@id\":\"https:\\\/\\\/fitnessmarketdz.net\\\/index.php\\\/product\\\/elliptique-axion-privilege\\\/#primaryimage\"},\"thumbnailUrl\":\"https:\\\/\\\/fitnessmarketdz.net\\\/wp-content\\\/uploads\\\/2025\\\/09\\\/PRIVILEGE-scaled-1.png\",\"datePublished\":\"2025-09-23T22:13:58+00:00\",\"dateModified\":\"2026-03-23T22:19:34+00:00\",\"description\":\"Acheter v\u00e9lo elliptique Privil\u00e8ge Au Meilleur Prix En Alg\u00e9rie Chez Fitness Market 020 28 39 08, Repr\u00e9sentant Officiel Kettler Alg\u00e9rie, Proform .\",\"breadcrumb\":{\"@id\":\"https:\\\/\\\/fitnessmarketdz.net\\\/index.php\\\/product\\\/elliptique-axion-privilege\\\/#breadcrumb\"},\"inLanguage\":\"fr-FR\",\"potentialAction\":[{\"@type\":\"ReadAction\",\"target\":[\"https:\\\/\\\/fitnessmarketdz.net\\\/index.php\\\/product\\\/elliptique-axion-privilege\\\/\"]}]},{\"@type\":\"ImageObject\",\"inLanguage\":\"fr-FR\",\"@id\":\"https:\\\/\\\/fitnessmarketdz.net\\\/index.php\\\/product\\\/elliptique-axion-privilege\\\/#primaryimage\",\"url\":\"https:\\\/\\\/fitnessmarketdz.net\\\/wp-content\\\/uploads\\\/2025\\\/09\\\/PRIVILEGE-scaled-1.png\",\"contentUrl\":\"https:\\\/\\\/fitnessmarketdz.net\\\/wp-content\\\/uploads\\\/2025\\\/09\\\/PRIVILEGE-scaled-1.png\",\"width\":2560,\"height\":2117},{\"@type\":\"BreadcrumbList\",\"@id\":\"https:\\\/\\\/fitnessmarketdz.net\\\/index.php\\\/product\\\/elliptique-axion-privilege\\\/#breadcrumb\",\"itemListElement\":[{\"@type\":\"ListItem\",\"position\":1,\"name\":\"Accueil\",\"item\":\"https:\\\/\\\/fitnessmarketdz.net\\\/\"},{\"@type\":\"ListItem\",\"position\":2,\"name\":\"Boutique\",\"item\":\"https:\\\/\\\/fitnessmarketdz.net\\\/index.php\\\/boutique-fitness-market-algeria\\\/\"},{\"@type\":\"ListItem\",\"position\":3,\"name\":\"v\u00e9lo elliptique Privil\u00e8ge\"}]},{\"@type\":\"WebSite\",\"@id\":\"https:\\\/\\\/fitnessmarketdz.net\\\/#website\",\"url\":\"https:\\\/\\\/fitnessmarketdz.net\\\/\",\"name\":\"Fitness Market DZ\",\"description\":\"Votre Partenaire de Fitness en Salle et \u00e0 Domicile\",\"publisher\":{\"@id\":\"https:\\\/\\\/fitnessmarketdz.net\\\/#organization\"},\"potentialAction\":[{\"@type\":\"SearchAction\",\"target\":{\"@type\":\"EntryPoint\",\"urlTemplate\":\"https:\\\/\\\/fitnessmarketdz.net\\\/?s={search_term_string}\"},\"query-input\":{\"@type\":\"PropertyValueSpecification\",\"valueRequired\":true,\"valueName\":\"search_term_string\"}}],\"inLanguage\":\"fr-FR\"},{\"@type\":\"Organization\",\"@id\":\"https:\\\/\\\/fitnessmarketdz.net\\\/#organization\",\"name\":\"Fitness Market DZ\",\"url\":\"https:\\\/\\\/fitnessmarketdz.net\\\/\",\"logo\":{\"@type\":\"ImageObject\",\"inLanguage\":\"fr-FR\",\"@id\":\"https:\\\/\\\/fitnessmarketdz.net\\\/#\\\/schema\\\/logo\\\/image\\\/\",\"url\":\"https:\\\/\\\/fitnessmarketdz.net\\\/wp-content\\\/uploads\\\/2024\\\/01\\\/Logo-Fitness-Market.svg\",\"contentUrl\":\"https:\\\/\\\/fitnessmarketdz.net\\\/wp-content\\\/uploads\\\/2024\\\/01\\\/Logo-Fitness-Market.svg\",\"width\":5181,\"height\":2572,\"caption\":\"Fitness Market DZ\"},\"image\":{\"@id\":\"https:\\\/\\\/fitnessmarketdz.net\\\/#\\\/schema\\\/logo\\\/image\\\/\"},\"sameAs\":[\"https:\\\/\\\/www.facebook.com\\\/profile.php?id=100049723587139\",\"https:\\\/\\\/www.instagram.com\\\/fitness.market.algeria\\\/\"]}]}<\/script>\n<!-- \/ Yoast SEO plugin. -->","yoast_head_json":{"title":"ELLIPTIQUE AXION PRIVIL\u00c8GE","description":"Acheter v\u00e9lo elliptique Privil\u00e8ge Au Meilleur Prix En Alg\u00e9rie Chez Fitness Market 020 28 39 08, Repr\u00e9sentant Officiel Kettler Alg\u00e9rie, Proform .","robots":{"index":"index","follow":"follow","max-snippet":"max-snippet:-1","max-image-preview":"max-image-preview:large","max-video-preview":"max-video-preview:-1"},"canonical":"https:\/\/fitnessmarketdz.net\/index.php\/product\/elliptique-axion-privilege\/","og_locale":"fr_FR","og_type":"article","og_title":"ELLIPTIQUE AXION PRIVIL\u00c8GE","og_description":"Acheter v\u00e9lo elliptique Privil\u00e8ge Au Meilleur Prix En Alg\u00e9rie Chez Fitness Market 020 28 39 08, Repr\u00e9sentant Officiel Kettler Alg\u00e9rie, Proform .","og_url":"https:\/\/fitnessmarketdz.net\/index.php\/product\/elliptique-axion-privilege\/","og_site_name":"Fitness Market DZ","article_publisher":"https:\/\/www.facebook.com\/profile.php?id=100049723587139","article_modified_time":"2026-03-23T22:19:34+00:00","og_image":[{"width":2560,"height":2117,"url":"https:\/\/fitnessmarketdz.net\/wp-content\/uploads\/2025\/09\/PRIVILEGE-scaled-1.png","type":"image\/png"}],"twitter_card":"summary_large_image","twitter_misc":{"Dur\u00e9e de lecture estim\u00e9e":"1 minute"},"schema":{"@context":"https:\/\/schema.org","@graph":[{"@type":"WebPage","@id":"https:\/\/fitnessmarketdz.net\/index.php\/product\/elliptique-axion-privilege\/","url":"https:\/\/fitnessmarketdz.net\/index.php\/product\/elliptique-axion-privilege\/","name":"ELLIPTIQUE AXION PRIVIL\u00c8GE","isPartOf":{"@id":"https:\/\/fitnessmarketdz.net\/#website"},"primaryImageOfPage":{"@id":"https:\/\/fitnessmarketdz.net\/index.php\/product\/elliptique-axion-privilege\/#primaryimage"},"image":{"@id":"https:\/\/fitnessmarketdz.net\/index.php\/product\/elliptique-axion-privilege\/#primaryimage"},"thumbnailUrl":"https:\/\/fitnessmarketdz.net\/wp-content\/uploads\/2025\/09\/PRIVILEGE-scaled-1.png","datePublished":"2025-09-23T22:13:58+00:00","dateModified":"2026-03-23T22:19:34+00:00","description":"Acheter v\u00e9lo elliptique Privil\u00e8ge Au Meilleur Prix En Alg\u00e9rie Chez Fitness Market 020 28 39 08, Repr\u00e9sentant Officiel Kettler Alg\u00e9rie, Proform .","breadcrumb":{"@id":"https:\/\/fitnessmarketdz.net\/index.php\/product\/elliptique-axion-privilege\/#breadcrumb"},"inLanguage":"fr-FR","potentialAction":[{"@type":"ReadAction","target":["https:\/\/fitnessmarketdz.net\/index.php\/product\/elliptique-axion-privilege\/"]}]},{"@type":"ImageObject","inLanguage":"fr-FR","@id":"https:\/\/fitnessmarketdz.net\/index.php\/product\/elliptique-axion-privilege\/#primaryimage","url":"https:\/\/fitnessmarketdz.net\/wp-content\/uploads\/2025\/09\/PRIVILEGE-scaled-1.png","contentUrl":"https:\/\/fitnessmarketdz.net\/wp-content\/uploads\/2025\/09\/PRIVILEGE-scaled-1.png","width":2560,"height":2117},{"@type":"BreadcrumbList","@id":"https:\/\/fitnessmarketdz.net\/index.php\/product\/elliptique-axion-privilege\/#breadcrumb","itemListElement":[{"@type":"ListItem","position":1,"name":"Accueil","item":"https:\/\/fitnessmarketdz.net\/"},{"@type":"ListItem","position":2,"name":"Boutique","item":"https:\/\/fitnessmarketdz.net\/index.php\/boutique-fitness-market-algeria\/"},{"@type":"ListItem","position":3,"name":"v\u00e9lo elliptique Privil\u00e8ge"}]},{"@type":"WebSite","@id":"https:\/\/fitnessmarketdz.net\/#website","url":"https:\/\/fitnessmarketdz.net\/","name":"Fitness Market DZ","description":"Votre Partenaire de Fitness en Salle et \u00e0 Domicile","publisher":{"@id":"https:\/\/fitnessmarketdz.net\/#organization"},"potentialAction":[{"@type":"SearchAction","target":{"@type":"EntryPoint","urlTemplate":"https:\/\/fitnessmarketdz.net\/?s={search_term_string}"},"query-input":{"@type":"PropertyValueSpecification","valueRequired":true,"valueName":"search_term_string"}}],"inLanguage":"fr-FR"},{"@type":"Organization","@id":"https:\/\/fitnessmarketdz.net\/#organization","name":"Fitness Market DZ","url":"https:\/\/fitnessmarketdz.net\/","logo":{"@type":"ImageObject","inLanguage":"fr-FR","@id":"https:\/\/fitnessmarketdz.net\/#\/schema\/logo\/image\/","url":"https:\/\/fitnessmarketdz.net\/wp-content\/uploads\/2024\/01\/Logo-Fitness-Market.svg","contentUrl":"https:\/\/fitnessmarketdz.net\/wp-content\/uploads\/2024\/01\/Logo-Fitness-Market.svg","width":5181,"height":2572,"caption":"Fitness Market DZ"},"image":{"@id":"https:\/\/fitnessmarketdz.net\/#\/schema\/logo\/image\/"},"sameAs":["https:\/\/www.facebook.com\/profile.php?id=100049723587139","https:\/\/www.instagram.com\/fitness.market.algeria\/"]}]}},"jetpack_sharing_enabled":true,"_links":{"self":[{"href":"https:\/\/fitnessmarketdz.net\/index.php\/wp-json\/wp\/v2\/product\/12659","targetHints":{"allow":["GET"]}}],"collection":[{"href":"https:\/\/fitnessmarketdz.net\/index.php\/wp-json\/wp\/v2\/product"}],"about":[{"href":"https:\/\/fitnessmarketdz.net\/index.php\/wp-json\/wp\/v2\/types\/product"}],"version-history":[{"count":0,"href":"https:\/\/fitnessmarketdz.net\/index.php\/wp-json\/wp\/v2\/product\/12659\/revisions"}],"wp:featuredmedia":[{"embeddable":true,"href":"https:\/\/fitnessmarketdz.net\/index.php\/wp-json\/wp\/v2\/media\/12660"}],"wp:attachment":[{"href":"https:\/\/fitnessmarketdz.net\/index.php\/wp-json\/wp\/v2\/media?parent=12659"}],"wp:term":[{"taxonomy":"product_brand","embeddable":true,"href":"https:\/\/fitnessmarketdz.net\/index.php\/wp-json\/wp\/v2\/product_brand?post=12659"},{"taxonomy":"product_cat","embeddable":true,"href":"https:\/\/fitnessmarketdz.net\/index.php\/wp-json\/wp\/v2\/product_cat?post=12659"},{"taxonomy":"product_tag","embeddable":true,"href":"https:\/\/fitnessmarketdz.net\/index.php\/wp-json\/wp\/v2\/product_tag?post=12659"}],"curies":[{"name":"wp","href":"https:\/\/api.w.org\/{rel}","templated":true}]}}