{"id":12651,"date":"2025-09-24T00:07:45","date_gmt":"2025-09-23T22:07:45","guid":{"rendered":"https:\/\/fitnessmarketdz.net\/?post_type=product&#038;p=12651"},"modified":"2026-03-23T21:16:09","modified_gmt":"2026-03-23T20:16:09","slug":"velo-elliptique-sportop-e850-programable","status":"publish","type":"product","link":"https:\/\/fitnessmarketdz.net\/index.php\/product\/velo-elliptique-sportop-e850-programable\/","title":{"rendered":"v\u00e9lo elliptique Sportop E850 Programable"},"content":{"rendered":"<div class=\"product-videos-container top-padding bottom-padding\">\n<div class=\"row product-videos\">\n<div class=\"container\">\n<div>\n<div class=\"col-md-3 col-xs-12 \">\n<div class=\"col-xs-12\">\n<pre id=\"tw-target-text\" class=\"tw-data-text tw-text-large tw-ta\" dir=\"ltr\" role=\"text\" data-placeholder=\"Traduction\" data-ved=\"2ahUKEwiK5aeV7--PAxWhVaQEHZaNN9QQ3ewLegQIChAU\" aria-label=\"Texte traduit\u00a0: Sportop E850P Si vous recherchez un v\u00e9lo elliptique compact et robuste, le Sportop E850P est le choix id\u00e9al\u00a0! Son design moderne, ses mat\u00e9riaux de qualit\u00e9 sup\u00e9rieure et son disque robuste de 8\u00a0kg garantissent stabilit\u00e9 et fluidit\u00e9 pendant vos entra\u00eenements. Il propose \u00e9galement 16\u00a0niveaux de r\u00e9sistance et un large choix de programmes stimulants.\"><span class=\"Y2IQFc\" lang=\"fr\">Sportop E850P\r\nSi vous recherchez un v\u00e9lo elliptique compact et robuste, le Sportop E850P est le choix id\u00e9al !\r\nSon design moderne, ses mat\u00e9riaux de qualit\u00e9 sup\u00e9rieure et son disque robuste de 8 kg garantissent stabilit\u00e9 et fluidit\u00e9 pendant vos entra\u00eenements.\r\n Il propose \u00e9galement 16 niveaux de r\u00e9sistance et un large choix de programmes stimulants.<\/span><span class=\"Y2IQFc\" lang=\"fr\">Niveaux de r\u00e9sistance Le syst\u00e8me offre 16 niveaux de r\u00e9sistance r\u00e9glables \u00e9lectroniquement pour vous permettre de toujours relever des d\u00e9fis pendant votre entra\u00eenement.<\/span><\/pre>\n<\/div>\n<\/div>\n<div class=\"col-md-3 col-xs-12 \">\n<div class=\"col-xs-12 text-center\"><\/div>\n<div class=\"col-xs-12\">\n<pre id=\"tw-target-text\" class=\"tw-data-text tw-text-large tw-ta\" dir=\"ltr\" role=\"text\" data-placeholder=\"Traduction\" data-ved=\"2ahUKEwiK5aeV7--PAxWhVaQEHZaNN9QQ3ewLegQIChAU\" aria-label=\"Texte traduit\u00a0: Longueur de foul\u00e9e Le Sportop\u00ae E850P offre une longueur de foul\u00e9e de 33 cm pour votre entra\u00eenement.\"><span class=\"Y2IQFc\" lang=\"fr\">Longueur de foul\u00e9e\r\n\r\nLe Sportop\u00ae E850P offre une longueur de foul\u00e9e de 33 cm pour votre entra\u00eenement.<\/span><\/pre>\n<\/div>\n<\/div>\n<div class=\"col-md-3 col-xs-12 \">\n<div class=\"col-xs-12 text-center\"><\/div>\n<div class=\"col-xs-12\">\n<pre id=\"tw-target-text\" class=\"tw-data-text tw-text-large tw-ta\" dir=\"ltr\" role=\"text\" data-placeholder=\"Traduction\" data-ved=\"2ahUKEwiK5aeV7--PAxWhVaQEHZaNN9QQ3ewLegQIChAU\" aria-label=\"Texte traduit\u00a0: Fr\u00e9quence cardiaque Utilisez les capteurs tactiles situ\u00e9s sur les poign\u00e9es fixes pour mesurer votre rythme cardiaque.\"><span class=\"Y2IQFc\" lang=\"fr\">Fr\u00e9quence cardiaque\r\n\r\nUtilisez les capteurs tactiles situ\u00e9s sur les poign\u00e9es fixes pour mesurer votre rythme cardiaque.<\/span><\/pre>\n<p>&nbsp;<\/p>\n<\/div>\n<\/div>\n<div class=\"col-md-3 col-xs-12 \">\n<div class=\"col-xs-12 text-center\"><\/div>\n<div class=\"col-xs-12\">\n<pre id=\"tw-target-text\" class=\"tw-data-text tw-text-large tw-ta\" dir=\"ltr\" role=\"text\" data-placeholder=\"Traduction\" data-ved=\"2ahUKEwiK5aeV7--PAxWhVaQEHZaNN9QQ3ewLegQIChAU\" aria-label=\"Texte traduit\u00a0: Poids maximal de l'utilisateur Le ch\u00e2ssis du E850P est con\u00e7u pour un poids maximal de l'utilisateur de 125 kg.\"><span class=\"Y2IQFc\" lang=\"fr\">Poids maximal de l'utilisateur\r\n\r\nLe ch\u00e2ssis du E850P est con\u00e7u pour un poids maximal de l'utilisateur de 125 kg.\r\nDISPONIBLE DANS LA M\u00caME CAT\u00c9GORIE LE <a href=\"https:\/\/fitnessmarketdz.com\/product\/treadmill-kettler-track-pro\/\">TRACK PRO<\/a>\r\nNOUS SUIVRE SUR FACEBOOK <a href=\"https:\/\/www.facebook.com\/Fitness-Market-Algeria-1488822214780146\/\">FITNESS MARKET ALGERIA<\/a>\r\n<\/span><\/pre>\n<\/div>\n<\/div>\n<\/div>\n<div id=\"video-frame\" class=\"video-box\"><strong>Caract\u00e9ristiques<\/strong><br \/>\n\u2013 Niveaux de r\u00e9sistance : 16 Niveaux de r\u00e9sistance<br \/>\n\u2013 Longueur de foul\u00e9e:\u00a0 33 cm<br \/>\n\u2013 Poids de l\u2019utilisateur:\u00a0 (kg) 125<br \/>\n\u2013 Syst\u00e8me de transmission<br \/>\n\u2013 Axe (manivelle)<br \/>\n\u2013 Poids du volant:\u00a0 8 kg<br \/>\n\u2013 Poign\u00e9es pour personnes \u00e2g\u00e9es<br \/>\n\u2013 Affichage avec \u00e9cran:\u00a0 LCD<br \/>\n\u2013 \u00c9conomie d\u2019\u00e9nergie:\u00a0 Oui<br \/>\n\u2013 Programmes d\u2019entra\u00eenement:\u00a0 12<br \/>\n\u2013 Test de condition physique:\u00a0 0<br \/>\n\u2013 Programmes utilisateur:\u00a0 1<br \/>\n\u2013 Programmes:\u00a0 RH 1<br \/>\n\u2013 R\u00e9cup\u00e9ration:\u00a0 Non<br \/>\n\u2013 Graisse corporelle:\u00a0 Non<br \/>\n\u2013 Port USB:\u00a0 Non<br \/>\n\u2013 Bluetooth activ\u00e9:\u00a0 Oui<br \/>\n\u2013 Ventilateur:\u00a0 Non<br \/>\n\u2013 \u00c9tag\u00e8re multim\u00e9dia \u2013 Support pour tablette Non<br \/>\n\u2013 Porte-bouteille:\u00a0 Oui<br \/>\n\u2013 Moniteur de fr\u00e9quence cardiaque<br \/>\n\u2013 R\u00e9cepteur d\u2019impulsions sans fil:\u00a0 Non<\/div>\n<div class=\"video-box\">\u2013 Stabilisateurs:\u00a0 Oui<br \/>\n\u2013 Roues de transport:\u00a0 Oui<br \/>\n\u2013 Poids du produit:\u00a0 46<br \/>\n\u2013 Dimensions:\u00a0 128 x 62 x 156 cm<br \/>\n\u2013 Garantie: 1 ans<\/div>\n<div>DISPONIBLE DANS LA M\u00caME CAT\u00c9GORIE LE &lt;a href=\u00a0\u00bb<a href=\"https:\/\/fitnessmarketdz.net\/index.php\/product\/elliptique-axion-privilege\/\">https:\/\/fitnessmarketdz.net\/index.php\/product\/elliptique-axion-privilege\/<\/a>\/\u00a0\u00bb&gt;TRACK PRO&lt;\/a&gt;<br \/>\nNOUS SUIVRE SUR FACEBOOK &lt;a href=\u00a0\u00bbhttps:\/\/www.facebook.com\/Fitness-Market-Algeria-1488822214780146\/\u00a0\u00bb&gt;FITNESS MARKET ALGERIA&lt;\/a&gt;<\/div>\n<div id=\"video-gallery\" class=\"more-videos row\"><\/div>\n<\/div>\n<\/div>\n<\/div>\n","protected":false},"excerpt":{"rendered":"<p>Sportop E850P Si vous recherchez un v\u00e9lo elliptique compact et robuste, le Sportop E850P est le choix id\u00e9al ! Son<\/p>\n","protected":false},"featured_media":12652,"template":"","meta":{"om_disable_all_campaigns":false},"product_brand":[763],"product_cat":[630,521],"product_tag":[751,743,756,738,750,747],"class_list":{"0":"post-12651","1":"product","2":"type-product","3":"status-publish","4":"has-post-thumbnail","6":"product_brand-profitness","7":"product_cat-fitness","8":"product_cat-velo-elliptique","9":"product_tag-axion","10":"product_tag-cardio","11":"product_tag-elliptique","12":"product_tag-kettler","13":"product_tag-nordictrack","14":"product_tag-salle-de-sport","15":"product_shipping_class-lourds","17":"first","18":"instock","19":"featured","20":"taxable","21":"shipping-taxable","22":"purchasable","23":"product-type-simple"},"yoast_head":"<!-- This site is optimized with the Yoast SEO plugin v27.3 - https:\/\/yoast.com\/product\/yoast-seo-wordpress\/ -->\n<title>Elliptique Sportop E850P<\/title>\n<meta name=\"description\" content=\"Si vous recherchez un v\u00e9lo elliptique compact et robuste, le Sportop E850P est le choix id\u00e9al ! Son design moderne et offre une longueur de foul\u00e9e de 33 cm .\" \/>\n<meta name=\"robots\" content=\"index, follow, max-snippet:-1, max-image-preview:large, max-video-preview:-1\" \/>\n<link rel=\"canonical\" href=\"https:\/\/fitnessmarketdz.net\/index.php\/product\/velo-elliptique-sportop-e850-programable\/\" \/>\n<meta property=\"og:locale\" content=\"fr_FR\" \/>\n<meta property=\"og:type\" content=\"article\" \/>\n<meta property=\"og:title\" content=\"Elliptique Sportop E850P\" \/>\n<meta property=\"og:description\" content=\"Si vous recherchez un v\u00e9lo elliptique compact et robuste, le Sportop E850P est le choix id\u00e9al ! Son design moderne et offre une longueur de foul\u00e9e de 33 cm .\" \/>\n<meta property=\"og:url\" content=\"https:\/\/fitnessmarketdz.net\/index.php\/product\/velo-elliptique-sportop-e850-programable\/\" \/>\n<meta property=\"og:site_name\" content=\"Fitness Market DZ\" \/>\n<meta property=\"article:publisher\" content=\"https:\/\/www.facebook.com\/profile.php?id=100049723587139\" \/>\n<meta property=\"article:modified_time\" content=\"2026-03-23T20:16:09+00:00\" \/>\n<meta property=\"og:image\" content=\"https:\/\/fitnessmarketdz.net\/wp-content\/uploads\/2025\/09\/Sportop-E850p_Black.jpg\" \/>\n\t<meta property=\"og:image:width\" content=\"1500\" \/>\n\t<meta property=\"og:image:height\" content=\"1500\" \/>\n\t<meta property=\"og:image:type\" content=\"image\/jpeg\" \/>\n<meta name=\"twitter:card\" content=\"summary_large_image\" \/>\n<meta name=\"twitter:label1\" content=\"Dur\u00e9e de lecture estim\u00e9e\" \/>\n\t<meta name=\"twitter:data1\" content=\"1 minute\" \/>\n<script type=\"application\/ld+json\" class=\"yoast-schema-graph\">{\"@context\":\"https:\\\/\\\/schema.org\",\"@graph\":[{\"@type\":\"WebPage\",\"@id\":\"https:\\\/\\\/fitnessmarketdz.net\\\/index.php\\\/product\\\/velo-elliptique-sportop-e850-programable\\\/\",\"url\":\"https:\\\/\\\/fitnessmarketdz.net\\\/index.php\\\/product\\\/velo-elliptique-sportop-e850-programable\\\/\",\"name\":\"Elliptique Sportop E850P\",\"isPartOf\":{\"@id\":\"https:\\\/\\\/fitnessmarketdz.net\\\/#website\"},\"primaryImageOfPage\":{\"@id\":\"https:\\\/\\\/fitnessmarketdz.net\\\/index.php\\\/product\\\/velo-elliptique-sportop-e850-programable\\\/#primaryimage\"},\"image\":{\"@id\":\"https:\\\/\\\/fitnessmarketdz.net\\\/index.php\\\/product\\\/velo-elliptique-sportop-e850-programable\\\/#primaryimage\"},\"thumbnailUrl\":\"https:\\\/\\\/fitnessmarketdz.net\\\/wp-content\\\/uploads\\\/2025\\\/09\\\/Sportop-E850p_Black.jpg\",\"datePublished\":\"2025-09-23T22:07:45+00:00\",\"dateModified\":\"2026-03-23T20:16:09+00:00\",\"description\":\"Si vous recherchez un v\u00e9lo elliptique compact et robuste, le Sportop E850P est le choix id\u00e9al ! Son design moderne et offre une longueur de foul\u00e9e de 33 cm .\",\"breadcrumb\":{\"@id\":\"https:\\\/\\\/fitnessmarketdz.net\\\/index.php\\\/product\\\/velo-elliptique-sportop-e850-programable\\\/#breadcrumb\"},\"inLanguage\":\"fr-FR\",\"potentialAction\":[{\"@type\":\"ReadAction\",\"target\":[\"https:\\\/\\\/fitnessmarketdz.net\\\/index.php\\\/product\\\/velo-elliptique-sportop-e850-programable\\\/\"]}]},{\"@type\":\"ImageObject\",\"inLanguage\":\"fr-FR\",\"@id\":\"https:\\\/\\\/fitnessmarketdz.net\\\/index.php\\\/product\\\/velo-elliptique-sportop-e850-programable\\\/#primaryimage\",\"url\":\"https:\\\/\\\/fitnessmarketdz.net\\\/wp-content\\\/uploads\\\/2025\\\/09\\\/Sportop-E850p_Black.jpg\",\"contentUrl\":\"https:\\\/\\\/fitnessmarketdz.net\\\/wp-content\\\/uploads\\\/2025\\\/09\\\/Sportop-E850p_Black.jpg\",\"width\":1500,\"height\":1500},{\"@type\":\"BreadcrumbList\",\"@id\":\"https:\\\/\\\/fitnessmarketdz.net\\\/index.php\\\/product\\\/velo-elliptique-sportop-e850-programable\\\/#breadcrumb\",\"itemListElement\":[{\"@type\":\"ListItem\",\"position\":1,\"name\":\"Accueil\",\"item\":\"https:\\\/\\\/fitnessmarketdz.net\\\/\"},{\"@type\":\"ListItem\",\"position\":2,\"name\":\"Boutique\",\"item\":\"https:\\\/\\\/fitnessmarketdz.net\\\/index.php\\\/boutique-fitness-market-algeria\\\/\"},{\"@type\":\"ListItem\",\"position\":3,\"name\":\"v\u00e9lo elliptique Sportop E850 Programable\"}]},{\"@type\":\"WebSite\",\"@id\":\"https:\\\/\\\/fitnessmarketdz.net\\\/#website\",\"url\":\"https:\\\/\\\/fitnessmarketdz.net\\\/\",\"name\":\"Fitness Market DZ\",\"description\":\"Votre Partenaire de Fitness en Salle et \u00e0 Domicile\",\"publisher\":{\"@id\":\"https:\\\/\\\/fitnessmarketdz.net\\\/#organization\"},\"potentialAction\":[{\"@type\":\"SearchAction\",\"target\":{\"@type\":\"EntryPoint\",\"urlTemplate\":\"https:\\\/\\\/fitnessmarketdz.net\\\/?s={search_term_string}\"},\"query-input\":{\"@type\":\"PropertyValueSpecification\",\"valueRequired\":true,\"valueName\":\"search_term_string\"}}],\"inLanguage\":\"fr-FR\"},{\"@type\":\"Organization\",\"@id\":\"https:\\\/\\\/fitnessmarketdz.net\\\/#organization\",\"name\":\"Fitness Market DZ\",\"url\":\"https:\\\/\\\/fitnessmarketdz.net\\\/\",\"logo\":{\"@type\":\"ImageObject\",\"inLanguage\":\"fr-FR\",\"@id\":\"https:\\\/\\\/fitnessmarketdz.net\\\/#\\\/schema\\\/logo\\\/image\\\/\",\"url\":\"https:\\\/\\\/fitnessmarketdz.net\\\/wp-content\\\/uploads\\\/2024\\\/01\\\/Logo-Fitness-Market.svg\",\"contentUrl\":\"https:\\\/\\\/fitnessmarketdz.net\\\/wp-content\\\/uploads\\\/2024\\\/01\\\/Logo-Fitness-Market.svg\",\"width\":5181,\"height\":2572,\"caption\":\"Fitness Market DZ\"},\"image\":{\"@id\":\"https:\\\/\\\/fitnessmarketdz.net\\\/#\\\/schema\\\/logo\\\/image\\\/\"},\"sameAs\":[\"https:\\\/\\\/www.facebook.com\\\/profile.php?id=100049723587139\",\"https:\\\/\\\/www.instagram.com\\\/fitness.market.algeria\\\/\"]}]}<\/script>\n<!-- \/ Yoast SEO plugin. -->","yoast_head_json":{"title":"Elliptique Sportop E850P","description":"Si vous recherchez un v\u00e9lo elliptique compact et robuste, le Sportop E850P est le choix id\u00e9al ! Son design moderne et offre une longueur de foul\u00e9e de 33 cm .","robots":{"index":"index","follow":"follow","max-snippet":"max-snippet:-1","max-image-preview":"max-image-preview:large","max-video-preview":"max-video-preview:-1"},"canonical":"https:\/\/fitnessmarketdz.net\/index.php\/product\/velo-elliptique-sportop-e850-programable\/","og_locale":"fr_FR","og_type":"article","og_title":"Elliptique Sportop E850P","og_description":"Si vous recherchez un v\u00e9lo elliptique compact et robuste, le Sportop E850P est le choix id\u00e9al ! Son design moderne et offre une longueur de foul\u00e9e de 33 cm .","og_url":"https:\/\/fitnessmarketdz.net\/index.php\/product\/velo-elliptique-sportop-e850-programable\/","og_site_name":"Fitness Market DZ","article_publisher":"https:\/\/www.facebook.com\/profile.php?id=100049723587139","article_modified_time":"2026-03-23T20:16:09+00:00","og_image":[{"width":1500,"height":1500,"url":"https:\/\/fitnessmarketdz.net\/wp-content\/uploads\/2025\/09\/Sportop-E850p_Black.jpg","type":"image\/jpeg"}],"twitter_card":"summary_large_image","twitter_misc":{"Dur\u00e9e de lecture estim\u00e9e":"1 minute"},"schema":{"@context":"https:\/\/schema.org","@graph":[{"@type":"WebPage","@id":"https:\/\/fitnessmarketdz.net\/index.php\/product\/velo-elliptique-sportop-e850-programable\/","url":"https:\/\/fitnessmarketdz.net\/index.php\/product\/velo-elliptique-sportop-e850-programable\/","name":"Elliptique Sportop E850P","isPartOf":{"@id":"https:\/\/fitnessmarketdz.net\/#website"},"primaryImageOfPage":{"@id":"https:\/\/fitnessmarketdz.net\/index.php\/product\/velo-elliptique-sportop-e850-programable\/#primaryimage"},"image":{"@id":"https:\/\/fitnessmarketdz.net\/index.php\/product\/velo-elliptique-sportop-e850-programable\/#primaryimage"},"thumbnailUrl":"https:\/\/fitnessmarketdz.net\/wp-content\/uploads\/2025\/09\/Sportop-E850p_Black.jpg","datePublished":"2025-09-23T22:07:45+00:00","dateModified":"2026-03-23T20:16:09+00:00","description":"Si vous recherchez un v\u00e9lo elliptique compact et robuste, le Sportop E850P est le choix id\u00e9al ! Son design moderne et offre une longueur de foul\u00e9e de 33 cm .","breadcrumb":{"@id":"https:\/\/fitnessmarketdz.net\/index.php\/product\/velo-elliptique-sportop-e850-programable\/#breadcrumb"},"inLanguage":"fr-FR","potentialAction":[{"@type":"ReadAction","target":["https:\/\/fitnessmarketdz.net\/index.php\/product\/velo-elliptique-sportop-e850-programable\/"]}]},{"@type":"ImageObject","inLanguage":"fr-FR","@id":"https:\/\/fitnessmarketdz.net\/index.php\/product\/velo-elliptique-sportop-e850-programable\/#primaryimage","url":"https:\/\/fitnessmarketdz.net\/wp-content\/uploads\/2025\/09\/Sportop-E850p_Black.jpg","contentUrl":"https:\/\/fitnessmarketdz.net\/wp-content\/uploads\/2025\/09\/Sportop-E850p_Black.jpg","width":1500,"height":1500},{"@type":"BreadcrumbList","@id":"https:\/\/fitnessmarketdz.net\/index.php\/product\/velo-elliptique-sportop-e850-programable\/#breadcrumb","itemListElement":[{"@type":"ListItem","position":1,"name":"Accueil","item":"https:\/\/fitnessmarketdz.net\/"},{"@type":"ListItem","position":2,"name":"Boutique","item":"https:\/\/fitnessmarketdz.net\/index.php\/boutique-fitness-market-algeria\/"},{"@type":"ListItem","position":3,"name":"v\u00e9lo elliptique Sportop E850 Programable"}]},{"@type":"WebSite","@id":"https:\/\/fitnessmarketdz.net\/#website","url":"https:\/\/fitnessmarketdz.net\/","name":"Fitness Market DZ","description":"Votre Partenaire de Fitness en Salle et \u00e0 Domicile","publisher":{"@id":"https:\/\/fitnessmarketdz.net\/#organization"},"potentialAction":[{"@type":"SearchAction","target":{"@type":"EntryPoint","urlTemplate":"https:\/\/fitnessmarketdz.net\/?s={search_term_string}"},"query-input":{"@type":"PropertyValueSpecification","valueRequired":true,"valueName":"search_term_string"}}],"inLanguage":"fr-FR"},{"@type":"Organization","@id":"https:\/\/fitnessmarketdz.net\/#organization","name":"Fitness Market DZ","url":"https:\/\/fitnessmarketdz.net\/","logo":{"@type":"ImageObject","inLanguage":"fr-FR","@id":"https:\/\/fitnessmarketdz.net\/#\/schema\/logo\/image\/","url":"https:\/\/fitnessmarketdz.net\/wp-content\/uploads\/2024\/01\/Logo-Fitness-Market.svg","contentUrl":"https:\/\/fitnessmarketdz.net\/wp-content\/uploads\/2024\/01\/Logo-Fitness-Market.svg","width":5181,"height":2572,"caption":"Fitness Market DZ"},"image":{"@id":"https:\/\/fitnessmarketdz.net\/#\/schema\/logo\/image\/"},"sameAs":["https:\/\/www.facebook.com\/profile.php?id=100049723587139","https:\/\/www.instagram.com\/fitness.market.algeria\/"]}]}},"jetpack_sharing_enabled":true,"_links":{"self":[{"href":"https:\/\/fitnessmarketdz.net\/index.php\/wp-json\/wp\/v2\/product\/12651","targetHints":{"allow":["GET"]}}],"collection":[{"href":"https:\/\/fitnessmarketdz.net\/index.php\/wp-json\/wp\/v2\/product"}],"about":[{"href":"https:\/\/fitnessmarketdz.net\/index.php\/wp-json\/wp\/v2\/types\/product"}],"version-history":[{"count":0,"href":"https:\/\/fitnessmarketdz.net\/index.php\/wp-json\/wp\/v2\/product\/12651\/revisions"}],"wp:featuredmedia":[{"embeddable":true,"href":"https:\/\/fitnessmarketdz.net\/index.php\/wp-json\/wp\/v2\/media\/12652"}],"wp:attachment":[{"href":"https:\/\/fitnessmarketdz.net\/index.php\/wp-json\/wp\/v2\/media?parent=12651"}],"wp:term":[{"taxonomy":"product_brand","embeddable":true,"href":"https:\/\/fitnessmarketdz.net\/index.php\/wp-json\/wp\/v2\/product_brand?post=12651"},{"taxonomy":"product_cat","embeddable":true,"href":"https:\/\/fitnessmarketdz.net\/index.php\/wp-json\/wp\/v2\/product_cat?post=12651"},{"taxonomy":"product_tag","embeddable":true,"href":"https:\/\/fitnessmarketdz.net\/index.php\/wp-json\/wp\/v2\/product_tag?post=12651"}],"curies":[{"name":"wp","href":"https:\/\/api.w.org\/{rel}","templated":true}]}}