{"id":12320,"date":"2025-05-13T19:54:59","date_gmt":"2025-05-13T17:54:59","guid":{"rendered":"https:\/\/fitnessmarketdz.net\/?post_type=product&#038;p=12320"},"modified":"2026-03-23T21:24:10","modified_gmt":"2026-03-23T20:24:10","slug":"kettler-berlin-s3-new","status":"publish","type":"product","link":"https:\/\/fitnessmarketdz.net\/index.php\/product\/kettler-berlin-s3-new\/","title":{"rendered":"KETTLER Berlin S3 \u2013 \u0623\u062f\u0627\u0621 \u0627\u062d\u062a\u0631\u0627\u0641\u064a \u0648\u0631\u0627\u062d\u0629 \u0645\u0646\u0632\u0644\u064a\u0629"},"content":{"rendered":"<h3 style=\"text-align: right;\"><em><strong>\u062c\u0647\u0627\u0632 \u0627\u0644\u062c\u0631\u064a KETTLER Berlin S3 \u2013 \u0623\u062f\u0627\u0621 \u0627\u062d\u062a\u0631\u0627\u0641\u064a \u0648\u0631\u0627\u062d\u0629 \u0645\u0646\u0632\u0644\u064a\u0629<\/strong><\/em><\/h3>\n<p>&nbsp;<\/p>\n<h3 style=\"text-align: right;\"><em><strong>\u0648\u0635\u0641 \u0627\u0644\u0645\u0646\u062a\u062c<\/strong><\/em><\/h3>\n<h3 style=\"direction: rtl;\"><em><strong>\u064a\u064f\u0639\u062a\u0628\u0631 \u062c\u0647\u0627\u0632 \u0627\u0644\u062c\u0631\u064a KETTLER Berlin S3 \u0645\u0646 \u0633\u0644\u0633\u0644\u0629 ADVANTAGE \u062e\u064a\u0627\u0631\u064b\u0627 \u0645\u062b\u0627\u0644\u064a\u064b\u0627 \u0644\u0644\u062a\u0645\u0627\u0631\u064a\u0646 \u0627\u0644\u0645\u0646\u0632\u0644\u064a\u0629 \u0627\u0644\u0645\u0643\u062b\u0641\u0629\u060c \u062d\u064a\u062b \u064a\u062c\u0645\u0639 \u0628\u064a\u0646 \u0627\u0644\u0642\u0648\u0629\u060c \u0627\u0644\u0631\u0627\u062d\u0629 \u0648\u0627\u0644\u062a\u0642\u0646\u064a\u0627\u062a \u0627\u0644\u062d\u062f\u064a\u062b\u0629. \u064a\u062a\u0645\u064a\u0632 \u0628\u0645\u062d\u0631\u0643 \u0642\u0648\u064a \u0628\u0642\u062f\u0631\u0629 3.0 \u062d\u0635\u0627\u0646\u060c \u0633\u0631\u0639\u0629 \u062a\u0635\u0644 \u0625\u0644\u0649 22 \u0643\u0645\/\u0633\u0627\u0639\u0629\u060c \u0648\u0627\u0646\u062d\u062f\u0627\u0631 \u0643\u0647\u0631\u0628\u0627\u0626\u064a \u062d\u062a\u0649 15%.<\/strong><\/em><\/h3>\n<h3 style=\"direction: rtl;\"><em><strong>\u0645\u0633\u0627\u062d\u0629 \u0627\u0644\u062c\u0631\u064a \u0627\u0644\u0648\u0627\u0633\u0639\u0629 (145 \u00d7 51 \u0633\u0645) \u062a\u062c\u0639\u0644\u0647 \u0645\u0646\u0627\u0633\u0628\u064b\u0627 \u0644\u0644\u0623\u0634\u062e\u0627\u0635 \u0637\u0648\u0627\u0644 \u0627\u0644\u0642\u0627\u0645\u0629\u060c \u0645\u0639 \u0642\u062f\u0631\u0629 \u062a\u062d\u0645\u0651\u0644 \u0648\u0632\u0646 \u062d\u062a\u0649 150 \u0643\u063a.<\/strong><\/em><\/h3>\n<h3 style=\"direction: rtl;\"><em><strong>\u0646\u0638\u0627\u0645 \u0627\u0645\u062a\u0635\u0627\u0635 \u0627\u0644\u0635\u062f\u0645\u0627\u062a \u0627\u0644\u0627\u062d\u062a\u0631\u0627\u0641\u064a \u064a\u062d\u0645\u064a \u0627\u0644\u0645\u0641\u0627\u0635\u0644\u060c \u0643\u0645\u0627 \u0623\u0646 \u0627\u0644\u062a\u0635\u0645\u064a\u0645 \u0627\u0644\u0642\u0627\u0628\u0644 \u0644\u0644\u0637\u064a \u064a\u0633\u0647\u0644 \u0627\u0644\u062a\u062e\u0632\u064a\u0646 \u0648\u064a\u0648\u0641\u0651\u0631 \u0627\u0644\u0645\u0633\u0627\u062d\u0629.<\/strong><\/em><\/h3>\n<h3 style=\"text-align: right;\"><\/h3>\n<h3 style=\"direction: rtl;\"><em><strong>\u0627\u0644\u0645\u0648\u0627\u0635\u0641\u0627\u062a \u0627\u0644\u062a\u0642\u0646\u064a\u0629<\/strong><\/em><\/h3>\n<h3 style=\"direction: rtl;\"><em><strong>\u2022 \u2705 \u0627\u0644\u0645\u062d\u0631\u0643: 3.0 \u062d\u0635\u0627\u0646 (DC)<\/strong><\/em><\/h3>\n<h3 style=\"direction: rtl;\"><em><strong>\u2022 \u2705 \u0627\u0644\u0633\u0631\u0639\u0629: \u0645\u0646 1 \u0625\u0644\u0649 22 \u0643\u0645\/\u0633\u0627\u0639\u0629 (\u0628\u0632\u064a\u0627\u062f\u0627\u062a 0.1 \u0643\u0645\/\u0633\u0627\u0639\u0629)<\/strong><\/em><\/h3>\n<h3 style=\"direction: rtl;\"><em><strong>\u2022 \u2705 \u0627\u0644\u0627\u0646\u062d\u062f\u0627\u0631 \u0627\u0644\u0643\u0647\u0631\u0628\u0627\u0626\u064a: \u062d\u062a\u0649 15%<\/strong><\/em><\/h3>\n<h3 style=\"direction: rtl;\"><em><strong>\u2022 \u2705 \u0645\u0633\u0627\u062d\u0629 \u0627\u0644\u062c\u0631\u064a: 145 \u00d7 51 \u0633\u0645<\/strong><\/em><\/h3>\n<h3 style=\"direction: rtl;\"><em><strong>\u2022 \u2705 \u0627\u0644\u0648\u0632\u0646 \u0627\u0644\u0623\u0642\u0635\u0649 \u0644\u0644\u0645\u0633\u062a\u062e\u062f\u0645: 150 \u0643\u063a<\/strong><\/em><\/h3>\n<h3 style=\"direction: rtl;\"><em><strong>\u2022 \u2705 \u0634\u0627\u0634\u0629: 8 \u0634\u0627\u0634\u0627\u062a LCD \u0628\u0625\u0636\u0627\u0621\u0629 \u062e\u0644\u0641\u064a\u0629<\/strong><\/em><\/h3>\n<h3 style=\"direction: rtl;\"><em><strong>\u2022 \u2705 40 \u0628\u0631\u0646\u0627\u0645\u062c \u062a\u062f\u0631\u064a\u0628 \u0645\u062f\u0645\u062c<\/strong><\/em><\/h3>\n<h3 style=\"direction: rtl;\"><em><strong>\u2022 \u2705 \u062f\u0639\u0645 Bluetooth + \u0645\u0643\u0628\u0631\u0627\u062a \u0635\u0648\u062a<\/strong><\/em><\/h3>\n<h3 style=\"direction: rtl;\"><em><strong>\u2022 \u2705 \u0646\u0638\u0627\u0645 \u0637\u064a + \u0639\u062c\u0644\u0627\u062a \u0644\u0644\u0646\u0642\u0644<\/strong><\/em><\/h3>\n<h3 style=\"direction: rtl;\"><em><strong>\u2022 \u2705 \u0645\u0633\u062a\u0634\u0639\u0631\u0627\u062a \u0646\u0628\u0636 + \u062d\u0627\u0645\u0644 \u062a\u0627\u0628\u0644\u062a + \u0645\u0631\u0648\u062d\u0629<\/strong><\/em><\/h3>\n<h3 style=\"direction: rtl;\"><em><strong>\u2022 \u2705 \u0627\u0644\u0623\u0628\u0639\u0627\u062f (\u0645\u0641\u062a\u0648\u062d): 198 \u00d7 92 \u00d7 150 \u0633\u0645<\/strong><\/em><\/h3>\n<h3 style=\"direction: rtl;\"><em><strong>\u2022 \u2705 \u0627\u0644\u0623\u0628\u0639\u0627\u062f (\u0645\u0637\u0648\u064a): 140 \u00d7 92 \u00d7 172 \u0633\u0645<\/strong><\/em><\/h3>\n<h3 style=\"text-align: right;\"><em><strong>\u2e3b<\/strong><\/em><\/h3>\n<h3 style=\"direction: rtl;\"><em><strong>\u0627\u0644\u0633\u0639\u0631<\/strong><\/em><\/h3>\n<h3 style=\"direction: rtl;\"><em><strong>\ud83d\udcb0 368,000 \u062f\u064a\u0646\u0627\u0631 \u062c\u0632\u0627\u0626\u0631\u064a<\/strong><\/em><\/h3>\n<h3 style=\"direction: rtl;\"><\/h3>\n<h3 style=\"text-align: right;\"><em><strong>\u2e3b<\/strong><\/em><\/h3>\n<h3 style=\"direction: rtl;\"><em><strong>\u0627\u0644\u062a\u0648\u0635\u064a\u0644 \u0648\u0627\u0644\u0636\u0645\u0627\u0646<\/strong><\/em><\/h3>\n<h3 style=\"direction: rtl;\"><em><strong>\ud83d\ude9a \u062a\u0648\u0635\u064a\u0644 \u0633\u0631\u064a\u0639 \u0625\u0644\u0649 \u062c\u0645\u064a\u0639 \u0627\u0644\u0648\u0644\u0627\u064a\u0627\u062a<\/strong><\/em><\/h3>\n<h3 style=\"direction: rtl;\"><em><strong>\ud83d\udee1 \u0636\u0645\u0627\u0646 \u0633\u0646\u062a\u064a\u0646 (\u0627\u0644\u0635\u064a\u0627\u0646\u0629 \u0648\u0642\u0637\u0639 \u0627\u0644\u063a\u064a\u0627\u0631)<\/strong><\/em><\/h3>\n<h3 style=\"text-align: right;\"><em><strong>\u2e3b<\/strong><\/em><\/h3>\n<h3 style=\"direction: rtl;\"><em><strong>\u0644\u0644\u0637\u0644\u0628 \u0623\u0648 \u0627\u0644\u0627\u0633\u062a\u0641\u0633\u0627\u0631<\/strong><\/em><\/h3>\n<h3 style=\"direction: rtl;\"><em><strong>\ud83d\udcde \u0648\u0627\u062a\u0633\u0627\u0628: 0770359007<\/strong><\/em><\/h3>\n<h3 style=\"direction: rtl;\"><em><strong>\ud83d\udcde \u0647\u0627\u062a\u0641: 0560359007<\/strong><\/em><\/h3>\n<h3 style=\"direction: rtl;\"><em><strong>\u260e \u062b\u0627\u0628\u062a: 020283908<\/strong><\/em><\/h3>\n<p>DISPONIBLE DANS LA M\u00caME CAT\u00c9GORIE LE &lt;a href=\u00a0\u00bb<a href=\"https:\/\/fitnessmarketdz.net\/index.php\/product\/tapis-roulant-track-s4\/\">https:\/\/fitnessmarketdz.net\/index.php\/product\/tapis-roulant-track-s4\/<\/a>\u00ab\u00a0&gt;TRACK PRO&lt;\/a&gt;<br \/>\nNOUS SUIVRE SUR FACEBOOK &lt;a href=\u00a0\u00bbhttps:\/\/www.facebook.com\/Fitness-Market-Algeria-1488822214780146\/\u00a0\u00bb&gt;FITNESS MARKET ALGERIA&lt;\/a&gt;<\/p>\n","protected":false},"excerpt":{"rendered":"<p>\u062c\u0647\u0627\u0632 \u0627\u0644\u062c\u0631\u064a KETTLER Berlin S3 \u2013 \u0623\u062f\u0627\u0621 \u0627\u062d\u062a\u0631\u0627\u0641\u064a \u0648\u0631\u0627\u062d\u0629 \u0645\u0646\u0632\u0644\u064a\u0629 &nbsp; \u0648\u0635\u0641 \u0627\u0644\u0645\u0646\u062a\u062c \u064a\u064f\u0639\u062a\u0628\u0631 \u062c\u0647\u0627\u0632 \u0627\u0644\u062c\u0631\u064a KETTLER Berlin S3 \u0645\u0646<\/p>\n","protected":false},"featured_media":12811,"template":"","meta":{"om_disable_all_campaigns":false},"product_brand":[760],"product_cat":[630,737,765,484],"product_tag":[743,748,738,750,745,739,742,740],"class_list":{"0":"post-12320","1":"product","2":"type-product","3":"status-publish","4":"has-post-thumbnail","6":"product_brand-kettler","7":"product_cat-fitness","8":"product_cat-kettler","9":"product_cat-tapis-de-course","10":"product_cat-tapis-roulant","11":"product_tag-cardio","12":"product_tag-commercial","13":"product_tag-kettler","14":"product_tag-nordictrack","15":"product_tag-proform","16":"product_tag-tapis-de-course","17":"product_tag-tapis-roulant","18":"product_tag-treadmill","19":"product_shipping_class-lourds","21":"first","22":"outofstock","23":"taxable","24":"shipping-taxable","25":"purchasable","26":"product-type-simple"},"yoast_head":"<!-- This site is optimized with the Yoast SEO plugin v27.3 - https:\/\/yoast.com\/product\/yoast-seo-wordpress\/ -->\n<title>Kettler Berlin S3 New<\/title>\n<meta name=\"description\" content=\"Acheter KETTLER Berlin S3 \u2013 \u0623\u062f\u0627\u0621 \u0627\u062d\u062a\u0631\u0627\u0641\u064a \u0648\u0631\u0627\u062d\u0629 \u0645\u0646\u0632\u0644\u064a\u0629 Au Meilleur Prix En Alg\u00e9rie Chez Fitness Market 020 28 39 08, Repr\u00e9sentant Officiel Kettler Alg\u00e9rie,\" \/>\n<meta name=\"robots\" content=\"index, follow, max-snippet:-1, max-image-preview:large, max-video-preview:-1\" \/>\n<link rel=\"canonical\" href=\"https:\/\/fitnessmarketdz.net\/index.php\/product\/kettler-berlin-s3-new\/\" \/>\n<meta property=\"og:locale\" content=\"fr_FR\" \/>\n<meta property=\"og:type\" content=\"article\" \/>\n<meta property=\"og:title\" content=\"Kettler Berlin S3 New\" \/>\n<meta property=\"og:description\" content=\"Acheter KETTLER Berlin S3 \u2013 \u0623\u062f\u0627\u0621 \u0627\u062d\u062a\u0631\u0627\u0641\u064a \u0648\u0631\u0627\u062d\u0629 \u0645\u0646\u0632\u0644\u064a\u0629 Au Meilleur Prix En Alg\u00e9rie Chez Fitness Market 020 28 39 08, Repr\u00e9sentant Officiel Kettler Alg\u00e9rie,\" \/>\n<meta property=\"og:url\" content=\"https:\/\/fitnessmarketdz.net\/index.php\/product\/kettler-berlin-s3-new\/\" \/>\n<meta property=\"og:site_name\" content=\"Fitness Market DZ\" \/>\n<meta property=\"article:publisher\" content=\"https:\/\/www.facebook.com\/profile.php?id=100049723587139\" \/>\n<meta property=\"article:modified_time\" content=\"2026-03-23T20:24:10+00:00\" \/>\n<meta property=\"og:image\" content=\"https:\/\/fitnessmarketdz.net\/wp-content\/uploads\/2025\/05\/kettler-berlins3-advantage-07884-900.jpg\" \/>\n\t<meta property=\"og:image:width\" content=\"1200\" \/>\n\t<meta property=\"og:image:height\" content=\"1200\" \/>\n\t<meta property=\"og:image:type\" content=\"image\/jpeg\" \/>\n<meta name=\"twitter:card\" content=\"summary_large_image\" \/>\n<meta name=\"twitter:label1\" content=\"Dur\u00e9e de lecture estim\u00e9e\" \/>\n\t<meta name=\"twitter:data1\" content=\"2 minutes\" \/>\n<script type=\"application\/ld+json\" class=\"yoast-schema-graph\">{\"@context\":\"https:\\\/\\\/schema.org\",\"@graph\":[{\"@type\":\"WebPage\",\"@id\":\"https:\\\/\\\/fitnessmarketdz.net\\\/index.php\\\/product\\\/kettler-berlin-s3-new\\\/\",\"url\":\"https:\\\/\\\/fitnessmarketdz.net\\\/index.php\\\/product\\\/kettler-berlin-s3-new\\\/\",\"name\":\"Kettler Berlin S3 New\",\"isPartOf\":{\"@id\":\"https:\\\/\\\/fitnessmarketdz.net\\\/#website\"},\"primaryImageOfPage\":{\"@id\":\"https:\\\/\\\/fitnessmarketdz.net\\\/index.php\\\/product\\\/kettler-berlin-s3-new\\\/#primaryimage\"},\"image\":{\"@id\":\"https:\\\/\\\/fitnessmarketdz.net\\\/index.php\\\/product\\\/kettler-berlin-s3-new\\\/#primaryimage\"},\"thumbnailUrl\":\"https:\\\/\\\/fitnessmarketdz.net\\\/wp-content\\\/uploads\\\/2025\\\/05\\\/kettler-berlins3-advantage-07884-900.jpg\",\"datePublished\":\"2025-05-13T17:54:59+00:00\",\"dateModified\":\"2026-03-23T20:24:10+00:00\",\"description\":\"Acheter KETTLER Berlin S3 \u2013 \u0623\u062f\u0627\u0621 \u0627\u062d\u062a\u0631\u0627\u0641\u064a \u0648\u0631\u0627\u062d\u0629 \u0645\u0646\u0632\u0644\u064a\u0629 Au Meilleur Prix En Alg\u00e9rie Chez Fitness Market 020 28 39 08, Repr\u00e9sentant Officiel Kettler Alg\u00e9rie,\",\"breadcrumb\":{\"@id\":\"https:\\\/\\\/fitnessmarketdz.net\\\/index.php\\\/product\\\/kettler-berlin-s3-new\\\/#breadcrumb\"},\"inLanguage\":\"fr-FR\",\"potentialAction\":[{\"@type\":\"ReadAction\",\"target\":[\"https:\\\/\\\/fitnessmarketdz.net\\\/index.php\\\/product\\\/kettler-berlin-s3-new\\\/\"]}]},{\"@type\":\"ImageObject\",\"inLanguage\":\"fr-FR\",\"@id\":\"https:\\\/\\\/fitnessmarketdz.net\\\/index.php\\\/product\\\/kettler-berlin-s3-new\\\/#primaryimage\",\"url\":\"https:\\\/\\\/fitnessmarketdz.net\\\/wp-content\\\/uploads\\\/2025\\\/05\\\/kettler-berlins3-advantage-07884-900.jpg\",\"contentUrl\":\"https:\\\/\\\/fitnessmarketdz.net\\\/wp-content\\\/uploads\\\/2025\\\/05\\\/kettler-berlins3-advantage-07884-900.jpg\",\"width\":1200,\"height\":1200,\"caption\":\"berlin-s3-new\"},{\"@type\":\"BreadcrumbList\",\"@id\":\"https:\\\/\\\/fitnessmarketdz.net\\\/index.php\\\/product\\\/kettler-berlin-s3-new\\\/#breadcrumb\",\"itemListElement\":[{\"@type\":\"ListItem\",\"position\":1,\"name\":\"Accueil\",\"item\":\"https:\\\/\\\/fitnessmarketdz.net\\\/\"},{\"@type\":\"ListItem\",\"position\":2,\"name\":\"Boutique\",\"item\":\"https:\\\/\\\/fitnessmarketdz.net\\\/index.php\\\/boutique-fitness-market-algeria\\\/\"},{\"@type\":\"ListItem\",\"position\":3,\"name\":\"KETTLER Berlin S3 \u2013 \u0623\u062f\u0627\u0621 \u0627\u062d\u062a\u0631\u0627\u0641\u064a \u0648\u0631\u0627\u062d\u0629 \u0645\u0646\u0632\u0644\u064a\u0629\"}]},{\"@type\":\"WebSite\",\"@id\":\"https:\\\/\\\/fitnessmarketdz.net\\\/#website\",\"url\":\"https:\\\/\\\/fitnessmarketdz.net\\\/\",\"name\":\"Fitness Market DZ\",\"description\":\"Votre Partenaire de Fitness en Salle et \u00e0 Domicile\",\"publisher\":{\"@id\":\"https:\\\/\\\/fitnessmarketdz.net\\\/#organization\"},\"potentialAction\":[{\"@type\":\"SearchAction\",\"target\":{\"@type\":\"EntryPoint\",\"urlTemplate\":\"https:\\\/\\\/fitnessmarketdz.net\\\/?s={search_term_string}\"},\"query-input\":{\"@type\":\"PropertyValueSpecification\",\"valueRequired\":true,\"valueName\":\"search_term_string\"}}],\"inLanguage\":\"fr-FR\"},{\"@type\":\"Organization\",\"@id\":\"https:\\\/\\\/fitnessmarketdz.net\\\/#organization\",\"name\":\"Fitness Market DZ\",\"url\":\"https:\\\/\\\/fitnessmarketdz.net\\\/\",\"logo\":{\"@type\":\"ImageObject\",\"inLanguage\":\"fr-FR\",\"@id\":\"https:\\\/\\\/fitnessmarketdz.net\\\/#\\\/schema\\\/logo\\\/image\\\/\",\"url\":\"https:\\\/\\\/fitnessmarketdz.net\\\/wp-content\\\/uploads\\\/2024\\\/01\\\/Logo-Fitness-Market.svg\",\"contentUrl\":\"https:\\\/\\\/fitnessmarketdz.net\\\/wp-content\\\/uploads\\\/2024\\\/01\\\/Logo-Fitness-Market.svg\",\"width\":5181,\"height\":2572,\"caption\":\"Fitness Market DZ\"},\"image\":{\"@id\":\"https:\\\/\\\/fitnessmarketdz.net\\\/#\\\/schema\\\/logo\\\/image\\\/\"},\"sameAs\":[\"https:\\\/\\\/www.facebook.com\\\/profile.php?id=100049723587139\",\"https:\\\/\\\/www.instagram.com\\\/fitness.market.algeria\\\/\"]}]}<\/script>\n<!-- \/ Yoast SEO plugin. -->","yoast_head_json":{"title":"Kettler Berlin S3 New","description":"Acheter KETTLER Berlin S3 \u2013 \u0623\u062f\u0627\u0621 \u0627\u062d\u062a\u0631\u0627\u0641\u064a \u0648\u0631\u0627\u062d\u0629 \u0645\u0646\u0632\u0644\u064a\u0629 Au Meilleur Prix En Alg\u00e9rie Chez Fitness Market 020 28 39 08, Repr\u00e9sentant Officiel Kettler Alg\u00e9rie,","robots":{"index":"index","follow":"follow","max-snippet":"max-snippet:-1","max-image-preview":"max-image-preview:large","max-video-preview":"max-video-preview:-1"},"canonical":"https:\/\/fitnessmarketdz.net\/index.php\/product\/kettler-berlin-s3-new\/","og_locale":"fr_FR","og_type":"article","og_title":"Kettler Berlin S3 New","og_description":"Acheter KETTLER Berlin S3 \u2013 \u0623\u062f\u0627\u0621 \u0627\u062d\u062a\u0631\u0627\u0641\u064a \u0648\u0631\u0627\u062d\u0629 \u0645\u0646\u0632\u0644\u064a\u0629 Au Meilleur Prix En Alg\u00e9rie Chez Fitness Market 020 28 39 08, Repr\u00e9sentant Officiel Kettler Alg\u00e9rie,","og_url":"https:\/\/fitnessmarketdz.net\/index.php\/product\/kettler-berlin-s3-new\/","og_site_name":"Fitness Market DZ","article_publisher":"https:\/\/www.facebook.com\/profile.php?id=100049723587139","article_modified_time":"2026-03-23T20:24:10+00:00","og_image":[{"width":1200,"height":1200,"url":"https:\/\/fitnessmarketdz.net\/wp-content\/uploads\/2025\/05\/kettler-berlins3-advantage-07884-900.jpg","type":"image\/jpeg"}],"twitter_card":"summary_large_image","twitter_misc":{"Dur\u00e9e de lecture estim\u00e9e":"2 minutes"},"schema":{"@context":"https:\/\/schema.org","@graph":[{"@type":"WebPage","@id":"https:\/\/fitnessmarketdz.net\/index.php\/product\/kettler-berlin-s3-new\/","url":"https:\/\/fitnessmarketdz.net\/index.php\/product\/kettler-berlin-s3-new\/","name":"Kettler Berlin S3 New","isPartOf":{"@id":"https:\/\/fitnessmarketdz.net\/#website"},"primaryImageOfPage":{"@id":"https:\/\/fitnessmarketdz.net\/index.php\/product\/kettler-berlin-s3-new\/#primaryimage"},"image":{"@id":"https:\/\/fitnessmarketdz.net\/index.php\/product\/kettler-berlin-s3-new\/#primaryimage"},"thumbnailUrl":"https:\/\/fitnessmarketdz.net\/wp-content\/uploads\/2025\/05\/kettler-berlins3-advantage-07884-900.jpg","datePublished":"2025-05-13T17:54:59+00:00","dateModified":"2026-03-23T20:24:10+00:00","description":"Acheter KETTLER Berlin S3 \u2013 \u0623\u062f\u0627\u0621 \u0627\u062d\u062a\u0631\u0627\u0641\u064a \u0648\u0631\u0627\u062d\u0629 \u0645\u0646\u0632\u0644\u064a\u0629 Au Meilleur Prix En Alg\u00e9rie Chez Fitness Market 020 28 39 08, Repr\u00e9sentant Officiel Kettler Alg\u00e9rie,","breadcrumb":{"@id":"https:\/\/fitnessmarketdz.net\/index.php\/product\/kettler-berlin-s3-new\/#breadcrumb"},"inLanguage":"fr-FR","potentialAction":[{"@type":"ReadAction","target":["https:\/\/fitnessmarketdz.net\/index.php\/product\/kettler-berlin-s3-new\/"]}]},{"@type":"ImageObject","inLanguage":"fr-FR","@id":"https:\/\/fitnessmarketdz.net\/index.php\/product\/kettler-berlin-s3-new\/#primaryimage","url":"https:\/\/fitnessmarketdz.net\/wp-content\/uploads\/2025\/05\/kettler-berlins3-advantage-07884-900.jpg","contentUrl":"https:\/\/fitnessmarketdz.net\/wp-content\/uploads\/2025\/05\/kettler-berlins3-advantage-07884-900.jpg","width":1200,"height":1200,"caption":"berlin-s3-new"},{"@type":"BreadcrumbList","@id":"https:\/\/fitnessmarketdz.net\/index.php\/product\/kettler-berlin-s3-new\/#breadcrumb","itemListElement":[{"@type":"ListItem","position":1,"name":"Accueil","item":"https:\/\/fitnessmarketdz.net\/"},{"@type":"ListItem","position":2,"name":"Boutique","item":"https:\/\/fitnessmarketdz.net\/index.php\/boutique-fitness-market-algeria\/"},{"@type":"ListItem","position":3,"name":"KETTLER Berlin S3 \u2013 \u0623\u062f\u0627\u0621 \u0627\u062d\u062a\u0631\u0627\u0641\u064a \u0648\u0631\u0627\u062d\u0629 \u0645\u0646\u0632\u0644\u064a\u0629"}]},{"@type":"WebSite","@id":"https:\/\/fitnessmarketdz.net\/#website","url":"https:\/\/fitnessmarketdz.net\/","name":"Fitness Market DZ","description":"Votre Partenaire de Fitness en Salle et \u00e0 Domicile","publisher":{"@id":"https:\/\/fitnessmarketdz.net\/#organization"},"potentialAction":[{"@type":"SearchAction","target":{"@type":"EntryPoint","urlTemplate":"https:\/\/fitnessmarketdz.net\/?s={search_term_string}"},"query-input":{"@type":"PropertyValueSpecification","valueRequired":true,"valueName":"search_term_string"}}],"inLanguage":"fr-FR"},{"@type":"Organization","@id":"https:\/\/fitnessmarketdz.net\/#organization","name":"Fitness Market DZ","url":"https:\/\/fitnessmarketdz.net\/","logo":{"@type":"ImageObject","inLanguage":"fr-FR","@id":"https:\/\/fitnessmarketdz.net\/#\/schema\/logo\/image\/","url":"https:\/\/fitnessmarketdz.net\/wp-content\/uploads\/2024\/01\/Logo-Fitness-Market.svg","contentUrl":"https:\/\/fitnessmarketdz.net\/wp-content\/uploads\/2024\/01\/Logo-Fitness-Market.svg","width":5181,"height":2572,"caption":"Fitness Market DZ"},"image":{"@id":"https:\/\/fitnessmarketdz.net\/#\/schema\/logo\/image\/"},"sameAs":["https:\/\/www.facebook.com\/profile.php?id=100049723587139","https:\/\/www.instagram.com\/fitness.market.algeria\/"]}]}},"jetpack_sharing_enabled":true,"_links":{"self":[{"href":"https:\/\/fitnessmarketdz.net\/index.php\/wp-json\/wp\/v2\/product\/12320","targetHints":{"allow":["GET"]}}],"collection":[{"href":"https:\/\/fitnessmarketdz.net\/index.php\/wp-json\/wp\/v2\/product"}],"about":[{"href":"https:\/\/fitnessmarketdz.net\/index.php\/wp-json\/wp\/v2\/types\/product"}],"version-history":[{"count":10,"href":"https:\/\/fitnessmarketdz.net\/index.php\/wp-json\/wp\/v2\/product\/12320\/revisions"}],"predecessor-version":[{"id":12809,"href":"https:\/\/fitnessmarketdz.net\/index.php\/wp-json\/wp\/v2\/product\/12320\/revisions\/12809"}],"wp:featuredmedia":[{"embeddable":true,"href":"https:\/\/fitnessmarketdz.net\/index.php\/wp-json\/wp\/v2\/media\/12811"}],"wp:attachment":[{"href":"https:\/\/fitnessmarketdz.net\/index.php\/wp-json\/wp\/v2\/media?parent=12320"}],"wp:term":[{"taxonomy":"product_brand","embeddable":true,"href":"https:\/\/fitnessmarketdz.net\/index.php\/wp-json\/wp\/v2\/product_brand?post=12320"},{"taxonomy":"product_cat","embeddable":true,"href":"https:\/\/fitnessmarketdz.net\/index.php\/wp-json\/wp\/v2\/product_cat?post=12320"},{"taxonomy":"product_tag","embeddable":true,"href":"https:\/\/fitnessmarketdz.net\/index.php\/wp-json\/wp\/v2\/product_tag?post=12320"}],"curies":[{"name":"wp","href":"https:\/\/api.w.org\/{rel}","templated":true}]}}