{"id":7,"date":"2024-01-24T14:10:53","date_gmt":"2024-01-24T13:10:53","guid":{"rendered":"http:\/\/fitnessmarketdz.net\/index.php\/cart\/"},"modified":"2025-11-09T22:29:26","modified_gmt":"2025-11-09T21:29:26","slug":"mon-panier","status":"publish","type":"page","link":"https:\/\/fitnessmarketdz.net\/index.php\/mon-panier\/","title":{"rendered":"Mon Panier"},"content":{"rendered":"\n<div data-block-name=\"woocommerce\/cart\" class=\"wp-block-woocommerce-cart alignwide is-loading\">\n<div data-block-name=\"woocommerce\/filled-cart-block\" class=\"wp-block-woocommerce-filled-cart-block\">\n<div data-block-name=\"woocommerce\/cart-items-block\" class=\"wp-block-woocommerce-cart-items-block\">\n<div data-block-name=\"woocommerce\/cart-line-items-block\" class=\"wp-block-woocommerce-cart-line-items-block\"><\/div>\n\n\n\n<div data-block-name=\"woocommerce\/cart-cross-sells-block\" class=\"wp-block-woocommerce-cart-cross-sells-block\">\n<h2 class=\"wp-block-heading has-large-font-size\">You may be interested in\u2026<\/h2>\n\n\n\n<div data-block-name=\"woocommerce\/cart-cross-sells-products-block\" class=\"wp-block-woocommerce-cart-cross-sells-products-block\"><\/div>\n<\/div>\n<\/div>\n\n\n\n<div data-block-name=\"woocommerce\/cart-totals-block\" class=\"wp-block-woocommerce-cart-totals-block\">\n<div data-block-name=\"woocommerce\/cart-order-summary-block\" class=\"wp-block-woocommerce-cart-order-summary-block\">\n<div data-block-name=\"woocommerce\/cart-order-summary-heading-block\" class=\"wp-block-woocommerce-cart-order-summary-heading-block\"><\/div><div data-block-name=\"woocommerce\/cart-order-summary-coupon-form-block\" class=\"wp-block-woocommerce-cart-order-summary-coupon-form-block\"><\/div><div data-block-name=\"woocommerce\/cart-order-summary-totals-block\" class=\"wp-block-woocommerce-cart-order-summary-totals-block\">\n<div data-block-name=\"woocommerce\/cart-order-summary-subtotal-block\" class=\"wp-block-woocommerce-cart-order-summary-subtotal-block\"><\/div>\n<div data-block-name=\"woocommerce\/cart-order-summary-discount-block\" class=\"wp-block-woocommerce-cart-order-summary-discount-block\"><\/div>\n<div data-block-name=\"woocommerce\/cart-order-summary-fee-block\" class=\"wp-block-woocommerce-cart-order-summary-fee-block\"><\/div>\n<div data-block-name=\"woocommerce\/cart-order-summary-shipping-block\" class=\"wp-block-woocommerce-cart-order-summary-shipping-block\"><\/div>\n<div data-block-name=\"woocommerce\/cart-order-summary-taxes-block\" class=\"wp-block-woocommerce-cart-order-summary-taxes-block\"><\/div><\/div>\n<\/div>\n\n\n\n<div data-block-name=\"woocommerce\/cart-express-payment-block\" class=\"wp-block-woocommerce-cart-express-payment-block\"><\/div>\n\n\n\n<div data-block-name=\"woocommerce\/proceed-to-checkout-block\" class=\"wp-block-woocommerce-proceed-to-checkout-block\"><\/div>\n\n\n\n<div data-block-name=\"woocommerce\/cart-accepted-payment-methods-block\" class=\"wp-block-woocommerce-cart-accepted-payment-methods-block\"><\/div>\n<\/div>\n<\/div>\n\n\n\n<div data-block-name=\"woocommerce\/empty-cart-block\" class=\"wp-block-woocommerce-empty-cart-block\">\n<h2 class=\"wp-block-heading has-text-align-center with-empty-cart-icon wc-block-cart__empty-cart__title\">Your cart is currently empty!<\/h2>\n\n\n\n<hr class=\"wp-block-separator has-alpha-channel-opacity is-style-dots\"\/>\n\n\n\n<h2 class=\"wp-block-heading has-text-align-center\">New in store<\/h2>\n\n\n<div data-block-name=\"woocommerce\/product-new\" data-columns=\"4\" data-rows=\"1\" class=\"wc-block-grid wp-block-product-new wp-block-woocommerce-product-new wc-block-product-new has-4-columns\"><ul class=\"wc-block-grid__products\"><li class=\"wc-block-grid__product\">\n\t\t\t\t<a href=\"https:\/\/fitnessmarketdz.net\/index.php\/product\/tapis-kettler-r400\/\" class=\"wc-block-grid__product-link\">\n\t\t\t\t\t\n\t\t\t\t\t<div class=\"wc-block-grid__product-image\"><img loading=\"lazy\" decoding=\"async\" width=\"600\" height=\"600\" src=\"https:\/\/fitnessmarketdz.net\/wp-content\/uploads\/2025\/11\/kettler-treadmill-r400-07886-137-1-4-600x600.avif\" class=\"attachment-woocommerce_thumbnail size-woocommerce_thumbnail\" alt=\"Kettler ORLANDO R400\" srcset=\"https:\/\/fitnessmarketdz.net\/wp-content\/uploads\/2025\/11\/kettler-treadmill-r400-07886-137-1-4-600x600.avif 600w, https:\/\/fitnessmarketdz.net\/wp-content\/uploads\/2025\/11\/kettler-treadmill-r400-07886-137-1-4-300x300.avif 300w, https:\/\/fitnessmarketdz.net\/wp-content\/uploads\/2025\/11\/kettler-treadmill-r400-07886-137-1-4-800x800.avif 800w, https:\/\/fitnessmarketdz.net\/wp-content\/uploads\/2025\/11\/kettler-treadmill-r400-07886-137-1-4-150x150.avif 150w, https:\/\/fitnessmarketdz.net\/wp-content\/uploads\/2025\/11\/kettler-treadmill-r400-07886-137-1-4-768x768.avif 768w, https:\/\/fitnessmarketdz.net\/wp-content\/uploads\/2025\/11\/kettler-treadmill-r400-07886-137-1-4-1320x1320.avif 1320w, https:\/\/fitnessmarketdz.net\/wp-content\/uploads\/2025\/11\/kettler-treadmill-r400-07886-137-1-4-1200x1200.avif 1200w, https:\/\/fitnessmarketdz.net\/wp-content\/uploads\/2025\/11\/kettler-treadmill-r400-07886-137-1-4-80x80.avif 80w, https:\/\/fitnessmarketdz.net\/wp-content\/uploads\/2025\/11\/kettler-treadmill-r400-07886-137-1-4.avif 1500w\" sizes=\"auto, (max-width: 600px) 100vw, 600px\" \/><\/div>\n\t\t\t\t\t<div class=\"wc-block-grid__product-title\">Tapis Kettler R400<\/div>\n\t\t\t\t<\/a>\n\t\t\t\t<div class=\"wc-block-grid__product-price price\"><span class=\"woocommerce-Price-amount amount\">268.000&nbsp;<span class=\"woocommerce-Price-currencySymbol\">&#x62f;.&#x62c;<\/span><\/span><\/div>\n\t\t\t\t\n\t\t\t\t<div class=\"wp-block-button wc-block-grid__product-add-to-cart\"><a href=\"\/index.php\/wp-json\/wp\/v2\/pages\/7?add-to-cart=13557\" aria-label=\"Ajouter au panier\u00a0: &ldquo;Tapis Kettler R400&rdquo;\" data-quantity=\"1\" data-product_id=\"13557\" data-product_sku=\"\" data-price=\"268000\" rel=\"nofollow\" class=\"wp-block-button__link  add_to_cart_button ajax_add_to_cart\">Ajouter au panier<\/a><\/div>\n\t\t\t<\/li><li class=\"wc-block-grid__product\">\n\t\t\t\t<a href=\"https:\/\/fitnessmarketdz.net\/index.php\/product\/kettler-orlando-b400-tapis-de-course-pliable-fitness-market-algerie\/\" class=\"wc-block-grid__product-link\">\n\t\t\t\t\t\n\t\t\t\t\t<div class=\"wc-block-grid__product-image\"><img loading=\"lazy\" decoding=\"async\" width=\"600\" height=\"600\" src=\"https:\/\/fitnessmarketdz.net\/wp-content\/uploads\/2025\/11\/kettler-orlando-b400-07886-130-1-2-600x600.avif\" class=\"attachment-woocommerce_thumbnail size-woocommerce_thumbnail\" alt=\"kettler-orlando-b400-07886-130-1-2\" srcset=\"https:\/\/fitnessmarketdz.net\/wp-content\/uploads\/2025\/11\/kettler-orlando-b400-07886-130-1-2-600x600.avif 600w, https:\/\/fitnessmarketdz.net\/wp-content\/uploads\/2025\/11\/kettler-orlando-b400-07886-130-1-2-300x300.avif 300w, https:\/\/fitnessmarketdz.net\/wp-content\/uploads\/2025\/11\/kettler-orlando-b400-07886-130-1-2-800x800.avif 800w, https:\/\/fitnessmarketdz.net\/wp-content\/uploads\/2025\/11\/kettler-orlando-b400-07886-130-1-2-150x150.avif 150w, https:\/\/fitnessmarketdz.net\/wp-content\/uploads\/2025\/11\/kettler-orlando-b400-07886-130-1-2-768x768.avif 768w, https:\/\/fitnessmarketdz.net\/wp-content\/uploads\/2025\/11\/kettler-orlando-b400-07886-130-1-2-1320x1320.avif 1320w, https:\/\/fitnessmarketdz.net\/wp-content\/uploads\/2025\/11\/kettler-orlando-b400-07886-130-1-2-1200x1200.avif 1200w, https:\/\/fitnessmarketdz.net\/wp-content\/uploads\/2025\/11\/kettler-orlando-b400-07886-130-1-2-80x80.avif 80w, https:\/\/fitnessmarketdz.net\/wp-content\/uploads\/2025\/11\/kettler-orlando-b400-07886-130-1-2.avif 1500w\" sizes=\"auto, (max-width: 600px) 100vw, 600px\" \/><\/div>\n\t\t\t\t\t<div class=\"wc-block-grid__product-title\">KETTLER Orlando B400<\/div>\n\t\t\t\t<\/a>\n\t\t\t\t<div class=\"wc-block-grid__product-price price\"><span class=\"woocommerce-Price-amount amount\">154.000&nbsp;<span class=\"woocommerce-Price-currencySymbol\">&#x62f;.&#x62c;<\/span><\/span><\/div>\n\t\t\t\t\n\t\t\t\t<div class=\"wp-block-button wc-block-grid__product-add-to-cart\"><a href=\"\/index.php\/wp-json\/wp\/v2\/pages\/7?add-to-cart=13552\" aria-label=\"Ajouter au panier\u00a0: &ldquo;KETTLER Orlando B400&rdquo;\" data-quantity=\"1\" data-product_id=\"13552\" data-product_sku=\"\" data-price=\"154000\" rel=\"nofollow\" class=\"wp-block-button__link  add_to_cart_button ajax_add_to_cart\">Ajouter au panier<\/a><\/div>\n\t\t\t<\/li><li class=\"wc-block-grid__product\">\n\t\t\t\t<a href=\"https:\/\/fitnessmarketdz.net\/index.php\/product\/kettler-orlando-b400\/\" class=\"wc-block-grid__product-link\">\n\t\t\t\t\t\n\t\t\t\t\t<div class=\"wc-block-grid__product-image\"><img loading=\"lazy\" decoding=\"async\" width=\"600\" height=\"600\" src=\"https:\/\/fitnessmarketdz.net\/wp-content\/uploads\/2025\/11\/kettler-orlando-b400-07886-130-1-2-600x600.avif\" class=\"attachment-woocommerce_thumbnail size-woocommerce_thumbnail\" alt=\"kettler-orlando-b400-07886-130-1-2\" srcset=\"https:\/\/fitnessmarketdz.net\/wp-content\/uploads\/2025\/11\/kettler-orlando-b400-07886-130-1-2-600x600.avif 600w, https:\/\/fitnessmarketdz.net\/wp-content\/uploads\/2025\/11\/kettler-orlando-b400-07886-130-1-2-300x300.avif 300w, https:\/\/fitnessmarketdz.net\/wp-content\/uploads\/2025\/11\/kettler-orlando-b400-07886-130-1-2-800x800.avif 800w, https:\/\/fitnessmarketdz.net\/wp-content\/uploads\/2025\/11\/kettler-orlando-b400-07886-130-1-2-150x150.avif 150w, https:\/\/fitnessmarketdz.net\/wp-content\/uploads\/2025\/11\/kettler-orlando-b400-07886-130-1-2-768x768.avif 768w, https:\/\/fitnessmarketdz.net\/wp-content\/uploads\/2025\/11\/kettler-orlando-b400-07886-130-1-2-1320x1320.avif 1320w, https:\/\/fitnessmarketdz.net\/wp-content\/uploads\/2025\/11\/kettler-orlando-b400-07886-130-1-2-1200x1200.avif 1200w, https:\/\/fitnessmarketdz.net\/wp-content\/uploads\/2025\/11\/kettler-orlando-b400-07886-130-1-2-80x80.avif 80w, https:\/\/fitnessmarketdz.net\/wp-content\/uploads\/2025\/11\/kettler-orlando-b400-07886-130-1-2.avif 1500w\" sizes=\"auto, (max-width: 600px) 100vw, 600px\" \/><\/div>\n\t\t\t\t\t<div class=\"wc-block-grid__product-title\">Kettler Orlando B400<\/div>\n\t\t\t\t<\/a>\n\t\t\t\t<div class=\"wc-block-grid__product-price price\"><span class=\"woocommerce-Price-amount amount\">154.000&nbsp;<span class=\"woocommerce-Price-currencySymbol\">&#x62f;.&#x62c;<\/span><\/span><\/div>\n\t\t\t\t\n\t\t\t\t<div class=\"wp-block-button wc-block-grid__product-add-to-cart\"><a href=\"\/index.php\/wp-json\/wp\/v2\/pages\/7?add-to-cart=13544\" aria-label=\"Ajouter au panier\u00a0: &ldquo;Kettler Orlando B400&rdquo;\" data-quantity=\"1\" data-product_id=\"13544\" data-product_sku=\"\" data-price=\"154000\" rel=\"nofollow\" class=\"wp-block-button__link  add_to_cart_button ajax_add_to_cart\">Ajouter au panier<\/a><\/div>\n\t\t\t<\/li><li class=\"wc-block-grid__product\">\n\t\t\t\t<a href=\"https:\/\/fitnessmarketdz.net\/index.php\/product\/brooklyn-e\/\" class=\"wc-block-grid__product-link\">\n\t\t\t\t\t\n\t\t\t\t\t<div class=\"wc-block-grid__product-image\"><img loading=\"lazy\" decoding=\"async\" width=\"600\" height=\"1075\" src=\"https:\/\/fitnessmarketdz.net\/wp-content\/uploads\/2026\/03\/Gemini_Generated_Image_5yjm4d5yjm4d5yjm-scaled-1-600x1075.webp\" class=\"attachment-woocommerce_thumbnail size-woocommerce_thumbnail\" alt=\"\u0627\u0644\u062f\u0631\u0627\u062c\u0629 \u0627\u0644\u0625\u0647\u0644\u064a\u0644\u062c\u064a\u0629 PRO FITNESS BROOKLYN E 2en1\" srcset=\"https:\/\/fitnessmarketdz.net\/wp-content\/uploads\/2026\/03\/Gemini_Generated_Image_5yjm4d5yjm4d5yjm-scaled-1-600x1075.webp 600w, https:\/\/fitnessmarketdz.net\/wp-content\/uploads\/2026\/03\/Gemini_Generated_Image_5yjm4d5yjm4d5yjm-scaled-1-167x300.webp 167w, https:\/\/fitnessmarketdz.net\/wp-content\/uploads\/2026\/03\/Gemini_Generated_Image_5yjm4d5yjm4d5yjm-scaled-1-447x800.webp 447w, https:\/\/fitnessmarketdz.net\/wp-content\/uploads\/2026\/03\/Gemini_Generated_Image_5yjm4d5yjm4d5yjm-scaled-1-768x1376.webp 768w, https:\/\/fitnessmarketdz.net\/wp-content\/uploads\/2026\/03\/Gemini_Generated_Image_5yjm4d5yjm4d5yjm-scaled-1-857x1536.webp 857w, https:\/\/fitnessmarketdz.net\/wp-content\/uploads\/2026\/03\/Gemini_Generated_Image_5yjm4d5yjm4d5yjm-scaled-1-1143x2048.webp 1143w, https:\/\/fitnessmarketdz.net\/wp-content\/uploads\/2026\/03\/Gemini_Generated_Image_5yjm4d5yjm4d5yjm-scaled-1-1320x2365.webp 1320w, https:\/\/fitnessmarketdz.net\/wp-content\/uploads\/2026\/03\/Gemini_Generated_Image_5yjm4d5yjm4d5yjm-scaled-1-1200x2150.webp 1200w, https:\/\/fitnessmarketdz.net\/wp-content\/uploads\/2026\/03\/Gemini_Generated_Image_5yjm4d5yjm4d5yjm-scaled-1-150x269.webp 150w, https:\/\/fitnessmarketdz.net\/wp-content\/uploads\/2026\/03\/Gemini_Generated_Image_5yjm4d5yjm4d5yjm-scaled-1.webp 1429w\" sizes=\"auto, (max-width: 600px) 100vw, 600px\" \/><\/div>\n\t\t\t\t\t<div class=\"wc-block-grid__product-title\">\u0627\u0644\u062f\u0631\u0627\u062c\u0629 \u0627\u0644\u0625\u0647\u0644\u064a\u0644\u062c\u064a\u0629 PRO FITNESS BROOKLYN E 2en1<\/div>\n\t\t\t\t<\/a>\n\t\t\t\t<div class=\"wc-block-grid__product-price price\"><span class=\"woocommerce-Price-amount amount\">68.000&nbsp;<span class=\"woocommerce-Price-currencySymbol\">&#x62f;.&#x62c;<\/span><\/span><\/div>\n\t\t\t\t\n\t\t\t\t<div class=\"wp-block-button wc-block-grid__product-add-to-cart\"><a href=\"\/index.php\/wp-json\/wp\/v2\/pages\/7?add-to-cart=13525\" aria-label=\"Ajouter au panier\u00a0: &ldquo;\u0627\u0644\u062f\u0631\u0627\u062c\u0629 \u0627\u0644\u0625\u0647\u0644\u064a\u0644\u062c\u064a\u0629 PRO FITNESS BROOKLYN E 2en1&rdquo;\" data-quantity=\"1\" data-product_id=\"13525\" data-product_sku=\"\" data-price=\"68000\" rel=\"nofollow\" class=\"wp-block-button__link  add_to_cart_button ajax_add_to_cart\">Ajouter au panier<\/a><\/div>\n\t\t\t<\/li><\/ul><\/div><\/div>\n<\/div>\n","protected":false},"excerpt":{"rendered":"","protected":false},"author":1,"featured_media":0,"parent":0,"menu_order":0,"comment_status":"closed","ping_status":"closed","template":"","meta":{"om_disable_all_campaigns":false,"footnotes":""},"class_list":["post-7","page","type-page","status-publish","hentry"],"yoast_head":"<!-- This site is optimized with the Yoast SEO plugin v27.3 - https:\/\/yoast.com\/product\/yoast-seo-wordpress\/ -->\n<title>Mon Panier<\/title>\n<meta name=\"description\" content=\"Acheter Au Meilleur Prix En Alg\u00e9rie Chez Fitness Market 020 28 39 08, Repr\u00e9sentant Officiel Kettler Alg\u00e9rie, Proform .\" \/>\n<meta name=\"robots\" content=\"index, follow, max-snippet:-1, max-image-preview:large, max-video-preview:-1\" \/>\n<link rel=\"canonical\" href=\"https:\/\/fitnessmarketdz.net\/index.php\/mon-panier\/\" \/>\n<meta property=\"og:locale\" content=\"fr_FR\" \/>\n<meta property=\"og:type\" content=\"article\" \/>\n<meta property=\"og:title\" content=\"Mon Panier\" \/>\n<meta property=\"og:description\" content=\"Acheter Au Meilleur Prix En Alg\u00e9rie Chez Fitness Market 020 28 39 08, Repr\u00e9sentant Officiel Kettler Alg\u00e9rie, Proform .\" \/>\n<meta property=\"og:url\" content=\"https:\/\/fitnessmarketdz.net\/index.php\/mon-panier\/\" \/>\n<meta property=\"og:site_name\" content=\"Fitness Market DZ\" \/>\n<meta property=\"article:publisher\" content=\"https:\/\/www.facebook.com\/profile.php?id=100049723587139\" \/>\n<meta property=\"article:modified_time\" content=\"2025-11-09T21:29:26+00:00\" \/>\n<meta name=\"twitter:card\" content=\"summary_large_image\" \/>\n<meta name=\"twitter:label1\" content=\"Dur\u00e9e de lecture estim\u00e9e\" \/>\n\t<meta name=\"twitter:data1\" content=\"1 minute\" \/>\n<script type=\"application\/ld+json\" class=\"yoast-schema-graph\">{\"@context\":\"https:\\\/\\\/schema.org\",\"@graph\":[{\"@type\":\"WebPage\",\"@id\":\"https:\\\/\\\/fitnessmarketdz.net\\\/index.php\\\/mon-panier\\\/\",\"url\":\"https:\\\/\\\/fitnessmarketdz.net\\\/index.php\\\/mon-panier\\\/\",\"name\":\"Mon Panier\",\"isPartOf\":{\"@id\":\"https:\\\/\\\/fitnessmarketdz.net\\\/#website\"},\"datePublished\":\"2024-01-24T13:10:53+00:00\",\"dateModified\":\"2025-11-09T21:29:26+00:00\",\"description\":\"Acheter Au Meilleur Prix En Alg\u00e9rie Chez Fitness Market 020 28 39 08, Repr\u00e9sentant Officiel Kettler Alg\u00e9rie, Proform .\",\"breadcrumb\":{\"@id\":\"https:\\\/\\\/fitnessmarketdz.net\\\/index.php\\\/mon-panier\\\/#breadcrumb\"},\"inLanguage\":\"fr-FR\",\"potentialAction\":[{\"@type\":\"ReadAction\",\"target\":[\"https:\\\/\\\/fitnessmarketdz.net\\\/index.php\\\/mon-panier\\\/\"]}]},{\"@type\":\"BreadcrumbList\",\"@id\":\"https:\\\/\\\/fitnessmarketdz.net\\\/index.php\\\/mon-panier\\\/#breadcrumb\",\"itemListElement\":[{\"@type\":\"ListItem\",\"position\":1,\"name\":\"Accueil\",\"item\":\"https:\\\/\\\/fitnessmarketdz.net\\\/\"},{\"@type\":\"ListItem\",\"position\":2,\"name\":\"Mon Panier\"}]},{\"@type\":\"WebSite\",\"@id\":\"https:\\\/\\\/fitnessmarketdz.net\\\/#website\",\"url\":\"https:\\\/\\\/fitnessmarketdz.net\\\/\",\"name\":\"Fitness Market DZ\",\"description\":\"Votre Partenaire de Fitness en Salle et \u00e0 Domicile\",\"publisher\":{\"@id\":\"https:\\\/\\\/fitnessmarketdz.net\\\/#organization\"},\"potentialAction\":[{\"@type\":\"SearchAction\",\"target\":{\"@type\":\"EntryPoint\",\"urlTemplate\":\"https:\\\/\\\/fitnessmarketdz.net\\\/?s={search_term_string}\"},\"query-input\":{\"@type\":\"PropertyValueSpecification\",\"valueRequired\":true,\"valueName\":\"search_term_string\"}}],\"inLanguage\":\"fr-FR\"},{\"@type\":\"Organization\",\"@id\":\"https:\\\/\\\/fitnessmarketdz.net\\\/#organization\",\"name\":\"Fitness Market DZ\",\"url\":\"https:\\\/\\\/fitnessmarketdz.net\\\/\",\"logo\":{\"@type\":\"ImageObject\",\"inLanguage\":\"fr-FR\",\"@id\":\"https:\\\/\\\/fitnessmarketdz.net\\\/#\\\/schema\\\/logo\\\/image\\\/\",\"url\":\"https:\\\/\\\/fitnessmarketdz.net\\\/wp-content\\\/uploads\\\/2024\\\/01\\\/Logo-Fitness-Market.svg\",\"contentUrl\":\"https:\\\/\\\/fitnessmarketdz.net\\\/wp-content\\\/uploads\\\/2024\\\/01\\\/Logo-Fitness-Market.svg\",\"width\":5181,\"height\":2572,\"caption\":\"Fitness Market DZ\"},\"image\":{\"@id\":\"https:\\\/\\\/fitnessmarketdz.net\\\/#\\\/schema\\\/logo\\\/image\\\/\"},\"sameAs\":[\"https:\\\/\\\/www.facebook.com\\\/profile.php?id=100049723587139\",\"https:\\\/\\\/www.instagram.com\\\/fitness.market.algeria\\\/\"]}]}<\/script>\n<!-- \/ Yoast SEO plugin. -->","yoast_head_json":{"title":"Mon Panier","description":"Acheter Au Meilleur Prix En Alg\u00e9rie Chez Fitness Market 020 28 39 08, Repr\u00e9sentant Officiel Kettler Alg\u00e9rie, Proform .","robots":{"index":"index","follow":"follow","max-snippet":"max-snippet:-1","max-image-preview":"max-image-preview:large","max-video-preview":"max-video-preview:-1"},"canonical":"https:\/\/fitnessmarketdz.net\/index.php\/mon-panier\/","og_locale":"fr_FR","og_type":"article","og_title":"Mon Panier","og_description":"Acheter Au Meilleur Prix En Alg\u00e9rie Chez Fitness Market 020 28 39 08, Repr\u00e9sentant Officiel Kettler Alg\u00e9rie, Proform .","og_url":"https:\/\/fitnessmarketdz.net\/index.php\/mon-panier\/","og_site_name":"Fitness Market DZ","article_publisher":"https:\/\/www.facebook.com\/profile.php?id=100049723587139","article_modified_time":"2025-11-09T21:29:26+00:00","twitter_card":"summary_large_image","twitter_misc":{"Dur\u00e9e de lecture estim\u00e9e":"1 minute"},"schema":{"@context":"https:\/\/schema.org","@graph":[{"@type":"WebPage","@id":"https:\/\/fitnessmarketdz.net\/index.php\/mon-panier\/","url":"https:\/\/fitnessmarketdz.net\/index.php\/mon-panier\/","name":"Mon Panier","isPartOf":{"@id":"https:\/\/fitnessmarketdz.net\/#website"},"datePublished":"2024-01-24T13:10:53+00:00","dateModified":"2025-11-09T21:29:26+00:00","description":"Acheter Au Meilleur Prix En Alg\u00e9rie Chez Fitness Market 020 28 39 08, Repr\u00e9sentant Officiel Kettler Alg\u00e9rie, Proform .","breadcrumb":{"@id":"https:\/\/fitnessmarketdz.net\/index.php\/mon-panier\/#breadcrumb"},"inLanguage":"fr-FR","potentialAction":[{"@type":"ReadAction","target":["https:\/\/fitnessmarketdz.net\/index.php\/mon-panier\/"]}]},{"@type":"BreadcrumbList","@id":"https:\/\/fitnessmarketdz.net\/index.php\/mon-panier\/#breadcrumb","itemListElement":[{"@type":"ListItem","position":1,"name":"Accueil","item":"https:\/\/fitnessmarketdz.net\/"},{"@type":"ListItem","position":2,"name":"Mon Panier"}]},{"@type":"WebSite","@id":"https:\/\/fitnessmarketdz.net\/#website","url":"https:\/\/fitnessmarketdz.net\/","name":"Fitness Market DZ","description":"Votre Partenaire de Fitness en Salle et \u00e0 Domicile","publisher":{"@id":"https:\/\/fitnessmarketdz.net\/#organization"},"potentialAction":[{"@type":"SearchAction","target":{"@type":"EntryPoint","urlTemplate":"https:\/\/fitnessmarketdz.net\/?s={search_term_string}"},"query-input":{"@type":"PropertyValueSpecification","valueRequired":true,"valueName":"search_term_string"}}],"inLanguage":"fr-FR"},{"@type":"Organization","@id":"https:\/\/fitnessmarketdz.net\/#organization","name":"Fitness Market DZ","url":"https:\/\/fitnessmarketdz.net\/","logo":{"@type":"ImageObject","inLanguage":"fr-FR","@id":"https:\/\/fitnessmarketdz.net\/#\/schema\/logo\/image\/","url":"https:\/\/fitnessmarketdz.net\/wp-content\/uploads\/2024\/01\/Logo-Fitness-Market.svg","contentUrl":"https:\/\/fitnessmarketdz.net\/wp-content\/uploads\/2024\/01\/Logo-Fitness-Market.svg","width":5181,"height":2572,"caption":"Fitness Market DZ"},"image":{"@id":"https:\/\/fitnessmarketdz.net\/#\/schema\/logo\/image\/"},"sameAs":["https:\/\/www.facebook.com\/profile.php?id=100049723587139","https:\/\/www.instagram.com\/fitness.market.algeria\/"]}]}},"jetpack_sharing_enabled":true,"_links":{"self":[{"href":"https:\/\/fitnessmarketdz.net\/index.php\/wp-json\/wp\/v2\/pages\/7","targetHints":{"allow":["GET"]}}],"collection":[{"href":"https:\/\/fitnessmarketdz.net\/index.php\/wp-json\/wp\/v2\/pages"}],"about":[{"href":"https:\/\/fitnessmarketdz.net\/index.php\/wp-json\/wp\/v2\/types\/page"}],"author":[{"embeddable":true,"href":"https:\/\/fitnessmarketdz.net\/index.php\/wp-json\/wp\/v2\/users\/1"}],"replies":[{"embeddable":true,"href":"https:\/\/fitnessmarketdz.net\/index.php\/wp-json\/wp\/v2\/comments?post=7"}],"version-history":[{"count":0,"href":"https:\/\/fitnessmarketdz.net\/index.php\/wp-json\/wp\/v2\/pages\/7\/revisions"}],"wp:attachment":[{"href":"https:\/\/fitnessmarketdz.net\/index.php\/wp-json\/wp\/v2\/media?parent=7"}],"curies":[{"name":"wp","href":"https:\/\/api.w.org\/{rel}","templated":true}]}}